{"id":42595,"date":"2022-03-14T10:32:39","date_gmt":"2022-03-14T08:32:39","guid":{"rendered":"https:\/\/www.tatanka.nl\/?post_type=product&#038;p=42595"},"modified":"2024-09-17T11:36:46","modified_gmt":"2024-09-17T10:36:46","slug":"raw-pre-rolled-organic-hemp-king-size-cones","status":"publish","type":"product","link":"https:\/\/www.tatanka.nl\/es\/raw-pre-rolled-organic-hemp-king-size-cones\/","title":{"rendered":"Raw C\u00e1\u00f1amo org\u00e1nico preenrollado King Size Cones"},"content":{"rendered":"<h2>Acerca de Raw Natural Rolling Papers<\/h2>\n<p>Hay una raz\u00f3n por la que los papeles de liar Raw son una de las marcas de papel de liar m\u00e1s reconocidas del mundo. Raw no s\u00f3lo es conocido por su alt\u00edsima calidad, sino tambi\u00e9n por sus materiales naturales. Y cuando decimos naturales, queremos decir - \u00a1realmente naturales!<\/p>\n<p>Todos los papeles de liar Raw est\u00e1n sin blanquear y completamente sin refinar. Raw no utiliza colorantes, aditivos para quemar o tiza en la fabricaci\u00f3n de sus papeles. Todos los papeles Raw est\u00e1n hechos s\u00f3lo de materiales naturales como las plantas.<\/p>\n<p>Esto significa que cuando ruedes con Raw, podr\u00e1s sentir ese m\u00e1ximo nivel natural de tu humo. \u00a1Usa Raw para fumar de verdad!<\/p>","protected":false},"excerpt":{"rendered":"<p>\u00bfPapel de liar de c\u00e1\u00f1amo de la mejor calidad? \u00a1Comprobado! \u00bfConos ya preenrollados para liar sin prisas? \u00a1Doblemente comprobado! L\u00eda tus porros m\u00e1s r\u00e1pido y aseg\u00farate de que se queman uniformemente con los conos de c\u00e1\u00f1amo pre-enrollados de Raw. \u00a1Puedes esperar tener la mejor calidad de papel que se quemar\u00e1 lenta y uniformemente! \u00a1Te encantan!<\/p>","protected":false},"featured_media":44911,"template":"","meta":[],"product_brand":[],"product_cat":[297,505,488,565,471,492,564],"product_tag":[],"class_list":{"0":"post-42595","1":"product","2":"type-product","3":"status-publish","4":"has-post-thumbnail","6":"product_cat-all-products","7":"product_cat-cones","8":"product_cat-headshop","9":"product_cat-hemp-rolling-papers","10":"product_cat-raw","11":"product_cat-rolling-papers","12":"product_cat-unbleached-rolling-papers","13":"product_shipping_class-creditcard-on","15":"first","16":"outofstock","17":"taxable","18":"shipping-taxable","19":"product-type-variable","20":"has-default-attributes"},"_links":{"self":[{"href":"https:\/\/www.tatanka.nl\/es\/wp-json\/wp\/v2\/product\/42595","targetHints":{"allow":["GET"]}}],"collection":[{"href":"https:\/\/www.tatanka.nl\/es\/wp-json\/wp\/v2\/product"}],"about":[{"href":"https:\/\/www.tatanka.nl\/es\/wp-json\/wp\/v2\/types\/product"}],"wp:featuredmedia":[{"embeddable":true,"href":"https:\/\/www.tatanka.nl\/es\/wp-json\/wp\/v2\/media\/44911"}],"wp:attachment":[{"href":"https:\/\/www.tatanka.nl\/es\/wp-json\/wp\/v2\/media?parent=42595"}],"wp:term":[{"taxonomy":"product_brand","embeddable":true,"href":"https:\/\/www.tatanka.nl\/es\/wp-json\/wp\/v2\/product_brand?post=42595"},{"taxonomy":"product_cat","embeddable":true,"href":"https:\/\/www.tatanka.nl\/es\/wp-json\/wp\/v2\/product_cat?post=42595"},{"taxonomy":"product_tag","embeddable":true,"href":"https:\/\/www.tatanka.nl\/es\/wp-json\/wp\/v2\/product_tag?post=42595"}],"curies":[{"name":"wp","href":"https:\/\/api.w.org\/{rel}","templated":true}]}}