{"id":42678,"date":"2022-03-14T10:33:00","date_gmt":"2022-03-14T08:33:00","guid":{"rendered":"https:\/\/www.tatanka.nl\/?post_type=product&#038;p=42678"},"modified":"2025-05-20T08:16:01","modified_gmt":"2025-05-20T07:16:01","slug":"jumbo-pro-gold-rolls-with-prerolled-tips","status":"publish","type":"product","link":"https:\/\/www.tatanka.nl\/es\/jumbo-pro-gold-rolls-with-prerolled-tips\/","title":{"rendered":"Jumbo Pro Gold Rolls con Prerolled Tips"},"content":{"rendered":"<h2>Jumbo Rolling Papers<\/h2>\n<p>Jumbo Papers es una marca holandesa de papel de liar que pretende ofrecer la calidad de sus consumibles para fumar de gama alta a un precio m\u00e1s asequible. Jumbo Papers tiene diferentes tipos de l\u00edneas de papel de liar que te permiten comprar papel de liar rosa, verde, azul, marr\u00f3n o blanco cl\u00e1sico.<\/p>\n<p>Esto hace que Jumbo sea una marca interesante y prometedora para los fumadores que siempre buscan algo nuevo. Si busca art\u00edculos para fumadores que no s\u00f3lo sean \u00fanicos por su color, sino que tambi\u00e9n tengan una excelente relaci\u00f3n calidad-precio, \u00a1tiene que probar Jumbo!<\/p>","protected":false},"excerpt":{"rendered":"<p>\u00bfPapel de liar Rolls con puntas preenrolladas? S\u00ed, \u00a1exactamente eso! L\u00eda tus porros m\u00e1s r\u00e1pido y no pierdas el tiempo para conseguir la forma de punta perfecta. Rolls te permite elegir la longitud del papel, por lo que es un producto combinado perfecto para aquellos a los que les gustan los porros m\u00e1s largos o m\u00e1s cortos. \u00a1Gran producto!<\/p>","protected":false},"featured_media":43933,"template":"","meta":[],"product_brand":[],"product_cat":[492,297,488,464,494,560],"product_tag":[],"class_list":{"0":"post-42678","1":"product","2":"type-product","3":"status-publish","4":"has-post-thumbnail","6":"product_cat-rolling-papers","7":"product_cat-all-products","8":"product_cat-headshop","9":"product_cat-jumbo","10":"product_cat-papers-with-tips","11":"product_cat-rolls","12":"product_shipping_class-creditcard-on","14":"first","15":"instock","16":"taxable","17":"shipping-taxable","18":"purchasable","19":"product-type-variable","20":"has-default-attributes"},"_links":{"self":[{"href":"https:\/\/www.tatanka.nl\/es\/wp-json\/wp\/v2\/product\/42678","targetHints":{"allow":["GET"]}}],"collection":[{"href":"https:\/\/www.tatanka.nl\/es\/wp-json\/wp\/v2\/product"}],"about":[{"href":"https:\/\/www.tatanka.nl\/es\/wp-json\/wp\/v2\/types\/product"}],"wp:featuredmedia":[{"embeddable":true,"href":"https:\/\/www.tatanka.nl\/es\/wp-json\/wp\/v2\/media\/43933"}],"wp:attachment":[{"href":"https:\/\/www.tatanka.nl\/es\/wp-json\/wp\/v2\/media?parent=42678"}],"wp:term":[{"taxonomy":"product_brand","embeddable":true,"href":"https:\/\/www.tatanka.nl\/es\/wp-json\/wp\/v2\/product_brand?post=42678"},{"taxonomy":"product_cat","embeddable":true,"href":"https:\/\/www.tatanka.nl\/es\/wp-json\/wp\/v2\/product_cat?post=42678"},{"taxonomy":"product_tag","embeddable":true,"href":"https:\/\/www.tatanka.nl\/es\/wp-json\/wp\/v2\/product_tag?post=42678"}],"curies":[{"name":"wp","href":"https:\/\/api.w.org\/{rel}","templated":true}]}}