{"id":50170,"date":"2022-07-04T14:16:54","date_gmt":"2022-07-04T12:16:54","guid":{"rendered":"https:\/\/www.tatanka.nl\/?post_type=product&#038;p=50170"},"modified":"2025-05-20T08:11:48","modified_gmt":"2025-05-20T07:11:48","slug":"vitamin-c-120-tablets","status":"publish","type":"product","link":"https:\/\/www.tatanka.nl\/es\/vitamin-c-120-tablets\/","title":{"rendered":"Vitamina C"},"content":{"rendered":"<h2>\u00bfQu\u00e9 son los comprimidos de vitamina C Fit4Seasons?<\/h2>\n<p>Los comprimidos de vitamina C Fit4Seasons son un suplemento diet\u00e9tico de primera calidad dise\u00f1ado para proporcionar a su organismo los beneficios vitales de la vitamina C. Cada comprimido contiene 900 mg de vitamina C (como ascorbato c\u00e1lcico), lo que garantiza una absorci\u00f3n y utilizaci\u00f3n eficaces por el organismo.<\/p>\n<p>La f\u00f3rmula est\u00e1 enriquecida con extracto de Rosa Canina y bioflavonoides c\u00edtricos, que act\u00faan sin\u00e9rgicamente para potenciar las propiedades antioxidantes y mejorar la salud inmunitaria. La vitamina C desempe\u00f1a un papel clave en numerosos procesos corporales, como la formaci\u00f3n de col\u00e1geno, la producci\u00f3n de energ\u00eda y la protecci\u00f3n de las c\u00e9lulas frente al estr\u00e9s oxidativo causado por factores medioambientales.<\/p>\n<p>Este suplemento es completamente vegano, elaborado con ingredientes cuidadosamente seleccionados para adaptarse a diversas preferencias diet\u00e9ticas. Fit4Seasons La vitamina C es ideal para mantener su bienestar general, ya sea que est\u00e9 lidiando con la fatiga, apoyando la salud de su piel o mejorando las defensas naturales de su cuerpo.<\/p>\n<h2>Historia de Fit4Seasons Vitamina C<\/h2>\n<p>La vitamina C ha sido reconocida durante siglos como un nutriente esencial para la salud humana. Hist\u00f3ricamente, los marineros utilizaban alimentos ricos en vitamina C, como los c\u00edtricos, para prevenir el escorbuto durante las largas traves\u00edas. La importancia de esta vitamina para la salud inmunitaria, la producci\u00f3n de col\u00e1geno y el metabolismo energ\u00e9tico est\u00e1 bien documentada desde entonces.<\/p>\n<p>Fit4Seasons ha desarrollado su Vitamina C para modernizar este nutriente intemporal, garantizando una f\u00f3rmula potente, eficaz y f\u00e1cil de incorporar a la rutina diaria. Al a\u00f1adir extracto de Rosa Canina y bioflavonoides c\u00edtricos, la marca subraya la importancia de las fuentes naturales de origen vegetal para complementar el ingrediente principal.<\/p>\n<p>Este compromiso con la calidad y la innovaci\u00f3n refleja la dedicaci\u00f3n de Fit4Seasons a la creaci\u00f3n de suplementos que se ajusten a las tendencias de salud en evoluci\u00f3n, sin dejar de estar arraigados en la ciencia y la tradici\u00f3n.<\/p>\n<h2>C\u00f3mo utilizar Fit4Seasons Vitamina C comprimidos<\/h2>\n<p>Tomar Fit4Seasons Vitamina C comprimidos es sencillo y c\u00f3modo. Para obtener resultados \u00f3ptimos, tome un comprimido dos veces al d\u00eda despu\u00e9s de las comidas con agua. Esta dosis garantiza un apoyo constante a su sistema inmunitario y a sus niveles de energ\u00eda durante todo el d\u00eda.<\/p>\n<p>El uso regular de este suplemento puede ayudar a combatir la fatiga, proteger las c\u00e9lulas del da\u00f1o oxidativo y favorecer la formaci\u00f3n de col\u00e1geno, que es crucial para mantener la piel, los huesos y los vasos sangu\u00edneos sanos. Tanto si buscas mejorar tu bienestar general como si quieres abordar problemas espec\u00edficos como el cansancio o el apoyo inmunitario, este suplemento se adapta perfectamente a un estilo de vida ajetreado.<\/p>\n<p>Es importante seguir la dosis recomendada para evitar sobrepasar los niveles de ingesta seguros. Combinar estos comprimidos con una dieta equilibrada rica en frutas y verduras y un estilo de vida activo potencia a\u00fan m\u00e1s sus beneficios.<\/p>\n<h2>Ingredientes de los comprimidos de vitamina C Fit4Seasons<\/h2>\n<p>Cada comprimido de vitamina C Fit4Seasons contiene:<\/p>\n<ul>\n<li><strong>Vitamina C (como ascorbato de calcio): 900 mg<\/strong> - Una forma tamponada de vitamina C para mejorar la absorci\u00f3n y reducir la acidez.<\/li>\n<li><strong>Extracto de Rosa Canina (4:1): 50 mg<\/strong> - Derivado del escaramujo, este extracto es rico en antioxidantes y favorece la salud inmunitaria.<\/li>\n<li><strong>Bioflavonoides c\u00edtricos: 50 mg<\/strong> - Compuestos vegetales que potencian la eficacia de la vitamina C y favorecen la salud cardiovascular.<\/li>\n<\/ul>\n<p>Entre los ingredientes adicionales se incluyen celulosa microcristalina, maltodextrina, estearato de magnesio y di\u00f3xido de silicona, que garantizan la estabilidad del comprimido y la facilidad de uso. Todos los ingredientes se eligen cuidadosamente para mantener los m\u00e1s altos est\u00e1ndares de calidad y aptos para veganos.<\/p>\n<p><strong>Beneficios de la vitamina C para la salud<\/strong>:<br \/>\n-\u00a0<strong>Vasos sangu\u00edneos:<\/strong>\u00a0La vitamina C es importante para los vasos sangu\u00edneos. Contribuye a la formaci\u00f3n de col\u00e1geno, que es importante para mantener una pared vascular fuerte.<br \/>\n-\u00a0<strong>Piel y huesos:<\/strong>\u00a0La vitamina C refuerza los huesos y es importante para los cart\u00edlagos y la piel.<br \/>\n-\u00a0<strong>Sistema inmunitario:<\/strong>\u00a0La vitamina C ayuda al sistema inmunitario. Tambi\u00e9n proporciona una resistencia extra\/m\u00e1s elevada durante el esfuerzo f\u00edsico.<br \/>\n-\u00a0<strong>Boca y dientes:<\/strong>\u00a0La vitamina ayuda a mantener los dientes fuertes y es importante para la dentadura.<br \/>\n-\u00a0<strong>Da\u00f1o oxidativo: <\/strong>La vitamina C es un antioxidante y ayuda a proteger las c\u00e9lulas sanas del organismo. Tambi\u00e9n ayuda a proteger las c\u00e9lulas del da\u00f1o oxidativo de los rayos UV y la contaminaci\u00f3n atmosf\u00e9rica.<br \/>\n-\u00a0<strong>Fatiga:<\/strong>\u00a0La vitamina C ayuda a reducir el cansancio y la fatiga.<br \/>\n-\u00a0<strong>Sistema nervioso:<\/strong>\u00a0La vitamina C desempe\u00f1a un papel importante en el funcionamiento de los nervios y favorece el funcionamiento normal del sistema nervioso.<\/p>\n<p><strong>Tome Fit4Seasons Vitamina C:<\/strong><br \/>\n- En caso de fatiga o letargo<br \/>\n- Para proteger contra los radicales libres<br \/>\n- Para mantener c\u00e9lulas y tejidos sanos<br \/>\n- Para una concentraci\u00f3n normal<\/p>\n<p>&nbsp;<\/p>\n<p><strong>Advertencia:<\/strong><br \/>\nMantener fuera del alcance de los ni\u00f1os. Consulte a su m\u00e9dico antes de utilizarlo si est\u00e1 embarazada, en per\u00edodo de lactancia o tiene problemas de salud. Conservar en un lugar fresco y oscuro a temperatura ambiente. No superar la dosis diaria recomendada.<\/p>\n<p>&nbsp;<\/p>","protected":false},"excerpt":{"rendered":"<p>La vitamina C es una sustancia que interviene en muchos procesos corporales. La vitamina C es un antioxidante y es importante para los vasos sangu\u00edneos, favorece la formaci\u00f3n de col\u00e1geno, es importante para el metabolismo energ\u00e9tico, tiene un efecto positivo sobre el sistema inmunitario, es buena para la capacidad de concentraci\u00f3n y ayuda con la fatiga.<\/p>","protected":false},"featured_media":126027,"template":"","meta":[],"product_brand":[],"product_cat":[598,297,522,475,481,533,487,486,480,482],"product_tag":[],"class_list":{"0":"post-50170","1":"product","2":"type-product","3":"status-publish","4":"has-post-thumbnail","6":"product_cat-fit4seasons","7":"product_cat-all-products","8":"product_cat-detox","9":"product_cat-healthshop","10":"product_cat-healthshop-top-10","11":"product_cat-recovery","12":"product_cat-sport","13":"product_cat-superfoods","14":"product_cat-supplements","15":"product_cat-vitamins","17":"first","18":"instock","19":"taxable","20":"shipping-taxable","21":"purchasable","22":"product-type-variable","23":"has-default-attributes"},"_links":{"self":[{"href":"https:\/\/www.tatanka.nl\/es\/wp-json\/wp\/v2\/product\/50170","targetHints":{"allow":["GET"]}}],"collection":[{"href":"https:\/\/www.tatanka.nl\/es\/wp-json\/wp\/v2\/product"}],"about":[{"href":"https:\/\/www.tatanka.nl\/es\/wp-json\/wp\/v2\/types\/product"}],"wp:featuredmedia":[{"embeddable":true,"href":"https:\/\/www.tatanka.nl\/es\/wp-json\/wp\/v2\/media\/126027"}],"wp:attachment":[{"href":"https:\/\/www.tatanka.nl\/es\/wp-json\/wp\/v2\/media?parent=50170"}],"wp:term":[{"taxonomy":"product_brand","embeddable":true,"href":"https:\/\/www.tatanka.nl\/es\/wp-json\/wp\/v2\/product_brand?post=50170"},{"taxonomy":"product_cat","embeddable":true,"href":"https:\/\/www.tatanka.nl\/es\/wp-json\/wp\/v2\/product_cat?post=50170"},{"taxonomy":"product_tag","embeddable":true,"href":"https:\/\/www.tatanka.nl\/es\/wp-json\/wp\/v2\/product_tag?post=50170"}],"curies":[{"name":"wp","href":"https:\/\/api.w.org\/{rel}","templated":true}]}}