{"id":50172,"date":"2022-07-04T14:18:32","date_gmt":"2022-07-04T12:18:32","guid":{"rendered":"https:\/\/www.tatanka.nl\/?post_type=product&#038;p=50172"},"modified":"2025-05-20T08:11:41","modified_gmt":"2025-05-20T07:11:41","slug":"5-htp-40-tablets","status":"publish","type":"product","link":"https:\/\/www.tatanka.nl\/es\/5-htp-40-tablets\/","title":{"rendered":"5-HTP"},"content":{"rendered":"<h2>\u00bfQu\u00e9 son las c\u00e1psulas de 5-HTP Fit4Seasons?<\/h2>\n<p>Las c\u00e1psulas de 5-HTP Fit4Seasons son un suplemento diet\u00e9tico de primera calidad que contiene 5-hidroxitript\u00f3fano (5-HTP), un compuesto derivado de las semillas de Griffonia Simplicifolia, una planta de \u00c1frica Occidental. Como precursor de la serotonina, tambi\u00e9n conocida como la \"hormona de la felicidad\", el 5-HTP desempe\u00f1a un papel clave en la promoci\u00f3n del equilibrio emocional y el bienestar mental general.<\/p>\n<p>Adem\u00e1s de favorecer la producci\u00f3n de serotonina, el 5-HTP contribuye a la formaci\u00f3n natural de melatonina, una hormona esencial para regular los ciclos del sue\u00f1o. Esto convierte a las c\u00e1psulas de 5-HTP Fit4Seasons en una excelente elecci\u00f3n para quienes buscan mejorar tanto el estado de \u00e1nimo como la calidad del sue\u00f1o.<\/p>\n<p>La f\u00f3rmula se enriquece adem\u00e1s con pasiflora, una planta conocida por sus propiedades calmantes, por lo que es ideal para momentos de estr\u00e9s o inquietud. Las c\u00e1psulas de 5-HTP de Fit4Seasons son 100% veganas y est\u00e1n elaboradas seg\u00fan normas de alta calidad, por lo que son aptas para una amplia gama de usuarios.<\/p>\n<h2>Historia de Fit4Seasons 5-HTP c\u00e1psulas<\/h2>\n<p>Fit4Seasons ha desarrollado sus c\u00e1psulas de 5-HTP para proporcionar una soluci\u00f3n natural para el control del estr\u00e9s y el apoyo al sue\u00f1o. El 5-HTP ha sido reconocido durante d\u00e9cadas como un valioso precursor de la serotonina, que influye en el estado de \u00e1nimo, el apetito y el sue\u00f1o. Su fuente vegetal, la Griffonia Simplicifolia, se ha utilizado tradicionalmente en la medicina africana para promover la relajaci\u00f3n y el bienestar.<\/p>\n<p>La pasiflora, otro ingrediente clave, tiene una larga historia en la fitoterapia. Las culturas ind\u00edgenas de Am\u00e9rica la utilizaban para tratar la ansiedad y los trastornos del sue\u00f1o. Combinando estos ingredientes de eficacia probada, Fit4Seasons ha creado un suplemento moderno adaptado al acelerado ritmo de vida actual.<\/p>\n<p>La inclusi\u00f3n de 5-HTP y pasiflora refleja el compromiso de la marca de combinar la sabidur\u00eda tradicional con la ciencia contempor\u00e1nea, ofreciendo un producto eficaz, seguro y apto para veganos.<\/p>\n<h2>C\u00f3mo utilizar Fit4Seasons 5-HTP c\u00e1psulas<\/h2>\n<p>Las c\u00e1psulas de 5-HTP Fit4Seasons son f\u00e1ciles de incorporar a su rutina diaria. Simplemente tome una c\u00e1psula al d\u00eda con agua, preferiblemente despu\u00e9s de una comida, para asegurar una absorci\u00f3n \u00f3ptima. Este enfoque directo permite el apoyo constante de la producci\u00f3n de serotonina y sus beneficios para el estado de \u00e1nimo y el sue\u00f1o.<\/p>\n<p>Estas c\u00e1psulas son especialmente beneficiosas en periodos de estr\u00e9s, sue\u00f1o interrumpido o bajos niveles de energ\u00eda. Para obtener mejores resultados, combine el suplemento con h\u00e1bitos saludables, como mantener una dieta equilibrada, practicar una actividad f\u00edsica regular y practicar t\u00e9cnicas de relajaci\u00f3n.<\/p>\n<p>Es importante seguir la dosis recomendada para evitar efectos adversos. Fit4Seasons 5-HTP c\u00e1psulas est\u00e1n dise\u00f1adas para ser una adici\u00f3n segura y eficaz a su rutina de bienestar cuando se utiliza seg\u00fan las indicaciones.<\/p>\n<h2>Ingredientes de las c\u00e1psulas de 5-HTP Fit4Seasons<\/h2>\n<p>Cada c\u00e1psula de 5-HTP Fit4Seasons contiene una mezcla de ingredientes cuidadosamente seleccionados para maximizar sus beneficios. El principal ingrediente activo es 250 mg de extracto de Griffonia Simplicifolia, estandarizado para contener 30,6% 5-Hidroxitript\u00f3fano. Esto asegura una dosis consistente y fiable de 5-HTP en cada c\u00e1psula.<\/p>\n<p>La f\u00f3rmula tambi\u00e9n incluye 130 mg de pasiflora, un ingrediente natural conocido por sus propiedades calmantes. Para crear un producto de alta calidad apto para veganos, los componentes adicionales incluyen almid\u00f3n de arroz y estearato de calcio, que act\u00faan como estabilizadores.<\/p>\n<p>Todos los ingredientes se obtienen cuidadosamente para cumplir las rigurosas normas de calidad de Fit4Seasons, garantizando que el suplemento sea eficaz, seguro y apto para veganos y vegetarianos.<\/p>\n<p><strong>Beneficios de Fit4Seasons 5-HTP:<\/strong><\/p>\n<ul>\n<li>Est\u00e1ndar de calidad de Fit4Season<\/li>\n<li>El 5-HTP es un precursor de la serotonina<\/li>\n<li>Procede de la Griffonia Simplicifolia<\/li>\n<li>Tambi\u00e9n incluye Pasiflora<\/li>\n<li>Apto para vegetarianos y veganos<\/li>\n<li><\/li>\n<\/ul>\n<p><strong>Advertencia:<\/strong><br \/>\nMantener fuera del alcance de los ni\u00f1os. No superar la dosis diaria recomendada. Consulte a su m\u00e9dico antes de utilizarlo si est\u00e1 embarazada, en per\u00edodo de lactancia o tomando medicaci\u00f3n. Conservar en lugar fresco y seco. Evite conducir o manejar maquinaria pesada despu\u00e9s de usar este producto.<\/p>","protected":false},"excerpt":{"rendered":"<p>Fit4Seasons 5-HTP contiene 40 c\u00e1psulas con el vers\u00e1til 5-hidroxitript\u00f3fano (5-HTP). Esta sustancia procedente de la Griffonia Simplicifolia es un precursor del neurotransmisor Serotonina, que tambi\u00e9n conocemos como la \"hormona de la felicidad\". La serotonina es precursora de la melatonina, una sustancia que puede contribuir a inducir el sue\u00f1o.<\/p>","protected":false},"featured_media":126026,"template":"","meta":[],"product_brand":[],"product_cat":[598,297,522,475,533,487,486,480,482],"product_tag":[],"class_list":{"0":"post-50172","1":"product","2":"type-product","3":"status-publish","4":"has-post-thumbnail","6":"product_cat-fit4seasons","7":"product_cat-all-products","8":"product_cat-detox","9":"product_cat-healthshop","10":"product_cat-recovery","11":"product_cat-sport","12":"product_cat-superfoods","13":"product_cat-supplements","14":"product_cat-vitamins","16":"first","17":"instock","18":"taxable","19":"shipping-taxable","20":"purchasable","21":"product-type-variable","22":"has-default-attributes"},"_links":{"self":[{"href":"https:\/\/www.tatanka.nl\/es\/wp-json\/wp\/v2\/product\/50172","targetHints":{"allow":["GET"]}}],"collection":[{"href":"https:\/\/www.tatanka.nl\/es\/wp-json\/wp\/v2\/product"}],"about":[{"href":"https:\/\/www.tatanka.nl\/es\/wp-json\/wp\/v2\/types\/product"}],"wp:featuredmedia":[{"embeddable":true,"href":"https:\/\/www.tatanka.nl\/es\/wp-json\/wp\/v2\/media\/126026"}],"wp:attachment":[{"href":"https:\/\/www.tatanka.nl\/es\/wp-json\/wp\/v2\/media?parent=50172"}],"wp:term":[{"taxonomy":"product_brand","embeddable":true,"href":"https:\/\/www.tatanka.nl\/es\/wp-json\/wp\/v2\/product_brand?post=50172"},{"taxonomy":"product_cat","embeddable":true,"href":"https:\/\/www.tatanka.nl\/es\/wp-json\/wp\/v2\/product_cat?post=50172"},{"taxonomy":"product_tag","embeddable":true,"href":"https:\/\/www.tatanka.nl\/es\/wp-json\/wp\/v2\/product_tag?post=50172"}],"curies":[{"name":"wp","href":"https:\/\/api.w.org\/{rel}","templated":true}]}}