{"id":50193,"date":"2022-09-13T14:34:24","date_gmt":"2022-09-13T12:34:24","guid":{"rendered":"https:\/\/www.tatanka.nl\/?post_type=product&#038;p=50193"},"modified":"2025-12-02T08:59:13","modified_gmt":"2025-12-02T07:59:13","slug":"maitake-extract-capsules","status":"publish","type":"product","link":"https:\/\/www.tatanka.nl\/es\/maitake-extract-capsules\/","title":{"rendered":"Maitake extract Capsules"},"content":{"rendered":"<h2 data-pm-slice=\"1 1 []\">\u00bfQu\u00e9 es el maitake?<\/h2>\n<p>El maitake (Grifola frondosa), tambi\u00e9n conocido como \"gallina de los Wood\", es un hongo medicinal \u00fanico que crece en la base de los \u00e1rboles, sobre todo de los robles. Ha sido muy apreciado en la medicina tradicional japonesa y china durante siglos debido a sus propiedades beneficiosas. Este hongo est\u00e1 repleto de nutrientes esenciales, incluidos polisac\u00e1ridos como los betaglucanos, conocidos por favorecer el sistema inmunitario. A diferencia de las setas culinarias comunes, el Maitake se consume a menudo en forma de suplemento para maximizar sus beneficios para la salud. Su capacidad para prosperar en la naturaleza y su impresionante perfil nutricional lo convierten en uno de los superalimentos m\u00e1s populares de la actualidad.<\/p>\n<h2>Historia del maitake<\/h2>\n<p>El maitake tiene una rica historia que se remonta a m\u00e1s de 3000 a\u00f1os. En Jap\u00f3n era tan apreciado que a veces se utilizaba como moneda. El nombre \"Maitake\" se traduce como \"seta bailarina\", ya que el folclore sugiere que la gente bailaba de alegr\u00eda al descubrirla en la naturaleza debido a su valor excepcional. Los practicantes de la medicina tradicional oriental han utilizado durante mucho tiempo el Maitake para promover la salud y la longevidad, creyendo que ayuda a restablecer el equilibrio del organismo. En los tiempos modernos, la investigaci\u00f3n sigue explorando sus beneficios potenciales, en particular su papel en el apoyo al sistema inmunol\u00f3gico y el bienestar general. Hoy en d\u00eda, el maitake sigue siendo un remedio natural muy apreciado, tanto por su importancia hist\u00f3rica como por sus posibles propiedades beneficiosas para la salud.<\/p>\n<h2>C\u00f3mo utilizar el maitake<\/h2>\n<p>El Maitake est\u00e1 disponible en varias formas, incluyendo polvos, t\u00e9s y c\u00e1psulas. Nuestras c\u00e1psulas de Maitake ofrecen una forma c\u00f3moda de incorporar este poderoso hongo a su rutina diaria. La dosis recomendada es de una a dos c\u00e1psulas dos veces al d\u00eda, tomadas con las comidas y agua. El uso regular es clave para experimentar todos sus beneficios. El maitake se utiliza a menudo como parte de un r\u00e9gimen de bienestar para reforzar la inmunidad, promover la vitalidad general y mejorar la resistencia natural del organismo. Mientras que algunos usuarios notan los beneficios en unas pocas semanas, otros pueden tardar m\u00e1s tiempo en experimentar efectos notables. Para maximizar el potencial del Maitake, comb\u00ednelo con una dieta equilibrada y un estilo de vida saludable. Como con cualquier suplemento, es fundamental respetar la dosis recomendada y consultar a un profesional sanitario si se padecen enfermedades preexistentes.<\/p>\n<h2>Ingredientes del Maitake Capsules<\/h2>\n<p>Cada c\u00e1psula apta para veganos contiene 400 mg de extracto org\u00e1nico de Maitake (Grifola Frondosa) derivado de cuerpos fruct\u00edferos 100%. Este extracto de espectro completo se obtiene mediante la extracci\u00f3n de agua y etanol para maximizar la concentraci\u00f3n de compuestos beneficiosos. El extracto est\u00e1 estandarizado para contener 30% beta-glucanos, conocidos por sus propiedades de apoyo inmunol\u00f3gico. Otros ingredientes incluyen citrato de magnesio y di\u00f3xido de silicio, que ayudan a mejorar la estabilidad y la absorci\u00f3n del suplemento. Las c\u00e1psulas de Maitake McMyco cumplen las normas de calidad m\u00e1s exigentes y no contienen aditivos artificiales, lo que las convierte en una excelente opci\u00f3n para quienes buscan una forma natural de contribuir a su bienestar.<\/p>\n<p><strong>Advertencia:<\/strong><br \/>\nMaitake por el McMyco es un suplemento diet\u00e9tico y se debe utilizar por consiguiente. No exceda la dosis diaria recomendada. Mantenga el producto fuera del alcance de los ni\u00f1os. Consulte a su m\u00e9dico antes de utilizarlo, especialmente si est\u00e1 embarazada, en per\u00edodo de lactancia o padece alguna enfermedad. Conservar en lugar fresco y oscuro a temperatura ambiente.<\/p>","protected":false},"excerpt":{"rendered":"<p data-pm-slice=\"1 1 []\">Descubra el poder del Maitake, tambi\u00e9n conocido como el \"Rey del Mushrooms\". Este potente suplemento es rico en valiosos nutrientes y betaglucanos, lo que lo convierte en un superalimento muy apreciado. Con su larga historia en las pr\u00e1cticas tradicionales japonesas de bienestar, Maitake apoya el bienestar general y la vitalidad.<\/p>","protected":false},"featured_media":134877,"template":"","meta":[],"product_brand":[],"product_cat":[596,297,512,475,521,523,533,515,476,487,486],"product_tag":[662],"class_list":{"0":"post-50193","1":"product","2":"type-product","3":"status-publish","4":"has-post-thumbnail","6":"product_cat-mcmyco","7":"product_cat-all-products","8":"product_cat-extracts","9":"product_cat-healthshop","10":"product_cat-medicinal-mushrooms","11":"product_cat-medicinal-mushrooms-supplements","12":"product_cat-recovery","13":"product_cat-shroomshop","14":"product_cat-smartshop","15":"product_cat-sport","16":"product_cat-superfoods","17":"product_tag-shrdeal","18":"product_shipping_class-creditcard-on","20":"first","21":"instock","22":"taxable","23":"shipping-taxable","24":"purchasable","25":"product-type-variable","26":"has-default-attributes"},"_links":{"self":[{"href":"https:\/\/www.tatanka.nl\/es\/wp-json\/wp\/v2\/product\/50193","targetHints":{"allow":["GET"]}}],"collection":[{"href":"https:\/\/www.tatanka.nl\/es\/wp-json\/wp\/v2\/product"}],"about":[{"href":"https:\/\/www.tatanka.nl\/es\/wp-json\/wp\/v2\/types\/product"}],"wp:featuredmedia":[{"embeddable":true,"href":"https:\/\/www.tatanka.nl\/es\/wp-json\/wp\/v2\/media\/134877"}],"wp:attachment":[{"href":"https:\/\/www.tatanka.nl\/es\/wp-json\/wp\/v2\/media?parent=50193"}],"wp:term":[{"taxonomy":"product_brand","embeddable":true,"href":"https:\/\/www.tatanka.nl\/es\/wp-json\/wp\/v2\/product_brand?post=50193"},{"taxonomy":"product_cat","embeddable":true,"href":"https:\/\/www.tatanka.nl\/es\/wp-json\/wp\/v2\/product_cat?post=50193"},{"taxonomy":"product_tag","embeddable":true,"href":"https:\/\/www.tatanka.nl\/es\/wp-json\/wp\/v2\/product_tag?post=50193"}],"curies":[{"name":"wp","href":"https:\/\/api.w.org\/{rel}","templated":true}]}}