{"id":50194,"date":"2022-09-13T14:34:26","date_gmt":"2022-09-13T12:34:26","guid":{"rendered":"https:\/\/www.tatanka.nl\/?post_type=product&#038;p=50194"},"modified":"2025-10-31T10:01:46","modified_gmt":"2025-10-31T09:01:46","slug":"power-5-extract-capsules","status":"publish","type":"product","link":"https:\/\/www.tatanka.nl\/es\/power-5-extract-capsules\/","title":{"rendered":"Fantastic 5 extract Capsules"},"content":{"rendered":"<h2 dir=\"ltr\" data-pm-slice=\"1 1 []\">\u00bfQu\u00e9 son los Fantastic 5 Capsules?<\/h2>\n<p dir=\"ltr\">Las c\u00e1psulas Fantastic 5 de McMyco combinan el poder de cinco extraordinarios hongos medicinales: Reishi, Cordyceps Sinensis, Lion\u2019s Mane, Chaga y Maitake. Esta mezcla \u00fanica aprovecha la sabidur\u00eda centenaria para apoyar el bienestar moderno, proporcionando un suplemento natural que promueve la vitalidad y el equilibrio. Cada c\u00e1psula contiene 80 mg de extracto org\u00e1nico de cada seta, enriquecido con 15 mg de vitamina C para combatir la fatiga y 2 mg de zinc para reforzar la inmunidad. Conocidos por sus propiedades inmunitarias, energ\u00e9ticas y cognitivas, estos hongos act\u00faan sin\u00e9rgicamente para mejorar la salud en general. Desde las proezas antioxidantes del Chaga hasta los nutrientes de apoyo cerebral del Lion\u2019s Mane, las c\u00e1psulas Fantastic 5 ofrecen un enfoque integral del bienestar. Ideal para quienes buscan una soluci\u00f3n basada en plantas, esta f\u00f3rmula apta para veganos no contiene aditivos artificiales, lo que garantiza su pureza y potencia. Tanto si su objetivo es mejorar la concentraci\u00f3n, reforzar el sistema inmunitario o mantener los niveles de energ\u00eda, las c\u00e1psulas Fantastic 5 ofrecen una forma c\u00f3moda de integrar los beneficios de los hongos medicinales en su vida diaria, ayudando tanto al cuerpo como a la mente con los mejores ingredientes de la naturaleza.<\/p>\n<h2 dir=\"ltr\">Historia de Fantastic 5 Capsules<\/h2>\n<p dir=\"ltr\">La herencia de las c\u00e1psulas Fantastic 5 tiene sus ra\u00edces en el uso ancestral de los hongos medicinales en todas las culturas. El hongo Reishi, conocido como el \"hongo de la inmortalidad\" en China, se ha utilizado durante m\u00e1s de 2.000 a\u00f1os para promover la longevidad. El Cordyceps Sinensis, apreciado como el \"oro del Himalaya\", se valoraba hist\u00f3ricamente por su resistencia en las regiones de gran altitud. El Lion\u2019s Mane, venerado como \"el nutriente de la naturaleza para las neuronas\", se utiliza desde hace mucho tiempo en las tradiciones asi\u00e1ticas para favorecer la salud cognitiva. El chaga, apodado \"oro negro\", prospera en climas fr\u00edos y es apreciado por sus propiedades antioxidantes en Siberia y el norte de Europa. El maitake, el \"rey de los Mushrooms\" en Jap\u00f3n, ha sido un alimento b\u00e1sico durante m\u00e1s de 3.000 a\u00f1os, c\u00e9lebre por su perfil rico en nutrientes. Estos hongos, anta\u00f1o reservados a los curanderos y a la realeza, se combinan ahora en las c\u00e1psulas McMyco de Fantastic 5, combinando la tradici\u00f3n con la ciencia moderna. Mediante el uso de t\u00e9cnicas avanzadas de extracci\u00f3n, McMyco asegura que cada c\u00e1psula captura todo el espectro de compuestos bioactivos, honrando la importancia hist\u00f3rica de estos hongos, mientras que hace que sus beneficios sean accesibles a las personas conscientes de la salud de hoy en d\u00eda que buscan un apoyo natural y hol\u00edstico.<\/p>\n<h2 dir=\"ltr\">C\u00f3mo utilizar Fantastic 5 Capsules<\/h2>\n<p dir=\"ltr\">El uso de las c\u00e1psulas Fantastic 5 es sencillo y est\u00e1 dise\u00f1ado para integrarse perfectamente en su rutina diaria. La dosis recomendada es de una c\u00e1psula tomada dos veces al d\u00eda con agua durante las comidas, lo que garantiza una absorci\u00f3n \u00f3ptima de los extractos de hongos y nutrientes a\u00f1adidos como la vitamina C y zinc. Esta pauta aporta beneficios constantes, como el aumento de la energ\u00eda, la mejora de la concentraci\u00f3n y el apoyo inmunitario. Para obtener los mejores resultados, tome las c\u00e1psulas Fantastic 5 regularmente como parte de un estilo de vida equilibrado. Pueden combinarse con otros suplementos de hongos McMyco para adaptar su r\u00e9gimen de bienestar. Las c\u00e1psulas son veganas, f\u00e1ciles de tragar e ideales para personas ocupadas, ya sea para prepararse para un d\u00eda exigente o para mantener la salud a largo plazo. Si es la primera vez que toma hongos medicinales, empiece con una c\u00e1psula diaria para evaluar la respuesta de su cuerpo antes de adoptar la dosis completa. Consulte siempre a un profesional sanitario si tiene problemas de salud o est\u00e1 tomando medicamentos, para garantizar un uso seguro. Con las c\u00e1psulas Fantastic 5, puede aprovechar sin esfuerzo el poder de los hongos m\u00e1s venerados de la naturaleza para aumentar la vitalidad y mantener el equilibrio en su vida diaria.<\/p>\n<h2 dir=\"ltr\">Ingredientes de Fantastic 5 Capsules<\/h2>\n<p dir=\"ltr\">Cada c\u00e1psula de Fantastic 5 contiene una mezcla equilibrada de 80mg de extractos org\u00e1nicos de cinco hongos medicinales: Reishi (Ganoderma Lucidum), Cordyceps Sinensis, Lion\u2019s Mane (Hericium Erinaceus), Chaga (Inonotus Obliquus) y Maitake (Grifola Frondosa). Estos extractos son ricos en compuestos bioactivos como betaglucanos y polisac\u00e1ridos, que favorecen la inmunidad, la energ\u00eda y la funci\u00f3n cognitiva. Reishi promueve la relajaci\u00f3n, Cordyceps mejora la resistencia, Lion\u2019s Mane apoya la salud del cerebro, Chaga proporciona antioxidantes, y Maitake ofrece beneficios ricos en nutrientes. La f\u00f3rmula est\u00e1 enriquecida con 15 mg de vitamina C para reducir la fatiga y 2 mg de zinc para reforzar la inmunidad. El citrato de magnesio y el di\u00f3xido de silicio se incluyen como excipientes para garantizar la estabilidad del producto sin comprometer la calidad. Las c\u00e1psulas Fantastic 5 de McMyco son 100% veganas, no contienen aditivos artificiales y est\u00e1n elaboradas para proporcionar los extractos de hongos m\u00e1s puros y potentes. Esta mezcla cuidadosamente seleccionada refleja un compromiso con el bienestar natural, ofreciendo un potente suplemento a base de plantas que favorece una amplia gama de beneficios para la salud, por lo que es una opci\u00f3n ideal para aquellos que buscan mejorar su vitalidad y resistencia de forma natural.<\/p>\n<p dir=\"ltr\"><strong>Advertencia<\/strong><br \/>\nFantastic 5 de McMyco es un complemento alimenticio y debe utilizarse como tal. No exceda la dosis diaria recomendada de dos c\u00e1psulas. Mantener fuera del alcance de los ni\u00f1os. Consulte a su m\u00e9dico antes de usar si est\u00e1 embarazada, amamantando o tiene problemas de salud. Almacenar en un lugar fresco, oscuro y seco para mantener la potencia.<\/p>","protected":false},"excerpt":{"rendered":"<p dir=\"ltr\" data-pm-slice=\"1 1 []\">Aumente su bienestar con las c\u00e1psulas McMyco Fantastic 5, una potente mezcla de cinco hongos medicinales: Reishi, Cordyceps, Lion\u2019s Mane, Chaga y Maitake. Enriquecidas con Vitamina C y Zinc, estas 120 c\u00e1psulas veganas refuerzan la inmunidad, la energ\u00eda y la salud cognitiva, ofreciendo un impulso natural para su rutina diaria.<\/p>","protected":false},"featured_media":134874,"template":"","meta":[],"product_brand":[],"product_cat":[596,297,512,475,523,521,533,515,476,487,486],"product_tag":[662],"class_list":{"0":"post-50194","1":"product","2":"type-product","3":"status-publish","4":"has-post-thumbnail","6":"product_cat-mcmyco","7":"product_cat-all-products","8":"product_cat-extracts","9":"product_cat-healthshop","10":"product_cat-medicinal-mushrooms-supplements","11":"product_cat-medicinal-mushrooms","12":"product_cat-recovery","13":"product_cat-shroomshop","14":"product_cat-smartshop","15":"product_cat-sport","16":"product_cat-superfoods","17":"product_tag-shrdeal","18":"product_shipping_class-creditcard-on","20":"first","21":"instock","22":"taxable","23":"shipping-taxable","24":"purchasable","25":"product-type-variable","26":"has-default-attributes"},"_links":{"self":[{"href":"https:\/\/www.tatanka.nl\/es\/wp-json\/wp\/v2\/product\/50194","targetHints":{"allow":["GET"]}}],"collection":[{"href":"https:\/\/www.tatanka.nl\/es\/wp-json\/wp\/v2\/product"}],"about":[{"href":"https:\/\/www.tatanka.nl\/es\/wp-json\/wp\/v2\/types\/product"}],"wp:featuredmedia":[{"embeddable":true,"href":"https:\/\/www.tatanka.nl\/es\/wp-json\/wp\/v2\/media\/134874"}],"wp:attachment":[{"href":"https:\/\/www.tatanka.nl\/es\/wp-json\/wp\/v2\/media?parent=50194"}],"wp:term":[{"taxonomy":"product_brand","embeddable":true,"href":"https:\/\/www.tatanka.nl\/es\/wp-json\/wp\/v2\/product_brand?post=50194"},{"taxonomy":"product_cat","embeddable":true,"href":"https:\/\/www.tatanka.nl\/es\/wp-json\/wp\/v2\/product_cat?post=50194"},{"taxonomy":"product_tag","embeddable":true,"href":"https:\/\/www.tatanka.nl\/es\/wp-json\/wp\/v2\/product_tag?post=50194"}],"curies":[{"name":"wp","href":"https:\/\/api.w.org\/{rel}","templated":true}]}}