{"id":8344,"date":"2017-12-29T15:18:23","date_gmt":"2017-12-29T15:18:23","guid":{"rendered":"http:\/\/www.tatanka.nl\/?post_type=product&#038;p=8344"},"modified":"2025-05-20T11:02:02","modified_gmt":"2025-05-20T10:02:02","slug":"absinthe-10x-extract","status":"publish","type":"product","link":"https:\/\/www.tatanka.nl\/es\/absinthe-10x-extract\/","title":{"rendered":"Absinthe \u2013 10x Extract"},"content":{"rendered":"<h2 data-start=\"385\" data-end=\"427\">\u00bfQu\u00e9 son las Artemisia Absinthium Extracts?<\/h2>\n<p data-start=\"429\" data-end=\"946\">El extracto de Artemisia Absinthium se obtiene de los cogollos de la planta Artemisia Absinthium, conocida com\u00fanmente como ajenjo. Esta rara planta se ha hecho famosa principalmente por su uso en la elaboraci\u00f3n de la absenta, una fuerte bebida alcoh\u00f3lica muy popular entre artistas y creativos por su reputada capacidad para fomentar la relajaci\u00f3n y despertar la creatividad. La naturaleza amarga de la planta y sus propiedades medicinales se remontan a siglos atr\u00e1s, cuando se utilizaba para facilitar la digesti\u00f3n y tratar problemas estomacales.<\/p>\n<p data-start=\"948\" data-end=\"1534\">El extracto en s\u00ed es una forma concentrada de la planta, por lo que es mucho m\u00e1s potente que las hierbas secas tradicionales. Su versatilidad permite diversos usos, como la preparaci\u00f3n de infusiones calmantes o su adici\u00f3n a bebidas alcoh\u00f3licas. Dependiendo del estado f\u00edsico y mental del usuario, los efectos pueden variar mucho, lo que contribuye a su reputaci\u00f3n como hierba medicinal y recreativa. Aunque el extracto puede inducir una sensaci\u00f3n de calma, tambi\u00e9n tiene el potencial de producir efectos m\u00e1s intensos cuando se combina con alcohol, aunque estas experiencias pueden diferir mucho de una persona a otra.<\/p>\n<h2 data-start=\"1541\" data-end=\"1583\">Historia del extracto de Artemisia absinthium<\/h2>\n<p data-start=\"1585\" data-end=\"2002\">La historia de la Artemisia Absinthium se remonta a la antig\u00fcedad, donde sus propiedades medicinales eran bien reconocidas en diversas culturas. La planta se utilizaba como remedio para problemas digestivos y era un ingrediente habitual en los primeros tratamientos m\u00e9dicos. Sus aplicaciones medicinales fueron tomadas muy en serio por curanderos y m\u00e9dicos en los siglos XVIII y XIX, siendo el ajenjo una parte clave del arsenal del boticario.<\/p>\n<p data-start=\"2004\" data-end=\"2532\">La notoriedad de la Artemisia Absinthium aument\u00f3 durante el siglo XIX, sobre todo debido a su uso en la absenta. Esta bebida altamente alcoh\u00f3lica se hizo especialmente popular en Francia, donde se la conoc\u00eda como el \"Hada Verde\". Muchos artistas, entre ellos Van Gogh, se sintieron atra\u00eddos por los efectos calmantes y creativos atribuidos a la absenta, utiliz\u00e1ndola como musa para sus obras. Sin embargo, las propiedades psicoactivas de la planta hicieron que se prohibiera en varios pa\u00edses a principios del siglo XX, ya que se tem\u00eda que causara alucinaciones y adicci\u00f3n.<\/p>\n<p data-start=\"2534\" data-end=\"2819\">A pesar de su prohibici\u00f3n, la Artemisia Absinthium sigui\u00f3 siendo objeto de inter\u00e9s tanto para los profesionales de la medicina como para los aficionados. Hoy en d\u00eda, el extracto vuelve a estar disponible en diversas formas, incluso como producto concentrado, y se utiliza tanto por sus efectos relajantes como por su curiosidad hist\u00f3rica.<\/p>\n<h2 data-start=\"2826\" data-end=\"2868\">C\u00f3mo utilizar el extracto de Artemisia Absinthium<\/h2>\n<p data-start=\"2870\" data-end=\"3364\">El extracto de Artemisia Absinthium es una forma potente de la planta, por lo que es esencial saber c\u00f3mo utilizarla correctamente para disfrutar de sus beneficios. Una forma habitual de utilizar el extracto es prepararlo en infusi\u00f3n. Basta con disolver una peque\u00f1a cantidad del extracto en agua caliente para obtener una bebida calmante que puede ayudar a aliviar el est\u00f3mago y las molestias digestivas. Es importante tener en cuenta que el extracto est\u00e1 muy concentrado, por lo que s\u00f3lo se necesitan unas gotas o una peque\u00f1a porci\u00f3n para una raci\u00f3n.<\/p>\n<p data-start=\"3366\" data-end=\"3778\">Adem\u00e1s de su uso como t\u00e9, el extracto de Artemisia Absinthium tambi\u00e9n puede a\u00f1adirse al alcohol para crear una bebida \u00fanica y potente. Combinado con bebidas como el vodka o la absenta, puede realzar el sabor de la bebida y proporcionar un tipo de experiencia diferente seg\u00fan el estado de \u00e1nimo del consumidor. Sin embargo, los usuarios deben tener cuidado al mezclar el extracto con alcohol, ya que los efectos pueden variar enormemente.<\/p>\n<p data-start=\"3780\" data-end=\"3925\">Antes de utilizar el Extracto de Artemisia Absinthium, se recomienda conocer la tolerancia del organismo y empezar con peque\u00f1as cantidades para calibrar su efecto.<\/p>\n<h2 data-start=\"3932\" data-end=\"3978\">Ingredientes del extracto de Artemisia Absinthium<\/h2>\n<p data-start=\"3980\" data-end=\"4415\">El principal ingrediente del Extracto de Artemisia Absinthium es, naturalmente, la propia Artemisia Absinthium. Esta planta, a menudo conocida como ajenjo, contiene diversos compuestos que contribuyen a sus propiedades medicinales. Entre los m\u00e1s notables se encuentra la tuyona, un compuesto qu\u00edmico que se cree que es responsable de algunos de los efectos psicoactivos atribuidos a la planta, especialmente cuando se consume en grandes cantidades o se mezcla con alcohol.<\/p>\n<p data-start=\"4417\" data-end=\"4816\">El extracto tambi\u00e9n contiene aceites esenciales a los que se atribuyen propiedades calmantes y digestivas. Estos aceites suelen extraerse de los brotes o las hojas de la planta, que son ricos en compuestos beneficiosos. Se ha demostrado que la Artemisia Absinthium tiene propiedades antibacterianas, antif\u00fangicas y antiinflamatorias, lo que la hace \u00fatil no s\u00f3lo para problemas digestivos, sino tambi\u00e9n como remedio para otras dolencias.<\/p>\n<p data-start=\"4818\" data-end=\"5117\">Aunque el extracto es potente, su composici\u00f3n es natural y, si se utiliza de forma responsable, el extracto de Artemisia Absinthium puede ofrecer toda una serie de beneficios. No obstante, es importante tener en cuenta que los efectos pueden variar en funci\u00f3n del estado f\u00edsico y mental del individuo, por lo que siempre se debe considerar la dosificaci\u00f3n.<\/p>\n<p data-start=\"5124\" data-end=\"5136\"><strong data-start=\"5124\" data-end=\"5136\">Advertencia:<\/strong><\/p>\n<p data-start=\"5138\" data-end=\"5680\" data-is-last-node=\"\">Aunque el extracto de Artemisia Absinthium puede ofrecer beneficios como la relajaci\u00f3n y el alivio digestivo, debe utilizarse con precauci\u00f3n, especialmente cuando se combina con alcohol. Su potente naturaleza hace que sus efectos puedan variar de una persona a otra y, en grandes cantidades, puede provocar reacciones adversas. Consulte siempre a un profesional de la salud antes de tomar Extracto de Artemisia Absinthium, sobre todo si est\u00e1 embarazada, en per\u00edodo de lactancia o padece alg\u00fan trastorno de salud preexistente. Cons\u00famalo con moderaci\u00f3n y sea consciente de la respuesta de su cuerpo al extracto.<\/p>","protected":false},"excerpt":{"rendered":"<p>El Extracto de Artemisia Absinthium es un potente concentrado elaborado a partir de la rara planta Artemisia Absinthium, ampliamente conocida por su uso en la ic\u00f3nica bebida alcoh\u00f3lica Absenta. Conocido por su sabor amargo y su uso medicinal hist\u00f3rico, este extracto se utiliza a menudo para promover la relajaci\u00f3n y se cree que tiene diversos efectos cuando se consume en combinaci\u00f3n con alcohol.<\/p>","protected":false},"featured_media":126165,"template":"","meta":[],"product_brand":[],"product_cat":[600,297,512,477,513,290,476],"product_tag":[],"class_list":{"0":"post-8344","1":"product","2":"type-product","3":"status-publish","4":"has-post-thumbnail","6":"product_cat-mcmystic","7":"product_cat-all-products","8":"product_cat-extracts","9":"product_cat-herbs","10":"product_cat-party","11":"product_cat-psychedelic-herbs","12":"product_cat-smartshop","14":"first","15":"instock","16":"taxable","17":"shipping-taxable","18":"purchasable","19":"product-type-variable"},"_links":{"self":[{"href":"https:\/\/www.tatanka.nl\/es\/wp-json\/wp\/v2\/product\/8344","targetHints":{"allow":["GET"]}}],"collection":[{"href":"https:\/\/www.tatanka.nl\/es\/wp-json\/wp\/v2\/product"}],"about":[{"href":"https:\/\/www.tatanka.nl\/es\/wp-json\/wp\/v2\/types\/product"}],"wp:featuredmedia":[{"embeddable":true,"href":"https:\/\/www.tatanka.nl\/es\/wp-json\/wp\/v2\/media\/126165"}],"wp:attachment":[{"href":"https:\/\/www.tatanka.nl\/es\/wp-json\/wp\/v2\/media?parent=8344"}],"wp:term":[{"taxonomy":"product_brand","embeddable":true,"href":"https:\/\/www.tatanka.nl\/es\/wp-json\/wp\/v2\/product_brand?post=8344"},{"taxonomy":"product_cat","embeddable":true,"href":"https:\/\/www.tatanka.nl\/es\/wp-json\/wp\/v2\/product_cat?post=8344"},{"taxonomy":"product_tag","embeddable":true,"href":"https:\/\/www.tatanka.nl\/es\/wp-json\/wp\/v2\/product_tag?post=8344"}],"curies":[{"name":"wp","href":"https:\/\/api.w.org\/{rel}","templated":true}]}}