{"id":8349,"date":"2017-12-29T15:44:12","date_gmt":"2017-12-29T15:44:12","guid":{"rendered":"http:\/\/www.tatanka.nl\/?post_type=product&#038;p=8349"},"modified":"2025-05-20T11:01:24","modified_gmt":"2025-05-20T10:01:24","slug":"absinthe-60-capsules","status":"publish","type":"product","link":"https:\/\/www.tatanka.nl\/es\/absinthe-60-capsules\/","title":{"rendered":"Absenta Capsules"},"content":{"rendered":"<h2>\u00bfQu\u00e9 es la absenta?<\/h2>\n<p>El ajenjo, derivado de la planta Artemisia Absinthium, es una hierba con un rico significado hist\u00f3rico y m\u00faltiples usos. Conocida por su caracter\u00edstico sabor amargo, esta hierba se reconoce principalmente como ingrediente de la famosa bebida alcoh\u00f3lica absenta. Sin embargo, sus usos van mucho m\u00e1s all\u00e1 de esta famosa bebida. La planta, que puede crecer hasta 120 cm de altura, tiene hojas gris\u00e1ceas y flores amarillas durante su floraci\u00f3n. Hist\u00f3ricamente, se le han atribuido diversos beneficios para la salud, como mejorar la digesti\u00f3n, estimular el apetito y favorecer la relajaci\u00f3n. El ajenjo ha sido venerado en todas las culturas por sus propiedades medicinales, sobre todo para los problemas digestivos. Tambi\u00e9n es conocida por sus efectos creativos y alteradores de la mente, por lo que se hizo popular entre artistas como Vincent van Gogh. En la actualidad, es muy apreciado por sus beneficios hol\u00edsticos y est\u00e1 ganando popularidad como suplemento natural.<\/p>\n<h2>Historia de la absenta<\/h2>\n<p>La historia del ajenjo se remonta a las civilizaciones antiguas. Los griegos y los romanos cre\u00edan que la Artemisia Absinthium pod\u00eda mejorar la salud y la vitalidad. Se utilizaba como medida preventiva contra el dolor y las infecciones de los pies, y los viajeros sol\u00edan ponerla en sus zapatos durante los viajes largos. Se cre\u00eda que la hierba ten\u00eda propiedades medicinales que ayudaban a mantener el bienestar general. En tiempos m\u00e1s modernos, el v\u00ednculo de la absenta con la infame bebida alcoh\u00f3lica ciment\u00f3 su lugar en la cultura popular, especialmente durante el siglo XIX. Algunos artistas famosos, como Pablo Picasso y Van Gogh, consum\u00edan absenta por sus supuestas propiedades estimulantes y alucin\u00f3genas. Durante un tiempo, la absenta estuvo prohibida debido a su supuesta toxicidad, sobre todo por la presencia de tuyona, un compuesto qu\u00edmico. Sin embargo, la prohibici\u00f3n se levant\u00f3 m\u00e1s tarde, y ahora la planta se considera m\u00e1s por sus beneficios para la salud que por su reputaci\u00f3n negativa. La larga historia de esta hierba refleja sus m\u00faltiples usos y la fascinaci\u00f3n que sigue despertando.<\/p>\n<h2>C\u00f3mo utilizar la absenta<\/h2>\n<p>El consumo de ajenjo es sencillo, pero requiere precauci\u00f3n. Normalmente, las hierbas de ajenjo se consumen en peque\u00f1as dosis, con una dosis recomendada de un gramo al d\u00eda. Esta hierba de sabor amargo puede prepararse en infusi\u00f3n o consumirse en otras formas, como c\u00e1psulas o tinturas. Se aconseja utilizar el ajenjo con moderaci\u00f3n, ya que sus efectos pueden variar seg\u00fan la persona. Cuando se consume, el ajenjo ayuda a estimular la digesti\u00f3n, estimula el apetito y proporciona una sensaci\u00f3n calmante y relajante. Debido a su potencial para inducir efectos alucinatorios, es esencial evitar el consumo de Absenta con alcohol u otras sustancias que alteren la mente, a menos que se est\u00e9 familiarizado con sus efectos. Para relajarse o estimular la creatividad, el ajenjo puede tomarse al final de una larga jornada o en momentos de estr\u00e9s. Sin embargo, es fundamental evitar su consumo regular y abstenerse de realizar actividades como conducir bajo los efectos del Absinth. Siga siempre la dosis recomendada y sea consciente de c\u00f3mo reacciona su cuerpo.<\/p>\n<h2>Ingredientes de la absenta<\/h2>\n<p>El ingrediente principal de Indian Elements' Absinth es la Artemisia Absinthium, conocida com\u00fanmente como Alsemkruid o absenta. Esta planta se ha utilizado durante siglos por sus propiedades medicinales. Contiene una serie de compuestos, entre ellos sustancias amargas que estimulan el sistema digestivo, favorecen el apetito y contribuyen a la salud gastrointestinal en general. Adem\u00e1s, el ajenjo contiene tuyona, un compuesto que antes se consideraba t\u00f3xico, pero que ahora se sabe que interviene en los efectos psicoactivos de la hierba. Aunque la hierba es m\u00e1s famosa por su asociaci\u00f3n con el alcohol absenta, sus beneficios para la salud por s\u00ed sola son ampliamente reconocidos. Los compuestos amargos del ajenjo son responsables de sus efectos calmantes y relajantes, y se han utilizado a lo largo de la historia para tratar problemas digestivos, la ansiedad y el estr\u00e9s. Indian Elements' Absinth se obtiene y envasa cuidadosamente para preservar la integridad de las propiedades beneficiosas de la planta. Es 100% natural y vegano, lo que lo convierte en una opci\u00f3n adecuada para quienes buscan el bienestar hol\u00edstico.<\/p>\n<p><strong>Advertencia<\/strong><br \/>\nUtilizar s\u00f3lo para mayores de 18 a\u00f1os. Mant\u00e9ngase fuera del alcance de los ni\u00f1os.<br \/>\nNo utilice este producto con regularidad. Evite conducir o manejar maquinaria pesada bajo los efectos de Absinth. Las personas con afecciones renales o card\u00edacas, hipertensi\u00f3n o hipotensi\u00f3n, diabetes o que tomen medicamentos o drogas deben abstenerse de utilizar este producto. Esta hierba no es un medicamento. Es un suplemento diet\u00e9tico y debe utilizarse en consecuencia. No compre si el precinto est\u00e1 roto.<\/p>","protected":false},"excerpt":{"rendered":"<p><span style=\"color: #000000;\">Las c\u00e1psulas 'Indian Elements' Absinth contienen un potente extracto de Artemisia Absinthium, tambi\u00e9n conocida como Alsemkruid o Absenta. Conocida por sus propiedades estimulantes y relajantes, esta hierba se ha utilizado durante siglos para facilitar la digesti\u00f3n, potenciar la creatividad e incluso producir efectos alucinatorios cuando se combina con alcohol. Con un sabor amargo que estimula el apetito y la digesti\u00f3n, el ajenjo es tanto un remedio natural como una herramienta de relajaci\u00f3n.<\/span><\/p>","protected":false},"featured_media":125988,"template":"","meta":[],"product_brand":[],"product_cat":[597,297,513,476],"product_tag":[],"class_list":{"0":"post-8349","1":"product","2":"type-product","3":"status-publish","4":"has-post-thumbnail","6":"product_cat-indian-elements","7":"product_cat-all-products","8":"product_cat-party","9":"product_cat-smartshop","11":"first","12":"instock","13":"taxable","14":"shipping-taxable","15":"purchasable","16":"product-type-variable"},"_links":{"self":[{"href":"https:\/\/www.tatanka.nl\/es\/wp-json\/wp\/v2\/product\/8349","targetHints":{"allow":["GET"]}}],"collection":[{"href":"https:\/\/www.tatanka.nl\/es\/wp-json\/wp\/v2\/product"}],"about":[{"href":"https:\/\/www.tatanka.nl\/es\/wp-json\/wp\/v2\/types\/product"}],"wp:featuredmedia":[{"embeddable":true,"href":"https:\/\/www.tatanka.nl\/es\/wp-json\/wp\/v2\/media\/125988"}],"wp:attachment":[{"href":"https:\/\/www.tatanka.nl\/es\/wp-json\/wp\/v2\/media?parent=8349"}],"wp:term":[{"taxonomy":"product_brand","embeddable":true,"href":"https:\/\/www.tatanka.nl\/es\/wp-json\/wp\/v2\/product_brand?post=8349"},{"taxonomy":"product_cat","embeddable":true,"href":"https:\/\/www.tatanka.nl\/es\/wp-json\/wp\/v2\/product_cat?post=8349"},{"taxonomy":"product_tag","embeddable":true,"href":"https:\/\/www.tatanka.nl\/es\/wp-json\/wp\/v2\/product_tag?post=8349"}],"curies":[{"name":"wp","href":"https:\/\/api.w.org\/{rel}","templated":true}]}}