{"id":8353,"date":"2016-12-29T16:27:11","date_gmt":"2016-12-29T14:27:11","guid":{"rendered":"http:\/\/www.tatanka.nl\/?post_type=product&#038;p=8353"},"modified":"2025-10-16T07:57:37","modified_gmt":"2025-10-16T06:57:37","slug":"mexicana-spores","status":"publish","type":"product","link":"https:\/\/www.tatanka.nl\/es\/mexicana-spores\/","title":{"rendered":"Mexican Espora de seta"},"content":{"rendered":"<h2 dir=\"ltr\" data-pm-slice=\"1 1 []\">\u00bfQu\u00e9 son las esporas del hongo m\u00e1gico Mexican?<\/h2>\n<p dir=\"ltr\">Las esporas del hongo m\u00e1gico Mexican proceden de Psilocybe mexicana, una especie venerada por su importancia hist\u00f3rica y sus propiedades \u00fanicas. Estas esporas se suministran en una Ampolla de Cultivo est\u00e9ril, dise\u00f1ada para simplificar el proceso de cultivo a los aficionados caseros. A diferencia de las impresiones de esporas o jeringas tradicionales, la Ampolla de Cultivo minimiza los riesgos de contaminaci\u00f3n, ofreciendo una mayor tasa de \u00e9xito en el cultivo de micelio vibrante. Este producto permite a los usuarios explorar el fascinante proceso del cultivo de setas, lo que resulta en una experiencia asombrosa. Las esporas son ideales para los curiosos de la micolog\u00eda, ya que proporcionan un m\u00e9todo controlado y seguro para dedicarse a esta pr\u00e1ctica ancestral. Con un rico trasfondo cultural, las Esporas de Hongos M\u00e1gicos Mexican conectan a los usuarios con una tradici\u00f3n centenaria, mezclando ciencia y espiritualidad. Cada ampolla contiene 5 ML de cultivo, listo para inocular un sustrato de su elecci\u00f3n. Tanto si eres un principiante como un cultivador experimentado, este producto ofrece un viaje fiable y gratificante al mundo de las setas m\u00e1gicas, fomentando una apreciaci\u00f3n m\u00e1s profunda de su belleza natural y sus ra\u00edces hist\u00f3ricas.<\/p>\n<h2 dir=\"ltr\">Historia de Mexican Magic Mushroom Spores<\/h2>\n<p dir=\"ltr\">La historia de las Esporas de Hongos M\u00e1gicos Mexican est\u00e1 profundamente arraigada en las pr\u00e1cticas culturales y espirituales de las comunidades ind\u00edgenas Mexican. Mucho antes de la llegada de los conquistadores espa\u00f1oles, la Psilocybe mexicana era un elemento sagrado en las ceremonias religiosas, valorado por su capacidad para inducir profundas experiencias espirituales. Estos hongos se consideraban una puerta a la comunicaci\u00f3n divina, utilizada por los chamanes en rituales para conectar con el reino espiritual. En la d\u00e9cada de 1950, el mundo cient\u00edfico prest\u00f3 atenci\u00f3n cuando se identific\u00f3 por primera vez la psilocibina, el compuesto activo de estos hongos, en la Psilocybe mexicana, lo que despert\u00f3 el inter\u00e9s mundial por sus propiedades. Este descubrimiento marc\u00f3 un punto de inflexi\u00f3n, tendiendo un puente entre las tradiciones ancestrales y la micolog\u00eda moderna. Hoy en d\u00eda, las esporas de la seta m\u00e1gica Mexican son c\u00e9lebres por su importancia hist\u00f3rica y su papel en el cultivo casero. La ampolla de cultivo est\u00e9ril preserva la integridad de esta antigua especie, permitiendo a los entusiastas cultivar setas con la misma reverencia que anta\u00f1o ten\u00edan las culturas ind\u00edgenas. Este producto encarna un legado de exploraci\u00f3n y respeto por la naturaleza, ofreciendo a los usuarios la oportunidad de dedicarse a una pr\u00e1ctica que ha cautivado a la humanidad durante siglos, manteniendo al mismo tiempo la pureza y autenticidad de la cepa original.<\/p>\n<h2 dir=\"ltr\">C\u00f3mo utilizar las esporas de hongos m\u00e1gicos Mexican<\/h2>\n<p dir=\"ltr\">El uso de Mexican Magic Mushroom Spores es un proceso sencillo dise\u00f1ado para ofrecer facilidad y seguridad. Empiece por lavarse bien las manos y limpiar el exterior de la Ampolla de Cultivo con una torunda est\u00e9ril con alcohol para eliminar las bacterias. A continuaci\u00f3n, abra el envase est\u00e9ril de la jeringa en un entorno limpio para evitar la contaminaci\u00f3n. Afloje ligeramente el tap\u00f3n de la ampolla para liberar el vac\u00edo y, a continuaci\u00f3n, inserte la aguja de la jeringa a trav\u00e9s del sello de goma para extraer el cultivo de 5 ML. Una vez llena, la jeringa est\u00e1 lista para inocular el sustrato elegido, como una mezcla de vermiculita y perlita. Coloque el sustrato inoculado a temperatura ambiente y, en pocos d\u00edas, observar\u00e1 el crecimiento del micelio, lo que indica que el cultivo ha tenido \u00e9xito. Este m\u00e9todo garantiza una alta tasa de \u00e9xito en comparaci\u00f3n con las impresiones de esporas tradicionales, gracias a las condiciones est\u00e9riles de la Ampolla de Cultivo. Para obtener los mejores resultados, mantenga un espacio de trabajo limpio y siga cada paso cuidadosamente. Este proceso permite tanto a los principiantes como a los cultivadores experimentados disfrutar de una experiencia gratificante, fomentando el crecimiento vibrante de las setas. Guarde siempre las esporas no utilizadas en un lugar oscuro y refrigerado (2-8\u00b0C) para preservar su viabilidad y garantizar que los futuros cultivos sean igual de satisfactorios.<\/p>\n<h2 dir=\"ltr\">Ingredientes de Mexican Magic Mushroom Spores<\/h2>\n<p dir=\"ltr\">Mexican Magic Mushroom Spores se elabora con sencillez y precisi\u00f3n, y contiene una mezcla cuidadosamente seleccionada para favorecer un cultivo robusto. Cada ampolla de cultivo de 5 ML incluye el cultivo de esporas de Psilocybe mexicana, suspendidas en una soluci\u00f3n est\u00e9ril para mantener la pureza. El sustrato recomendado para la inoculaci\u00f3n consiste en micelio, vermiculita y perlita, creando un entorno ideal para el crecimiento de los hongos. La vermiculita retiene la humedad, mientras que la perlita garantiza una aireaci\u00f3n adecuada, lo que permite que el micelio prospere. Estos componentes se eligen por su compatibilidad con Psilocybe mexicana, garantizando unas condiciones \u00f3ptimas para el cultivo. Producidas bajo estrictas condiciones de esterilidad, las esporas est\u00e1n libres de contaminantes, ofreciendo una base fiable para los cultivadores caseros. Esta lista de ingredientes, m\u00ednima pero eficaz, refleja el enfoque del producto en la calidad y la facilidad de uso, lo que permite a los usuarios obtener resultados satisfactorios. Mediante la combinaci\u00f3n de estos elementos, la Ampolla de Cultivo ofrece una experiencia de cultivo sin fisuras, conectando a los usuarios con el proceso natural de desarrollo de los hongos. Tanto si exploras la micolog\u00eda por primera vez como si perfeccionas tus habilidades, estos ingredientes proporcionan el equilibrio perfecto entre simplicidad y eficacia, honrando los or\u00edgenes ancestrales de Mexican Magic Mushroom Spores a la vez que adoptan las t\u00e9cnicas de cultivo modernas.<\/p>\n<p dir=\"ltr\"><strong>Advertencia<\/strong><br \/>\nMexican Magic Mushroom Spores debe manipularse con cuidado y responsabilidad. Mantenga este producto fuera del alcance de los ni\u00f1os y util\u00edcelo s\u00f3lo en un entorno seguro y controlado, idealmente con una persona de confianza presente para ayudarle durante su experiencia. No lo utilice si est\u00e1 embarazada o en per\u00edodo de lactancia, ya que puede entra\u00f1ar riesgos para la salud. Este producto afectar\u00e1 a su capacidad para conducir o manejar maquinaria, por lo que debe evitar estas actividades durante su uso. No se recomienda combinar Mexican Magic Mushroom Spores con alcohol, drogas o medicamentos, ya que puede provocar efectos adversos. Este producto no es apto para menores de 18 a\u00f1os. Guarde las esporas en un lugar oscuro y refrigerado (2-8\u00b0C) para mantener su calidad. Priorice siempre la seguridad y siga cuidadosamente las instrucciones de cultivo para garantizar una experiencia positiva y responsable.<\/p>","protected":false},"excerpt":{"rendered":"<p>El tipo de seta m\u00e1s ligero de esta l\u00ednea de setas y un gran viaje para empezar, si tienes curiosidad por obtener el efecto m\u00e1s suave.<\/p>\n<p>Psilocybe mexicana le promete sentirse bien y euf\u00f3rico, feliz y contento. El efecto visual ser\u00e1 como un colorido.<\/p>","protected":false},"featured_media":13585,"template":"","meta":[],"product_brand":[],"product_cat":[540,297,595,513,515,476],"product_tag":[662],"class_list":{"0":"post-8353","1":"product","2":"type-product","3":"status-publish","4":"has-post-thumbnail","6":"product_cat-magic-mushroom-spore-syringes","7":"product_cat-all-products","8":"product_cat-mcsmart","9":"product_cat-party","10":"product_cat-shroomshop","11":"product_cat-smartshop","12":"product_tag-shrdeal","13":"product_shipping_class-creditcard-off","15":"first","16":"instock","17":"taxable","18":"shipping-taxable","19":"purchasable","20":"product-type-variable","21":"has-default-attributes"},"_links":{"self":[{"href":"https:\/\/www.tatanka.nl\/es\/wp-json\/wp\/v2\/product\/8353","targetHints":{"allow":["GET"]}}],"collection":[{"href":"https:\/\/www.tatanka.nl\/es\/wp-json\/wp\/v2\/product"}],"about":[{"href":"https:\/\/www.tatanka.nl\/es\/wp-json\/wp\/v2\/types\/product"}],"wp:featuredmedia":[{"embeddable":true,"href":"https:\/\/www.tatanka.nl\/es\/wp-json\/wp\/v2\/media\/13585"}],"wp:attachment":[{"href":"https:\/\/www.tatanka.nl\/es\/wp-json\/wp\/v2\/media?parent=8353"}],"wp:term":[{"taxonomy":"product_brand","embeddable":true,"href":"https:\/\/www.tatanka.nl\/es\/wp-json\/wp\/v2\/product_brand?post=8353"},{"taxonomy":"product_cat","embeddable":true,"href":"https:\/\/www.tatanka.nl\/es\/wp-json\/wp\/v2\/product_cat?post=8353"},{"taxonomy":"product_tag","embeddable":true,"href":"https:\/\/www.tatanka.nl\/es\/wp-json\/wp\/v2\/product_tag?post=8353"}],"curies":[{"name":"wp","href":"https:\/\/api.w.org\/{rel}","templated":true}]}}