{"id":8455,"date":"2016-12-30T12:17:23","date_gmt":"2016-12-30T10:17:23","guid":{"rendered":"http:\/\/www.tatanka.nl\/?post_type=product&#038;p=8455"},"modified":"2025-10-16T07:57:36","modified_gmt":"2025-10-16T06:57:36","slug":"b-mushroom-spore-10-ml","status":"publish","type":"product","link":"https:\/\/www.tatanka.nl\/es\/b-mushroom-spore-10-ml\/","title":{"rendered":"B+ Espora de seta"},"content":{"rendered":"<h3 dir=\"ltr\" data-pm-slice=\"1 1 []\">\u00bfQu\u00e9 son las esporas del hongo m\u00e1gico B+?<\/h3>\n<p dir=\"ltr\">B+ Magic Mushroom Spores es una cepa muy adaptable de Psilocybe cubensis, famosa por su vigoroso crecimiento y resistencia. Ideal para el cultivo de interior, esta cepa destaca en una amplia gama de sustratos y condiciones de temperatura, por lo que es una de las favoritas entre los entusiastas. A diferencia de las tradicionales impresiones de esporas o jeringas, la cepa B+ se suministra en una Ampolla de Cultivo est\u00e9ril, que contiene un cultivo l\u00edquido listo para usar. Este innovador m\u00e9todo de entrega minimiza los riesgos de contaminaci\u00f3n, garantizando una mayor tasa de \u00e9xito para los cultivadores. Las esporas est\u00e1n dise\u00f1adas para inocular sustratos, donde se convierten en micelio visible en cuesti\u00f3n de d\u00edas, preparando el terreno para una experiencia extraordinaria. Con una composici\u00f3n de micelio 100%, vermiculita y perlita, la ampolla de 5 ML garantiza calidad y consistencia. Tanto si eres un cultivador novato como experimentado, estas esporas ofrecen una opci\u00f3n accesible y fiable para cultivar una cepa \u00fanica que promete un viaje extraordinario. Su versatilidad y facilidad de uso las convierten en una opci\u00f3n destacada para quienes buscan un proceso de cultivo fiable y vibrante.<\/p>\n<h3 dir=\"ltr\">Historia de B+ Magic Mushroom Spores<\/h3>\n<p dir=\"ltr\">Los or\u00edgenes de B+ Magic Mushroom Spores se remontan al vibrante mundo de la micolog\u00eda, donde esta cepa surgi\u00f3 como una variedad destacada de Psilocybe cubensis. Se cree que la cepa B+, desarrollada en los Estados Unidos, gan\u00f3 popularidad en la d\u00e9cada de 1990 por su adaptabilidad y sus robustas caracter\u00edsticas de crecimiento. Se cree que su nombre, \"B+\", refleja su rendimiento \"superior a la media\" en el cultivo, prosperando en condiciones diversas que desaf\u00edan a otras cepas. A lo largo de los a\u00f1os, se ha convertido en un elemento b\u00e1sico en la comunidad de cultivo de setas, c\u00e9lebre por su capacidad para colonizar sustratos r\u00e1pidamente y resistir la contaminaci\u00f3n. La introducci\u00f3n de la ampolla de cultivo revolucion\u00f3 su uso, ofreciendo una alternativa est\u00e9ril y f\u00e1cil de usar a los m\u00e9todos tradicionales de suministro de esporas. Esta innovaci\u00f3n hizo que la cepa B+ fuera accesible a un p\u00fablico m\u00e1s amplio, desde aficionados hasta cultivadores experimentados. Su atractivo perdurable radica en su consistencia y versatilidad, lo que le ha valido la reputaci\u00f3n de ser una de las cepas m\u00e1s fiables del mercado. Hoy en d\u00eda, estas esporas siguen cautivando a los entusiastas, mezclando una rica historia con t\u00e9cnicas de cultivo modernas para ofrecer un producto que honra su legado al tiempo que adopta los avances contempor\u00e1neos en micolog\u00eda.<\/p>\n<h3 dir=\"ltr\">C\u00f3mo utilizar las esporas del hongo m\u00e1gico B+<\/h3>\n<p dir=\"ltr\">El uso de B+ Magic Mushroom Spores es un proceso sencillo, gracias al dise\u00f1o est\u00e9ril de la ampolla de cultivo. Comience por lavarse bien las manos y limpiar el exterior de la ampolla con un hisopo est\u00e9ril con alcohol para eliminar las bacterias. A continuaci\u00f3n, abra el envase est\u00e9ril de la jeringa en un entorno limpio para evitar la contaminaci\u00f3n. Afloje ligeramente el tap\u00f3n de la ampolla para evitar problemas de vac\u00edo y, a continuaci\u00f3n, inserte la aguja de la jeringa a trav\u00e9s del sello de goma para extraer el cultivo de 5 ML. Una vez llena, la jeringa est\u00e1 lista para inocular el sustrato elegido. Aplique el cultivo al sustrato y mant\u00e9ngalo a temperatura ambiente. En pocos d\u00edas, el crecimiento visible del micelio indicar\u00e1 que la colonizaci\u00f3n se ha realizado correctamente. Para obtener resultados \u00f3ptimos, trabaje en un entorno limpio y controlado para minimizar los riesgos de contaminaci\u00f3n. El proceso se ha dise\u00f1ado para que resulte sencillo, por lo que es accesible para los principiantes al tiempo que ofrece fiabilidad para los usuarios experimentados. Tras la inoculaci\u00f3n, guarde las esporas restantes en un espacio oscuro y refrigerado (2-8\u00b0C) para preservar su viabilidad. Este m\u00e9todo garantiza una experiencia de cultivo sin problemas, permiti\u00e9ndote aprovechar todo el potencial de esta vers\u00e1til cepa para obtener un resultado vibrante y \u00fanico.<\/p>\n<h3 dir=\"ltr\">Ingredientes de B+ Magic Mushroom Spores<\/h3>\n<p dir=\"ltr\">La ampolla B+ Magic Mushroom Spores Culture contiene una mezcla precisa de ingredientes para garantizar el \u00e9xito del cultivo. Cada ampolla de 5 ML consta de micelio 100%, la red f\u00fangica activa que impulsa el crecimiento de los hongos, combinado con vermiculita y perlita. La vermiculita, un mineral conocido por sus propiedades de retenci\u00f3n de agua, crea un entorno ideal para el desarrollo del micelio al mantener los niveles de humedad. La perlita, un vidrio volc\u00e1nico ligero, mejora la aireaci\u00f3n y el drenaje, favoreciendo una colonizaci\u00f3n saludable. Esta composici\u00f3n cuidadosamente equilibrada favorece el crecimiento agresivo caracter\u00edstico de la cepa B+, permiti\u00e9ndole prosperar en diversos sustratos y condiciones. Producida en condiciones est\u00e9riles, la ampolla garantiza la pureza y minimiza los riesgos de contaminaci\u00f3n, entregando un producto de alta calidad listo para su uso inmediato. La ausencia de productos qu\u00edmicos o aditivos adicionales resalta la integridad natural de las esporas, convirti\u00e9ndolas en una elecci\u00f3n fiable para los cultivadores. Al combinar estos componentes esenciales, la ampolla de cultivo B+ proporciona una base s\u00f3lida para cultivar una cepa c\u00e9lebre por su versatilidad y resistencia, garantizando una experiencia consistente y gratificante para usuarios de todos los niveles de experiencia.<\/p>\n<p dir=\"ltr\"><strong>Warn<\/strong>i<strong>ng<\/strong><\/p>\n<p dir=\"ltr\">Mantenga B+ Magic Mushroom Spores fuera del alcance de los ni\u00f1os. Utilice este producto en un entorno interior seguro y con una persona de confianza presente para garantizar su bienestar durante la experiencia. No lo utilice si est\u00e1 embarazada o en per\u00edodo de lactancia, ya que puede suponer riesgos para la salud. Este producto disminuye su capacidad para conducir o manejar maquinaria, por lo que debe evitar estas actividades. No se recomienda combinarlo con alcohol, drogas o medicamentos debido a posibles interacciones adversas. No es apto para menores de 18 a\u00f1os. Conserve las esporas en un lugar oscuro y refrigerado (2-8\u00b0C) para mantener su calidad.<\/p>","protected":false},"excerpt":{"rendered":"<p>La B+ es una variedad muy popular, muy apreciada por sus grandes setas, y tambi\u00e9n es una variedad original de Cubensis.<\/p>\n<p>Si te gusta ver un buen colorido visual con una conexi\u00f3n espiritual con todo el universo y a\u00fan divertido viaje, este es un buen hongo para ello.<\/p>","protected":false},"featured_media":13587,"template":"","meta":[],"product_brand":[],"product_cat":[540,297,595,513,515,476],"product_tag":[662],"class_list":{"0":"post-8455","1":"product","2":"type-product","3":"status-publish","4":"has-post-thumbnail","6":"product_cat-magic-mushroom-spore-syringes","7":"product_cat-all-products","8":"product_cat-mcsmart","9":"product_cat-party","10":"product_cat-shroomshop","11":"product_cat-smartshop","12":"product_tag-shrdeal","13":"product_shipping_class-creditcard-off","15":"first","16":"instock","17":"taxable","18":"shipping-taxable","19":"purchasable","20":"product-type-variable","21":"has-default-attributes"},"_links":{"self":[{"href":"https:\/\/www.tatanka.nl\/es\/wp-json\/wp\/v2\/product\/8455","targetHints":{"allow":["GET"]}}],"collection":[{"href":"https:\/\/www.tatanka.nl\/es\/wp-json\/wp\/v2\/product"}],"about":[{"href":"https:\/\/www.tatanka.nl\/es\/wp-json\/wp\/v2\/types\/product"}],"wp:featuredmedia":[{"embeddable":true,"href":"https:\/\/www.tatanka.nl\/es\/wp-json\/wp\/v2\/media\/13587"}],"wp:attachment":[{"href":"https:\/\/www.tatanka.nl\/es\/wp-json\/wp\/v2\/media?parent=8455"}],"wp:term":[{"taxonomy":"product_brand","embeddable":true,"href":"https:\/\/www.tatanka.nl\/es\/wp-json\/wp\/v2\/product_brand?post=8455"},{"taxonomy":"product_cat","embeddable":true,"href":"https:\/\/www.tatanka.nl\/es\/wp-json\/wp\/v2\/product_cat?post=8455"},{"taxonomy":"product_tag","embeddable":true,"href":"https:\/\/www.tatanka.nl\/es\/wp-json\/wp\/v2\/product_tag?post=8455"}],"curies":[{"name":"wp","href":"https:\/\/api.w.org\/{rel}","templated":true}]}}