{"id":8470,"date":"2016-12-30T13:09:02","date_gmt":"2016-12-30T11:09:02","guid":{"rendered":"http:\/\/www.tatanka.nl\/?post_type=product&#038;p=8470"},"modified":"2026-04-29T12:48:28","modified_gmt":"2026-04-29T11:48:28","slug":"cambodian-mushroom-spore-10-ml","status":"publish","type":"product","link":"https:\/\/www.tatanka.nl\/es\/cambodian-mushroom-spore-10-ml\/","title":{"rendered":"Cambodian Espora de seta"},"content":{"rendered":"<h2>\u00bfQu\u00e9 son las esporas del hongo m\u00e1gico Cambodian?<\/h2>\n<p>Las esporas del hongo m\u00e1gico Cambodian son un producto de primera calidad dise\u00f1ado para los interesados en cultivar sus propios hongos psilocybe. Originarias de Camboya, estas esporas se suministran en una Ampolla de Cultivo est\u00e9ril, que contiene un cultivo listo para inocular sustratos. A diferencia de las impresiones de esporas o jeringas tradicionales, la Ampolla de Cultivo minimiza los riesgos de contaminaci\u00f3n, por lo que es ideal tanto para cultivadores principiantes como experimentados. Las esporas proceden de la cepa Cambodia Cubensis, conocida por producir una experiencia atractiva y \u00fanica. Con una composici\u00f3n de micelio 100%, vermiculita y perlita, este producto de 5 ML garantiza un crecimiento robusto cuando se cultiva correctamente. Almacenadas en condiciones adecuadas, como oscuridad y refrigeraci\u00f3n (2-8\u00b0C), estas esporas mantienen su viabilidad durante periodos prolongados. Este producto est\u00e1 dise\u00f1ado para el cultivo dom\u00e9stico, ofreciendo un proceso controlado y gratificante. Siguiendo las instrucciones proporcionadas, los usuarios pueden ver c\u00f3mo se desarrolla el micelio en cuesti\u00f3n de d\u00edas, preparando el terreno para un fascinante viaje al mundo de la micolog\u00eda.<\/p>\n<h2>Historia de Cambodian Magic Mushroom Spores<\/h2>\n<p>La historia de Cambodian Magic Mushroom Spores comienza con el mic\u00f3logo John Allen, que descubri\u00f3 la cepa Cambodia Cubensis mientras filmaba setas psilocybe en Camboya. Su trabajo en la regi\u00f3n puso de relieve las caracter\u00edsticas \u00fanicas de esta cepa, que r\u00e1pidamente gan\u00f3 popularidad entre los cultivadores por su resistencia y sus vibrantes efectos. Desde entonces, las esporas se han perfeccionado hasta convertirse en un formato f\u00e1cil de usar, y la introducci\u00f3n de la ampolla de cultivo ha revolucionado el proceso de cultivo. Esta innovaci\u00f3n sustituy\u00f3 a m\u00e9todos menos fiables como las impresiones de esporas, ofreciendo una forma est\u00e9ril y eficaz de cultivar setas. La cepa Cambodia Cubensis se ha convertido en un elemento b\u00e1sico de la micolog\u00eda debido a su adaptabilidad y a sus resultados constantes. Sus or\u00edgenes en los exuberantes paisajes tropicales de Camboya le a\u00f1aden un encanto ex\u00f3tico, convirti\u00e9ndola en una de las favoritas de los entusiastas. Hoy en d\u00eda, estas esporas representan una mezcla de herencia natural y t\u00e9cnicas de cultivo modernas, permitiendo a los usuarios explorar un trozo de historia micol\u00f3gica en sus propios hogares. El desarrollo del producto refleja a\u00f1os de experiencia, garantizando que cada vial ofrezca el potencial para una experiencia de cultivo satisfactoria y gratificante.<\/p>\n<h2>C\u00f3mo utilizar las esporas de hongos m\u00e1gicos Cambodian<\/h2>\n<p>El uso de Cambodian Magic Mushroom Spores es sencillo con la ampolla de cultivo suministrada. Empiece por lavarse bien las manos y limpiar el exterior de la ampolla con un bastoncillo est\u00e9ril con alcohol para eliminar las bacterias. A continuaci\u00f3n, abra el envase est\u00e9ril de la jeringa en un entorno limpio para evitar la contaminaci\u00f3n. Afloje ligeramente el tap\u00f3n de la ampolla para evitar problemas de vac\u00edo y, a continuaci\u00f3n, inserte la aguja de la jeringa a trav\u00e9s del sello de goma para extraer el cultivo. Una vez llena, la jeringa est\u00e1 lista para inocular el sustrato elegido. Distribuya el cultivo uniformemente y guarde el sustrato a temperatura ambiente. En pocos d\u00edas, el crecimiento visible del micelio indica el \u00e9xito. Para obtener resultados \u00f3ptimos, mantenga limpio el lugar de trabajo y siga cuidadosamente cada paso. El proceso se ha dise\u00f1ado para que resulte sencillo, lo que permite que incluso los principiantes consigan resultados impresionantes. Tras la inoculaci\u00f3n, la paciencia es clave mientras el micelio se desarrolla, allanando el camino para una fruct\u00edfera experiencia de cultivo. Aseg\u00farese siempre de que el sustrato y el entorno son adecuados para el crecimiento, ya que esto influye significativamente en el resultado. Siguiendo estos pasos, los usuarios podr\u00e1n cultivar sus propias setas con total confianza y aprovechar todo el potencial de este extraordinario producto.<\/p>\n<h2>Ingredientes de Cambodian Magic Mushroom Spores<\/h2>\n<p>Cambodian Magic Mushroom Spores se compone de micelio 100%, vermiculita y perlita, cuidadosamente combinados para favorecer un cultivo robusto de setas. El micelio forma el n\u00facleo del cultivo, proporcionando la base viva para el crecimiento de las setas. La vermiculita, un mineral conocido por sus propiedades de retenci\u00f3n de agua y aireaci\u00f3n, crea un entorno ideal para que prospere el micelio. La perlita complementa esto mejorando el drenaje y manteniendo la ligereza del sustrato, asegurando unas condiciones \u00f3ptimas para el desarrollo. Cada Ampolla de Cultivo de 5 ML se produce en condiciones est\u00e9riles para garantizar su pureza y eficacia. Estos ingredientes se seleccionan por su compatibilidad con la cepa Cambodia Cubensis, promoviendo un crecimiento consistente y sano del micelio. La ausencia de aditivos o rellenos garantiza que los usuarios reciban un producto de alta calidad centrado \u00fanicamente en el \u00e9xito del cultivo. Para preservar la integridad de estos componentes, almacene las esporas en un entorno oscuro y refrigerado (2-8\u00b0C). Esta combinaci\u00f3n de elementos naturales y cultivados hace que el producto sea fiable y eficiente, ofreciendo una base s\u00f3lida para aquellos que buscan explorar el arte del cultivo de setas con confianza y facilidad.<\/p>\n<p><strong>Advertencia<\/strong><br \/>\nMantenga Cambodian Magic Mushroom Spores fuera del alcance de los ni\u00f1os y util\u00edcelo en un entorno seguro y controlado, como su casa, con una persona de confianza presente. Este producto no es adecuado para personas embarazadas o en periodo de lactancia, ya que puede suponer riesgos para la salud. Su uso mermar\u00e1 su capacidad para conducir o manejar maquinaria. No se recomienda combinar estas esporas con alcohol, drogas o medicamentos debido a sus posibles efectos adversos. Este producto no est\u00e1 destinado a menores de 18 a\u00f1os. Almacene siempre las esporas adecuadamente y siga las instrucciones de cultivo para garantizar una manipulaci\u00f3n segura.<\/p>","protected":false},"excerpt":{"rendered":"<p>Descubre el cautivador mundo de las Esporas de Setas M\u00e1gicas Cambodian, perfectas para los entusiastas que buscan una experiencia \u00fanica y vibrante. Procedentes de Camboya, estas esporas ofrecen un cultivo fiable con una ampolla de cultivo est\u00e9ril, lo que garantiza un proceso libre de contaminaci\u00f3n para cultivar tus propias setas m\u00e1gicas.<\/p>","protected":false},"featured_media":13597,"template":"","meta":[],"product_brand":[],"product_cat":[540,297,595,513,515,476],"product_tag":[662],"class_list":{"0":"post-8470","1":"product","2":"type-product","3":"status-publish","4":"has-post-thumbnail","6":"product_cat-magic-mushroom-spore-syringes","7":"product_cat-all-products","8":"product_cat-mcsmart","9":"product_cat-party","10":"product_cat-shroomshop","11":"product_cat-smartshop","12":"product_tag-shrdeal","13":"product_shipping_class-creditcard-off","15":"first","16":"instock","17":"taxable","18":"shipping-taxable","19":"purchasable","20":"product-type-variable","21":"has-default-attributes"},"_links":{"self":[{"href":"https:\/\/www.tatanka.nl\/es\/wp-json\/wp\/v2\/product\/8470","targetHints":{"allow":["GET"]}}],"collection":[{"href":"https:\/\/www.tatanka.nl\/es\/wp-json\/wp\/v2\/product"}],"about":[{"href":"https:\/\/www.tatanka.nl\/es\/wp-json\/wp\/v2\/types\/product"}],"wp:featuredmedia":[{"embeddable":true,"href":"https:\/\/www.tatanka.nl\/es\/wp-json\/wp\/v2\/media\/13597"}],"wp:attachment":[{"href":"https:\/\/www.tatanka.nl\/es\/wp-json\/wp\/v2\/media?parent=8470"}],"wp:term":[{"taxonomy":"product_brand","embeddable":true,"href":"https:\/\/www.tatanka.nl\/es\/wp-json\/wp\/v2\/product_brand?post=8470"},{"taxonomy":"product_cat","embeddable":true,"href":"https:\/\/www.tatanka.nl\/es\/wp-json\/wp\/v2\/product_cat?post=8470"},{"taxonomy":"product_tag","embeddable":true,"href":"https:\/\/www.tatanka.nl\/es\/wp-json\/wp\/v2\/product_tag?post=8470"}],"curies":[{"name":"wp","href":"https:\/\/api.w.org\/{rel}","templated":true}]}}