{"id":8473,"date":"2016-12-30T13:15:47","date_gmt":"2016-12-30T11:15:47","guid":{"rendered":"http:\/\/www.tatanka.nl\/?post_type=product&#038;p=8473"},"modified":"2025-10-16T07:57:34","modified_gmt":"2025-10-16T06:57:34","slug":"mazatapec-mushroom-spore-10-ml","status":"publish","type":"product","link":"https:\/\/www.tatanka.nl\/es\/mazatapec-mushroom-spore-10-ml\/","title":{"rendered":"Mazatapec Espora de seta"},"content":{"rendered":"<h2 dir=\"ltr\" data-pm-slice=\"1 1 []\">\u00bfQu\u00e9 son las esporas del hongo m\u00e1gico Mazatapec?<\/h2>\n<p dir=\"ltr\">Las Esporas de Seta M\u00e1gica Mazatapec son una cepa distintiva de esporas de seta de psilocibina, famosas por sus efectos espirituales y visuales. Originaria de cerca de Mazatapec, M\u00e9xico, esta cepa es favorecida por su facilidad de cultivo y potentes propiedades psicod\u00e9licas. A diferencia de las tradicionales impresiones de esporas o jeringas, las Esporas de Hongos M\u00e1gicos Mazatapec vienen en una Ampolla de Cultivo, que contiene 100% micelio para una inoculaci\u00f3n fiable del sustrato. Esto reduce los riesgos de contaminaci\u00f3n, por lo que es ideal tanto para cultivadores principiantes como experimentados. La herencia Mexican de la cepa la vincula a antiguas pr\u00e1cticas espirituales, ofreciendo a los usuarios un viaje profundo e introspectivo. Cada vial contiene 5 ML de cultivo, incluyendo vermiculita y perlita, lo que garantiza unas condiciones de crecimiento \u00f3ptimas. Almacenadas adecuadamente, estas esporas permanecen viables durante largos periodos, proporcionando una experiencia de cultivo consistente. Las Esporas de Hongos M\u00e1gicos Mazatapec destacan por su equilibrio entre accesibilidad y efectos profundos, atrayendo a aquellos que buscan tanto el crecimiento personal como una conexi\u00f3n con los misterios de la naturaleza. Sus caracter\u00edsticas \u00fanicas las convierten en una elecci\u00f3n popular en la comunidad psicod\u00e9lica, proporcionando una experiencia transformadora cuando se cultivan y se usan de forma responsable.<\/p>\n<h2 dir=\"ltr\">Historia de Mazatapec Magic Mushroom Spores<\/h2>\n<p dir=\"ltr\">La historia de las Esporas de Hongos M\u00e1gicos Mazatapec se remonta a las exuberantes regiones cercanas a Mazatapec, M\u00e9xico, donde las comunidades ind\u00edgenas han venerado durante mucho tiempo los hongos psilocibios por su significado espiritual. Estos hongos formaban parte de antiguos rituales y se cre\u00eda que conectaban a los usuarios con reinos divinos y fomentaban una profunda introspecci\u00f3n. La cepa Mazatapec adquiri\u00f3 importancia en la era moderna a medida que aumentaba el inter\u00e9s mundial por los psicod\u00e9licos, especialmente durante los movimientos contraculturales del siglo XX. Su reputaci\u00f3n creci\u00f3 gracias a su resistencia y facilidad de cultivo, convirti\u00e9ndola en una de las favoritas de mic\u00f3logos y entusiastas. A diferencia de otras cepas, las Mazatapec Magic Mushroom Spores son c\u00e9lebres por sus consistentes efectos visuales y espirituales, enraizados en su linaje Mexican. El desarrollo de la tecnolog\u00eda de la Ampolla de Cultivo revolucion\u00f3 a\u00fan m\u00e1s su uso, ofreciendo una forma est\u00e9ril y eficiente de cultivar estas setas. Hoy en d\u00eda, las esporas del hongo m\u00e1gico Mazatapec son apreciadas en todo el mundo por sus v\u00ednculos hist\u00f3ricos con las pr\u00e1cticas ind\u00edgenas y su capacidad para proporcionar una experiencia psicod\u00e9lica significativa. Su perdurable popularidad refleja un creciente aprecio por el patrimonio cultural y espiritual que encierra esta extraordinaria variedad.<\/p>\n<h2 dir=\"ltr\">C\u00f3mo utilizar las esporas de hongos m\u00e1gicos Mazatapec<\/h2>\n<p dir=\"ltr\">El uso de Mazatapec Magic Mushroom Spores es sencillo con la ampolla de cultivo, dise\u00f1ada para ser f\u00e1cil y fiable. Empiece por lavarse bien las manos y limpiar el exterior de la ampolla con un bastoncillo est\u00e9ril con alcohol para eliminar las bacterias. A continuaci\u00f3n, abra con cuidado el envase est\u00e9ril de la jeringa en un entorno limpio para evitar la contaminaci\u00f3n. Afloje ligeramente el tap\u00f3n de la ampolla para liberar el vac\u00edo y, a continuaci\u00f3n, inserte la aguja de la jeringa a trav\u00e9s del sello de goma para extraer el cultivo de 5 ML. Una vez llena, la jeringa est\u00e1 lista para inocular el sustrato elegido. Distribuya el cultivo uniformemente y almacene el sustrato a temperatura ambiente, permitiendo que el micelio se desarrolle en pocos d\u00edas. Mazatapec Magic Mushroom Spores requiere paciencia, ya que su ciclo de crecimiento es ligeramente m\u00e1s largo que el de otras cepas, pero los resultados son gratificantes. Aseg\u00farate de tener un espacio de trabajo est\u00e9ril en todo momento para maximizar el \u00e9xito. Tras el cultivo, consume las setas en un entorno seguro y c\u00f3modo, idealmente con un acompa\u00f1ante de confianza. Los potentes efectos de esta cepa exigen respeto, as\u00ed que empieza con una dosis baja para medir su intensidad. El uso adecuado garantiza una experiencia segura y transformadora con Mazatapec Magic Mushroom Spores.<\/p>\n<h2 dir=\"ltr\">Ingredientes de Mazatapec Magic Mushroom Spores<\/h2>\n<p dir=\"ltr\">Mazatapec Magic Mushroom Spores se compone de componentes cuidadosamente seleccionados para garantizar el \u00e9xito del cultivo. Cada ampolla de cultivo de 5 ML contiene 100% micelio, la red f\u00fangica activa que impulsa el crecimiento de los hongos. Se complementa con vermiculita, un mineral que retiene la humedad y favorece el desarrollo del micelio, y perlita, que mejora la aireaci\u00f3n y el drenaje del sustrato. Estos ingredientes se preparan meticulosamente en condiciones est\u00e9riles para evitar la contaminaci\u00f3n y favorecer un crecimiento sano. La ausencia de aditivos adicionales garantiza la pureza de la cepa Mazatapec, preservando su potencia natural y sus cualidades espirituales. La vermiculita y la perlita crean un entorno \u00f3ptimo para que el micelio prospere, haciendo que el cultivo sea accesible incluso para los principiantes. Las esporas se producen y envasan para mantener su viabilidad, por lo que es necesario almacenarlas en un entorno oscuro y refrigerado (2-8\u00b0C) para prolongar su vida \u00fatil. Esta precisa formulaci\u00f3n subraya la calidad de Mazatapec Magic Mushroom Spores, ofreciendo un producto fiable y eficaz para aquellos que buscan explorar su potencial psicod\u00e9lico. La combinaci\u00f3n de micelio, vermiculita y perlita garantiza una base s\u00f3lida para una experiencia de cultivo satisfactoria y gratificante.<\/p>\n<p dir=\"ltr\"><strong>Advertencia<\/strong><\/p>\n<p dir=\"ltr\">Mantenga Mazatapec Magic Mushroom Spores fuera del alcance de los ni\u00f1os. Util\u00edcelas en un entorno interior seguro con una persona de confianza presente para garantizar su bienestar durante la experiencia. No consumir en caso de embarazo o lactancia, ya que sus efectos pueden suponer riesgos. Su consumo disminuye la capacidad para conducir o manejar maquinaria, por lo que debe evitar estas actividades. No se recomienda combinar este producto con alcohol, drogas o medicamentos, ya que puede provocar efectos impredecibles. Este producto no es apto para menores de 18 a\u00f1os. Guarde las esporas en un lugar refrigerado y oscuro para mantener su potencia y garantizar un uso responsable.<\/p>","protected":false},"excerpt":{"rendered":"<p dir=\"auto\">Mazatapec Magic Mushroom Spores ofrece una experiencia espiritual \u00fanica con im\u00e1genes v\u00edvidas. Originaria de M\u00e9xico, esta variedad f\u00e1cil de cultivar es perfecta para aquellos que buscan un viaje profundo. La ampolla de cultivo garantiza una inoculaci\u00f3n fiable con un riesgo m\u00ednimo de contaminaci\u00f3n, proporcionando micelio puro para un proceso de cultivo satisfactorio.<\/p>","protected":false},"featured_media":13600,"template":"","meta":[],"product_brand":[],"product_cat":[540,297,595,513,515,476],"product_tag":[662],"class_list":{"0":"post-8473","1":"product","2":"type-product","3":"status-publish","4":"has-post-thumbnail","6":"product_cat-magic-mushroom-spore-syringes","7":"product_cat-all-products","8":"product_cat-mcsmart","9":"product_cat-party","10":"product_cat-shroomshop","11":"product_cat-smartshop","12":"product_tag-shrdeal","13":"product_shipping_class-creditcard-off","15":"first","16":"instock","17":"taxable","18":"shipping-taxable","19":"purchasable","20":"product-type-variable","21":"has-default-attributes"},"_links":{"self":[{"href":"https:\/\/www.tatanka.nl\/es\/wp-json\/wp\/v2\/product\/8473","targetHints":{"allow":["GET"]}}],"collection":[{"href":"https:\/\/www.tatanka.nl\/es\/wp-json\/wp\/v2\/product"}],"about":[{"href":"https:\/\/www.tatanka.nl\/es\/wp-json\/wp\/v2\/types\/product"}],"wp:featuredmedia":[{"embeddable":true,"href":"https:\/\/www.tatanka.nl\/es\/wp-json\/wp\/v2\/media\/13600"}],"wp:attachment":[{"href":"https:\/\/www.tatanka.nl\/es\/wp-json\/wp\/v2\/media?parent=8473"}],"wp:term":[{"taxonomy":"product_brand","embeddable":true,"href":"https:\/\/www.tatanka.nl\/es\/wp-json\/wp\/v2\/product_brand?post=8473"},{"taxonomy":"product_cat","embeddable":true,"href":"https:\/\/www.tatanka.nl\/es\/wp-json\/wp\/v2\/product_cat?post=8473"},{"taxonomy":"product_tag","embeddable":true,"href":"https:\/\/www.tatanka.nl\/es\/wp-json\/wp\/v2\/product_tag?post=8473"}],"curies":[{"name":"wp","href":"https:\/\/api.w.org\/{rel}","templated":true}]}}