{"id":8479,"date":"2016-12-30T13:33:21","date_gmt":"2016-12-30T11:33:21","guid":{"rendered":"http:\/\/www.tatanka.nl\/?post_type=product&#038;p=8479"},"modified":"2026-03-12T12:48:29","modified_gmt":"2026-03-12T11:48:29","slug":"golden-teacher-mushroom-spore-10-ml","status":"publish","type":"product","link":"https:\/\/www.tatanka.nl\/es\/golden-teacher-mushroom-spore-10-ml\/","title":{"rendered":"Espora de seta Golden Teacher"},"content":{"rendered":"<h2 dir=\"ltr\" data-pm-slice=\"1 1 []\">\u00bfQu\u00e9 son las esporas del hongo m\u00e1gico Golden Teacher?<\/h2>\n<p dir=\"ltr\">Golden Teacher Magic Mushroom Spores es una variedad de Psilocybe cubensis, famosa por su capacidad para proporcionar experiencias profundas e introspectivas. Surgidas a finales de la d\u00e9cada de 1980, sus misteriosos or\u00edgenes aumentan su atractivo. A diferencia de las tradicionales impresiones de esporas o jeringuillas, la Ampolla de Cultivo garantiza un proceso est\u00e9ril y libre de contaminaci\u00f3n para cultivar setas en casa. Cada ampolla contiene 5 ML de micelio 100%, vermiculita y perlita, dise\u00f1ados para simplificar el proceso de cultivo. Estas esporas son ideales para aquellos que buscan un viaje espiritual o educativo, ofreciendo v\u00edvidas visiones y profundas percepciones. Almacenadas adecuadamente en un lugar fresco y oscuro, mantienen su potencia durante largos periodos. Con una preparaci\u00f3n cuidadosa, los usuarios pueden cultivar setas que proporcionan un viaje transformador, haciendo de este producto uno de los favoritos entre los entusiastas. El entorno controlado de la Ampolla de Cultivo aumenta las tasas de \u00e9xito, por lo que es accesible tanto para principiantes como para cultivadores experimentados. Las Esporas de Hongos M\u00e1gicos Golden Teacher destacan por su fiabilidad y por las experiencias \u00fanicas e iluminadoras que facilitan, invitando a los usuarios a explorar nuevas dimensiones de la conciencia en un entorno seguro y controlado.<\/p>\n<h2 dir=\"ltr\">Historia de Golden Teacher Magic Mushroom Spores<\/h2>\n<p dir=\"ltr\">La historia de la Golden Teacher Magic Mushroom Spores est\u00e1 rodeada de misterio, lo que aumenta su m\u00edstica. Esta cepa de Psilocybe cubensis, que apareci\u00f3 por primera vez a finales de los 80, gan\u00f3 popularidad r\u00e1pidamente por sus potentes efectos y su facilidad de cultivo. Aunque sus or\u00edgenes exactos siguen siendo desconocidos, algunos especulan que se descubri\u00f3 en la regi\u00f3n de la Costa del Golfo, aunque no existen registros definitivos. Llamadas as\u00ed por sus capuchones dorados y las experiencias profundas, casi educativas, que inducen, estas esporas se convirtieron en un elemento b\u00e1sico de la comunidad psicod\u00e9lica. A diferencia de otras cepas, su resistencia y sus rendimientos constantes las convirtieron en las favoritas de los cultivadores caseros. El desarrollo de la Ampolla de Cultivo revolucion\u00f3 a\u00fan m\u00e1s su uso, ofreciendo una forma est\u00e9ril y eficaz de cultivar setas. Esta innovaci\u00f3n redujo los riesgos de contaminaci\u00f3n, haciendo que las Golden Teacher Magic Mushroom Spores fueran accesibles a un p\u00fablico m\u00e1s amplio. A lo largo de las d\u00e9cadas, su reputaci\u00f3n de proporcionar viajes v\u00edvidos e introspectivos ha consolidado su lugar en la cultura psicod\u00e9lica. Hoy en d\u00eda, siguen siendo un s\u00edmbolo de exploraci\u00f3n y autodescubrimiento, apreciado por aquellos que valoran su capacidad \u00fanica para ense\u00f1ar e inspirar. Su perdurable popularidad refleja un creciente inter\u00e9s por el cultivo casero y seguro y por la b\u00fasqueda de experiencias significativas y transformadoras.<\/p>\n<h2 dir=\"ltr\">C\u00f3mo utilizar las esporas de hongos m\u00e1gicos Golden Teacher<\/h2>\n<p dir=\"ltr\">El uso de Golden Teacher Magic Mushroom Spores es sencillo con la ampolla de cultivo, dise\u00f1ada para ofrecer simplicidad y esterilidad. Empiece por lavarse bien las manos y limpiar el exterior de la ampolla con un bastoncillo est\u00e9ril con alcohol para eliminar las bacterias. A continuaci\u00f3n, abra el envase est\u00e9ril de la jeringa en un entorno limpio para evitar la contaminaci\u00f3n. Afloje ligeramente el tap\u00f3n de la ampolla para evitar problemas de vac\u00edo y, a continuaci\u00f3n, inserte la aguja a trav\u00e9s del sello de goma para llenar la jeringa con el cultivo de 5 ML. Una vez llena, la jeringa est\u00e1 lista para inocular el sustrato elegido. Distribuya el cultivo uniformemente y guarde el sustrato a temperatura ambiente. En pocos d\u00edas, el crecimiento visible del micelio indica que la inoculaci\u00f3n se ha realizado correctamente. Para obtener los mejores resultados, mantenga limpio el lugar de trabajo y manipule todos los materiales con cuidado. El proceso es sencillo, incluso para los principiantes, gracias a la ampolla est\u00e9ril preparada previamente. Tras el cultivo, las setas resultantes pueden utilizarse para un viaje seguro e introspectivo en un entorno c\u00f3modo. Aseg\u00farate siempre de estar en un entorno seguro con un acompa\u00f1ante de confianza. Una t\u00e9cnica e higiene adecuadas son la clave para maximizar el potencial de Golden Teacher Magic Mushroom Spores, proporcionando una experiencia de cultivo gratificante y un viaje de descubrimiento personal.<\/p>\n<h2 dir=\"ltr\">Ingredientes de Golden Teacher Magic Mushroom Spores<\/h2>\n<p dir=\"ltr\">Golden Teacher Magic Mushroom Spores se elaboran con precisi\u00f3n para garantizar su calidad y fiabilidad. Cada ampolla de cultivo de 5 ML contiene 100% micelio, la red f\u00fangica activa esencial para el crecimiento de las setas, combinado con vermiculita y perlita. La vermiculita, un mineral, retiene la humedad y proporciona un medio estable para el desarrollo del micelio, mientras que la perlita mejora la aireaci\u00f3n y el drenaje, creando un entorno \u00f3ptimo para el cultivo. Estos ingredientes se seleccionan cuidadosamente para favorecer un crecimiento robusto de los hongos, minimizando al mismo tiempo los riesgos de contaminaci\u00f3n. Producida en condiciones est\u00e9riles, la ampolla garantiza que el cultivo se mantenga puro y eficaz. A diferencia de las impresiones de esporas tradicionales, esta formulaci\u00f3n garantiza una mayor tasa de \u00e9xito para los cultivadores caseros. El micelio est\u00e1 preactivado, eliminando la necesidad de una preparaci\u00f3n compleja, lo que lo hace ideal tanto para cultivadores principiantes como experimentados. Almacenadas en un entorno refrigerado y oscuro, las esporas mantienen su viabilidad durante periodos prolongados. Esta combinaci\u00f3n de micelio de alta calidad y sustratos de apoyo hace que Golden Teacher Magic Mushroom Spores sea una opci\u00f3n destacada para aquellos que buscan una forma fiable y eficiente de cultivar setas y embarcarse en una experiencia psicod\u00e9lica transformadora de forma segura y controlada.<\/p>\n<p dir=\"ltr\"><strong>Advertencia<\/strong><\/p>\n<p dir=\"ltr\">Mantenga Golden Teacher Magic Mushroom Spores fuera del alcance de los ni\u00f1os. Util\u00edcelo s\u00f3lo en un entorno interior seguro y con un acompa\u00f1ante de confianza para garantizar su bienestar durante la experiencia. No utilizar en caso de embarazo o lactancia, ya que puede suponer riesgos para la salud. Este producto disminuye la capacidad para conducir o manejar maquinaria. Evite combinarlo con alcohol, drogas o medicamentos, ya que las interacciones pueden ser impredecibles. No recomendado para menores de 18 a\u00f1os.<\/p>","protected":false},"excerpt":{"rendered":"<p dir=\"ltr\" data-pm-slice=\"1 1 []\">Golden Teacher Magic Mushroom Spores ofrece un viaje m\u00edstico con Psilocybe cubensis, conocida por sus efectos iluminadores. Perfectas para el cultivo casero, estas esporas vienen en una Ampolla de Cultivo est\u00e9ril para una f\u00e1cil inoculaci\u00f3n en sustrato, garantizando una experiencia \u00fanica y transformadora.<\/p>","protected":false},"featured_media":13606,"template":"","meta":[],"product_brand":[],"product_cat":[540,297,595,513,515,476],"product_tag":[662],"class_list":{"0":"post-8479","1":"product","2":"type-product","3":"status-publish","4":"has-post-thumbnail","6":"product_cat-magic-mushroom-spore-syringes","7":"product_cat-all-products","8":"product_cat-mcsmart","9":"product_cat-party","10":"product_cat-shroomshop","11":"product_cat-smartshop","12":"product_tag-shrdeal","13":"product_shipping_class-creditcard-off","15":"first","16":"instock","17":"taxable","18":"shipping-taxable","19":"purchasable","20":"product-type-variable","21":"has-default-attributes"},"_links":{"self":[{"href":"https:\/\/www.tatanka.nl\/es\/wp-json\/wp\/v2\/product\/8479","targetHints":{"allow":["GET"]}}],"collection":[{"href":"https:\/\/www.tatanka.nl\/es\/wp-json\/wp\/v2\/product"}],"about":[{"href":"https:\/\/www.tatanka.nl\/es\/wp-json\/wp\/v2\/types\/product"}],"wp:featuredmedia":[{"embeddable":true,"href":"https:\/\/www.tatanka.nl\/es\/wp-json\/wp\/v2\/media\/13606"}],"wp:attachment":[{"href":"https:\/\/www.tatanka.nl\/es\/wp-json\/wp\/v2\/media?parent=8479"}],"wp:term":[{"taxonomy":"product_brand","embeddable":true,"href":"https:\/\/www.tatanka.nl\/es\/wp-json\/wp\/v2\/product_brand?post=8479"},{"taxonomy":"product_cat","embeddable":true,"href":"https:\/\/www.tatanka.nl\/es\/wp-json\/wp\/v2\/product_cat?post=8479"},{"taxonomy":"product_tag","embeddable":true,"href":"https:\/\/www.tatanka.nl\/es\/wp-json\/wp\/v2\/product_tag?post=8479"}],"curies":[{"name":"wp","href":"https:\/\/api.w.org\/{rel}","templated":true}]}}