{"id":8488,"date":"2017-12-30T14:33:14","date_gmt":"2017-12-30T14:33:14","guid":{"rendered":"http:\/\/www.tatanka.nl\/?post_type=product&#038;p=8488"},"modified":"2025-05-20T11:01:09","modified_gmt":"2025-05-20T10:01:09","slug":"catmint-50-gram","status":"publish","type":"product","link":"https:\/\/www.tatanka.nl\/es\/catmint-50-gram\/","title":{"rendered":"Menta de gato"},"content":{"rendered":"<h2>\u00bfQu\u00e9 es la menta gatuna?<\/h2>\n<p>La menta gatuna, o Nepeta Cataria, es una hierba perteneciente a la familia de la menta, famosa por sus efectos calmantes y relajantes. Aunque a menudo se asocia con los gatos por su intensa influencia euforizante sobre ellos, la experiencia humana es ligeramente distinta. La hierba se utiliza principalmente por su capacidad para calmar el cuerpo y la mente, ofreciendo una forma natural de relajarse despu\u00e9s de un largo d\u00eda. Indian Elements Catmint est\u00e1 hecho de hierba gatera silvestre, proporcionando una experiencia psicoactiva \u00fanica y suave para los seres humanos.<\/p>\n<p>Aunque en los humanos no provoca la misma reacci\u00f3n de \"felicidad\" que en los gatos, la hierbabuena ofrece notables beneficios. Tiene propiedades sedantes que ayudan a reducir el estr\u00e9s y favorecen la relajaci\u00f3n. Adem\u00e1s, puede inducir efectos alucin\u00f3genos leves, que a menudo se comparan con los efectos de la marihuana. La naturaleza suave de esta hierba la convierte en un complemento perfecto para tu rutina nocturna, ya que te ayuda a alcanzar un estado mental relajado y tranquilo. Ya sea que la disfrutes como un t\u00e9 calmante o la incorpores a tu r\u00e9gimen de bienestar, Catmint de Indian Elements es una excelente manera de relajarte.<\/p>\n<h2>Historia de la menta gatera<\/h2>\n<p>La hierbabuena tiene una larga historia, sobre todo en la fitoterapia europea. Tradicionalmente, se utilizaba para diversas dolencias, como dolores menstruales, inquietud, nerviosismo, insomnio, resfriados e incluso dolores de muelas. Los efectos calmantes de la hierba la convirtieron en un remedio popular en la antig\u00fcedad, sobre todo entre quienes buscaban formas naturales de aliviar el malestar.<\/p>\n<p>En el antiguo Egipto, la hierbabuena era muy apreciada por sus propiedades curativas y se utilizaba a menudo en diferentes formas, como t\u00e9s y tinturas, para aliviar el dolor y promover la relajaci\u00f3n. Con el tiempo, su uso se extendi\u00f3 por Europa, donde se cultivaba por sus beneficios terap\u00e9uticos. La conexi\u00f3n de la planta con los gatos tambi\u00e9n contribuy\u00f3 a su popularidad, ya que los felinos se sent\u00edan atra\u00eddos por la planta por sus efectos estimulantes, lo que consolid\u00f3 a\u00fan m\u00e1s su lugar en la cultura popular.<\/p>\n<p>Hoy en d\u00eda, aunque los usos medicinales hist\u00f3ricos son menos comunes, la Menta de Gato sigue siendo apreciada por sus cualidades relajantes. Todav\u00eda se utiliza en infusiones y productos de bienestar, ofreciendo a la gente una forma natural de relajarse. Indian Elements trae esta antigua hierba al mundo moderno, ofreciendo una manera f\u00e1cil y agradable de experimentar sus efectos calmantes.<\/p>\n<h2>C\u00f3mo utilizar la hierbabuena<\/h2>\n<p>Hay varias formas de incorporar la hierbabuena a tu rutina, pero una de las m\u00e1s populares es prepararla en un t\u00e9 relajante. Para prepararla, basta con poner 1 gramo de hierba en agua caliente durante unos minutos. La infusi\u00f3n es arom\u00e1tica y tiene un sabor agradable, lo que la convierte en una bebida placentera que le ayudar\u00e1 a relajarse despu\u00e9s de un d\u00eda ajetreado.<\/p>\n<p>Tambi\u00e9n puede utilizar la hierbabuena en otras formas, como c\u00e1psulas o tinturas, seg\u00fan sus preferencias. Sin embargo, el t\u00e9 sigue siendo el m\u00e9todo de consumo m\u00e1s com\u00fan y sencillo. Al consumir menta gatuna, es importante seguir la dosis recomendada de 1 gramo al d\u00eda, para asegurarse de obtener los efectos calmantes \u00f3ptimos sin consumirla en exceso.<\/p>\n<p>Es mejor consumir Menta de Gato por la noche, ya que ayuda a promover la relajaci\u00f3n y tambi\u00e9n puede mejorar la calidad del sue\u00f1o. Sus suaves propiedades sedantes pueden ayudar a aliviar el estr\u00e9s, lo que la convierte en una compa\u00f1era perfecta para los momentos de relajaci\u00f3n, autocuidado o meditaci\u00f3n. Tanto si est\u00e1 relaj\u00e1ndose despu\u00e9s del trabajo como prepar\u00e1ndose para irse a la cama, Catmint es una opci\u00f3n ideal para ayudarle a sentirse tranquilo y a gusto.<\/p>\n<h2>Ingredientes de la hierbabuena<\/h2>\n<p>Indian Elements Catmint contiene un solo ingrediente: Nepeta Cataria, com\u00fanmente conocida como hierba gatera silvestre. Esta hierba se cultiva y cosecha de forma natural por sus propiedades calmantes y tranquilizantes, y no contiene aditivos ni productos qu\u00edmicos artificiales.<\/p>\n<p>La Nepeta Cataria pertenece a la familia de la menta, y sus hojas contienen compuestos que le confieren sus efectos relajantes y ligeramente psicoactivos. Estos compuestos interact\u00faan con el organismo para inducir una sensaci\u00f3n de calma y tranquilidad. Los compuestos naturales que se encuentran en la hierbabuena han sido estudiados por sus posibles beneficios para la salud, en particular para reducir la ansiedad, promover el sue\u00f1o y aliviar el malestar.<\/p>\n<p>Esta hierba es tambi\u00e9n 100% vegana y completamente natural, por lo que es una excelente opci\u00f3n para aquellos que buscan soluciones de bienestar a base de plantas. Indian Elements tiene mucho cuidado en el abastecimiento y la preparaci\u00f3n de esta hierba para asegurarse de que conserva todos sus beneficios, ofreci\u00e9ndole un producto puro y eficaz. Si busca una forma natural de aliviar el estr\u00e9s o simplemente disfrutar de una noche tranquila, la sencillez y pureza de Catmint la convierten en un complemento ideal para su rutina de bienestar.<\/p>\n<p><strong>Advertencia:<\/strong><\/p>\n<p>Utilizar s\u00f3lo para mayores de 18 a\u00f1os. Mantener fuera del alcance de los ni\u00f1os. Esta hierba no es un medicamento, aunque se ha utilizado con diversos fines medicinales a lo largo de la historia. En la medicina europea, se aplicaba para tratar dolencias como dolores menstruales, inquietud, ansiedad, insomnio, resfriados y dolores de muelas. Consulte a su m\u00e9dico si desea utilizarlo con estos fines. Este producto es un suplemento diet\u00e9tico y debe utilizarse como tal. No lo compre si el precinto est\u00e1 roto.<\/p>","protected":false},"excerpt":{"rendered":"<p data-pm-slice=\"1 1 []\">Indian Elements La menta gatuna es una hierba calmante elaborada a partir de la hierba gatera silvestre (Nepeta Cataria). Conocida por sus propiedades calmantes y relajantes, puede inducir efectos psicoactivos leves, comparables a los de la marihuana. Este producto es perfecto para relajarse y disfrutar de una tarde tranquila. Se puede utilizar para preparar un t\u00e9 arom\u00e1tico y de sabor agradable que favorece la relajaci\u00f3n.<\/p>","protected":false},"featured_media":125982,"template":"","meta":[],"product_brand":[],"product_cat":[597,297,477,513,290,476],"product_tag":[],"class_list":{"0":"post-8488","1":"product","2":"type-product","3":"status-publish","4":"has-post-thumbnail","6":"product_cat-indian-elements","7":"product_cat-all-products","8":"product_cat-herbs","9":"product_cat-party","10":"product_cat-psychedelic-herbs","11":"product_cat-smartshop","13":"first","14":"instock","15":"taxable","16":"shipping-taxable","17":"purchasable","18":"product-type-variable"},"_links":{"self":[{"href":"https:\/\/www.tatanka.nl\/es\/wp-json\/wp\/v2\/product\/8488","targetHints":{"allow":["GET"]}}],"collection":[{"href":"https:\/\/www.tatanka.nl\/es\/wp-json\/wp\/v2\/product"}],"about":[{"href":"https:\/\/www.tatanka.nl\/es\/wp-json\/wp\/v2\/types\/product"}],"wp:featuredmedia":[{"embeddable":true,"href":"https:\/\/www.tatanka.nl\/es\/wp-json\/wp\/v2\/media\/125982"}],"wp:attachment":[{"href":"https:\/\/www.tatanka.nl\/es\/wp-json\/wp\/v2\/media?parent=8488"}],"wp:term":[{"taxonomy":"product_brand","embeddable":true,"href":"https:\/\/www.tatanka.nl\/es\/wp-json\/wp\/v2\/product_brand?post=8488"},{"taxonomy":"product_cat","embeddable":true,"href":"https:\/\/www.tatanka.nl\/es\/wp-json\/wp\/v2\/product_cat?post=8488"},{"taxonomy":"product_tag","embeddable":true,"href":"https:\/\/www.tatanka.nl\/es\/wp-json\/wp\/v2\/product_tag?post=8488"}],"curies":[{"name":"wp","href":"https:\/\/api.w.org\/{rel}","templated":true}]}}