{"id":8504,"date":"2017-12-30T15:34:50","date_gmt":"2017-12-30T15:34:50","guid":{"rendered":"http:\/\/www.tatanka.nl\/?post_type=product&#038;p=8504"},"modified":"2025-08-28T00:49:01","modified_gmt":"2025-08-27T23:49:01","slug":"baby-hawaiian-woodrose-seeds","status":"publish","type":"product","link":"https:\/\/www.tatanka.nl\/es\/baby-hawaiian-woodrose-seeds\/","title":{"rendered":"Beb\u00e9 Hawaiian Woodrosa"},"content":{"rendered":"<h2 data-start=\"537\" data-end=\"572\">\u00bfQu\u00e9 son las semillas de Argyreia Nervosa?<\/h2>\n<p data-start=\"574\" data-end=\"1265\">Las semillas de Argyreia Nervosa, com\u00fanmente conocidas como Baby Hawaiian Woodrose, son las semillas de una planta trepadora originaria de la India. Estas semillas contienen una sustancia psicoactiva conocida como LSA (Lysergic Acid Amide), que puede inducir efectos psicod\u00e9licos leves cuando se consume. A diferencia de otros alucin\u00f3genos, los efectos de estas semillas suelen ser leves, sin las alucinaciones extremas t\u00edpicamente asociadas a sustancias como el LSD. Los consumidores suelen referir sensaciones coloridas, v\u00edvidas y m\u00edsticas que crean un estado alterado de conciencia \u00fanico. La planta se utiliza de diversas formas, entre ellas la medicina tradicional y con fines recreativos, ofreciendo una intrigante mezcla de propiedades terap\u00e9uticas y psicoactivas.<\/p>\n<p data-start=\"1267\" data-end=\"1746\">Las semillas de Argyreia Nervosa han formado parte de las pr\u00e1cticas medicinales durante siglos en la India. Sin embargo, la planta se hizo m\u00e1s conocida por sus propiedades psicoactivas cuando se introdujo en el mundo occidental, sobre todo en Hawai. Hoy en d\u00eda, las semillas de Baby Hawaiian Woodrose son utilizadas por quienes buscan experiencias tanto espirituales como recreativas. La planta sigue siendo objeto de estudio por su rica historia y los beneficios potenciales que podr\u00eda ofrecer m\u00e1s all\u00e1 de sus propiedades psicoactivas.<\/p>\n<h2 data-start=\"1748\" data-end=\"1784\">Historia de las semillas de Argyreia Nervosa<\/h2>\n<p data-start=\"1786\" data-end=\"2198\">La Argyreia Nervosa tiene una profunda conexi\u00f3n hist\u00f3rica tanto con la medicina tradicional como con el uso psicoactivo. Originaria de la India, esta planta ha sido venerada por sus cualidades medicinales durante cientos de a\u00f1os. En la India antigua, se utilizaba para tratar una serie de dolencias, desde problemas respiratorios hasta diabetes y artritis. Adem\u00e1s, se reconoc\u00eda como afrodis\u00edaco, y algunos sugieren que ten\u00eda efectos potenciadores de la libido.<\/p>\n<p data-start=\"2200\" data-end=\"2619\">La planta atrajo la atenci\u00f3n internacional cuando los europeos se fijaron en ella en Hawai. All\u00ed no s\u00f3lo se utilizaba por sus propiedades medicinales, sino tambi\u00e9n como sedante. Fue durante esta \u00e9poca cuando se observaron las propiedades psicoactivas de las semillas, lo que finalmente condujo a la asociaci\u00f3n popular de la planta con una experiencia psicod\u00e9lica. El nombre \"Hawaiian Woodrose\" se adopt\u00f3 debido a su uso generalizado en la regi\u00f3n.<\/p>\n<p data-start=\"2621\" data-end=\"2995\">Posteriormente, el LSA fue aislado por el qu\u00edmico suizo Albert Hoffman, el mismo cient\u00edfico que descubri\u00f3 el LSD. Despu\u00e9s de que Hoffman sintetizara el LSA, se descubri\u00f3 que se encontraba de forma natural en ciertas plantas, entre ellas la Argyreia Nervosa. Entre estas plantas, la Argyreia Nervosa contiene la mayor concentraci\u00f3n de LSA, lo que hace que sus semillas sean especialmente buscadas con fines recreativos y medicinales.<\/p>\n<h2 data-start=\"2997\" data-end=\"3033\">C\u00f3mo utilizar las semillas de Argyreia Nervosa<\/h2>\n<p data-start=\"3035\" data-end=\"3477\">Existen varios m\u00e9todos para consumir las semillas de Argyreia Nervosa, cada uno de los cuales ofrece una experiencia ligeramente diferente. Tradicionalmente, las semillas se mastican, lo que ayuda a liberar el compuesto activo LSA. Este m\u00e9todo permite una aparici\u00f3n gradual de los efectos, normalmente una hora despu\u00e9s del consumo. Los efectos pueden durar varias horas y los usuarios pueden experimentar una sensaci\u00f3n de euforia, im\u00e1genes v\u00edvidas y una mayor sensibilidad al sonido y a la luz.<\/p>\n<p data-start=\"3479\" data-end=\"3858\">Algunos usuarios prefieren moler las semillas hasta convertirlas en polvo y consumirlas, mezcl\u00e1ndolas con alimentos o agua, para enmascarar su amargor natural. Este m\u00e9todo puede alterar el tiempo de aparici\u00f3n y la intensidad de los efectos. Es importante se\u00f1alar que la experiencia puede variar enormemente en funci\u00f3n de varios factores, como el metabolismo del usuario, el entorno y la ingesta previa de alimentos.<\/p>\n<p data-start=\"3860\" data-end=\"4302\">Tambi\u00e9n se aconseja abordar el uso de las semillas de Argyreia Nervosa con precauci\u00f3n, sobre todo si es la primera vez. Empieza con una peque\u00f1a cantidad para evaluar tu tolerancia y ten en cuenta el contexto en el que las consumes. El entorno y tu estado mental pueden influir significativamente en los efectos de las semillas. Siempre se recomienda consumirlas en un entorno seguro y c\u00f3modo, idealmente con una persona de confianza que gu\u00ede la experiencia.<\/p>\n<h2 data-start=\"4792\" data-end=\"4832\">Ingredientes de las semillas de Argyreia Nervosa<\/h2>\n<p data-start=\"4834\" data-end=\"5436\">El principal ingrediente activo de las semillas de Argyreia Nervosa es el LSA (amida del \u00e1cido lis\u00e9rgico), un compuesto natural que pertenece a la misma familia qu\u00edmica que el LSD. El LSA es conocido por sus leves efectos psicoactivos, que pueden alterar la percepci\u00f3n e inducir una sensaci\u00f3n de euforia y mejoras visuales. Las semillas tambi\u00e9n contienen otros compuestos, incluidos alcaloides, que contribuyen a las propiedades medicinales de la planta. Estos componentes adicionales pueden tener diversos efectos en el organismo, como propiedades antiinflamatorias, analg\u00e9sicas y antiespasm\u00f3dicas, lo que hace que las semillas sean \u00fatiles en la medicina tradicional.<\/p>\n<p data-start=\"5438\" data-end=\"5886\">Adem\u00e1s del LSA, las semillas contienen otras sustancias naturales que se cree que contribuyen a su potencial terap\u00e9utico general. Esta combinaci\u00f3n de compuestos psicoactivos y medicinales es la raz\u00f3n por la que las semillas de Argyreia Nervosa se han utilizado durante siglos, tanto con fines recreativos como por su potencial para tratar diversas dolencias. Sin embargo, debido a la naturaleza impredecible de sus efectos, se recomienda utilizar estas semillas de forma responsable.<\/p>\n<p data-start=\"5888\" data-end=\"6255\">En t\u00e9rminos de su estructura qu\u00edmica, el LSA es un pariente cercano del LSD, pero con un impacto psicoactivo menos intenso. Se cree que interact\u00faa con los receptores de serotonina del cerebro, lo que provoca las percepciones sensoriales alteradas de las que informan los usuarios. Aunque los efectos psicoactivos son m\u00e1s leves, pueden ofrecer una experiencia \u00fanica e introspectiva si se utiliza con cuidado.<\/p>\n<p data-start=\"6272\" data-end=\"6873\" data-is-last-node=\"\"><strong data-start=\"4304\" data-end=\"4316\">Advertencia:<\/strong><br data-start=\"4316\" data-end=\"4319\" \/>Es importante ser precavido al consumir las semillas de Argyreia Nervosa, ya que contienen un compuesto psicoactivo, el LSA. Los efectos pueden variar mucho seg\u00fan el individuo y el m\u00e9todo de consumo. El uso excesivo o indebido puede provocar experiencias desagradables y, en algunos casos, podr\u00eda tener efectos adversos para la salud. Aseg\u00farate siempre de que te encuentras en un entorno seguro y controlado cuando consumas estas semillas, y empieza con una dosis peque\u00f1a si no est\u00e1s familiarizado con sus efectos.<\/p>","protected":false},"excerpt":{"rendered":"<p>La Argyreia Nervosa, tambi\u00e9n conocida como Baby Hawaiian Woodrose, es una planta con semillas que contienen LSA, una sustancia psicoactiva. S\u00f3lo seis semillas pueden proporcionarte una experiencia psicod\u00e9lica leve, marcada por sensaciones vibrantes y m\u00edsticas. Originaria de la India, se ha utilizado con fines medicinales durante siglos, como el tratamiento de la diabetes, los problemas respiratorios y la artritis, y tambi\u00e9n se considera afrodis\u00edaca. En Hawai, estas semillas son conocidas por sus efectos sedantes y han formado parte de pr\u00e1cticas tradicionales.<\/p>","protected":false},"featured_media":126163,"template":"","meta":[],"product_brand":[],"product_cat":[600,297,537,513,476],"product_tag":[],"class_list":{"0":"post-8504","1":"product","2":"type-product","3":"status-publish","4":"has-post-thumbnail","6":"product_cat-mcmystic","7":"product_cat-all-products","8":"product_cat-lsa-seeds","9":"product_cat-party","10":"product_cat-smartshop","11":"product_shipping_class-not-allowed-group-3","13":"first","14":"instock","15":"taxable","16":"shipping-taxable","17":"purchasable","18":"product-type-variable"},"_links":{"self":[{"href":"https:\/\/www.tatanka.nl\/es\/wp-json\/wp\/v2\/product\/8504","targetHints":{"allow":["GET"]}}],"collection":[{"href":"https:\/\/www.tatanka.nl\/es\/wp-json\/wp\/v2\/product"}],"about":[{"href":"https:\/\/www.tatanka.nl\/es\/wp-json\/wp\/v2\/types\/product"}],"wp:featuredmedia":[{"embeddable":true,"href":"https:\/\/www.tatanka.nl\/es\/wp-json\/wp\/v2\/media\/126163"}],"wp:attachment":[{"href":"https:\/\/www.tatanka.nl\/es\/wp-json\/wp\/v2\/media?parent=8504"}],"wp:term":[{"taxonomy":"product_brand","embeddable":true,"href":"https:\/\/www.tatanka.nl\/es\/wp-json\/wp\/v2\/product_brand?post=8504"},{"taxonomy":"product_cat","embeddable":true,"href":"https:\/\/www.tatanka.nl\/es\/wp-json\/wp\/v2\/product_cat?post=8504"},{"taxonomy":"product_tag","embeddable":true,"href":"https:\/\/www.tatanka.nl\/es\/wp-json\/wp\/v2\/product_tag?post=8504"}],"curies":[{"name":"wp","href":"https:\/\/api.w.org\/{rel}","templated":true}]}}