{"id":8508,"date":"2017-12-30T15:51:38","date_gmt":"2017-12-30T15:51:38","guid":{"rendered":"http:\/\/www.tatanka.nl\/?post_type=product&#038;p=8508"},"modified":"2025-06-04T15:46:19","modified_gmt":"2025-06-04T14:46:19","slug":"morning-glory-seeds","status":"publish","type":"product","link":"https:\/\/www.tatanka.nl\/es\/morning-glory-seeds\/","title":{"rendered":"Semillas de gloria de la ma\u00f1ana"},"content":{"rendered":"<h2 data-start=\"337\" data-end=\"369\">\u00bfQu\u00e9 son las semillas de gloria de la ma\u00f1ana?<\/h2>\n<p data-start=\"371\" data-end=\"1197\">Semillas de Morning Glory, concretamente de la planta <em data-start=\"420\" data-end=\"438\">Ipomoea purpurea<\/em>han llamado la atenci\u00f3n por sus propiedades psicoactivas. Las semillas contienen un compuesto llamado amida del \u00e1cido lis\u00e9rgico (LSA), qu\u00edmicamente relacionado con el LSD. El LSA es conocido por su capacidad para inducir experiencias introspectivas, meditativas y, a veces, visionarias. Las semillas han sido utilizadas durante siglos por las culturas ind\u00edgenas, especialmente en Sudam\u00e9rica, donde se preparan y consumen de diversas formas para potenciar las pr\u00e1cticas espirituales. Estas semillas no son s\u00f3lo una maravilla visual por sus hermosas flores, sino tambi\u00e9n una puerta de entrada a estados alterados de conciencia. Los efectos psicoactivos de las semillas de Morning Glory est\u00e1n influenciados por el entorno y el estado mental individual, lo que significa que la experiencia puede variar enormemente en funci\u00f3n del entorno y la concentraci\u00f3n mental.<\/p>\n<h2 data-start=\"1204\" data-end=\"1237\">Historia de las semillas Morning Glory<\/h2>\n<p data-start=\"1239\" data-end=\"2119\">La historia de <em data-start=\"1254\" data-end=\"1272\">Ipomoea purpurea<\/em> semillas se remonta a miles de a\u00f1os atr\u00e1s. Las tribus ind\u00edgenas de Sudam\u00e9rica fueron de las primeras en reconocer y utilizar las propiedades psicoactivas de la planta Morning Glory. Mol\u00edan las semillas y las remojaban en agua o alcohol para extraer el compuesto activo, el LSA. Este m\u00e9todo de preparaci\u00f3n les permit\u00eda consumir las semillas de una forma que reduc\u00eda los efectos secundarios no deseados, creando una experiencia m\u00e1s manejable y concentrada. El conocimiento de los efectos de estas semillas se transmiti\u00f3 de generaci\u00f3n en generaci\u00f3n, utiliz\u00e1ndose a menudo en contextos espirituales y ceremoniales. El descubrimiento cient\u00edfico del LSA se produjo mucho m\u00e1s tarde, cuando los investigadores lo identificaron como un compuesto natural estrechamente relacionado con el LSD en la d\u00e9cada de 1960. Este v\u00ednculo con el LSD atrajo m\u00e1s atenci\u00f3n hacia las semillas de Morning Glory en los tiempos modernos, dando lugar tanto a la investigaci\u00f3n cient\u00edfica como al inter\u00e9s recreativo por sus efectos.<\/p>\n<h2 data-start=\"2126\" data-end=\"2159\">C\u00f3mo utilizar las semillas de gloria de la ma\u00f1ana<\/h2>\n<p data-start=\"2161\" data-end=\"3039\">Las semillas de Morning Glory deben consumirse con precauci\u00f3n debido a sus potentes efectos psicoactivos. El m\u00e9todo tradicional de consumo consiste en moler las semillas hasta obtener un polvo fino, que luego se remoja en agua o, preferiblemente, en alcohol. El alcohol ayuda a extraer m\u00e1s eficazmente los compuestos psicoactivos. Tras el remojo, las semillas se consumen normalmente con el est\u00f3mago vac\u00edo para obtener los efectos m\u00e1s profundos. Es esencial empezar con una dosis peque\u00f1a y estar atento al entorno, ya que la experiencia puede ser intensa e impredecible. Muchas personas afirman experimentar una mayor introspecci\u00f3n, pensamientos meditativos e incluso estados visionarios. Sin embargo, debido a los posibles efectos secundarios, como n\u00e1useas o mareos, se recomienda estar en un entorno tranquilo y seguro y evitar distracciones. Aseg\u00farese siempre de encontrarse en un estado mental positivo antes de consumir estas semillas.<\/p>\n<h2 data-start=\"3046\" data-end=\"3083\">Ingredientes de las semillas de Morning Glory<\/h2>\n<p data-start=\"3085\" data-end=\"3882\">El principal compuesto psicoactivo de las semillas de Morning Glory es la amida del \u00e1cido lis\u00e9rgico (LSA). El LSA es qu\u00edmicamente similar al LSD, pero menos potente. Este compuesto es el responsable de los efectos psicoactivos asociados a las semillas, que pueden incluir percepciones alteradas, mayor introspecci\u00f3n y experiencias visionarias. Adem\u00e1s del LSA, las semillas de Morning Glory contienen otros compuestos como alcaloides y amino\u00e1cidos, aunque el LSA es el principal ingrediente activo. Estas semillas tambi\u00e9n contienen varias fibras vegetales y nutrientes esenciales, aunque \u00e9stos no son el foco de sus efectos psicoactivos. La concentraci\u00f3n de LSA en las semillas puede variar dependiendo de las condiciones de cultivo de la planta y de la cepa espec\u00edfica, por lo que algunos lotes pueden producir experiencias m\u00e1s fuertes o m\u00e1s d\u00e9biles que otros.<\/p>\n<p data-start=\"3889\" data-end=\"4489\" data-is-last-node=\"\"><strong data-start=\"3889\" data-end=\"3901\">Advertencia:<\/strong><br data-start=\"3901\" data-end=\"3904\" \/>El consumo de semillas de Morning Glory puede provocar intensos efectos psicoactivos. Estos efectos pueden variar en funci\u00f3n del individuo, el entorno y la dosis. Es esencial abordar el uso de estas semillas con precauci\u00f3n y conciencia. Los efectos secundarios potenciales pueden incluir n\u00e1useas, mareos y malestar psicol\u00f3gico. Se aconseja utilizar estas semillas en un entorno controlado y seguro. Las mujeres embarazadas, las personas con problemas de salud mental o las que toman medicamentos deben evitar el uso de semillas de Morning Glory. Aseg\u00farese siempre de estar bien informado sobre los riesgos potenciales antes de consumirlas.<\/p>","protected":false},"excerpt":{"rendered":"<p>La Ipomoea Purpurea, com\u00fanmente conocida como Morning Glory, es una planta cautivadora conocida por sus impresionantes flores azul-p\u00farpura y sus semillas psicoactivas. Estas semillas contienen \u00e1cido lis\u00e9rgico amida (LSA), un compuesto similar al LSD, que ha sido utilizado durante siglos por las culturas ind\u00edgenas por sus efectos que alteran la mente. Contiene 300 semillas.<\/p>","protected":false},"featured_media":126159,"template":"","meta":[],"product_brand":[],"product_cat":[600,297,537,513,476],"product_tag":[],"class_list":{"0":"post-8508","1":"product","2":"type-product","3":"status-publish","4":"has-post-thumbnail","6":"product_cat-mcmystic","7":"product_cat-all-products","8":"product_cat-lsa-seeds","9":"product_cat-party","10":"product_cat-smartshop","11":"product_shipping_class-not-allowed-group-3","13":"first","14":"instock","15":"taxable","16":"shipping-taxable","17":"purchasable","18":"product-type-variable"},"_links":{"self":[{"href":"https:\/\/www.tatanka.nl\/es\/wp-json\/wp\/v2\/product\/8508","targetHints":{"allow":["GET"]}}],"collection":[{"href":"https:\/\/www.tatanka.nl\/es\/wp-json\/wp\/v2\/product"}],"about":[{"href":"https:\/\/www.tatanka.nl\/es\/wp-json\/wp\/v2\/types\/product"}],"wp:featuredmedia":[{"embeddable":true,"href":"https:\/\/www.tatanka.nl\/es\/wp-json\/wp\/v2\/media\/126159"}],"wp:attachment":[{"href":"https:\/\/www.tatanka.nl\/es\/wp-json\/wp\/v2\/media?parent=8508"}],"wp:term":[{"taxonomy":"product_brand","embeddable":true,"href":"https:\/\/www.tatanka.nl\/es\/wp-json\/wp\/v2\/product_brand?post=8508"},{"taxonomy":"product_cat","embeddable":true,"href":"https:\/\/www.tatanka.nl\/es\/wp-json\/wp\/v2\/product_cat?post=8508"},{"taxonomy":"product_tag","embeddable":true,"href":"https:\/\/www.tatanka.nl\/es\/wp-json\/wp\/v2\/product_tag?post=8508"}],"curies":[{"name":"wp","href":"https:\/\/api.w.org\/{rel}","templated":true}]}}