{"id":8513,"date":"2017-12-30T16:22:19","date_gmt":"2017-12-30T16:22:19","guid":{"rendered":"http:\/\/www.tatanka.nl\/?post_type=product&#038;p=8513"},"modified":"2025-10-16T07:58:44","modified_gmt":"2025-10-16T06:58:44","slug":"peyote-seeds","status":"publish","type":"product","link":"https:\/\/www.tatanka.nl\/es\/peyote-seeds\/","title":{"rendered":"Semillas de cactus peyote"},"content":{"rendered":"<h2 data-start=\"427\" data-end=\"476\">\u00bfQu\u00e9 es el Lophophora Williamsii - Cactus peyote?<\/h2>\n<p data-start=\"478\" data-end=\"1364\">El Lophophora Williamsii, com\u00fanmente conocido como Peyote, es un peque\u00f1o cactus sin espinas originario de los desiertos de M\u00e9xico y el suroeste de Estados Unidos. Conocido por sus efectos psicoactivos, el cactus del Peyote contiene mescalina, un compuesto natural que induce alucinaciones y estados alterados de conciencia. El peyote se ha utilizado durante siglos en ceremonias espirituales y curativas de los nativos americanos. El cactus se consume tradicionalmente cortando rodajas de la planta y comiendo la carne cruda, sec\u00e1ndola o prepar\u00e1ndola en infusi\u00f3n. Sus efectos son profundamente introspectivos y a menudo se describen como coloridos y de expansi\u00f3n mental. El cactus peyote ocupa un lugar importante en la historia bot\u00e1nica y espiritual, y ahora se puede cultivar en casa a partir de semillas. A pesar de su humilde apariencia, el Peyote es conocido por sus potentes y duraderos efectos sobre la mente y el cuerpo.<\/p>\n<h2 data-start=\"1371\" data-end=\"1422\">Historia de Lophophora Williamsii - Cactus peyote<\/h2>\n<p data-start=\"1424\" data-end=\"2361\">La historia de la Lophophora Williamsii se remonta a miles de a\u00f1os atr\u00e1s, cuando era utilizada por las culturas ind\u00edgenas de Am\u00e9rica, especialmente entre las tribus nativas de M\u00e9xico y el suroeste de Estados Unidos. El cactus fue encontrado por primera vez por los exploradores espa\u00f1oles durante sus expediciones al Nuevo Mundo. Los exploradores se escandalizaron por los efectos psicoactivos de la planta y a menudo consideraron que los ind\u00edgenas la utilizaban como algo pagano o sat\u00e1nico. Sin embargo, con el paso del tiempo, bot\u00e1nicos, m\u00e9dicos y farmac\u00f3logos empezaron a reconocer los posibles beneficios medicinales y espirituales del peyote. Se cree que los aztecas fueron de los primeros en utilizar el peyote en ceremonias religiosas, pues cre\u00edan que les conectaba con sus dioses y les ofrec\u00eda una visi\u00f3n profunda de la naturaleza de la vida. La planta sigui\u00f3 siendo una parte fundamental de diversas pr\u00e1cticas religiosas y culturales, y todav\u00eda se utiliza ampliamente en las ceremonias de la Iglesia Nativa Americana de hoy en d\u00eda.<\/p>\n<h2 data-start=\"2368\" data-end=\"2419\">C\u00f3mo utilizar Lophophora Williamsii - Cactus peyote<\/h2>\n<p data-start=\"2421\" data-end=\"3388\">El uso del cactus Lophophora Williamsii - Peyote implica preparar el cactus de diferentes maneras para experimentar sus efectos psicoactivos. El m\u00e9todo m\u00e1s com\u00fan consiste en cortar rodajas del cactus y consumir la pulpa cruda, que tiene un sabor amargo. Tambi\u00e9n es posible secar el cactus y utilizarlo de diversas formas, como en alimentos o como t\u00e9. Al ingerir el cactus fresco, es importante tener en cuenta que los efectos iniciales pueden incluir n\u00e1useas y v\u00f3mitos debido a su amargor. Sin embargo, una vez que estos efectos remiten al cabo de una hora, los usuarios experimentan una potente experiencia psicod\u00e9lica que suele describirse como un viaje colorido y duradero. Para los que la consumen por primera vez, se recomienda empezar con una peque\u00f1a cantidad para evaluar la tolerancia, y es crucial evitar cualquier actividad extenuante, especialmente conducir o manejar maquinaria, durante la experiencia. Tambi\u00e9n se aconseja evitar el Peyote si se tienen antecedentes de problemas de salud mental, como ansiedad o depresi\u00f3n.<\/p>\n<h2 data-start=\"3395\" data-end=\"3450\">Ingredientes del Lophophora Williamsii - Cactus peyote<\/h2>\n<p data-start=\"3452\" data-end=\"4408\">El principal compuesto psicoactivo del cactus Lophophora Williamsii - Peyote es la mescalina, un alcaloide natural que se ha demostrado que induce efectos psicod\u00e9licos. La mescalina se encuentra principalmente en la carne del cactus, con la mayor concentraci\u00f3n justo debajo de la piel. Este compuesto afecta a los receptores de serotonina del cerebro, lo que provoca alteraciones de la percepci\u00f3n, el estado de \u00e1nimo y la conciencia. Aunque el ingrediente principal es la mescalina, el cactus tambi\u00e9n contiene otros compuestos, incluidos alcaloides que contribuyen a sus efectos \u00fanicos. Adem\u00e1s de sus propiedades psicoactivas, el peyote se ha estudiado por sus posibles beneficios medicinales, como su capacidad para aliviar el dolor, promover la comprensi\u00f3n espiritual y ayudar en el tratamiento de adicciones. Aunque el uso del Peyote est\u00e1 legalmente restringido en muchos pa\u00edses, su significado en contextos religiosos y culturales sigue siendo importante, especialmente entre las comunidades nativas americanas.<\/p>\n<p data-start=\"4415\" data-end=\"4427\"><strong data-start=\"4415\" data-end=\"4427\">Advertencia:<\/strong><\/p>\n<p data-start=\"4429\" data-end=\"4970\" data-is-last-node=\"\">El peyote puede provocar fuertes efectos psicol\u00f3gicos, incluidas intensas alucinaciones. Puede provocar n\u00e1useas, v\u00f3mitos y otras molestias f\u00edsicas, especialmente en usuarios inexpertos. Se recomienda abordar el uso de este cactus con precauci\u00f3n. Evite consumir peyote si tiene antecedentes de trastornos mentales como depresi\u00f3n, ansiedad o psicosis. Aseg\u00farese siempre de estar en un entorno seguro y controlado cuando consuma Peyote, y no realice actividades como conducir o manejar maquinaria mientras se encuentre bajo sus efectos.<\/p>","protected":false},"excerpt":{"rendered":"<p>El Lophophora Williamsii, com\u00fanmente conocido como cactus peyote, es una planta \u00fanica con una rica historia y propiedades psicoactivas. Conocido por su contenido en mescalina, este cactus se ha utilizado durante siglos en pr\u00e1cticas espirituales y medicinales. Con su forma redondeada y sin agujas, el cactus Peyote es f\u00e1cil de cultivar en casa utilizando semillas, y brinda la oportunidad de experimentar sus efectos psicod\u00e9licos.<\/p>\n<p>\u00a1Cultive sus propias semillas! Contiene 10 semillas.<span style=\"color: #000000;\"><br \/>\n<\/span><\/p>","protected":false},"featured_media":126153,"template":"","meta":[],"product_brand":[],"product_cat":[536,297,600,513,476],"product_tag":[],"class_list":{"0":"post-8513","1":"product","2":"type-product","3":"status-publish","4":"has-post-thumbnail","6":"product_cat-mescaline-cacti","7":"product_cat-all-products","8":"product_cat-mcmystic","9":"product_cat-party","10":"product_cat-smartshop","11":"product_shipping_class-creditcard-off","13":"first","14":"instock","15":"taxable","16":"shipping-taxable","17":"purchasable","18":"product-type-variable"},"_links":{"self":[{"href":"https:\/\/www.tatanka.nl\/es\/wp-json\/wp\/v2\/product\/8513","targetHints":{"allow":["GET"]}}],"collection":[{"href":"https:\/\/www.tatanka.nl\/es\/wp-json\/wp\/v2\/product"}],"about":[{"href":"https:\/\/www.tatanka.nl\/es\/wp-json\/wp\/v2\/types\/product"}],"wp:featuredmedia":[{"embeddable":true,"href":"https:\/\/www.tatanka.nl\/es\/wp-json\/wp\/v2\/media\/126153"}],"wp:attachment":[{"href":"https:\/\/www.tatanka.nl\/es\/wp-json\/wp\/v2\/media?parent=8513"}],"wp:term":[{"taxonomy":"product_brand","embeddable":true,"href":"https:\/\/www.tatanka.nl\/es\/wp-json\/wp\/v2\/product_brand?post=8513"},{"taxonomy":"product_cat","embeddable":true,"href":"https:\/\/www.tatanka.nl\/es\/wp-json\/wp\/v2\/product_cat?post=8513"},{"taxonomy":"product_tag","embeddable":true,"href":"https:\/\/www.tatanka.nl\/es\/wp-json\/wp\/v2\/product_tag?post=8513"}],"curies":[{"name":"wp","href":"https:\/\/api.w.org\/{rel}","templated":true}]}}