{"id":8527,"date":"2017-12-30T18:14:30","date_gmt":"2017-12-30T18:14:30","guid":{"rendered":"http:\/\/www.tatanka.nl\/?post_type=product&#038;p=8527"},"modified":"2025-05-20T10:58:01","modified_gmt":"2025-05-20T09:58:01","slug":"wild-dagga-20x-extract","status":"publish","type":"product","link":"https:\/\/www.tatanka.nl\/es\/wild-dagga-20x-extract\/","title":{"rendered":"Dagga salvaje - Extracto 20x"},"content":{"rendered":"<h2 data-pm-slice=\"1 1 []\">\u00bfQu\u00e9 es Wild Dagga - 20x?<\/h2>\n<p>Dagga salvaje, tambi\u00e9n conocida como <strong>Leonotis Leonurus<\/strong>es una planta originaria de Sud\u00e1frica. A menudo se la conoce como cola de le\u00f3n u oreja de le\u00f3n debido a la forma de sus flores de color naranja brillante. La planta se ha utilizado tradicionalmente por sus propiedades beneficiosas, incluido un suave efecto euforizante que favorece la relajaci\u00f3n y la claridad mental.<\/p>\n<p>Desde el siglo XVII, <strong>Dagga salvaje<\/strong> ha atravesado los continentes, ganando popularidad en Europa y Asia. Sus compuestos activos, la marrubiina y la leonurina, son conocidos por sus efectos calmantes y estimulantes del \u00e1nimo. Hoy en d\u00eda, <strong>Dagga salvaje<\/strong> es muy utilizado en infusiones y remedios naturales, apreciado por su suave pero notable efecto sobre la mente y el cuerpo.<\/p>\n<h2>La historia de la dagga salvaje - 20x<\/h2>\n<p>El uso de <strong>Dagga salvaje<\/strong> se remonta a cientos de a\u00f1os, sobre todo entre las comunidades ind\u00edgenas de Sud\u00e1frica. Estas comunidades reconoc\u00edan su capacidad para inducir un estado de euforia y relajaci\u00f3n leves. En la medicina tradicional, se utilizaba a menudo como remedio para diversas dolencias, como el dolor menstrual, la fiebre y la tensi\u00f3n muscular.<\/p>\n<p>Durante el siglo XVII, <strong>Dagga salvaje<\/strong> lleg\u00f3 a Europa a trav\u00e9s de comerciantes turcos. En el siglo XIX creci\u00f3 el inter\u00e9s cient\u00edfico por la planta, lo que condujo a la investigaci\u00f3n de sus principios activos. A pesar de su larga historia, <strong>Dagga salvaje<\/strong> sigue siendo relativamente desconocida en la medicina herbal convencional, pero sigue siendo valorada por quienes aprecian sus propiedades naturales.<\/p>\n<h2>C\u00f3mo utilizar Wild Dagga - 20x<\/h2>\n<p>Una de las formas m\u00e1s populares de disfrutar <strong>Dagga salvaje<\/strong> es prepar\u00e1ndolo en infusi\u00f3n. Una peque\u00f1a cantidad, alrededor de 1 gramo, es suficiente para crear una infusi\u00f3n relajante. Basta con remojar la planta seca en agua caliente durante varios minutos antes de beberla. El t\u00e9 tiene un sabor suave y terroso que combina bien con miel o lim\u00f3n.<\/p>\n<p>Otro m\u00e9todo habitual es incorporar <strong>Dagga salvaje<\/strong> en los alimentos, como yogures o batidos. Esto permite obtener un efecto m\u00e1s sutil y prolongado. Algunos usuarios tambi\u00e9n optan por fumar las hojas secas, pero este m\u00e9todo es menos habitual.<\/p>\n<p>Al utilizar <strong>Dagga salvaje<\/strong>Es importante empezar con una dosis baja para saber c\u00f3mo responde el cuerpo. La experiencia de cada persona puede variar, y los efectos suelen durar unas horas.<\/p>\n<h2>Ingredientes de Wild Dagga - 20x<\/h2>\n<p><strong>Dagga salvaje<\/strong> contiene varios compuestos activos, entre los que destacan la marrubiina y la leonurina. Se cree que estos compuestos contribuyen a las propiedades relajantes y ligeramente euforizantes de la planta.<\/p>\n<ul data-spread=\"false\">\n<li><strong>Marrubiin<\/strong> - Utilizada tradicionalmente en fitoterapia, la marrubiina es conocida por sus efectos antiinflamatorios y calmantes.<\/li>\n<li><strong>Leonurina<\/strong> - Este compuesto se ha relacionado con la relajaci\u00f3n muscular y se ha utilizado hist\u00f3ricamente para aliviar las molestias menstruales.<\/li>\n<li><strong>Aceites esenciales y flavonoides<\/strong> - Estos componentes naturales contribuyen al efecto calmante general de <strong>Dagga salvaje<\/strong> y mejorar su perfil herbal.<\/li>\n<\/ul>\n<p>Desde <strong>Dagga salvaje<\/strong> es un producto natural, sus efectos pueden variar en funci\u00f3n de factores como las condiciones de cultivo y los m\u00e9todos de preparaci\u00f3n.<\/p>\n<p><strong>Advertencia:<\/strong><br \/>\nAunque <strong>Dagga salvaje<\/strong> se considera generalmente seguro, un consumo excesivo puede provocar mareos o n\u00e1useas. Se aconseja atenerse a la dosis recomendada de 1 gramo por toma. Las mujeres embarazadas o en periodo de lactancia deben consultar a un profesional sanitario antes de consumirla. Evite mezclarla con otras sustancias psicoactivas para evitar interacciones no deseadas.<\/p>\n<p>Experimente los beneficios calmantes de <strong>Dagga salvaje<\/strong> de forma natural y controlada, ya sea como un t\u00e9 caliente o como una sutil adici\u00f3n a su rutina diaria.<\/p>","protected":false},"excerpt":{"rendered":"<p><span style=\"color: #000000;\">La Wild Dagga se fuma como un subid\u00f3n legal suave, una alternativa al cannabis m\u00e1s barata y ligera. Sus efectos son similares a los del cannabis, y produce un efecto euf\u00f3rico con leves propiedades psicoactivas.<\/span><\/p>","protected":false},"featured_media":126140,"template":"","meta":[],"product_brand":[],"product_cat":[600,297,512,477,513,290,476],"product_tag":[],"class_list":{"0":"post-8527","1":"product","2":"type-product","3":"status-publish","4":"has-post-thumbnail","6":"product_cat-mcmystic","7":"product_cat-all-products","8":"product_cat-extracts","9":"product_cat-herbs","10":"product_cat-party","11":"product_cat-psychedelic-herbs","12":"product_cat-smartshop","14":"first","15":"instock","16":"taxable","17":"shipping-taxable","18":"purchasable","19":"product-type-variable"},"_links":{"self":[{"href":"https:\/\/www.tatanka.nl\/es\/wp-json\/wp\/v2\/product\/8527","targetHints":{"allow":["GET"]}}],"collection":[{"href":"https:\/\/www.tatanka.nl\/es\/wp-json\/wp\/v2\/product"}],"about":[{"href":"https:\/\/www.tatanka.nl\/es\/wp-json\/wp\/v2\/types\/product"}],"wp:featuredmedia":[{"embeddable":true,"href":"https:\/\/www.tatanka.nl\/es\/wp-json\/wp\/v2\/media\/126140"}],"wp:attachment":[{"href":"https:\/\/www.tatanka.nl\/es\/wp-json\/wp\/v2\/media?parent=8527"}],"wp:term":[{"taxonomy":"product_brand","embeddable":true,"href":"https:\/\/www.tatanka.nl\/es\/wp-json\/wp\/v2\/product_brand?post=8527"},{"taxonomy":"product_cat","embeddable":true,"href":"https:\/\/www.tatanka.nl\/es\/wp-json\/wp\/v2\/product_cat?post=8527"},{"taxonomy":"product_tag","embeddable":true,"href":"https:\/\/www.tatanka.nl\/es\/wp-json\/wp\/v2\/product_tag?post=8527"}],"curies":[{"name":"wp","href":"https:\/\/api.w.org\/{rel}","templated":true}]}}