{"id":8529,"date":"2017-12-30T18:42:24","date_gmt":"2017-12-30T18:42:24","guid":{"rendered":"http:\/\/www.tatanka.nl\/?post_type=product&#038;p=8529"},"modified":"2025-06-04T15:46:33","modified_gmt":"2025-06-04T14:46:33","slug":"yopo-seeds","status":"publish","type":"product","link":"https:\/\/www.tatanka.nl\/es\/yopo-seeds\/","title":{"rendered":"Semillas Yopo"},"content":{"rendered":"<h2 data-start=\"515\" data-end=\"559\">\u00bfQu\u00e9 es el Yopo (Anadenanthera Peregrina)?<\/h2>\n<p data-start=\"561\" data-end=\"980\">El yopo, conocido cient\u00edficamente como Anadenanthera Peregrina, es una planta originaria del Caribe y Sudam\u00e9rica. Sus semillas contienen compuestos alucin\u00f3genos naturales, entre ellos DMT, lo que las convierte en una poderosa herramienta para los estados alterados de conciencia. Las tribus ind\u00edgenas han utilizado el Yopo durante siglos en rituales cham\u00e1nicos, a menudo como medio para obtener una visi\u00f3n espiritual, autoconciencia o incluso vislumbrar el futuro.<\/p>\n<p data-start=\"982\" data-end=\"1337\">Los efectos psicoactivos de las semillas de Yopo son intensos pero relativamente ef\u00edmeros, y suelen durar unos 90 minutos. Los usuarios suelen experimentar alucinaciones visuales v\u00edvidas, emociones exacerbadas y una sensaci\u00f3n de conciencia expandida. Debido a su potencia, el Yopo se recomienda a usuarios experimentados que est\u00e9n familiarizados con sus efectos y con los m\u00e9todos de preparaci\u00f3n adecuados.<\/p>\n<p data-start=\"1339\" data-end=\"1624\">El yopo se utiliza principalmente como rap\u00e9, lo que requiere un cuidadoso procesamiento de las semillas. La preparaci\u00f3n tradicional consiste en tostar, moler y mezclar las semillas con sustancias alcalinas antes de inhalar el polvo. As\u00ed se garantiza la plena potencia de las propiedades psicoactivas de la planta.<\/p>\n<h2 data-start=\"1633\" data-end=\"1679\">Historia del Yopo (Anadenanthera Peregrina)<\/h2>\n<p data-start=\"1681\" data-end=\"2064\">El uso del yopo se remonta a miles de a\u00f1os atr\u00e1s, y existen pruebas de que las civilizaciones antiguas lo utilizaban por sus beneficios psicoactivos y espirituales. Los hallazgos arqueol\u00f3gicos indican que las primeras culturas, incluidos los egipcios, podr\u00edan haber experimentado con plantas similares, aunque el uso m\u00e1s extendido se remonta a los incas y otras tribus ind\u00edgenas sudamericanas.<\/p>\n<p data-start=\"2066\" data-end=\"2463\">Los incas, junto con otros grupos nativos, consideraban el yopo una herramienta sagrada para la exploraci\u00f3n mental y emocional. Los chamanes lo utilizaban para entrar en estados alterados de conciencia, donde pod\u00edan adquirir sabidur\u00eda, prever acontecimientos futuros o comunicarse con los esp\u00edritus. Las ceremonias en las que se utilizaba el Yopo sol\u00edan ser comunitarias, y los participantes eran guiados a trav\u00e9s de la experiencia por un curandero experimentado o un l\u00edder espiritual.<\/p>\n<p data-start=\"2465\" data-end=\"2828\">La preparaci\u00f3n tradicional de las semillas de Yopo se perfeccion\u00f3 cuidadosamente a lo largo de generaciones. Las tribus ind\u00edgenas desarrollaron intrincados m\u00e9todos de procesamiento de las semillas para maximizar su potencia y minimizar las posibles molestias. Incluso hoy en d\u00eda, el Yopo sigue siendo una parte importante de algunos rituales tribales, sobre todo entre las culturas que mantienen sus antiguas tradiciones espirituales.<\/p>\n<p data-start=\"2830\" data-end=\"3075\">Con el resurgimiento del inter\u00e9s por las sustancias psicoactivas naturales, el Yopo est\u00e1 siendo explorado por los psiconautas modernos que buscan experiencias profundas. Sin embargo, sigue siendo una sustancia potente y compleja que requiere un manejo cuidadoso y respeto.<\/p>\n<h2 data-start=\"3084\" data-end=\"3130\">C\u00f3mo utilizar Yopo (Anadenanthera Peregrina)<\/h2>\n<p data-start=\"3132\" data-end=\"3389\">Las semillas de yopo se utilizan sobre todo como rap\u00e9, una pr\u00e1ctica que se remonta a siglos atr\u00e1s entre las tribus ind\u00edgenas sudamericanas. Sin embargo, las semillas deben someterse primero a un proceso de preparaci\u00f3n espec\u00edfico para aumentar su potencia y hacerlas aptas para la inhalaci\u00f3n.<\/p>\n<p data-start=\"3391\" data-end=\"3439\">El m\u00e9todo tradicional implica varios pasos:<\/p>\n<ol data-start=\"3441\" data-end=\"3929\">\n<li data-start=\"3441\" data-end=\"3499\">Primero se limpian las semillas para eliminar cualquier impureza.<\/li>\n<li data-start=\"3500\" data-end=\"3595\">A continuaci\u00f3n, se asan en una sart\u00e9n caliente hasta que la c\u00e1scara exterior se agrieta y puede retirarse f\u00e1cilmente.<\/li>\n<li data-start=\"3596\" data-end=\"3650\">Las semillas se dejan secar hasta que se endurecen.<\/li>\n<li data-start=\"3651\" data-end=\"3705\">Una vez secas, se muelen finamente hasta convertirlas en polvo.<\/li>\n<li data-start=\"3706\" data-end=\"3848\">A continuaci\u00f3n, este polvo se mezcla con sustancias alcalinas como el bicarbonato de sodio o la cal y se combina con una peque\u00f1a cantidad de agua para formar una pasta.<\/li>\n<li data-start=\"3849\" data-end=\"3929\">La pasta se seca de nuevo y se muele hasta obtener un polvo fino para inhalar.<\/li>\n<\/ol>\n<p data-start=\"3931\" data-end=\"4245\">Cuando se consume, los efectos de Yopo pueden sentirse incluso con una peque\u00f1a dosis de 1 a 3 semillas. Cantidades mayores producen una experiencia m\u00e1s intensa, a menudo descrita como profundamente inmersiva y visionaria. Debido a su potencia, se aconseja a quienes la consuman por primera vez que empiecen con la dosis m\u00e1s baja posible y la vayan aumentando gradualmente en funci\u00f3n de la experiencia.<\/p>\n<p data-start=\"4247\" data-end=\"4396\">Aparte de la inhalaci\u00f3n, las semillas de Yopo tambi\u00e9n se han utilizado de diversas formas experimentales, pero el rap\u00e9 sigue siendo el m\u00e9todo m\u00e1s eficaz y tradicional.<\/p>\n<p data-start=\"5353\" data-end=\"5927\" data-is-last-node=\"\"><strong data-start=\"5353\" data-end=\"5364\">Advertencia<\/strong><br data-start=\"5364\" data-end=\"5367\" \/>Yopo (Anadenanthera Peregrina) es una sustancia natural muy potente que debe utilizarse con precauci\u00f3n. No es adecuado para personas menores de 18 a\u00f1os. Las mujeres embarazadas o en per\u00edodo de lactancia, las personas con enfermedades subyacentes o las que toman medicamentos deben consultar a un profesional sanitario antes de utilizarlo. Una preparaci\u00f3n inadecuada o una dosis excesiva pueden provocar n\u00e1useas, mareos o malestar. Este producto est\u00e1 destinado a usuarios responsables con experiencia en sustancias psicoactivas. Cons\u00e9rvese en un lugar fresco y seco y mant\u00e9ngase fuera del alcance de los ni\u00f1os.<\/p>","protected":false},"excerpt":{"rendered":"<p>El yopo (Anadenanthera Peregrina) es una planta tradicional sudamericana conocida por sus propiedades psicoactivas. Las semillas de esta planta han sido utilizadas durante siglos por las culturas ind\u00edgenas para experiencias espirituales y visionarias. El Yopo proporciona un efecto potente y de corta duraci\u00f3n, normalmente de unos 90 minutos, y se suele utilizar en entornos rituales o introspectivos. Este producto natural es ideal para quienes buscan explorar estados mentales y emocionales profundos de forma controlada.<\/p>","protected":false},"featured_media":126139,"template":"","meta":[],"product_brand":[],"product_cat":[600,297,537,513,476],"product_tag":[],"class_list":{"0":"post-8529","1":"product","2":"type-product","3":"status-publish","4":"has-post-thumbnail","6":"product_cat-mcmystic","7":"product_cat-all-products","8":"product_cat-lsa-seeds","9":"product_cat-party","10":"product_cat-smartshop","11":"product_shipping_class-not-allowed-group-3","13":"first","14":"instock","15":"taxable","16":"shipping-taxable","17":"purchasable","18":"product-type-variable"},"_links":{"self":[{"href":"https:\/\/www.tatanka.nl\/es\/wp-json\/wp\/v2\/product\/8529","targetHints":{"allow":["GET"]}}],"collection":[{"href":"https:\/\/www.tatanka.nl\/es\/wp-json\/wp\/v2\/product"}],"about":[{"href":"https:\/\/www.tatanka.nl\/es\/wp-json\/wp\/v2\/types\/product"}],"wp:featuredmedia":[{"embeddable":true,"href":"https:\/\/www.tatanka.nl\/es\/wp-json\/wp\/v2\/media\/126139"}],"wp:attachment":[{"href":"https:\/\/www.tatanka.nl\/es\/wp-json\/wp\/v2\/media?parent=8529"}],"wp:term":[{"taxonomy":"product_brand","embeddable":true,"href":"https:\/\/www.tatanka.nl\/es\/wp-json\/wp\/v2\/product_brand?post=8529"},{"taxonomy":"product_cat","embeddable":true,"href":"https:\/\/www.tatanka.nl\/es\/wp-json\/wp\/v2\/product_cat?post=8529"},{"taxonomy":"product_tag","embeddable":true,"href":"https:\/\/www.tatanka.nl\/es\/wp-json\/wp\/v2\/product_tag?post=8529"}],"curies":[{"name":"wp","href":"https:\/\/api.w.org\/{rel}","templated":true}]}}