{"id":8553,"date":"2018-01-05T13:45:17","date_gmt":"2018-01-05T13:45:17","guid":{"rendered":"http:\/\/www.tatanka.nl\/?post_type=product&#038;p=8553"},"modified":"2025-05-20T10:57:45","modified_gmt":"2025-05-20T09:57:45","slug":"kanna-5-grams","status":"publish","type":"product","link":"https:\/\/www.tatanka.nl\/es\/kanna-5-grams\/","title":{"rendered":"Kanna Polvo"},"content":{"rendered":"<h2 class=\"\" data-start=\"94\" data-end=\"111\">\u00bfQu\u00e9 es el Kanna?<\/h2>\n<p class=\"\" data-start=\"113\" data-end=\"548\">Kanna, conocido cient\u00edficamente como <em data-start=\"144\" data-end=\"165\">Sceletium tortuosum<\/em>es una planta suculenta originaria de Sud\u00e1frica. Ha sido utilizada tradicionalmente por el pueblo ind\u00edgena Khoisan por sus propiedades calmantes y para mejorar el estado de \u00e1nimo. Conocido por su capacidad para aliviar el estr\u00e9s y promover el bienestar emocional, Kanna se ha convertido en un suplemento natural popular en todo el mundo. A diferencia de algunos relajantes, el Kanna suele promover la tranquilidad sin causar somnolencia.<\/p>\n<p class=\"\" data-start=\"550\" data-end=\"890\">La planta act\u00faa principalmente sobre el sistema de serotonina del organismo, produciendo una suave sensaci\u00f3n de euforia y relajaci\u00f3n. Muchos consumidores afirman que mejora la claridad mental y reduce la ansiedad social. Los efectos de la Kanna pueden variar seg\u00fan el m\u00e9todo de consumo y la dosis, desde una calma sutil hasta una sensaci\u00f3n de euforia m\u00e1s pronunciada.<\/p>\n<h2 class=\"\" data-start=\"897\" data-end=\"920\">Historia del Kanna<\/h2>\n<p class=\"\" data-start=\"922\" data-end=\"1139\">El uso del Kanna se remonta a cientos de a\u00f1os atr\u00e1s en las tribus ind\u00edgenas sudafricanas, especialmente los khoisan. Mascaban, fermentaban o preparaban infusiones de las hojas de la planta para combatir el estr\u00e9s, elevar el estado de \u00e1nimo y mejorar las experiencias sociales.<\/p>\n<p class=\"\" data-start=\"1141\" data-end=\"1402\">En el siglo XIX, colonos y bot\u00e1nicos holandeses documentaron la Kanna y la trajeron a Europa. Desde entonces, la planta ha pasado de ser un remedio tradicional regional a un suplemento herbario reconocido en todo el mundo, con extractos refinados que ofrecen beneficios concentrados.<\/p>\n<h2 class=\"\" data-start=\"1409\" data-end=\"1428\">C\u00f3mo utilizar Kanna<\/h2>\n<p class=\"\" data-start=\"1430\" data-end=\"1525\">Existen varios m\u00e9todos para consumir Kanna, cada uno de los cuales ofrece diferentes efectos y tiempos de aparici\u00f3n:<\/p>\n<ul data-start=\"1527\" data-end=\"1954\">\n<li class=\"\" data-start=\"1527\" data-end=\"1643\">\n<p class=\"\" data-start=\"1529\" data-end=\"1643\"><strong data-start=\"1529\" data-end=\"1540\">Masticar<\/strong>: El m\u00e9todo tradicional, en el que las hojas secas o el polvo se mastican y se mantienen en la boca para su absorci\u00f3n.<\/p>\n<\/li>\n<li class=\"\" data-start=\"1644\" data-end=\"1729\">\n<p class=\"\" data-start=\"1646\" data-end=\"1729\"><strong data-start=\"1646\" data-end=\"1653\">T\u00e9<\/strong>: La infusi\u00f3n de Kanna proporciona un efecto calmante m\u00e1s lento y sostenido.<\/p>\n<\/li>\n<li class=\"\" data-start=\"1730\" data-end=\"1846\">\n<p class=\"\" data-start=\"1732\" data-end=\"1846\"><strong data-start=\"1732\" data-end=\"1744\">Apagando<\/strong>: La inhalaci\u00f3n de polvo finamente molido provoca una aparici\u00f3n m\u00e1s r\u00e1pida de los efectos, aunque este m\u00e9todo es menos com\u00fan.<\/p>\n<\/li>\n<li class=\"\" data-start=\"1847\" data-end=\"1954\">\n<p class=\"\" data-start=\"1849\" data-end=\"1954\"><strong data-start=\"1849\" data-end=\"1861\">Extracts<\/strong>: Los extractos modernos ofrecen efectos potentes en dosis m\u00e1s peque\u00f1as, lo que los hace populares por su comodidad.<\/p>\n<\/li>\n<\/ul>\n<p class=\"\" data-start=\"1956\" data-end=\"2184\">Se recomienda empezar con una dosis baja y ajustarla gradualmente en funci\u00f3n de la sensibilidad personal. La combinaci\u00f3n de Kanna con otras sustancias, especialmente las que afectan a la serotonina, debe abordarse con precauci\u00f3n o evitarse por completo.<\/p>\n<h2 class=\"\" data-start=\"2191\" data-end=\"2221\">Ingredientes activos en Kanna<\/h2>\n<p class=\"\" data-start=\"2223\" data-end=\"2345\">El Kanna debe sus efectos a un grupo de alcaloides que interact\u00faan con el sistema de serotonina del cerebro. Los compuestos clave incluyen:<\/p>\n<ul data-start=\"2347\" data-end=\"2570\">\n<li class=\"\" data-start=\"2347\" data-end=\"2420\">\n<p class=\"\" data-start=\"2349\" data-end=\"2420\"><strong data-start=\"2349\" data-end=\"2363\">Mesembrina<\/strong>: Conocido por sus propiedades para levantar el \u00e1nimo y combatir la ansiedad.<\/p>\n<\/li>\n<li class=\"\" data-start=\"2421\" data-end=\"2494\">\n<p class=\"\" data-start=\"2423\" data-end=\"2494\"><strong data-start=\"2423\" data-end=\"2439\">Mesembrenona<\/strong>: Ayuda a reducir el estr\u00e9s y a mejorar la claridad mental.<\/p>\n<\/li>\n<li class=\"\" data-start=\"2495\" data-end=\"2570\">\n<p class=\"\" data-start=\"2497\" data-end=\"2570\"><strong data-start=\"2497\" data-end=\"2512\">Mesembrenol<\/strong>: Contribuye a los efectos calmantes generales de la planta.<\/p>\n<\/li>\n<\/ul>\n<p class=\"\" data-start=\"2572\" data-end=\"2803\">Estos compuestos naturales proporcionan un enfoque suave y equilibrado del apoyo al estado de \u00e1nimo, ofreciendo una alternativa vegetal a los relajantes sint\u00e9ticos con menos riesgos de efectos secundarios adversos. No obstante, es esencial un uso responsable e informado.<\/p>\n<p data-start=\"2810\" data-end=\"2835\"><strong>Seguridad y precauciones<\/strong><\/p>\n<p class=\"\" data-start=\"2837\" data-end=\"3110\">Aunque el Kanna suele tolerarse bien, debe utilizarse con precauci\u00f3n. No debe combinarse con antidepresivos u otros medicamentos que influyan en la serotonina, ya que pueden producirse interacciones perjudiciales. Adem\u00e1s, las mujeres embarazadas o en per\u00edodo de lactancia deben evitar el uso de Kanna.<\/p>\n<p class=\"\" data-start=\"3112\" data-end=\"3223\">Consulte siempre con un profesional sanitario antes de introducir Kanna o cualquier otro suplemento nuevo en su rutina.<\/p>","protected":false},"excerpt":{"rendered":"<p><span style=\"color: #000000;\">Kanna <\/span><span style=\"color: #000000;\">polvo primero tiene ligeros efectos energ\u00e9ticos estimulantes. Seguido de una transici\u00f3n hacia la estimulaci\u00f3n y la relajaci\u00f3n. Este polvo Kanna te hace en\u00e9rgico, excitante y euf\u00f3rico en dosis bajas y relajado en dosis m\u00e1s altas.<br \/>\n<\/span><\/p>","protected":false},"featured_media":126902,"template":"","meta":[],"product_brand":[],"product_cat":[600,297,508,476],"product_tag":[],"class_list":{"0":"post-8553","1":"product","2":"type-product","3":"status-publish","4":"has-post-thumbnail","6":"product_cat-mcmystic","7":"product_cat-all-products","8":"product_cat-kanna","9":"product_cat-smartshop","11":"first","12":"instock","13":"taxable","14":"shipping-taxable","15":"purchasable","16":"product-type-simple"},"_links":{"self":[{"href":"https:\/\/www.tatanka.nl\/es\/wp-json\/wp\/v2\/product\/8553","targetHints":{"allow":["GET"]}}],"collection":[{"href":"https:\/\/www.tatanka.nl\/es\/wp-json\/wp\/v2\/product"}],"about":[{"href":"https:\/\/www.tatanka.nl\/es\/wp-json\/wp\/v2\/types\/product"}],"wp:featuredmedia":[{"embeddable":true,"href":"https:\/\/www.tatanka.nl\/es\/wp-json\/wp\/v2\/media\/126902"}],"wp:attachment":[{"href":"https:\/\/www.tatanka.nl\/es\/wp-json\/wp\/v2\/media?parent=8553"}],"wp:term":[{"taxonomy":"product_brand","embeddable":true,"href":"https:\/\/www.tatanka.nl\/es\/wp-json\/wp\/v2\/product_brand?post=8553"},{"taxonomy":"product_cat","embeddable":true,"href":"https:\/\/www.tatanka.nl\/es\/wp-json\/wp\/v2\/product_cat?post=8553"},{"taxonomy":"product_tag","embeddable":true,"href":"https:\/\/www.tatanka.nl\/es\/wp-json\/wp\/v2\/product_tag?post=8553"}],"curies":[{"name":"wp","href":"https:\/\/api.w.org\/{rel}","templated":true}]}}