{"id":8561,"date":"2018-01-05T14:16:41","date_gmt":"2018-01-05T14:16:41","guid":{"rendered":"http:\/\/www.tatanka.nl\/?post_type=product&#038;p=8561"},"modified":"2025-05-20T10:55:42","modified_gmt":"2025-05-20T09:55:42","slug":"ginkgo-biloba","status":"publish","type":"product","link":"https:\/\/www.tatanka.nl\/es\/ginkgo-biloba\/","title":{"rendered":"Ginkgo Biloba"},"content":{"rendered":"<h2>\u00bfQu\u00e9 es el Ginkgo Biloba?<\/h2>\n<p>El Ginkgo Biloba, a menudo conocido como \u00e1rbol del templo japon\u00e9s o \u00e1rbol de la nuez japonesa, es una antigua especie arb\u00f3rea que existe desde hace millones de a\u00f1os. Originario de China, este \u00e1rbol es venerado por sus numerosos beneficios para la salud y su importancia simb\u00f3lica, especialmente en Asia. A pesar de su nombre, el Ginkgo Biloba no produce frutos secos, sino semillas apreciadas por sus propiedades medicinales.<\/p>\n<p>El \u00e1rbol es conocido por su alto contenido en antioxidantes, en particular flavonoides, ginkg\u00f3lidos y bilob\u00e1lidos, que pueden ayudar a proteger el organismo del estr\u00e9s oxidativo. En el bienestar moderno, el Ginkgo Biloba se utiliza habitualmente como suplemento para mejorar la circulaci\u00f3n, la memoria y la claridad mental. Muchas personas incorporan el Ginkgo Biloba a su rutina diaria para aumentar la concentraci\u00f3n, los niveles de energ\u00eda y la funci\u00f3n cognitiva general.<\/p>\n<p>Indian Elements' Ginkgo Biloba est\u00e1 elaborado con hojas puras de Ginkgo Biloba de alta calidad. Este suplemento ofrece una forma natural y segura de experimentar los beneficios de este \u00e1rbol milenario. Si usted est\u00e1 buscando una mejor concentraci\u00f3n mental o mejorar la circulaci\u00f3n, Ginkgo Biloba de Indian Elements puede apoyar su bienestar general.<\/p>\n<h2>Historia del Ginkgo Biloba<\/h2>\n<p>El Ginkgo Biloba ocupa un lugar especial tanto en la historia bot\u00e1nica como en la medicina tradicional. A menudo se considera la especie arb\u00f3rea m\u00e1s antigua del mundo, con f\u00f3siles que datan de hace m\u00e1s de 270 millones de a\u00f1os. Su notable resistencia le ha permitido sobrevivir a cat\u00e1strofes naturales y cambios clim\u00e1ticos, convirti\u00e9ndolo en un s\u00edmbolo de longevidad y vitalidad. Aunque es originario de China, se ha cultivado en todo el mundo por sus posibles beneficios para la salud.<\/p>\n<p>A lo largo de la historia, el Ginkgo Biloba ha sido venerado en la medicina tradicional, especialmente en Asia Oriental. En la antigua medicina china, se cre\u00eda que mejoraba la memoria y la claridad mental, adem\u00e1s de promover el bienestar general. El ginkgo tambi\u00e9n se consideraba un \u00e1rbol sagrado, a menudo plantado en templos budistas debido a su resistencia y longevidad.<\/p>\n<p>En el siglo XVIII, el Ginkgo Biloba empez\u00f3 a ganar reconocimiento en Europa, donde se estudiaron sus posibles propiedades medicinales. Con el tiempo, las investigaciones revelaron que los compuestos exclusivos del Ginkgo pod\u00edan ayudar en diversas afecciones, lo que llev\u00f3 a su uso generalizado como suplemento diet\u00e9tico en los tiempos modernos. Hoy en d\u00eda, el Ginkgo Biloba es conocido en todo el mundo como remedio natural para mejorar la circulaci\u00f3n y la funci\u00f3n cognitiva.<\/p>\n<h2>C\u00f3mo utilizar el Ginkgo Biloba<\/h2>\n<p>Indian Elements' Ginkgo Biloba est\u00e1 dise\u00f1ado para que sea f\u00e1cil de incorporar a su rutina diaria. La dosis recomendada es de 1 gramo al d\u00eda, que puede tomarse con agua o a\u00f1adirse a batidos u otras bebidas. Para obtener los mejores resultados, se aconseja tomar Ginkgo Biloba de forma constante a lo largo del tiempo para experimentar todos sus beneficios.<\/p>\n<p>El Ginkgo Biloba suele consumirse como suplemento en forma de polvo o c\u00e1psulas. Sin embargo, tambi\u00e9n puede tomarse en infusi\u00f3n, lo que permite disfrutar de las propiedades de la planta en una bebida caliente y relajante. Es importante tener en cuenta que, aunque el Ginkgo Biloba puede proporcionar diversos beneficios para la salud, sus efectos pueden tardar alg\u00fan tiempo en hacerse notar, por lo que es mejor tomarlo con regularidad y ser paciente.<\/p>\n<p>Como con cualquier suplemento, es esencial seguir la dosis recomendada y consultar con un profesional de la salud si usted tiene alguna condici\u00f3n de salud subyacente o est\u00e1 tomando medicamentos. Indian Elements asegura que su Ginkgo Biloba es 100% natural, vegano y libre de aditivos, por lo que es una opci\u00f3n limpia y eficaz para su rutina de salud.<\/p>\n<h2>Ingredientes del Ginkgo Biloba<\/h2>\n<p>Indian Elements' Ginkgo Biloba suplemento contiene un ingrediente principal: <strong>Ginkgo Biloba<\/strong>. Este ingrediente es conocido por sus potentes propiedades antioxidantes, que ayudan a proteger el organismo del da\u00f1o oxidativo. Las hojas del \u00e1rbol Ginkgo Biloba contienen flavonoides, ginkg\u00f3lidos y bilob\u00e1lidos, compuestos que contribuyen a los beneficios de esta hierba para la salud.<\/p>\n<p>Los flavonoides son conocidos por su capacidad para combatir los radicales libres y reducir la inflamaci\u00f3n, mientras que se ha demostrado que los ginkg\u00f3lidos y los bilob\u00e1lidos mejoran la circulaci\u00f3n sangu\u00ednea y favorecen la funci\u00f3n cognitiva. Se cree que estos compuestos act\u00faan conjuntamente para mejorar la concentraci\u00f3n mental, la memoria y la salud general del cerebro.<\/p>\n<p>El Ginkgo Biloba tambi\u00e9n se ha relacionado con la salud del coraz\u00f3n, ya que mejora el flujo sangu\u00edneo y reduce el riesgo de co\u00e1gulos. Adem\u00e1s, puede ayudar a reducir los s\u00edntomas asociados con la ansiedad y la depresi\u00f3n al favorecer el equilibrio de los neurotransmisores en el cerebro. La pureza del Ginkgo Biloba Indian Elements' le garantiza que est\u00e1 recibiendo todos los beneficios de esta extraordinaria planta en su forma m\u00e1s potente.<\/p>\n<p><strong>Advertencia:<\/strong><br \/>\nUtilizar s\u00f3lo para mayores de 18 a\u00f1os. Mant\u00e9ngase fuera del alcance de los ni\u00f1os.<br \/>\nNo se recomienda para personas con afecciones renales o card\u00edacas, hipertensi\u00f3n o hipotensi\u00f3n, diabetes o que tomen medicamentos, drogas o alcohol. Se trata de un suplemento diet\u00e9tico y debe utilizarse como tal. No lo compre si el precinto est\u00e1 roto.<\/p>","protected":false},"excerpt":{"rendered":"<p>El Ginkgo Biloba, tambi\u00e9n conocido como el \u00c1rbol del Templo Japon\u00e9s, es un poderoso superalimento rico en antioxidantes que se ha utilizado durante miles de a\u00f1os por sus beneficios para la salud. Conocido por favorecer la circulaci\u00f3n, la concentraci\u00f3n mental y la memoria, este \u00e1rbol milenario ofrece una forma natural de aumentar la energ\u00eda y la concentraci\u00f3n. Indian Elements' Ginkgo Biloba est\u00e1 elaborado a partir de 100% hojas puras de Ginkgo Biloba, proporcionando un suplemento c\u00f3modo y eficaz para aquellos que buscan mejorar el rendimiento cognitivo.<\/p>","protected":false},"featured_media":125972,"template":"","meta":[],"product_brand":[],"product_cat":[597,297,513,476],"product_tag":[],"class_list":{"0":"post-8561","1":"product","2":"type-product","3":"status-publish","4":"has-post-thumbnail","6":"product_cat-indian-elements","7":"product_cat-all-products","8":"product_cat-party","9":"product_cat-smartshop","11":"first","12":"instock","13":"taxable","14":"shipping-taxable","15":"purchasable","16":"product-type-variable"},"_links":{"self":[{"href":"https:\/\/www.tatanka.nl\/es\/wp-json\/wp\/v2\/product\/8561","targetHints":{"allow":["GET"]}}],"collection":[{"href":"https:\/\/www.tatanka.nl\/es\/wp-json\/wp\/v2\/product"}],"about":[{"href":"https:\/\/www.tatanka.nl\/es\/wp-json\/wp\/v2\/types\/product"}],"wp:featuredmedia":[{"embeddable":true,"href":"https:\/\/www.tatanka.nl\/es\/wp-json\/wp\/v2\/media\/125972"}],"wp:attachment":[{"href":"https:\/\/www.tatanka.nl\/es\/wp-json\/wp\/v2\/media?parent=8561"}],"wp:term":[{"taxonomy":"product_brand","embeddable":true,"href":"https:\/\/www.tatanka.nl\/es\/wp-json\/wp\/v2\/product_brand?post=8561"},{"taxonomy":"product_cat","embeddable":true,"href":"https:\/\/www.tatanka.nl\/es\/wp-json\/wp\/v2\/product_cat?post=8561"},{"taxonomy":"product_tag","embeddable":true,"href":"https:\/\/www.tatanka.nl\/es\/wp-json\/wp\/v2\/product_tag?post=8561"}],"curies":[{"name":"wp","href":"https:\/\/api.w.org\/{rel}","templated":true}]}}