{"id":8636,"date":"2017-01-06T16:23:32","date_gmt":"2017-01-06T14:23:32","guid":{"rendered":"http:\/\/www.tatanka.nl\/?post_type=product&#038;p=8636"},"modified":"2026-03-31T15:20:46","modified_gmt":"2026-03-31T14:20:46","slug":"trip-stopper","status":"publish","type":"product","link":"https:\/\/www.tatanka.nl\/es\/trip-stopper\/","title":{"rendered":"Bad Trip Stopper"},"content":{"rendered":"<h2 data-start=\"51\" data-end=\"77\">\u00bfQu\u00e9 es Trip Stopper?<\/h2>\n<p data-start=\"78\" data-end=\"395\">Trip Stopper es un suplemento especializado dise\u00f1ado para ayudar a las personas durante las experiencias psicod\u00e9licas. Ayuda a promover la calma y reduce el malestar o la ansiedad que pueden surgir durante un viaje. Tanto si eres nuevo en el mundo de los psicod\u00e9licos como si ya tienes experiencia, Trip Stopper te ofrece una forma de sentirte m\u00e1s estable y en control.<\/p>\n<p data-start=\"397\" data-end=\"768\">Este suplemento no detiene por completo un viaje, pero ayuda a los usuarios a mantener los pies en la tierra. Los comprimidos de dextrosa proporcionan energ\u00eda r\u00e1pida y ayudan a estabilizar los niveles de az\u00facar en sangre, mientras que las c\u00e1psulas de valeriana favorecen la relajaci\u00f3n. Juntos, estos ingredientes ayudan a controlar las sensaciones emocionales y f\u00edsicas que acompa\u00f1an a un viaje psicod\u00e9lico, facilitando la superaci\u00f3n de los momentos dif\u00edciles.<\/p>\n<p data-start=\"770\" data-end=\"915\">Al ofrecer una sensaci\u00f3n de control y estabilidad, Trip Stopper es un valioso compa\u00f1ero para quienes buscan una experiencia m\u00e1s suave y manejable.<\/p>\n<h2 data-start=\"917\" data-end=\"945\">Historia de Trip Stopper<\/h2>\n<p data-start=\"946\" data-end=\"1343\">Trip Stopper se desarroll\u00f3 en respuesta al creciente inter\u00e9s por los psicod\u00e9licos y la necesidad de un apoyo natural durante los viajes. A medida que m\u00e1s personas exploran los psicod\u00e9licos, se ha reconocido ampliamente la importancia de mantener un entorno equilibrado y seguro. Esta f\u00f3rmula, basada en a\u00f1os de investigaci\u00f3n, combina dextrosa y valeriana, dos conocidos agentes naturales de apoyo energ\u00e9tico y relajaci\u00f3n.<\/p>\n<p data-start=\"1345\" data-end=\"1684\">La valeriana se utiliza desde hace mucho tiempo en la fitoterapia por sus propiedades calmantes, que ayudan a reducir el estr\u00e9s y la ansiedad. La dextrosa, un az\u00facar simple, proporciona un r\u00e1pido impulso de energ\u00eda, especialmente \u00fatil durante las experiencias psicod\u00e9licas intensas. Al mezclar estos dos ingredientes, Trip Stopper ofrece una forma hol\u00edstica de gestionar los viajes de forma eficaz.<\/p>\n<p data-start=\"1686\" data-end=\"1865\">Aunque no puede eliminar los efectos de un viaje, Trip Stopper tranquiliza y ayuda a los usuarios a mantener la compostura, lo que lo convierte en una herramienta \u00fatil para navegar por las experiencias psicod\u00e9licas.<\/p>\n<h2 data-start=\"1867\" data-end=\"1895\">C\u00f3mo utilizar Trip Stopper<\/h2>\n<p data-start=\"1896\" data-end=\"1967\">Trip Stopper es f\u00e1cil de usar. Siga estos pasos para obtener los mejores resultados:<\/p>\n<ol data-start=\"1969\" data-end=\"2418\">\n<li data-start=\"1969\" data-end=\"2140\">Toma <strong data-start=\"1977\" data-end=\"2001\">dos comprimidos de Dextrosa<\/strong> y dejar que se disuelvan lentamente en la boca. Esto garantiza que el az\u00facar se absorba eficazmente, ayudando a reducir la intensidad del viaje.<\/li>\n<li data-start=\"2141\" data-end=\"2247\">Tr\u00e1gate el <strong data-start=\"2156\" data-end=\"2177\">Valeriana en c\u00e1psulas<\/strong> con un gran vaso de agua para favorecer la relajaci\u00f3n y calmar la ansiedad.<\/li>\n<li data-start=\"2248\" data-end=\"2418\">Espera sobre <strong data-start=\"2262\" data-end=\"2276\">10 minutos<\/strong> antes de comer algo s\u00f3lido, como una rebanada de pan. Esto permite que los ingredientes hagan efecto y estabiliza a\u00fan m\u00e1s los niveles de az\u00facar en sangre.<\/li>\n<\/ol>\n<p data-start=\"2420\" data-end=\"2667\">Para obtener resultados \u00f3ptimos, tome Trip Stopper en un <strong data-start=\"2464\" data-end=\"2499\">ambiente tranquilo y controlado<\/strong> donde podr\u00e1s centrarte en la relajaci\u00f3n y la conexi\u00f3n a tierra. Tanto si es tu primera vez como si tienes experiencia, estos sencillos pasos te ayudar\u00e1n a sentirte m\u00e1s preparado y en control.<\/p>\n<h2 data-start=\"2669\" data-end=\"2701\">Ingredientes de Trip Stopper<\/h2>\n<p data-start=\"2702\" data-end=\"2821\">Trip Stopper contiene dos ingredientes clave que act\u00faan conjuntamente para ayudar al cuerpo y a la mente durante un viaje psicod\u00e9lico:<\/p>\n<ul data-start=\"2823\" data-end=\"3248\">\n<li data-start=\"2823\" data-end=\"3022\"><strong data-start=\"2825\" data-end=\"2837\">Dextrosa<\/strong> - Un az\u00facar simple que proporciona una fuente de energ\u00eda instant\u00e1nea, ayudando a equilibrar los niveles de az\u00facar en sangre y a prevenir la fatiga. Esto ayuda a mantener la concentraci\u00f3n y el estado de alerta durante toda la experiencia.<\/li>\n<li data-start=\"3023\" data-end=\"3248\"><strong data-start=\"3025\" data-end=\"3037\">Valeriana<\/strong> - Un remedio natural a base de plantas conocido por sus efectos calmantes. La valeriana se ha utilizado durante siglos para reducir la ansiedad y promover la relajaci\u00f3n, por lo que es ideal para gestionar los aspectos mentales y emocionales de un viaje.<\/li>\n<\/ul>\n<p data-start=\"3250\" data-end=\"3511\">Juntos, estos ingredientes crean un <strong data-start=\"3287\" data-end=\"3308\">soluci\u00f3n equilibrada<\/strong> para quienes se sienten abrumados o ansiosos. Aunque Trip Stopper no detiene por completo una experiencia psicod\u00e9lica, ayuda a proporcionar una sensaci\u00f3n de estabilidad y paz para un viaje m\u00e1s suave y manejable.<\/p>\n<p data-start=\"3513\" data-end=\"3525\"><strong>Advertencia<\/strong><\/p>\n<p data-start=\"3526\" data-end=\"3582\" data-is-last-node=\"\">Mantener fuera del alcance de los ni\u00f1os. No es un medicamento.<\/p>","protected":false},"excerpt":{"rendered":"<p>Tanto para principiantes como para experimentados, el trip stopper puede ayudar a minimizar un mal viaje. En 20 - 30 minutos el viaje ser\u00e1 menos intenso y s\u00f3lo sabiendo que puedes parar el viaje podr\u00e1s disfrutar m\u00e1s de tu experiencia.<\/p>","protected":false},"featured_media":127320,"template":"","meta":[],"product_brand":[],"product_cat":[595,297,592,577,539,540,516,518,513,515,476,593,578],"product_tag":[662],"class_list":{"0":"post-8636","1":"product","2":"type-product","3":"status-publish","4":"has-post-thumbnail","6":"product_cat-mcsmart","7":"product_cat-all-products","8":"product_cat-beginner-magic-mushroom-grow-kits","9":"product_cat-beginner-magic-truffles","10":"product_cat-magic-mushroom-grow-kits","11":"product_cat-magic-mushroom-spore-syringes","12":"product_cat-magic-truffles","13":"product_cat-mushrooms","14":"product_cat-party","15":"product_cat-shroomshop","16":"product_cat-smartshop","17":"product_cat-strongest-magic-mushroom-grow-kits","18":"product_cat-strongest-magic-truffles","19":"product_tag-shrdeal","20":"product_shipping_class-creditcard-on","22":"first","23":"instock","24":"taxable","25":"shipping-taxable","26":"purchasable","27":"product-type-variable","28":"has-default-attributes"},"_links":{"self":[{"href":"https:\/\/www.tatanka.nl\/es\/wp-json\/wp\/v2\/product\/8636","targetHints":{"allow":["GET"]}}],"collection":[{"href":"https:\/\/www.tatanka.nl\/es\/wp-json\/wp\/v2\/product"}],"about":[{"href":"https:\/\/www.tatanka.nl\/es\/wp-json\/wp\/v2\/types\/product"}],"wp:featuredmedia":[{"embeddable":true,"href":"https:\/\/www.tatanka.nl\/es\/wp-json\/wp\/v2\/media\/127320"}],"wp:attachment":[{"href":"https:\/\/www.tatanka.nl\/es\/wp-json\/wp\/v2\/media?parent=8636"}],"wp:term":[{"taxonomy":"product_brand","embeddable":true,"href":"https:\/\/www.tatanka.nl\/es\/wp-json\/wp\/v2\/product_brand?post=8636"},{"taxonomy":"product_cat","embeddable":true,"href":"https:\/\/www.tatanka.nl\/es\/wp-json\/wp\/v2\/product_cat?post=8636"},{"taxonomy":"product_tag","embeddable":true,"href":"https:\/\/www.tatanka.nl\/es\/wp-json\/wp\/v2\/product_tag?post=8636"}],"curies":[{"name":"wp","href":"https:\/\/api.w.org\/{rel}","templated":true}]}}