{"id":8989,"date":"2018-01-12T18:25:35","date_gmt":"2018-01-12T18:25:35","guid":{"rendered":"http:\/\/www.tatanka.nl\/?post_type=product&#038;p=8989"},"modified":"2025-05-20T10:36:58","modified_gmt":"2025-05-20T09:36:58","slug":"damiana-capsules-sex","status":"publish","type":"product","link":"https:\/\/www.tatanka.nl\/es\/damiana-capsules-sex\/","title":{"rendered":"Damiana Capsules"},"content":{"rendered":"<h2 data-pm-slice=\"1 1 []\">\u00bfQu\u00e9 es la damiana?<\/h2>\n<p>La damiana es un peque\u00f1o arbusto arom\u00e1tico originario de Am\u00e9rica Central y del Sur. Cient\u00edficamente se conoce como <strong>Turnera difusa<\/strong>Esta planta pertenece a la familia de la pasiflora y se reconoce por sus flores de color amarillo brillante y sus hojas verdes.<\/p>\n<p>Durante siglos, las culturas ind\u00edgenas han utilizado la damiana por sus beneficios naturales para la salud, en particular como potenciador de la libido. Esta planta se relaciona a menudo con el aumento del deseo sexual, la mejora de la resistencia y el bienestar general. Adem\u00e1s de sus efectos afrodis\u00edacos, la damiana tambi\u00e9n es apreciada por sus suaves propiedades relajantes, que pueden ayudar a reducir el estr\u00e9s y promover la claridad mental. Si busca una forma natural de aumentar la energ\u00eda, elevar el estado de \u00e1nimo o mejorar la intimidad, la damiana puede ser el suplemento herbal perfecto para usted.<\/p>\n<h2>Historia de la damiana<\/h2>\n<p>El uso de la damiana se remonta a cientos de a\u00f1os, sobre todo en M\u00e9xico y otras partes de Am\u00e9rica Latina. Las tribus ind\u00edgenas valoraban mucho esta planta por sus propiedades medicinales y la utilizaban para tratar diversas dolencias f\u00edsicas y mejorar la salud sexual.<\/p>\n<p>La damiana se ha considerado tradicionalmente un potente afrodis\u00edaco, ya que se cree que estimula la libido, mejora el rendimiento sexual y aumenta las sensaciones. Las culturas antiguas utilizaban la damiana para preparar pociones de amor y t\u00f3nicos herbales destinados a favorecer la salud reproductiva y la vitalidad general. A lo largo de los a\u00f1os, esta planta ha mantenido su reputaci\u00f3n y sigue utiliz\u00e1ndose ampliamente en la fitoterapia moderna. En M\u00e9xico, incluso se infunde en algunas bebidas alcoh\u00f3licas tradicionales, como las margaritas, para potenciar sus efectos. Con su larga historia y sus poderosos beneficios, la damiana sigue siendo un remedio herbal muy solicitado por quienes buscan mejorar su bienestar de forma natural.<\/p>\n<h2>C\u00f3mo utilizar la damiana<\/h2>\n<p>La damiana se consume m\u00e1s com\u00fanmente en forma de c\u00e1psulas para una dosificaci\u00f3n f\u00e1cil y precisa. La dosis recomendada es <strong>una c\u00e1psula por toma<\/strong>Tomar con un vaso de agua. Para obtener resultados \u00f3ptimos, lo mejor es incorporar la damiana a una rutina de bienestar constante.<\/p>\n<p>Tanto hombres como mujeres pueden beneficiarse de las propiedades de la damiana. Mientras que algunos pueden experimentar sus efectos con relativa rapidez, otros pueden notar mejoras graduales con el tiempo. La damiana tambi\u00e9n puede combinarse con otros suplementos herbales, como la Muira Puama, para potenciar sus efectos energizantes y afrodis\u00edacos.<\/p>\n<p>Adem\u00e1s de potenciar la libido, la damiana se utiliza a menudo para promover la relajaci\u00f3n, reducir el estr\u00e9s y favorecer el bienestar emocional. Sus leves efectos psicoactivos se comparan a veces con los del cannabis, ya que ofrece una sensaci\u00f3n de calma sin intoxicar. Siga siempre la dosis recomendada y consulte a un profesional de la salud si tiene alguna duda sobre su uso.<\/p>\n<h2>Ingredientes de la damiana<\/h2>\n<p>Las c\u00e1psulas de damiana de Indian Elements contienen un solo principio activo:<\/p>\n<ul data-spread=\"false\">\n<li><strong>Turnera difusa<\/strong> (extracto de damiana)<\/li>\n<\/ul>\n<p>Esta formulaci\u00f3n pura y natural garantiza que usted reciba todos los beneficios de la damiana sin aditivos innecesarios. Indian Elements se dedica a proporcionar productos a base de hierbas de alta calidad que son <strong>100% natural y apto para veganos<\/strong>por lo que son una excelente opci\u00f3n para quienes buscan soluciones de bienestar basadas en plantas.<\/p>\n<div><\/div>\n<p><strong>Advertencia:<\/strong><br \/>\nEste producto est\u00e1 destinado a personas de <strong>Mayores de 18 a\u00f1os<\/strong>. Mant\u00e9ngase fuera del alcance de los ni\u00f1os. La damiana no debe utilizarse en combinaci\u00f3n con <strong>Inhibidores de la MAO<\/strong>. Las personas con afecciones renales o card\u00edacas, hipertensi\u00f3n o hipotensi\u00f3n, diabetes o bajo los efectos de medicamentos, drogas o alcohol deben evitar su uso. Se trata de un suplemento diet\u00e9tico y debe utilizarse como tal. No utilizar si el precinto est\u00e1 roto.<\/p>","protected":false},"excerpt":{"rendered":"<p data-pm-slice=\"1 1 []\">Experimente los beneficios naturales de la damiana. Este suplemento herbal \u00fanico es conocido por sus propiedades energizantes y afrodis\u00edacas. Tradicionalmente utilizada durante siglos, la damiana puede aumentar la libido, mejorar el estado de \u00e1nimo y proporcionar un suave efecto relajante. Ahora disponible en c\u00f3modas c\u00e1psulas, lo que facilita su incorporaci\u00f3n a la rutina diaria.<\/p>","protected":false},"featured_media":125960,"template":"","meta":[],"product_brand":[],"product_cat":[597,297,531,576,383,476],"product_tag":[],"class_list":{"0":"post-8989","1":"product","2":"type-product","3":"status-publish","4":"has-post-thumbnail","6":"product_cat-indian-elements","7":"product_cat-all-products","8":"product_cat-aphrodisiacs","9":"product_cat-sex-products-for-couples","10":"product_cat-sex-shop","11":"product_cat-smartshop","13":"first","14":"instock","15":"taxable","16":"shipping-taxable","17":"purchasable","18":"product-type-variable"},"_links":{"self":[{"href":"https:\/\/www.tatanka.nl\/es\/wp-json\/wp\/v2\/product\/8989","targetHints":{"allow":["GET"]}}],"collection":[{"href":"https:\/\/www.tatanka.nl\/es\/wp-json\/wp\/v2\/product"}],"about":[{"href":"https:\/\/www.tatanka.nl\/es\/wp-json\/wp\/v2\/types\/product"}],"wp:featuredmedia":[{"embeddable":true,"href":"https:\/\/www.tatanka.nl\/es\/wp-json\/wp\/v2\/media\/125960"}],"wp:attachment":[{"href":"https:\/\/www.tatanka.nl\/es\/wp-json\/wp\/v2\/media?parent=8989"}],"wp:term":[{"taxonomy":"product_brand","embeddable":true,"href":"https:\/\/www.tatanka.nl\/es\/wp-json\/wp\/v2\/product_brand?post=8989"},{"taxonomy":"product_cat","embeddable":true,"href":"https:\/\/www.tatanka.nl\/es\/wp-json\/wp\/v2\/product_cat?post=8989"},{"taxonomy":"product_tag","embeddable":true,"href":"https:\/\/www.tatanka.nl\/es\/wp-json\/wp\/v2\/product_tag?post=8989"}],"curies":[{"name":"wp","href":"https:\/\/api.w.org\/{rel}","templated":true}]}}