{"id":8999,"date":"2018-01-13T09:23:41","date_gmt":"2018-01-13T09:23:41","guid":{"rendered":"http:\/\/www.tatanka.nl\/?post_type=product&#038;p=8999"},"modified":"2025-05-20T10:35:58","modified_gmt":"2025-05-20T09:35:58","slug":"damiana-dried-herbs","status":"publish","type":"product","link":"https:\/\/www.tatanka.nl\/es\/damiana-dried-herbs\/","title":{"rendered":"Damiana Herbs"},"content":{"rendered":"<h2>\u00bfQu\u00e9 es la damiana?<\/h2>\n<p><strong>Damiana<\/strong> es un arbusto originario de Am\u00e9rica Central y del Sur, ampliamente reconocido por sus diversos usos terap\u00e9uticos. La hierba pertenece a la familia Passifloraceae y se caracteriza por sus caracter\u00edsticas flores amarillas y hojas verdes. En particular, la damiana es apreciada desde hace mucho tiempo por sus efectos sobre el bienestar sexual. Hist\u00f3ricamente, la planta ha sido utilizada por las culturas ind\u00edgenas de M\u00e9xico para aumentar la libido y mejorar el rendimiento sexual. Tambi\u00e9n se sabe que tiene propiedades psicoactivas suaves que favorecen la relajaci\u00f3n y una sensaci\u00f3n de bienestar, muy parecida a una forma suave de cannabis, aunque sin el THC.<\/p>\n<p>La damiana act\u00faa estimulando el sistema nervioso y mejorando el flujo sangu\u00edneo a las zonas genitales, lo que puede contribuir a aumentar el deseo sexual y mejorar el rendimiento. Aunque esta hierba se ha consumido tradicionalmente en forma de t\u00e9 u hojas secas, hoy en d\u00eda tambi\u00e9n est\u00e1 disponible en forma de suplemento, lo que facilita que las personas disfruten de sus beneficios de una manera c\u00f3moda y sencilla.<\/p>\n<h2>Historia de la damiana<\/h2>\n<p>La historia de <strong>Damiana<\/strong> se remonta a siglos atr\u00e1s, con un uso significativo por parte de los pueblos ind\u00edgenas en todo M\u00e9xico y en las regiones m\u00e1s amplias de Am\u00e9rica Central y del Sur. Era muy apreciada por las culturas antiguas, que la utilizaban con diversos fines medicinales, como la mejora de la salud sexual y el tratamiento de afecciones como la ansiedad, la depresi\u00f3n y la fatiga. La reputaci\u00f3n de la planta como afrodis\u00edaco estaba bien establecida, e incluso se incorporaba a rituales religiosos en algunas culturas nativas americanas.<\/p>\n<p>La importancia hist\u00f3rica de la damiana se remonta a su papel en las pr\u00e1cticas culturales, especialmente en M\u00e9xico, donde ha sido un elemento b\u00e1sico de la medicina tradicional. Incluso se utilizaba para elaborar una bebida alcoh\u00f3lica tradicional, el \"licor de damiana\", que sigue siendo popular hoy en d\u00eda. Con el tiempo, su reputaci\u00f3n de mejorar la vitalidad sexual ha persistido, y los usuarios modernos siguen recurriendo a la hierba para aumentar la libido y el bienestar general.<\/p>\n<p>A pesar de siglos de uso, la popularidad de la damiana no empez\u00f3 a extenderse internacionalmente hasta los siglos XIX y XX, a medida que crec\u00eda el inter\u00e9s por los remedios naturales y la medicina alternativa. Hoy en d\u00eda, sigue siendo muy utilizada por sus supuestos beneficios para la salud, como su capacidad para aumentar la energ\u00eda y mejorar el rendimiento sexual.<\/p>\n<h2>C\u00f3mo utilizar la damiana<\/h2>\n<p>Hay varias formas de incorporar <strong>Damiana<\/strong> para aprovechar sus beneficios. El m\u00e9todo m\u00e1s tradicional consiste en preparar un t\u00e9 con las hojas secas de la planta en agua caliente. De este modo se liberan los compuestos activos de la damiana, que proporcionan un suave efecto relajante y favorecen la salud sexual. El t\u00e9 de damiana puede tomarse solo o combinado con otras hierbas, como la Muira Puama, para mejorar la experiencia.<\/p>\n<p>Como alternativa, la damiana puede tomarse en forma de suplemento, una opci\u00f3n m\u00e1s c\u00f3moda para quienes prefieren una ingesta r\u00e1pida y sencilla. Es importante atenerse a la dosis recomendada, normalmente 1 gramo al d\u00eda, para poder disfrutar de los efectos energizantes y estimulantes de la libido de la hierba sin excederse. Como con cualquier suplemento, se recomienda empezar con una dosis baja e ir aument\u00e1ndola gradualmente para evaluar c\u00f3mo responde el cuerpo.<\/p>\n<p>Para quienes disfrutan del sabor de las infusiones, la damiana puede combinarse con otros ingredientes para crear una bebida agradable y beneficiosa. Tanto si la utilizas para relajarte tras un largo d\u00eda como para prepararte para una velada \u00edntima, esta hierba es flexible y f\u00e1cil de incorporar a tu estilo de vida.<\/p>\n<h2>Ingredientes de la damiana<\/h2>\n<p>El ingrediente principal de <strong>Damiana<\/strong> es la hoja de <em>Turnera difusa<\/em>planta originaria de Am\u00e9rica Central y del Sur. Las hojas de esta planta se recogen y secan cuidadosamente para preservar sus propiedades naturales. Aunque esta hierba es conocida por sus efectos afrodis\u00edacos, tambi\u00e9n contiene compuestos que favorecen la relajaci\u00f3n, reducen la ansiedad y mejoran el estado de \u00e1nimo.<\/p>\n<p>Los componentes activos de la damiana incluyen flavonoides, alcaloides y aceites esenciales, que act\u00faan conjuntamente para proporcionar una serie de beneficios. Estos compuestos tienen leves efectos estimulantes y relajantes sobre el sistema nervioso, que pueden contribuir a mejorar la concentraci\u00f3n, aumentar la energ\u00eda y mejorar la sensaci\u00f3n de bienestar. A pesar de sus efectos psicoactivos, la damiana no contiene THC, el compuesto responsable del \"subid\u00f3n\" asociado a la marihuana, lo que la convierte en una alternativa segura para quienes buscan un potenciador suave del estado de \u00e1nimo sin los efectos embriagadores.<\/p>\n<p><strong>Advertencia:<\/strong><\/p>\n<p>La damiana s\u00f3lo debe ser utilizada por personas mayores de 18 a\u00f1os. Debe mantenerse fuera del alcance de los ni\u00f1os. Las personas con afecciones card\u00edacas o renales, hipertensi\u00f3n o hipotensi\u00f3n, diabetes o que est\u00e9n bajo la influencia de medicamentos, drogas o alcohol deben evitar el uso de Damiana. No debe tomarse en combinaci\u00f3n con inhibidores de la MAO. Dado que este producto es un suplemento diet\u00e9tico, debe utilizarse como tal y no como sustituto de una dieta equilibrada. Aseg\u00farese de comprobar la integridad del precinto del envase antes de usarlo, ya que el producto no debe consumirse si el precinto est\u00e1 roto.<\/p>","protected":false},"excerpt":{"rendered":"<p><span style=\"color: #000000;\">La hierba del amor Damiana es una hierba misteriosa con efectos potenciadores de la libido y psicoactivos. Relaja y tiene un efecto euf\u00f3rico. Esta hierba seca Damiana es m\u00e1s ligera que el Extracto de Damiana 10x. Se puede preparar como t\u00e9 o fumarla.\u00a0 <\/span><\/p>","protected":false},"featured_media":125954,"template":"","meta":[],"product_brand":[],"product_cat":[597,297,531,576,573,383,476],"product_tag":[],"class_list":{"0":"post-8999","1":"product","2":"type-product","3":"status-publish","4":"has-post-thumbnail","6":"product_cat-indian-elements","7":"product_cat-all-products","8":"product_cat-aphrodisiacs","9":"product_cat-sex-products-for-couples","10":"product_cat-sex-products-top-10","11":"product_cat-sex-shop","12":"product_cat-smartshop","14":"first","15":"instock","16":"taxable","17":"shipping-taxable","18":"purchasable","19":"product-type-variable"},"_links":{"self":[{"href":"https:\/\/www.tatanka.nl\/es\/wp-json\/wp\/v2\/product\/8999","targetHints":{"allow":["GET"]}}],"collection":[{"href":"https:\/\/www.tatanka.nl\/es\/wp-json\/wp\/v2\/product"}],"about":[{"href":"https:\/\/www.tatanka.nl\/es\/wp-json\/wp\/v2\/types\/product"}],"wp:featuredmedia":[{"embeddable":true,"href":"https:\/\/www.tatanka.nl\/es\/wp-json\/wp\/v2\/media\/125954"}],"wp:attachment":[{"href":"https:\/\/www.tatanka.nl\/es\/wp-json\/wp\/v2\/media?parent=8999"}],"wp:term":[{"taxonomy":"product_brand","embeddable":true,"href":"https:\/\/www.tatanka.nl\/es\/wp-json\/wp\/v2\/product_brand?post=8999"},{"taxonomy":"product_cat","embeddable":true,"href":"https:\/\/www.tatanka.nl\/es\/wp-json\/wp\/v2\/product_cat?post=8999"},{"taxonomy":"product_tag","embeddable":true,"href":"https:\/\/www.tatanka.nl\/es\/wp-json\/wp\/v2\/product_tag?post=8999"}],"curies":[{"name":"wp","href":"https:\/\/api.w.org\/{rel}","templated":true}]}}