{"id":15152,"date":"2018-04-23T12:47:56","date_gmt":"2018-04-23T12:47:56","guid":{"rendered":"http:\/\/www.tatanka.nl\/?page_id=15152"},"modified":"2023-11-22T17:53:00","modified_gmt":"2023-11-22T15:53:00","slug":"about-us","status":"publish","type":"page","link":"https:\/\/www.tatanka.nl\/fr\/about-us\/","title":{"rendered":"\u00c0 propos de Tatanka"},"content":{"rendered":"<div id=\"gap-1789353831\" class=\"gap-element clearfix\" style=\"display:block; height:auto;\">\n\t\t\n<style>\n#gap-1789353831 {\n  padding-top: 30px;\n}\n<\/style>\n\t<\/div>\n\t\n\n<div class=\"container section-title-container\" ><h3 class=\"section-title section-title-normal\"><b aria-hidden=\"true\"><\/b><span class=\"section-title-main\" style=\"font-size:149%;\">\u00c0 propos de Tatanka<\/span><b aria-hidden=\"true\"><\/b><\/h3><\/div>\n\n<div class=\"row\"  id=\"row-1677034595\">\n\n\n\t<div id=\"col-619674923\" class=\"col medium-8 small-12 large-8\"  >\n\t\t\t\t<div class=\"col-inner\"  >\n\t\t\t\n\t\t\t\n\n<h2 data-animated=\"true\" data-animate=\"fadeInLeft\">L'exp\u00e9rience Tatanka depuis 1995<\/h2>\n<p data-animated=\"true\" data-animate=\"fadeInLeft\">Ceux qui souhaitent vivre une v\u00e9ritable \"exp\u00e9rience amstellodamoise\" ne peuvent pas passer \u00e0 c\u00f4t\u00e9 du smartshop Tatanka. Tatanka est un mot am\u00e9rindien qui d\u00e9signe le buffle, un animal totem qui a la capacit\u00e9 de guider les gens vers un esprit fort et ind\u00e9pendant.<\/p>\n<p data-animated=\"true\" data-animate=\"fadeInLeft\">Et c'est pr\u00e9cis\u00e9ment la mission de Tatanka Smartshop ! Ce n'est pas pour rien qu'une atmosph\u00e8re d'ouverture et de tol\u00e9rance r\u00e8gne dans notre magasin de produits naturels. Qu'il s'agisse de truffes magiques fra\u00eeches pour une exp\u00e9rience euphorique intense, de liquid-xtc pour un regain d'\u00e9nergie ou d'herbes pour intensifier votre vie sexuelle, Tatanka a ce qu'il vous faut : Tatanka a ce qu'il vous faut !<\/p>\n\n\t\t<\/div>\n\t\t\t\t\t<\/div>\n\n\t\n\n\t<div id=\"col-1076366655\" class=\"col medium-4 small-12 large-4 small-col-first\"  >\n\t\t\t\t<div class=\"col-inner\"  >\n\t\t\t\n\t\t\t\n\n\t<div class=\"img has-hover x md-x lg-x y md-y lg-y\" id=\"image_846973717\">\n\t\t\t\t\t\t\t\t<div class=\"img-inner dark\" >\n\t\t\t<img loading=\"lazy\" decoding=\"async\" width=\"512\" height=\"512\" src=\"https:\/\/www.tatanka.nl\/wp-content\/uploads\/2018\/05\/Tatanka-Logo-512x512.jpg\" class=\"attachment-original size-original\" alt=\"- Tatanka.nl\" srcset=\"https:\/\/www.tatanka.nl\/wp-content\/uploads\/2018\/05\/Tatanka-Logo-512x512.jpg 512w, https:\/\/www.tatanka.nl\/wp-content\/uploads\/2018\/05\/Tatanka-Logo-512x512-420x420.jpg 420w, https:\/\/www.tatanka.nl\/wp-content\/uploads\/2018\/05\/Tatanka-Logo-512x512-100x100.jpg 100w, https:\/\/www.tatanka.nl\/wp-content\/uploads\/2018\/05\/Tatanka-Logo-512x512-64x64.jpg 64w, https:\/\/www.tatanka.nl\/wp-content\/uploads\/2018\/05\/Tatanka-Logo-512x512-380x380.jpg 380w\" sizes=\"auto, (max-width: 512px) 100vw, 512px\" title=\"- Tatanka.nl\">\t\t\t\t\t\t\n\t\t\t\t\t<\/div>\n\t\t\t\t\t\t\t\t\n<style>\n#image_846973717 {\n  width: 100%;\n}\n<\/style>\n\t<\/div>\n\t\n\n\t<div id=\"gap-2097272441\" class=\"gap-element clearfix\" style=\"display:block; height:auto;\">\n\t\t\n<style>\n#gap-2097272441 {\n  padding-top: 10px;\n}\n<\/style>\n\t<\/div>\n\t\n\n\n\t\t<\/div>\n\t\t\t\t\t<\/div>\n\n\t\n\n<\/div>\n\n\t<section class=\"section dark\" id=\"section_1576210934\">\n\t\t<div class=\"section-bg fill\" >\n\t\t\t\t\t\t\t\t\t\n\t\t\t\n\n\t\t<\/div>\n\n\t\t\n\n\t\t<div class=\"section-content relative\">\n\t\t\t\n\n<div class=\"row row-large align-middle\"  id=\"row-1718541458\">\n\n\n\t<div id=\"col-1322996053\" class=\"col medium-6 small-12 large-6\"  >\n\t\t\t\t<div class=\"col-inner text-center\"  >\n\t\t\t\n\t\t\t\n\n\t<div class=\"img has-hover x md-x lg-x y md-y lg-y\" id=\"image_1698272065\">\n\t\t\t\t\t\t\t\t<div class=\"img-inner image-cover dark\" style=\"padding-top:75%;\">\n\t\t\t<img loading=\"lazy\" decoding=\"async\" width=\"1440\" height=\"404\" src=\"https:\/\/www.tatanka.nl\/wp-content\/uploads\/2018\/05\/Trip-Capsules-and-Liquid.jpg\" class=\"attachment-original size-original\" alt=\"- Tatanka.nl\" srcset=\"https:\/\/www.tatanka.nl\/wp-content\/uploads\/2018\/05\/Trip-Capsules-and-Liquid.jpg 1440w, https:\/\/www.tatanka.nl\/wp-content\/uploads\/2018\/05\/Trip-Capsules-and-Liquid-420x118.jpg 420w, https:\/\/www.tatanka.nl\/wp-content\/uploads\/2018\/05\/Trip-Capsules-and-Liquid-64x18.jpg 64w, https:\/\/www.tatanka.nl\/wp-content\/uploads\/2018\/05\/Trip-Capsules-and-Liquid-600x168.jpg 600w, https:\/\/www.tatanka.nl\/wp-content\/uploads\/2018\/05\/Trip-Capsules-and-Liquid-768x215.jpg 768w, https:\/\/www.tatanka.nl\/wp-content\/uploads\/2018\/05\/Trip-Capsules-and-Liquid-800x224.jpg 800w\" sizes=\"auto, (max-width: 1440px) 100vw, 1440px\" title=\"- Tatanka.nl\">\t\t\t\t\t\t\n\t\t\t\t\t<\/div>\n\t\t\t\t\t\t\t\t\n<style>\n#image_1698272065 {\n  width: 100%;\n}\n<\/style>\n\t<\/div>\n\t\n\n\t<div id=\"gap-2107514173\" class=\"gap-element clearfix\" style=\"display:block; height:auto;\">\n\t\t\n<style>\n#gap-2107514173 {\n  padding-top: 10px;\n}\n<\/style>\n\t<\/div>\n\t\n\n\n\t\t<\/div>\n\t\t\t\t\t<\/div>\n\n\t\n\n\t<div id=\"col-1407275119\" class=\"col medium-6 small-12 large-6\"  >\n\t\t\t\t<div class=\"col-inner text-left\"  >\n\t\t\t\n\t\t\t\n\n<h2 data-animated=\"true\" data-animate=\"fadeInLeft\">Votre guide exp\u00e9riment\u00e9 depuis Amsterdam.<\/h2>\n<p data-animated=\"true\" data-animate=\"fadeInLeft\">Ce qui est formidable, c'est que Tatanka n'est pas seulement un endroit o\u00f9 vous entrez pour acheter des produits psychoactifs, des uppers, des downers, du cbd et plus encore, mais vous pouvez \u00e9galement obtenir plus d'informations ici. Et c'est exactement ce qui rend Tatanka diff\u00e9rent. Vous pouvez compter sur notre \u00e9quipe pour des conseils honn\u00eates et experts.<\/p>\n<p data-animated=\"true\" data-animate=\"fadeInLeft\">Vous \u00eates ici au bon endroit si vous voulez savoir quel est l'effet d'un produit sur votre esprit et quelle influence il peut avoir sur vos sentiments et votre comportement.<\/p>\n\n\t\t<\/div>\n\t\t\t\t\t<\/div>\n\n\t\n\n<\/div>\n\n\t\t<\/div>\n\n\t\t\n<style>\n#section_1576210934 {\n  padding-top: 60px;\n  padding-bottom: 60px;\n  background-color: rgb(0,0,0);\n}\n<\/style>\n\t<\/section>\n\t\n\n\t<section class=\"section\" id=\"section_1861012662\">\n\t\t<div class=\"section-bg fill\" >\n\t\t\t\t\t\t\t\t\t\n\t\t\t\n\t<div class=\"is-border\"\n\t\tstyle=\"border-width:0px 0px 0px 0px;\">\n\t<\/div>\n\n\t\t<\/div>\n\n\t\t\n\n\t\t<div class=\"section-content relative\">\n\t\t\t\n\n<div class=\"row row-large align-middle\"  id=\"row-851407734\">\n\n\n\t<div id=\"col-769866404\" class=\"col medium-6 small-12 large-6\"  >\n\t\t\t\t<div class=\"col-inner text-left\"  >\n\t\t\t\n\t\t\t\n\n<h2 data-animated=\"true\" data-animate=\"fadeInLeft\">Visitez nos magasins Tatanka \u00e0 Amsterdam !<\/h2>\n<p data-animated=\"true\" data-animate=\"fadeInLeft\">Vous \u00eates en visite \u00e0 Amsterdam ? Alors vous \u00eates le bienvenu dans l'un de nos magasins d'Amsterdam. Nous avons 3 magasins ! Les produits que vous trouvez sur le webshop en ligne de Tatanka, vous les trouverez \u00e9galement dans nos magasins \u00e0 Amsterdam. <span id=\"ext-gen2322\"><\/span>Vivez la v\u00e9ritable exp\u00e9rience d'Amsterdam ! Nous sommes pr\u00eats !<\/p>\n<a href=\"https:\/\/www.tatanka.nl\/fr\/our-stores\/\" class=\"button primary box-shadow-2 box-shadow-4-hover\" >\n\t\t<span>Nos magasins<\/span>\n\t<\/a>\n\n\n\n\t\t<\/div>\n\t\t\t\t\t<\/div>\n\n\t\n\n\t<div id=\"col-199157376\" class=\"col medium-6 small-12 large-6 small-col-first\"  >\n\t\t\t\t<div class=\"col-inner\"  >\n\t\t\t\n\t\t\t\n\n\t<div class=\"img has-hover x md-x lg-x y md-y lg-y\" id=\"image_1995684004\">\n\t\t\t\t\t\t\t\t<div class=\"img-inner dark\" >\n\t\t\t<img loading=\"lazy\" decoding=\"async\" width=\"400\" height=\"275\" src=\"https:\/\/www.tatanka.nl\/wp-content\/uploads\/2018\/04\/Tatanka-Halve-Maan-Shop.jpg\" class=\"attachment-original size-original\" alt=\"- Tatanka.nl\" srcset=\"https:\/\/www.tatanka.nl\/wp-content\/uploads\/2018\/04\/Tatanka-Halve-Maan-Shop.jpg 400w, https:\/\/www.tatanka.nl\/wp-content\/uploads\/2018\/04\/Tatanka-Halve-Maan-Shop-64x44.jpg 64w\" sizes=\"auto, (max-width: 400px) 100vw, 400px\" title=\"- Tatanka.nl\">\t\t\t\t\t\t\n\t\t\t\t\t<\/div>\n\t\t\t\t\t\t\t\t\n<style>\n#image_1995684004 {\n  width: 100%;\n}\n<\/style>\n\t<\/div>\n\t\n\n\t<div id=\"gap-806787363\" class=\"gap-element clearfix\" style=\"display:block; height:auto;\">\n\t\t\n<style>\n#gap-806787363 {\n  padding-top: 10px;\n}\n<\/style>\n\t<\/div>\n\t\n\n\n\t\t<\/div>\n\t\t\t\t\t<\/div>\n\n\t\n\n<\/div>\n\n\t\t<\/div>\n\n\t\t\n<style>\n#section_1861012662 {\n  padding-top: 60px;\n  padding-bottom: 60px;\n  background-color: rgb(255, 255, 255);\n}\n<\/style>\n\t<\/section>\n\t\n\n\t<section class=\"section dark\" id=\"section_678823254\">\n\t\t<div class=\"section-bg fill\" >\n\t\t\t\t\t\t\t\t\t\n\t\t\t\n\t<div class=\"is-border\"\n\t\tstyle=\"border-width:0px 0px 0px 0px;\">\n\t<\/div>\n\n\t\t<\/div>\n\n\t\t\n\n\t\t<div class=\"section-content relative\">\n\t\t\t\n\n<div class=\"row row-large align-middle\"  id=\"row-139673209\">\n\n\n\t<div id=\"col-481791682\" class=\"col medium-6 small-12 large-6\"  >\n\t\t\t\t<div class=\"col-inner\"  >\n\t\t\t\n\t\t\t\n\n\t<div class=\"img has-hover x md-x lg-x y md-y lg-y\" id=\"image_686641945\">\n\t\t\t\t\t\t\t\t<div class=\"img-inner image-cover dark\" style=\"padding-top:75%;\">\n\t\t\t<img loading=\"lazy\" decoding=\"async\" width=\"420\" height=\"400\" src=\"https:\/\/www.tatanka.nl\/wp-content\/uploads\/2017\/10\/After-E-for-Detox.jpg\" class=\"attachment-original size-original\" alt=\"- Tatanka.nl\" srcset=\"https:\/\/www.tatanka.nl\/wp-content\/uploads\/2017\/10\/After-E-for-Detox.jpg 420w, https:\/\/www.tatanka.nl\/wp-content\/uploads\/2017\/10\/After-E-for-Detox-64x61.jpg 64w\" sizes=\"auto, (max-width: 420px) 100vw, 420px\" title=\"- Tatanka.nl\">\t\t\t\t\t\t\n\t\t\t\t\t<\/div>\n\t\t\t\t\t\t\t\t\n<style>\n#image_686641945 {\n  width: 100%;\n}\n<\/style>\n\t<\/div>\n\t\n\n\t<div id=\"gap-562944757\" class=\"gap-element clearfix\" style=\"display:block; height:auto;\">\n\t\t\n<style>\n#gap-562944757 {\n  padding-top: 10px;\n}\n<\/style>\n\t<\/div>\n\t\n\n\n\t\t<\/div>\n\t\t\t\t\t<\/div>\n\n\t\n\n\t<div id=\"col-1304755488\" class=\"col medium-6 small-12 large-6\"  >\n\t\t\t\t<div class=\"col-inner text-left\"  >\n\t\t\t\n\t\t\t\n\n<h2>D\u00e9couvrez divers produits \u00e0 base de plantes.<\/h2>\n<p>Chez Tatanka, nous prenons le temps pour vous et vous aussi ! Prenez le temps de jeter un coup d'\u0153il et de passer en revue tous nos produits avec lesquels vous pouvez vivre une exp\u00e9rience magique, lors d'une f\u00eate, \u00e0 la maison ou simplement dans la nature d'Amsterdam !<\/p>\n<p>Bien s\u00fbr, c'est l'endroit id\u00e9al pour toutes sortes de produits de qualit\u00e9 intelligente, tels que les uppers et les downers, comme le kanna ou le kratom, les graines de cannabis, les produits sexuels, les vitamines pour la r\u00e9cup\u00e9ration, l'huile et le liquide de cbd, les pipes \u00e0 eau, les vaporisateurs et bien d'autres choses encore !<\/p>\n\n\t\t<\/div>\n\t\t\t\t\t<\/div>\n\n\t\n\n<\/div>\n\n\t\t<\/div>\n\n\t\t\n<style>\n#section_678823254 {\n  padding-top: 60px;\n  padding-bottom: 60px;\n  background-color: rgb(0,0,0);\n}\n<\/style>\n\t<\/section>\n\t\n\n\t<section class=\"section\" id=\"section_1452748883\">\n\t\t<div class=\"section-bg fill\" >\n\t\t\t\t\t\t\t\t\t\n\t\t\t\n\t<div class=\"is-border\"\n\t\tstyle=\"border-width:0px 0px 0px 0px;\">\n\t<\/div>\n\n\t\t<\/div>\n\n\t\t\n\n\t\t<div class=\"section-content relative\">\n\t\t\t\n\n<div class=\"row row-large align-middle\"  id=\"row-1415700670\">\n\n\n\t<div id=\"col-434457696\" class=\"col medium-6 small-12 large-6\"  >\n\t\t\t\t<div class=\"col-inner text-left\"  >\n\t\t\t\n\t\t\t\n\n<h2 data-animated=\"true\" data-animate=\"fadeInLeft\">Commandez vos produits pr\u00e9f\u00e9r\u00e9s en ligne depuis Amsterdam !<\/h2>\n<p data-animated=\"true\" data-animate=\"fadeInLeft\">Occup\u00e9, occup\u00e9, occup\u00e9 ? Vous n'avez pas le temps de vous rendre dans l'un de nos magasins d'Amsterdam ? Ou vous vivez \u00e0 l'\u00e9tranger ? Nous proposons une vaste gamme de produits en ligne sur notre boutique en ligne, qui est constamment renouvel\u00e9e. <span id=\"ext-gen2322\"><\/span><\/p>\n<p data-animated=\"true\" data-animate=\"fadeInLeft\">Vous pouvez commander en ligne avec nous !<\/p>\n<a href=\"https:\/\/www.tatanka.nl\/fr\/\" class=\"button primary box-shadow-2 box-shadow-4-hover\" >\n\t\t<span>Acheter<\/span>\n\t<\/a>\n\n\n\n\t\t<\/div>\n\t\t\t\t\t<\/div>\n\n\t\n\n\t<div id=\"col-51063200\" class=\"col medium-6 small-12 large-6 small-col-first\"  >\n\t\t\t\t<div class=\"col-inner\"  >\n\t\t\t\n\t\t\t\n\n\t<div class=\"img has-hover x md-x lg-x y md-y lg-y\" id=\"image_1410395177\">\n\t\t\t\t\t\t\t\t<div class=\"img-inner dark\" >\n\t\t\t<img loading=\"lazy\" decoding=\"async\" width=\"600\" height=\"400\" src=\"https:\/\/www.tatanka.nl\/wp-content\/uploads\/2018\/05\/Discreet-Shipping-Tatanka.jpg\" class=\"attachment-original size-original\" alt=\"- Tatanka.nl\" srcset=\"https:\/\/www.tatanka.nl\/wp-content\/uploads\/2018\/05\/Discreet-Shipping-Tatanka.jpg 600w, https:\/\/www.tatanka.nl\/wp-content\/uploads\/2018\/05\/Discreet-Shipping-Tatanka-420x280.jpg 420w, https:\/\/www.tatanka.nl\/wp-content\/uploads\/2018\/05\/Discreet-Shipping-Tatanka-64x43.jpg 64w\" sizes=\"auto, (max-width: 600px) 100vw, 600px\" title=\"- Tatanka.nl\">\t\t\t\t\t\t\n\t\t\t\t\t<\/div>\n\t\t\t\t\t\t\t\t\n<style>\n#image_1410395177 {\n  width: 100%;\n}\n<\/style>\n\t<\/div>\n\t\n\n\t<div id=\"gap-198982283\" class=\"gap-element clearfix\" style=\"display:block; height:auto;\">\n\t\t\n<style>\n#gap-198982283 {\n  padding-top: 10px;\n}\n<\/style>\n\t<\/div>\n\t\n\n\n\t\t<\/div>\n\t\t\t\t\t<\/div>\n\n\t\n\n<\/div>\n\n\t\t<\/div>\n\n\t\t\n<style>\n#section_1452748883 {\n  padding-top: 60px;\n  padding-bottom: 60px;\n}\n<\/style>\n\t<\/section>","protected":false},"excerpt":{"rendered":"","protected":false},"author":1,"featured_media":0,"parent":0,"menu_order":0,"comment_status":"closed","ping_status":"closed","template":"page-blank.php","meta":{"footnotes":""},"class_list":["post-15152","page","type-page","status-publish","hentry"],"_links":{"self":[{"href":"https:\/\/www.tatanka.nl\/fr\/wp-json\/wp\/v2\/pages\/15152","targetHints":{"allow":["GET"]}}],"collection":[{"href":"https:\/\/www.tatanka.nl\/fr\/wp-json\/wp\/v2\/pages"}],"about":[{"href":"https:\/\/www.tatanka.nl\/fr\/wp-json\/wp\/v2\/types\/page"}],"author":[{"embeddable":true,"href":"https:\/\/www.tatanka.nl\/fr\/wp-json\/wp\/v2\/users\/1"}],"replies":[{"embeddable":true,"href":"https:\/\/www.tatanka.nl\/fr\/wp-json\/wp\/v2\/comments?post=15152"}],"version-history":[{"count":0,"href":"https:\/\/www.tatanka.nl\/fr\/wp-json\/wp\/v2\/pages\/15152\/revisions"}],"wp:attachment":[{"href":"https:\/\/www.tatanka.nl\/fr\/wp-json\/wp\/v2\/media?parent=15152"}],"curies":[{"name":"wp","href":"https:\/\/api.w.org\/{rel}","templated":true}]}}