{"id":1784,"date":"2017-09-13T15:56:09","date_gmt":"2017-09-13T15:56:09","guid":{"rendered":"http:\/\/www.tatanka.nl\/?page_id=1784"},"modified":"2021-08-24T12:29:53","modified_gmt":"2021-08-24T10:29:53","slug":"privacy-policy","status":"publish","type":"page","link":"https:\/\/www.tatanka.nl\/fr\/privacy-policy\/","title":{"rendered":"Politique de confidentialit\u00e9"},"content":{"rendered":"<div class=\"container section-title-container\" ><h1 class=\"section-title section-title-bold-center\"><b aria-hidden=\"true\"><\/b><span class=\"section-title-main\" style=\"font-size:131%;\">Politique de confidentialit\u00e9<\/span><b aria-hidden=\"true\"><\/b><\/h1><\/div>\n\n\n\n<p><strong>Politique de confidentialit\u00e9 Tatanka.nl \/ PePePe BV<\/strong><\/p>\n\n\n\n<figure class=\"wp-block-embed is-type-wp-embed is-provider-tatanka-amsterdam-webshop wp-block-embed-tatanka-amsterdam-webshop\"><div class=\"wp-block-embed__wrapper\">\n<blockquote class=\"wp-embedded-content\" data-secret=\"l4LiJkVko8\"><a href=\"https:\/\/www.tatanka.nl\/fr\/\">Page d'accueil<\/a><\/blockquote><iframe loading=\"lazy\" class=\"wp-embedded-content\" sandbox=\"allow-scripts\" security=\"restricted\" style=\"position: absolute; clip: rect(1px, 1px, 1px, 1px);\" title=\"&quot;Homepage&quot; - Tatanka Amsterdam Webshop\" src=\"https:\/\/www.tatanka.nl\/embed\/#?secret=l4LiJkVko8\" data-secret=\"l4LiJkVko8\" width=\"600\" height=\"338\" frameborder=\"0\" marginwidth=\"0\" marginheight=\"0\" scrolling=\"no\"><\/iframe>\n<\/div><\/figure>\n\n\n\n<p><strong>A propos de notre politique de confidentialit\u00e9<\/strong><\/p>\n\n\n\n<p>PePePe BV se soucie beaucoup de votre vie priv\u00e9e. Nous traitons exclusivement les donn\u00e9es dont nous avons besoin pour (am\u00e9liorer) nos services, et nous traitons avec soin toutes les informations recueillies sur vous et votre utilisation de nos services. Vos donn\u00e9es ne sont pas partag\u00e9es avec des tiers \u00e0 des fins commerciales. Cette politique de confidentialit\u00e9 s'applique \u00e0 l'utilisation du site web et des services fournis par PePePe BV. La date de d\u00e9but de validit\u00e9 de ces termes et conditions est le 07\/07\/2021, la publication d'une nouvelle version annule la validit\u00e9 de toutes les versions pr\u00e9c\u00e9dentes. Cette politique de confidentialit\u00e9 d\u00e9crit quelles informations vous concernant sont collect\u00e9es par nous, \u00e0 quelles fins ces donn\u00e9es sont utilis\u00e9es, avec qui et dans quelles conditions ces donn\u00e9es peuvent \u00eatre partag\u00e9es avec des tiers. Nous vous expliquons \u00e9galement comment nous stockons vos donn\u00e9es, comment nous les prot\u00e9geons contre les abus et quels sont vos droits concernant les donn\u00e9es personnelles que vous nous fournissez.<\/p>\n\n\n\n<p>Si vous avez des questions concernant notre politique de protection de la vie priv\u00e9e, veuillez contacter notre personne de contact pour la protection de la vie priv\u00e9e, dont les coordonn\u00e9es figurent \u00e0 la fin de notre politique de protection de la vie priv\u00e9e.<\/p>\n\n\n\n<p><strong>A propos de notre traitement de donn\u00e9es<\/strong><\/p>\n\n\n\n<p>Vous pouvez lire ci-dessous comment nous traitons vos donn\u00e9es, o\u00f9 nous les enregistrons, quelles techniques de s\u00e9curit\u00e9 nous utilisons et \u00e0 qui les donn\u00e9es sont visibles.<\/p>\n\n\n\n<p><strong>Logiciel de boutique en ligne<\/strong><\/p>\n\n\n\n<p><strong>WooCommerce<\/strong><\/p>\n\n\n\n<p>Nous utilisons les services d'h\u00e9bergement web et de courrier \u00e9lectronique fournis par WooCommerce. Pour l'h\u00e9bergement web, nous utilisons les services d'OtherDigital Ocean. Les donn\u00e9es personnelles recueillies lors de l'utilisation de notre site web et de nos services sont partag\u00e9es avec OtherDigital Ocean, qui a besoin d'acc\u00e9der \u00e0 ces donn\u00e9es pour offrir une assistance (technique). Ils n'utiliseront pas ces donn\u00e9es \u00e0 d'autres fins. OtherDigital Ocean a l'obligation, sur la base de l'accord que nous avons conclu avec eux, de prendre les pr\u00e9cautions et les mesures de s\u00e9curit\u00e9 n\u00e9cessaires lorsqu'il s'agit de vos donn\u00e9es personnelles.<\/p>\n\n\n\n<p><strong>WooCommerce<\/strong><\/p>\n\n\n\n<p>Notre boutique en ligne a \u00e9t\u00e9 d\u00e9velopp\u00e9e \u00e0 l'aide du logiciel WooCommerce. Nous h\u00e9bergeons notre boutique en ligne sur un serveur que nous g\u00e9rons nous-m\u00eames. Nous avons pris les pr\u00e9cautions et les mesures de s\u00e9curit\u00e9 n\u00e9cessaires en ce qui concerne vos donn\u00e9es personnelles, telles qu'un cryptage SSL et une politique de mot de passe fort.<\/p>\n\n\n\n<p><strong>Courrier \u00e9lectronique et listes de diffusion <\/strong><strong>MailChimp<\/strong><\/p>\n\n\n\n<p>Nous utilisons les services de courrier \u00e9lectronique de MailChimp, une tierce partie qui facilite le trafic de courrier \u00e9lectronique de notre site web et l'envoi \u00e9ventuel de bulletins d'information. Tous les courriels de confirmation que vous recevez de notre site web et de nos formulaires web vous sont envoy\u00e9s par les serveurs de MailChimp. MailChimp n'utilisera pas votre nom et votre adresse \u00e9lectronique \u00e0 ses propres fins. Au bas de chaque courriel automatis\u00e9 envoy\u00e9 \u00e0 partir de notre site web, vous trouverez un lien de \"d\u00e9sinscription\". En cliquant sur ce lien, vous ne recevrez plus d'e-mails automatis\u00e9s provenant de notre site web ; notez que cela peut affecter consid\u00e9rablement la fonctionnalit\u00e9 de notre site web. Vos donn\u00e9es personnelles seront stock\u00e9es, envoy\u00e9es et verrouill\u00e9es en toute s\u00e9curit\u00e9 par MailChimp. MailChimp utilise des cookies et d'autres technologies Internet qui permettent de savoir si les courriels sont ouverts et lus. En outre, MailChimp recueille des informations sur vous en tant que destinataire et sur les sujets de ces courriels dans le but d'am\u00e9liorer la qualit\u00e9 de son service ; ces donn\u00e9es sont conserv\u00e9es pendant 30 jours. MailChimp se r\u00e9serve le droit d'utiliser vos informations personnelles pour am\u00e9liorer ses services.<\/p>\n\n\n\n<p>et, dans ce contexte, les partager avec des tiers.<\/p>\n\n\n\n<p><strong>H\u00e9bergeur num\u00e9rique<\/strong><\/p>\n\n\n\n<p>Pour notre courrier \u00e9lectronique professionnel, nous utilisons les services de courrier \u00e9lectronique de Digital Ocean. Cette partie a mis en \u0153uvre des mesures techniques et organisationnelles appropri\u00e9es pour emp\u00eacher l'utilisation abusive, la perte ou la corruption de vos donn\u00e9es. Digital Webhost n'a pas acc\u00e8s \u00e0 notre bo\u00eete aux lettres et nous traitons notre trafic de courrier \u00e9lectronique de mani\u00e8re confidentielle.<\/p>\n\n\n\n<p><strong>Processeurs de paiement<\/strong><\/p>\n\n\n\n<p><strong>Pay.nl<\/strong><\/p>\n\n\n\n<p>Pour la conclusion et le traitement (d'une partie) de nos paiements dans notre boutique en ligne, nous utilisons le prestataire de services de paiement Pay.nl. Pay.nl traite votre nom, votre adresse et vos informations de r\u00e9sidence. Il traite \u00e9galement les informations relatives au paiement, telles que votre num\u00e9ro de compte bancaire ou de carte de cr\u00e9dit. Pay.nl a mis en place des mesures techniques et organisationnelles appropri\u00e9es pour prot\u00e9ger vos donn\u00e9es personnelles. Pay.nl se r\u00e9serve le droit d'utiliser vos donn\u00e9es personnelles (anonymes) pour am\u00e9liorer ses services et, dans ce contexte, de les partager avec des tiers. En cas de demande de report de paiement (facilit\u00e9 de cr\u00e9dit), Pay.nl partagera les informations personnelles et les informations relatives \u00e0 la commande avec le fournisseur de paiement appropri\u00e9. Toutes les garanties susmentionn\u00e9es concernant la protection de vos donn\u00e9es personnelles s'appliquent \u00e9galement aux services de Pay.nl qui font appel \u00e0 des tiers. Pay.nl ne conserve pas vos donn\u00e9es plus longtemps que les d\u00e9lais autoris\u00e9s par les bases l\u00e9gales appropri\u00e9es.<\/p>\n\n\n\n<p><strong>Commentaires<\/strong><\/p>\n\n\n\n<p><strong>WebwinkelKeur<\/strong><\/p>\n\n\n\n<p>Nous utilisons WebwinkelKeur pour recueillir des avis. Pour laisser un avis, vous devez indiquer votre adresse \u00e9lectronique, votre nom et votre lieu de r\u00e9sidence. WebwinkelKeur partage avec nous certaines donn\u00e9es qui sont n\u00e9cessaires pour que nous puissions faire correspondre votre commentaire \u00e0 votre commande. En outre, WebwinkelKeur publie votre nom et votre lieu de r\u00e9sidence sur son propre site web. Dans certains cas, WebwinkelKeur peut vous contacter pour vous demander de clarifier, d\u00e9velopper ou commenter votre avis. Dans le cas d'une de nos demandes d'\u00e9valuation, nous partageons votre nom et votre adresse e-mail avec WebwinkelKeur, qui utilise ces informations dans le seul but de vous inviter \u00e0 laisser une \u00e9valuation. WebwinkelKeur a mis en place des mesures techniques et organisationnelles appropri\u00e9es pour prot\u00e9ger vos donn\u00e9es personnelles. WebwinkelKeur conserve le droit d'utiliser vos informations personnelles pour offrir ses services et les partager avec des tiers, si nous avons donn\u00e9 \u00e0 WebwinkelKeur la permission de le faire. Toutes les garanties susmentionn\u00e9es concernant la protection de vos donn\u00e9es personnelles sont \u00e9galement applicables aux services de WebwinkelKeur qui font appel \u00e0 des tiers.<\/p>\n\n\n\n<p><strong>Transport et logistique Comptabilit\u00e9 et comptabilit\u00e9 Canaux de vente externes<\/strong><\/p>\n\n\n\n<p><strong>Finalit\u00e9 du traitement des donn\u00e9es<\/strong><\/p>\n\n\n\n<p><strong>Finalit\u00e9 g\u00e9n\u00e9rale du traitement des donn\u00e9es<\/strong><\/p>\n\n\n\n<p>Nous utilisons vos donn\u00e9es dans le seul but de vous fournir nos services. Cela signifie que l'objectif du traitement de ces donn\u00e9es est en relation directe avec la mission ou la t\u00e2che que vous nous proposez. Nous n'utilisons pas ces donn\u00e9es \u00e0 des fins de marketing (adress\u00e9). Si vous partagez des informations avec nous et que nous utilisons ces informations pour vous contacter ult\u00e9rieurement - sans que ce soit sur la base d'une demande - nous vous demanderons d'abord votre consentement explicite. Vos donn\u00e9es ne sont pas communiqu\u00e9es \u00e0 des tiers,<\/p>\n\n\n\n<p>\u00e0 toute autre fin que l'accomplissement d'obligations comptables et administratives. Ces tiers sont tous tenus \u00e0 un devoir de confidentialit\u00e9 sur la base de l'accord que nous avons conclu avec eux, d'un serment ou d'une obligation l\u00e9gale.<\/p>\n\n\n\n<p><strong>Donn\u00e9es collect\u00e9es automatiquement<\/strong><\/p>\n\n\n\n<p>Les informations recueillies automatiquement par notre site web sont trait\u00e9es dans le seul but de vous fournir et\/ou d'am\u00e9liorer nos services. Ces informations (par exemple votre adresse IP (anonymis\u00e9e), votre navigateur web et votre syst\u00e8me d'exploitation) ne sont pas des informations personnelles.<\/p>\n\n\n\n<p><strong>Coop\u00e9ration en mati\u00e8re d'enqu\u00eates fiscales et p\u00e9nales<\/strong><\/p>\n\n\n\n<p>Dans certains cas, nous pouvons \u00eatre contraints par le gouvernement \u00e0 une obligation l\u00e9gale de partager vos informations dans le but de contribuer \u00e0 une enqu\u00eate fiscale ou criminelle. Dans ce cas, nous sommes oblig\u00e9s de nous conformer et d'apporter notre aide, mais nous nous opposerons, sur la base de possibilit\u00e9s l\u00e9gales, \u00e0 la divulgation de ces informations.<\/p>\n\n\n\n<p><strong>D\u00e9lais de conservation<\/strong><\/p>\n\n\n\n<p>Nous conservons vos donn\u00e9es aussi longtemps que vous \u00eates client chez nous. Cela signifie que nous conservons votre profil de client jusqu'\u00e0 ce que vous nous fassiez savoir que vous ne souhaitez plus utiliser nos services. Ce message fait \u00e9galement office de demande d'oubli. Nous sommes tenus de conserver les factures contenant vos informations (personnelles) en raison d'obligations administratives pertinentes. Ces informations sont conserv\u00e9es en toute s\u00e9curit\u00e9 tant que la dur\u00e9e de validit\u00e9 de ces obligations n'est pas d\u00e9pass\u00e9e. Le personnel n'a plus acc\u00e8s \u00e0 votre profil de client et \u00e0 tous les documents cr\u00e9\u00e9s dans le cadre de votre mission ou de votre t\u00e2che.<\/p>\n\n\n\n<p><strong>Vos droits<\/strong><\/p>\n\n\n\n<p>En vertu de la l\u00e9gislation n\u00e9erlandaise et europ\u00e9enne en vigueur, vous disposez, en tant que partie concern\u00e9e, de certains droits en ce qui concerne les donn\u00e9es \u00e0 caract\u00e8re personnel trait\u00e9es par nous ou en notre nom. Vous trouverez ci-dessous une explication de ces droits et de la mani\u00e8re dont vous pouvez les faire valoir en tant que partie concern\u00e9e. Afin d'\u00e9viter les abus, nous n'envoyons les factures et les copies de vos donn\u00e9es qu'aux adresses \u00e9lectroniques que vous nous avez communiqu\u00e9es. Si vous souhaitez recevoir ces donn\u00e9es \u00e0 une autre adresse \u00e9lectronique ou, par exemple, par courrier, nous vous demanderons de vous identifier en cons\u00e9quence. Nous maintenons une administration des demandes conclues ; en cas de demande d'oubli, nous maintenons une administration des donn\u00e9es anonymes. Vous recevez toutes les factures et copies de donn\u00e9es dans des fichiers structur\u00e9s dans un format lisible par machine, sur la base des classifications de donn\u00e9es que nous utilisons dans notre syst\u00e8me. Vous conservez \u00e0 tout moment le droit de d\u00e9poser une plainte aupr\u00e8s de l'Autoriteit Persoonsgegevens si vous soup\u00e7onnez que nous traitons ou utilisons mal vos donn\u00e9es \u00e0 caract\u00e8re personnel.<\/p>\n\n\n\n<p><strong>Droit de regard<\/strong><\/p>\n\n\n\n<p>Vous conservez \u00e0 tout moment le droit de consulter les donn\u00e9es que nous traitons et qui ont un rapport avec votre personne ou qui peuvent \u00eatre r\u00e9duites \u00e0 votre personne. Vous pouvez en faire la demande aupr\u00e8s de notre personne de contact charg\u00e9e des questions de protection de la vie priv\u00e9e. Vous recevrez une r\u00e9ponse \u00e0 votre demande dans les 30 jours. Si votre demande est accept\u00e9e, nous vous enverrons, via l'adresse \u00e9lectronique que nous connaissons, une copie de toutes les donn\u00e9es avec un aper\u00e7u suppl\u00e9mentaire des sous-traitants qui g\u00e8rent ces donn\u00e9es, tout en mentionnant les cat\u00e9gories sous lesquelles nous stockons ces donn\u00e9es.<\/p>\n\n\n\n<p><strong>Droit de rectification<\/strong><\/p>\n\n\n\n<p>Vous conservez \u00e0 tout moment le droit de faire rectifier les donn\u00e9es que nous traitons et qui ont un rapport avec votre personne ou qui peuvent \u00eatre r\u00e9duites \u00e0 votre personne. Vous pouvez demander un tel ajustement \u00e0 notre contact en charge des questions de confidentialit\u00e9. Vous recevrez une r\u00e9ponse \u00e0 votre demande dans les 30 jours. Si votre demande est accept\u00e9e, nous vous enverrons, via l'adresse \u00e9lectronique que nous connaissons, une confirmation que les donn\u00e9es ont \u00e9t\u00e9 ajust\u00e9es.<\/p>\n\n\n\n<p><strong>Droit \u00e0 la limitation du traitement<\/strong><\/p>\n\n\n\n<p>Vous conservez \u00e0 tout moment le droit de limiter les donn\u00e9es que nous traitons et qui ont un rapport avec votre personne ou peuvent \u00eatre r\u00e9duites \u00e0 celle-ci. Vous pouvez demander une telle limitation \u00e0 notre personne de contact charg\u00e9e des questions de confidentialit\u00e9. Vous recevrez une r\u00e9ponse \u00e0 votre demande dans les 30 jours. Si votre demande est accept\u00e9e, nous vous enverrons, via l'adresse \u00e9lectronique que nous connaissons, une confirmation que le traitement de vos donn\u00e9es est limit\u00e9 jusqu'\u00e0 ce que vous d\u00e9cidiez d'annuler cette limitation.<\/p>\n\n\n\n<p><strong>Droit de transfert<\/strong><\/p>\n\n\n\n<p>Vous conservez \u00e0 tout moment le droit de demander que les donn\u00e9es que nous traitons et qui ont un rapport avec votre personne ou peuvent \u00eatre r\u00e9duites \u00e0 celle-ci soient trait\u00e9es par un tiers de votre choix. Vous pouvez adresser une telle demande \u00e0 notre personne de contact charg\u00e9e des questions de confidentialit\u00e9. Vous recevrez une r\u00e9ponse \u00e0 votre demande dans les 30 jours. Si votre demande est accept\u00e9e, nous vous enverrons, via l'adresse \u00e9lectronique que nous connaissons, vos factures (personnelles) ou des copies des donn\u00e9es que nous avons trait\u00e9es, ou que des tiers ont trait\u00e9es en notre nom. Dans ce cas, il est fort probable que nous ne puissions plus vous offrir nos services, car nous ne pouvons plus garantir la s\u00e9curit\u00e9 des donn\u00e9es ant\u00e9rieures.<\/p>\n\n\n\n<p><strong>Droit d'opposition et autres droits<\/strong><\/p>\n\n\n\n<p>Vous conservez \u00e0 tout moment le droit de vous opposer au traitement que nous effectuons, ou que des tiers effectuent en notre nom, de vos<\/p>\n\n\n\n<p>donn\u00e9es \u00e0 caract\u00e8re personnel. Dans le cas d'une telle objection, nous cesserons imm\u00e9diatement tout traitement de vos donn\u00e9es pendant que votre objection est examin\u00e9e et trait\u00e9e. En cas d'objection justifi\u00e9e, nous renverrons toutes les factures et\/ou copies des donn\u00e9es \u00e0 caract\u00e8re personnel que nous, ou des tiers agissant en notre nom, avons trait\u00e9es jusqu'\u00e0 ce moment-l\u00e0 et nous cesserons de les traiter par la suite. Vous avez \u00e9galement le droit de ne pas faire l'objet d'une prise de d\u00e9cision automatis\u00e9e ou d'un profilage. Nous traitons vos donn\u00e9es de mani\u00e8re \u00e0 ce que ce droit ne s'applique pas. Si vous estimez que ce droit s'applique, nous vous demandons de contacter notre personne de contact charg\u00e9e des questions de confidentialit\u00e9.<\/p>\n\n\n\n<p><strong>Modifications de la politique de confidentialit\u00e9<\/strong><\/p>\n\n\n\n<p>Nous nous r\u00e9servons le droit de modifier \u00e0 tout moment notre politique en mati\u00e8re de protection de la vie priv\u00e9e. Cette page affiche cependant toujours la version la plus r\u00e9cente de notre politique de confidentialit\u00e9. Si une nouvelle politique de confidentialit\u00e9 a des cons\u00e9quences sur la mani\u00e8re dont nous traitons les donn\u00e9es r\u00e9cemment collect\u00e9es concernant votre personne, nous vous en informerons par e-mail.<\/p>\n\n\n\n<p><strong>Coordonn\u00e9es de l'entreprise <\/strong><strong>PePePe BV<\/strong><\/p>\n\n\n\n<p>Sulky 6 J Zeewolde Nederland <strong>T <\/strong>(085) 016-0883 <strong>E <\/strong>info@tatanka.nl<\/p>","protected":false},"excerpt":{"rendered":"<p>Politique de confidentialit\u00e9 Tatanka.nl \/ PePePe BV \u00c0 propos de notre politique de confidentialit\u00e9 PePePe BV se pr\u00e9occupe beaucoup de votre vie priv\u00e9e. Nous traitons exclusivement les donn\u00e9es dont nous avons besoin pour (am\u00e9liorer) nos services, et nous traitons avec soin toutes les informations recueillies sur vous et votre utilisation de nos services. Vos donn\u00e9es ne sont pas partag\u00e9es avec des tiers \u00e0 des fins commerciales. Cette politique de confidentialit\u00e9...<\/p>","protected":false},"author":1,"featured_media":0,"parent":0,"menu_order":0,"comment_status":"closed","ping_status":"closed","template":"","meta":{"footnotes":""},"class_list":["post-1784","page","type-page","status-publish","hentry"],"_links":{"self":[{"href":"https:\/\/www.tatanka.nl\/fr\/wp-json\/wp\/v2\/pages\/1784","targetHints":{"allow":["GET"]}}],"collection":[{"href":"https:\/\/www.tatanka.nl\/fr\/wp-json\/wp\/v2\/pages"}],"about":[{"href":"https:\/\/www.tatanka.nl\/fr\/wp-json\/wp\/v2\/types\/page"}],"author":[{"embeddable":true,"href":"https:\/\/www.tatanka.nl\/fr\/wp-json\/wp\/v2\/users\/1"}],"replies":[{"embeddable":true,"href":"https:\/\/www.tatanka.nl\/fr\/wp-json\/wp\/v2\/comments?post=1784"}],"version-history":[{"count":0,"href":"https:\/\/www.tatanka.nl\/fr\/wp-json\/wp\/v2\/pages\/1784\/revisions"}],"wp:attachment":[{"href":"https:\/\/www.tatanka.nl\/fr\/wp-json\/wp\/v2\/media?parent=1784"}],"curies":[{"name":"wp","href":"https:\/\/api.w.org\/{rel}","templated":true}]}}