{"id":31614,"date":"2021-06-04T09:11:04","date_gmt":"2021-06-04T09:11:04","guid":{"rendered":"https:\/\/www.tatanka.nl\/?page_id=31614"},"modified":"2024-09-30T12:20:03","modified_gmt":"2024-09-30T11:20:03","slug":"staff-wanted","status":"publish","type":"page","link":"https:\/\/www.tatanka.nl\/fr\/staff-wanted\/","title":{"rendered":"Personnel recherch\u00e9"},"content":{"rendered":"<div id=\"gap-1296724484\" class=\"gap-element clearfix\" style=\"display:block; height:auto;\">\n\t\t\n<style>\n#gap-1296724484 {\n  padding-top: 40px;\n}\n<\/style>\n\t<\/div>\n\t\n\n<div class=\"row row-small\"  id=\"row-86082608\">\n\n\n\t<div id=\"col-550353009\" class=\"col small-12 large-12 small-col-first\"  >\n\t\t\t\t<div class=\"col-inner text-left box-shadow-3\"  >\n\t\t\t\n\t\t\t\n\n\t<div class=\"img has-hover x md-x lg-x y md-y lg-y\" id=\"image_164086569\">\n\t\t\t\t\t\t\t\t<div class=\"img-inner dark\" >\n\t\t\t<img loading=\"lazy\" decoding=\"async\" width=\"1440\" height=\"404\" src=\"https:\/\/www.tatanka.nl\/wp-content\/uploads\/2018\/05\/Psychedelic-Magic-Truffles-Amsterdam.jpg\" class=\"attachment-original size-original\" alt=\"- Tatanka.nl\" srcset=\"https:\/\/www.tatanka.nl\/wp-content\/uploads\/2018\/05\/Psychedelic-Magic-Truffles-Amsterdam.jpg 1440w, https:\/\/www.tatanka.nl\/wp-content\/uploads\/2018\/05\/Psychedelic-Magic-Truffles-Amsterdam-420x118.jpg 420w, https:\/\/www.tatanka.nl\/wp-content\/uploads\/2018\/05\/Psychedelic-Magic-Truffles-Amsterdam-64x18.jpg 64w, https:\/\/www.tatanka.nl\/wp-content\/uploads\/2018\/05\/Psychedelic-Magic-Truffles-Amsterdam-600x168.jpg 600w, https:\/\/www.tatanka.nl\/wp-content\/uploads\/2018\/05\/Psychedelic-Magic-Truffles-Amsterdam-768x215.jpg 768w, https:\/\/www.tatanka.nl\/wp-content\/uploads\/2018\/05\/Psychedelic-Magic-Truffles-Amsterdam-800x224.jpg 800w\" sizes=\"auto, (max-width: 1440px) 100vw, 1440px\" title=\"- Tatanka.nl\">\t\t\t\t\t\t\n\t\t\t\t\t<\/div>\n\t\t\t\t\t\t\t\t\n<style>\n#image_164086569 {\n  width: 100%;\n}\n<\/style>\n\t<\/div>\n\t\n\n<h1><span style=\"font-size: 120%;\">Vacatures<\/span><\/h1>\n<p>Nous sommes \u00e0 la recherche d'un assistant winkelmanager pour l'un de nos 3 magasins \u00e0 Amsterdam. Nous sommes \u00e0 la recherche d'un assistant manager pour l'un de nos trois magasins \u00e0 Amsterdam.<\/p>\n<p>Cliquez ici pour plus d'informations sur les vacances.<\/p>\n<div class=\"accordion\">\n\n\t<div id=\"accordion-728608845\" class=\"accordion-item\">\n\t\t<a id=\"accordion-728608845-label\" class=\"accordion-title plain active\" href=\"#accordion-item-verkoopmedewerker\" aria-expanded=\"true\" aria-controls=\"accordion-728608845-content\">\n\t\t\t<button class=\"toggle\" aria-label=\"Basculer\"><i class=\"icon-angle-down\" aria-hidden=\"true\"><\/i><\/button>\n\t\t\t<span>L'agent d'ex\u00e9cution<\/span>\n\t\t<\/a>\n\t\t<div id=\"accordion-728608845-content\" class=\"accordion-inner\" style=\"display: block;\" aria-labelledby=\"accordion-728608845-label\">\n\t\t\t\n\n<p>Vous \u00eates enthousiaste, courageux et vous aidez beaucoup de gens ? Nous sommes \u00e0 votre \u00e9coute !<\/p>\n<p>Pour nos trois Smartshop (le Headshop et deux filiales de Tatanka) dans le centre d'Amsterdam, nous sommes \u00e0 la recherche d'un fabricant de machines \u00e0 coudre. <\/p>\n<p><strong>Nous cherchons quelqu'un qui puisse nous aider :<\/strong><\/p>\n<p>- <strong>Pays-Bas<\/strong> fr <strong>Engels<\/strong> spreekt<br \/>- Les personnes qui ont un comportement positif peuvent apporter leur aide<br \/>- Il s'agit l\u00e0 d'une question de taille, mais aussi d'une question d'\u00e9quit\u00e9.<br \/>- L'objectif est atteint, le rapport d'\u00e9valuation est \u00e9tabli et les actions sont mises en \u0153uvre.<\/p>\n<p><strong>Nous sommes en mesure d'offrir un emploi direct aux personnes qui font partie de notre \u00e9quipe.<\/strong><\/p>\n<a href=\"mailto:job@tatanka.nl?subject=Aanmelding%20vacature%3A%20Verkoopmedewerker&#038;body=Hallo%2C%20ik%20heb%20interesse%20in%20de%20vacature%20van%20Verkoopmedewerker\" class=\"button primary is-shade is-larger box-shadow-4 box-shadow-5-hover\" style=\"border-radius:15px;\">\n\t\t<span>Courriel<\/span>\n\t<i class=\"icon-envelop\" aria-hidden=\"true\"><\/i><\/a>\n\n\n<p>----<\/p>\n<p>Vous \u00eates enthousiaste, comp\u00e9tent et vous aimez aider les gens ? Alors nous sommes \u00e0 votre recherche !<\/p>\n<p>Nous recherchons des vendeurs pour nos trois Smartshop (le Headshop et deux branches de Tatanka) dans le centre d'Amsterdam.<\/p>\n<p>Nous recherchons une personne qui :<\/p>\n<p>- parle le n\u00e9erlandais et l'anglais<br \/>\n- \u00catre capable d'aider les clients de mani\u00e8re positive<br \/>\n- Aime travailler ensemble, mais est \u00e9galement ind\u00e9pendant<br \/>\n- Il est perspicace, r\u00e9fl\u00e9chit de mani\u00e8re \u00e0 trouver des solutions et agit de mani\u00e8re proactive.<\/p>\n<p>Nous recherchons imm\u00e9diatement des personnes pour rejoindre notre \u00e9quipe<\/p>\n<a href=\"mailto:job@tatanka.nl?subject=Aanmelding%20vacature%3A%20Verkoopmedewerker&#038;body=Hallo%2C%20ik%20heb%20interesse%20in%20de%20vacature%20van%20Verkoopmedewerker\" class=\"button primary is-shade is-larger box-shadow-4 box-shadow-5-hover\" style=\"border-radius:15px;\">\n\t\t<span>Courriel<\/span>\n\t<i class=\"icon-envelop\" aria-hidden=\"true\"><\/i><\/a>\n\n\n\n\t\t<\/div>\n\t<\/div>\n\t\n\t<div id=\"accordion-704520631\" class=\"accordion-item\">\n\t\t<a id=\"accordion-704520631-label\" class=\"accordion-title plain\" href=\"#accordion-item-assistent-winkelmanager-m\/v-(30-40-uur)\" aria-expanded=\"false\" aria-controls=\"accordion-704520631-content\">\n\t\t\t<button class=\"toggle\" aria-label=\"Basculer\"><i class=\"icon-angle-down\" aria-hidden=\"true\"><\/i><\/button>\n\t\t\t<span>Assistent winkelmanager m\/v (30-40 uur)<\/span>\n\t\t<\/a>\n\t\t<div id=\"accordion-704520631-content\" class=\"accordion-inner\" aria-labelledby=\"accordion-704520631-label\">\n\t\t\t\n\n<p>Vous \u00eates enthousiaste, courageux et vous avez un grand nombre d'amis ? Nous sommes \u00e0 votre \u00e9coute !<\/p>\n<p>Pour nos trois Smartshop (le Headshop et deux filiales de Tatanka) dans le centre d'Amsterdam, nous sommes \u00e0 la recherche d'un assistant g\u00e9rant de magasin. Il s'agit d'un poste d'assistant manager de tous les magasins.<\/p>\n<p><strong>Nous cherchons quelqu'un qui puisse nous aider :<\/strong><\/p>\n<p>- <strong>Pays-Bas<\/strong> fr <strong>Engels<\/strong> spreekt<br \/>- Le monde est en pleine mutation<br \/>- Les hommes qui ont un comportement positif peuvent \u00eatre aid\u00e9s<br \/>- Dans l'int\u00e9r\u00eat de la zone, des mesures peuvent \u00eatre prises et des mesures peuvent \u00eatre prises.&nbsp;<br \/>- Il s'agit l\u00e0 d'une question de taille, mais aussi d'une question d'\u00e9quit\u00e9.<br \/>- L'objectif est atteint, le rapport d'\u00e9valuation est \u00e9tabli et les actions sont mises en \u0153uvre.<\/p>\n<p><strong>Voorkomende taken :<\/strong><\/p>\n<p>- Un r\u00f4le important pour la sant\u00e9 publique<br \/>- Les aides et les motivations de l'association<br \/>- Les mots s'appliquent et conseillent les clients<br \/>- Etude sur la d\u00e9termination et l'optimisation de l'espace de travail<br \/>- Mise \u00e0 jour des images<\/p>\n\t<div id=\"gap-1010880581\" class=\"gap-element clearfix\" style=\"display:block; height:auto;\">\n\t\t\n<style>\n#gap-1010880581 {\n  padding-top: 30px;\n}\n<\/style>\n\t<\/div>\n\t\n\n<a href=\"mailto:job@tatanka.nl?subject=Aanmelding%20vacature%3A%20Assistent%20winkelmanager&#038;body=Hallo%2C%20ik%20heb%20interesse%20in%20de%20vacature%20van%20Assistent%20winkelmanager!\" class=\"button primary is-shade is-larger box-shadow-4 box-shadow-5-hover\" style=\"border-radius:15px;\">\n\t\t<span>Courriel<\/span>\n\t<i class=\"icon-envelop\" aria-hidden=\"true\"><\/i><\/a>\n\n\n\n\t\t<\/div>\n\t<\/div>\n\t\n\n<\/div>\n\n\t\t<\/div>\n\t\t\t\t\n<style>\n#col-550353009 > .col-inner {\n  padding: 30px 30px 30px 30px;\n}\n<\/style>\n\t<\/div>\n\n\t\n\n<\/div>\n<div class=\"row row-small row-box-shadow-3\"  id=\"row-49119411\">\n\n\n\t<div id=\"col-381821666\" class=\"col medium-4 small-12 large-4\"  >\n\t\t\t\t<div class=\"col-inner\"  >\n\t\t\t\n\t\t\t\n\n<h2>1. Boutique Tatanka<\/h2>\n\t<div class=\"img has-hover x md-x lg-x y md-y lg-y\" id=\"image_1284785672\">\n\t\t\t\t\t\t\t\t<div class=\"img-inner dark\" >\n\t\t\t<img loading=\"lazy\" decoding=\"async\" width=\"400\" height=\"275\" src=\"https:\/\/www.tatanka.nl\/wp-content\/uploads\/2018\/04\/Tatanka-Amsterdam-Shop.jpg\" class=\"attachment-original size-original\" alt=\"- Tatanka.nl\" srcset=\"https:\/\/www.tatanka.nl\/wp-content\/uploads\/2018\/04\/Tatanka-Amsterdam-Shop.jpg 400w, https:\/\/www.tatanka.nl\/wp-content\/uploads\/2018\/04\/Tatanka-Amsterdam-Shop-64x44.jpg 64w\" sizes=\"auto, (max-width: 400px) 100vw, 400px\" title=\"- Tatanka.nl\">\t\t\t\t\t\t\n\t\t\t\t\t<\/div>\n\t\t\t\t\t\t\t\t\n<style>\n#image_1284785672 {\n  width: 100%;\n}\n<\/style>\n\t<\/div>\n\t\n\n<p>Korte Leidsedwarsstraat 151a<br \/>1017 PZ Amsterdam<br \/>Les Pays-Bas<\/p>\n<p><strong> Pr\u00e8s de la Leidseplein<\/strong><br \/>De 10.00 \u00e0 22.00<\/p>\n\n\t\t<\/div>\n\t\t\t\t\t<\/div>\n\n\t\n\n\t<div id=\"col-1367030168\" class=\"col medium-4 small-12 large-4\"  >\n\t\t\t\t<div class=\"col-inner\"  >\n\t\t\t\n\t\t\t\n\n<h2>2. Headshop<\/h2>\n\t<div class=\"img has-hover x md-x lg-x y md-y lg-y\" id=\"image_1750892942\">\n\t\t\t\t\t\t\t\t<div class=\"img-inner dark\" >\n\t\t\t<img loading=\"lazy\" decoding=\"async\" width=\"400\" height=\"275\" src=\"https:\/\/www.tatanka.nl\/wp-content\/uploads\/2018\/04\/Headshop-Amsterdam.jpg\" class=\"attachment-original size-original\" alt=\"- Tatanka.nl\" srcset=\"https:\/\/www.tatanka.nl\/wp-content\/uploads\/2018\/04\/Headshop-Amsterdam.jpg 400w, https:\/\/www.tatanka.nl\/wp-content\/uploads\/2018\/04\/Headshop-Amsterdam-64x44.jpg 64w\" sizes=\"auto, (max-width: 400px) 100vw, 400px\" title=\"- Tatanka.nl\">\t\t\t\t\t\t\n\t\t\t\t\t<\/div>\n\t\t\t\t\t\t\t\t\n<style>\n#image_1750892942 {\n  width: 100%;\n}\n<\/style>\n\t<\/div>\n\t\n\n<p>Kloveniersburgwal 39<br \/>1011 JW Amsterdam<br \/>Les Pays-Bas<\/p>\n<p><strong> Pr\u00e8s de la place du Dam<\/strong><br \/>\nDe 10.00 \u00e0 22.00<\/p>\n\n\t\t<\/div>\n\t\t\t\t\t<\/div>\n\n\t\n\n\t<div id=\"col-1127936171\" class=\"col medium-4 small-12 large-4\"  >\n\t\t\t\t<div class=\"col-inner text-left\"  >\n\t\t\t\n\t\t\t\n\n<h2>3. Boutique Tatanka<\/h2>\n\t<div class=\"img has-hover x md-x lg-x y md-y lg-y\" id=\"image_855340725\">\n\t\t\t\t\t\t\t\t<div class=\"img-inner dark\" >\n\t\t\t<img loading=\"lazy\" decoding=\"async\" width=\"400\" height=\"275\" src=\"https:\/\/www.tatanka.nl\/wp-content\/uploads\/2018\/04\/Tatanka-Halve-Maan-Shop.jpg\" class=\"attachment-original size-original\" alt=\"- Tatanka.nl\" srcset=\"https:\/\/www.tatanka.nl\/wp-content\/uploads\/2018\/04\/Tatanka-Halve-Maan-Shop.jpg 400w, https:\/\/www.tatanka.nl\/wp-content\/uploads\/2018\/04\/Tatanka-Halve-Maan-Shop-64x44.jpg 64w\" sizes=\"auto, (max-width: 400px) 100vw, 400px\" title=\"- Tatanka.nl\">\t\t\t\t\t\t\n\t\t\t\t\t<\/div>\n\t\t\t\t\t\t\t\t\n<style>\n#image_855340725 {\n  width: 100%;\n}\n<\/style>\n\t<\/div>\n\t\n\n<p>Halvemaansteeg 12<br \/>1017 CR Amsterdam<br \/>Les Pays-Bas<\/p>\n<p><strong> Pr\u00e8s de Rembrandtplein<\/strong><br \/>\nDe 10.00 \u00e0 22.00<\/p>\n\n\t\t<\/div>\n\t\t\t\t\t<\/div>\n\n\t\n\n\n<style>\n#row-49119411 > .col > .col-inner {\n  padding: 30px 30px 30px 30px;\n}\n<\/style>\n<\/div>\n\t<div id=\"gap-861061389\" class=\"gap-element clearfix\" style=\"display:block; height:auto;\">\n\t\t\n<style>\n#gap-861061389 {\n  padding-top: 20px;\n}\n<\/style>\n\t<\/div>","protected":false},"excerpt":{"rendered":"","protected":false},"author":1427,"featured_media":0,"parent":0,"menu_order":0,"comment_status":"closed","ping_status":"closed","template":"page-blank.php","meta":{"footnotes":""},"class_list":["post-31614","page","type-page","status-publish","hentry"],"_links":{"self":[{"href":"https:\/\/www.tatanka.nl\/fr\/wp-json\/wp\/v2\/pages\/31614","targetHints":{"allow":["GET"]}}],"collection":[{"href":"https:\/\/www.tatanka.nl\/fr\/wp-json\/wp\/v2\/pages"}],"about":[{"href":"https:\/\/www.tatanka.nl\/fr\/wp-json\/wp\/v2\/types\/page"}],"author":[{"embeddable":true,"href":"https:\/\/www.tatanka.nl\/fr\/wp-json\/wp\/v2\/users\/1427"}],"replies":[{"embeddable":true,"href":"https:\/\/www.tatanka.nl\/fr\/wp-json\/wp\/v2\/comments?post=31614"}],"version-history":[{"count":0,"href":"https:\/\/www.tatanka.nl\/fr\/wp-json\/wp\/v2\/pages\/31614\/revisions"}],"wp:attachment":[{"href":"https:\/\/www.tatanka.nl\/fr\/wp-json\/wp\/v2\/media?parent=31614"}],"curies":[{"name":"wp","href":"https:\/\/api.w.org\/{rel}","templated":true}]}}