{"id":31937,"date":"2021-07-14T09:38:03","date_gmt":"2021-07-14T07:38:03","guid":{"rendered":"https:\/\/www.tatanka.nl\/?page_id=31937"},"modified":"2022-03-29T11:49:52","modified_gmt":"2022-03-29T09:49:52","slug":"payment-methods","status":"publish","type":"page","link":"https:\/\/www.tatanka.nl\/fr\/payment-methods\/","title":{"rendered":"Modes de paiement"},"content":{"rendered":"<div id=\"gap-762320032\" class=\"gap-element clearfix\" style=\"display:block; height:auto;\">\n\t\t\n<style>\n#gap-762320032 {\n  padding-top: 50px;\n}\n<\/style>\n\t<\/div>\n\t\n\n<div class=\"container section-title-container\" ><h2 class=\"section-title section-title-bold-center\"><b aria-hidden=\"true\"><\/b><span class=\"section-title-main\" style=\"font-size:131%;\">LES MODES DE PAIEMENT<\/span><b aria-hidden=\"true\"><\/b><\/h2><\/div>\n\n<div class=\"row\"  id=\"row-283778814\">\n\n\n\t<div id=\"col-2008172592\" class=\"col small-12 large-12\"  >\n\t\t\t\t<div class=\"col-inner text-left dark\"  >\n\t\t\t\n\t\t\t\n\n\t<div id=\"text-278071869\" class=\"text\">\n\t\t\n\nChez Tatanka, vous avez le choix entre diff\u00e9rents modes de paiement. Tous sont s\u00fbrs et discrets. Jetez un coup d'\u0153il aux options que nous proposons et choisissez celle qui vous convient le mieux et qui correspond \u00e0 votre situation g\u00e9ographique.\n\t\t\n<style>\n#text-278071869 {\n  color: rgb(0, 0, 0);\n}\n#text-278071869 > * {\n  color: rgb(0, 0, 0);\n}\n<\/style>\n\t<\/div>\n\t\n\t<div id=\"gap-234702869\" class=\"gap-element clearfix\" style=\"display:block; height:auto;\">\n\t\t\n<style>\n#gap-234702869 {\n  padding-top: 30px;\n}\n<\/style>\n\t<\/div>\n\t\n\n\t<div class=\"img has-hover x md-x lg-x y md-y lg-y\" id=\"image_1046369659\">\n\t\t\t\t\t\t\t\t<div class=\"img-inner dark\" style=\"margin:0px 300px 0px 300px;\">\n\t\t\t<img loading=\"lazy\" decoding=\"async\" width=\"1920\" height=\"300\" src=\"https:\/\/www.tatanka.nl\/wp-content\/uploads\/2021\/07\/suge.png\" class=\"attachment-original size-original\" alt=\"- Tatanka.nl\" srcset=\"https:\/\/www.tatanka.nl\/wp-content\/uploads\/2021\/07\/suge.png 1920w, https:\/\/www.tatanka.nl\/wp-content\/uploads\/2021\/07\/suge-420x66.png 420w, https:\/\/www.tatanka.nl\/wp-content\/uploads\/2021\/07\/suge-64x10.png 64w, https:\/\/www.tatanka.nl\/wp-content\/uploads\/2021\/07\/suge-600x94.png 600w, https:\/\/www.tatanka.nl\/wp-content\/uploads\/2021\/07\/suge-800x125.png 800w, https:\/\/www.tatanka.nl\/wp-content\/uploads\/2021\/07\/suge-380x59.png 380w, https:\/\/www.tatanka.nl\/wp-content\/uploads\/2021\/07\/suge-768x120.png 768w, https:\/\/www.tatanka.nl\/wp-content\/uploads\/2021\/07\/suge-1536x240.png 1536w\" sizes=\"auto, (max-width: 1920px) 100vw, 1920px\" title=\"- Tatanka.nl\">\t\t\t\t\t\t\n\t\t\t\t\t<\/div>\n\t\t\t\t\t\t\t\t\n<style>\n#image_1046369659 {\n  width: 100%;\n}\n<\/style>\n\t<\/div>\n\t\n\n\n\t\t<\/div>\n\t\t\t\t\t<\/div>\n\n\t\n\n<\/div>\n<div class=\"container section-title-container\" ><h2 class=\"section-title section-title-bold-center\"><b aria-hidden=\"true\"><\/b><span class=\"section-title-main\" >1. iDEAL \/ MisterCash \/ Bancontact \/ Eps-\u00dcberweisung \/ Giropay<\/span><b aria-hidden=\"true\"><\/b><\/h2><\/div>\n\n<div class=\"row\"  id=\"row-1805267738\">\n\n\n\t<div id=\"col-239859955\" class=\"col small-12 large-12\"  >\n\t\t\t\t<div class=\"col-inner text-left dark\"  >\n\t\t\t\n\t\t\t\n\n\t<div id=\"text-2698067596\" class=\"text\">\n\t\t\n\n<p>C'est le moyen le plus rapide et le plus simple pour effectuer votre paiement. S\u00e9lectionnez l'option qui correspond \u00e0 votre banque et suivez les \u00e9tapes du processus. Notre prestataire de services de paiement offre un environnement de paiement s\u00fbr et s\u00e9curis\u00e9.<\/p>\n<p>Une fois le paiement effectu\u00e9, vous recevrez imm\u00e9diatement un avis. Notre \u00e9quipe commencera \u00e0 traiter la commande pour l'exp\u00e9dier d\u00e8s que possible. Nous vous tiendrons au courant de l'\u00e9tat d'avancement de la commande par courrier \u00e9lectronique.<\/p>\n\t\t\n<style>\n#text-2698067596 {\n  color: rgb(0, 0, 0);\n}\n#text-2698067596 > * {\n  color: rgb(0, 0, 0);\n}\n<\/style>\n\t<\/div>\n\t\n\t<div id=\"gap-946052705\" class=\"gap-element clearfix\" style=\"display:block; height:auto;\">\n\t\t\n<style>\n#gap-946052705 {\n  padding-top: 30px;\n}\n<\/style>\n\t<\/div>\n\t\n\n\n\t\t<\/div>\n\t\t\t\t\t<\/div>\n\n\t\n\n<\/div>\n<div class=\"container section-title-container\" ><h2 class=\"section-title section-title-bold-center\"><b aria-hidden=\"true\"><\/b><span class=\"section-title-main\" >2. Virement bancaire direct<\/span><b aria-hidden=\"true\"><\/b><\/h2><\/div>\n\n<div class=\"row\"  id=\"row-687015001\">\n\n\n\t<div id=\"col-1462214869\" class=\"col small-12 large-12\"  >\n\t\t\t\t<div class=\"col-inner text-left dark\"  >\n\t\t\t\n\t\t\t\n\n\t<div id=\"text-600969843\" class=\"text\">\n\t\t\n\n<p>Il est possible d'effectuer votre paiement par virement bancaire. S\u00e9lectionnez l'option \"Virement bancaire direct\" et suivez les \u00e9tapes. Une fois la commande termin\u00e9e, vous recevrez un courrier \u00e9lectronique contenant les informations n\u00e9cessaires et les d\u00e9tails du paiement.<\/p>\n<p>Veuillez noter qu'apr\u00e8s le transfert du paiement, il peut s'\u00e9couler 1 \u00e0 3 jours jusqu'\u00e0 ce que nous recevions l'argent. Par cons\u00e9quent, l'exp\u00e9dition de la commande peut prendre un peu plus de temps. Vous serez tenu au courant de l'\u00e9tat d'avancement de la commande par courrier \u00e9lectronique.<\/p>\n\t\t\n<style>\n#text-600969843 {\n  color: rgb(0, 0, 0);\n}\n#text-600969843 > * {\n  color: rgb(0, 0, 0);\n}\n<\/style>\n\t<\/div>\n\t\n\t<div id=\"gap-1265099871\" class=\"gap-element clearfix\" style=\"display:block; height:auto;\">\n\t\t\n<style>\n#gap-1265099871 {\n  padding-top: 30px;\n}\n<\/style>\n\t<\/div>\n\t\n\n\n\t\t<\/div>\n\t\t\t\t\t<\/div>\n\n\t\n\n<\/div>\n<div class=\"container section-title-container\" ><h2 class=\"section-title section-title-bold-center\"><b aria-hidden=\"true\"><\/b><span class=\"section-title-main\" >3. Les crypto-monnaies<\/span><b aria-hidden=\"true\"><\/b><\/h2><\/div>\n\n<div class=\"row\"  id=\"row-1895232459\">\n\n\n\t<div id=\"col-1651507589\" class=\"col small-12 large-12\"  >\n\t\t\t\t<div class=\"col-inner text-left dark\"  >\n\t\t\t\n\t\t\t\n\n\t<div id=\"text-3063555841\" class=\"text\">\n\t\t\n\n<p>Nous acceptons les paiements avec plusieurs sortes de crypto-monnaies. Ces paiements sont trait\u00e9s par Coinbase, la plus grande bourse d'\u00e9change et le plus grand courtier en bitcoins au monde. Pour payer avec des crypto-monnaies, vous pouvez s\u00e9lectionner l'option de paiement \"Bitcoin et autres crypto-monnaies\".<\/p>\n<p>Actuellement, nous acceptons Bitcoin, Ethereum, USD Coin, Litecoin et Bitcoin cash.<\/p>\n\t\t\n<style>\n#text-3063555841 {\n  color: rgb(0, 0, 0);\n}\n#text-3063555841 > * {\n  color: rgb(0, 0, 0);\n}\n<\/style>\n\t<\/div>\n\t\n\t<div class=\"img has-hover x md-x lg-x y md-y lg-y\" id=\"image_651404117\">\n\t\t\t\t\t\t\t\t<div class=\"img-inner dark\" style=\"margin:0px 300px 0px 300px;\">\n\t\t\t<img loading=\"lazy\" decoding=\"async\" width=\"1920\" height=\"300\" src=\"https:\/\/www.tatanka.nl\/wp-content\/uploads\/2021\/07\/Crypto-icons.png\" class=\"attachment-original size-original\" alt=\"Paiements en crypto-monnaie\" srcset=\"https:\/\/www.tatanka.nl\/wp-content\/uploads\/2021\/07\/Crypto-icons.png 1920w, https:\/\/www.tatanka.nl\/wp-content\/uploads\/2021\/07\/Crypto-icons-420x66.png 420w, https:\/\/www.tatanka.nl\/wp-content\/uploads\/2021\/07\/Crypto-icons-64x10.png 64w, https:\/\/www.tatanka.nl\/wp-content\/uploads\/2021\/07\/Crypto-icons-600x94.png 600w, https:\/\/www.tatanka.nl\/wp-content\/uploads\/2021\/07\/Crypto-icons-800x125.png 800w, https:\/\/www.tatanka.nl\/wp-content\/uploads\/2021\/07\/Crypto-icons-380x59.png 380w, https:\/\/www.tatanka.nl\/wp-content\/uploads\/2021\/07\/Crypto-icons-768x120.png 768w, https:\/\/www.tatanka.nl\/wp-content\/uploads\/2021\/07\/Crypto-icons-1536x240.png 1536w\" sizes=\"auto, (max-width: 1920px) 100vw, 1920px\" title=\"- Tatanka.nl\">\t\t\t\t\t\t\n\t\t\t\t\t<\/div>\n\t\t\t\t\t\t\t\t\n<style>\n#image_651404117 {\n  width: 100%;\n}\n<\/style>\n\t<\/div>\n\t\n\n\t<div id=\"gap-2094819056\" class=\"gap-element clearfix\" style=\"display:block; height:auto;\">\n\t\t\n<style>\n#gap-2094819056 {\n  padding-top: 30px;\n}\n<\/style>\n\t<\/div>\n\t\n\n\n\t\t<\/div>\n\t\t\t\t\t<\/div>\n\n\t\n\n<\/div>\n\t<div id=\"gap-1212357192\" class=\"gap-element clearfix\" style=\"display:block; height:auto;\">\n\t\t\n<style>\n#gap-1212357192 {\n  padding-top: 40px;\n}\n<\/style>\n\t<\/div>","protected":false},"excerpt":{"rendered":"","protected":false},"author":1427,"featured_media":0,"parent":0,"menu_order":0,"comment_status":"closed","ping_status":"closed","template":"page-blank.php","meta":{"footnotes":""},"class_list":["post-31937","page","type-page","status-publish","hentry"],"_links":{"self":[{"href":"https:\/\/www.tatanka.nl\/fr\/wp-json\/wp\/v2\/pages\/31937","targetHints":{"allow":["GET"]}}],"collection":[{"href":"https:\/\/www.tatanka.nl\/fr\/wp-json\/wp\/v2\/pages"}],"about":[{"href":"https:\/\/www.tatanka.nl\/fr\/wp-json\/wp\/v2\/types\/page"}],"author":[{"embeddable":true,"href":"https:\/\/www.tatanka.nl\/fr\/wp-json\/wp\/v2\/users\/1427"}],"replies":[{"embeddable":true,"href":"https:\/\/www.tatanka.nl\/fr\/wp-json\/wp\/v2\/comments?post=31937"}],"version-history":[{"count":0,"href":"https:\/\/www.tatanka.nl\/fr\/wp-json\/wp\/v2\/pages\/31937\/revisions"}],"wp:attachment":[{"href":"https:\/\/www.tatanka.nl\/fr\/wp-json\/wp\/v2\/media?parent=31937"}],"curies":[{"name":"wp","href":"https:\/\/api.w.org\/{rel}","templated":true}]}}