{"id":32294,"date":"2021-07-26T16:18:13","date_gmt":"2021-07-26T14:18:13","guid":{"rendered":"https:\/\/www.tatanka.nl\/?page_id=32294"},"modified":"2024-08-20T11:03:27","modified_gmt":"2024-08-20T10:03:27","slug":"partners","status":"publish","type":"page","link":"https:\/\/www.tatanka.nl\/fr\/partners\/","title":{"rendered":"Partenaires"},"content":{"rendered":"<div id=\"gap-1384525844\" class=\"gap-element clearfix\" style=\"display:block; height:auto;\">\n\t\t\n<style>\n#gap-1384525844 {\n  padding-top: 30px;\n}\n<\/style>\n\t<\/div>\n\t\n\n<div class=\"container section-title-container\" ><h3 class=\"section-title section-title-normal\"><b aria-hidden=\"true\"><\/b><span class=\"section-title-main\" style=\"font-size:149%;\">Partenaires<\/span><b aria-hidden=\"true\"><\/b><\/h3><\/div>\n\n<div class=\"row\"  id=\"row-1574645743\">\n\n\n\t<div id=\"col-1791871246\" class=\"col medium-8 small-12 large-8\"  >\n\t\t\t\t<div class=\"col-inner\"  >\n\t\t\t\n\t\t\t\n\n<h2 data-animated=\"true\" data-animate=\"fadeInLeft\">Tatanka x Headshop x Smartific<\/h2>\n<p>Les magasins Tatanka sont bien connus en Europe. Mais saviez-vous qu'en plus de nos deux magasins Tatanka \u00e0 Amsterdam, le Headshop fait \u00e9galement partie de notre famille ? Ne manquez pas d'y jeter un coup d'\u0153il !<\/p>\n<p>Parce que tout le monde ne peut pas nous rendre visite dans notre belle ville, nous cherchons toujours des moyens de vous faciliter la t\u00e2che, o\u00f9 que vous soyez en Europe. Nous nous sommes associ\u00e9s \u00e0 l'une des meilleures boutiques en ligne europ\u00e9ennes pour les produits head- et smartshop : Smartific. Ce magasin en ligne bas\u00e9 aux Pays-Bas dispose d'une quantit\u00e9 incroyable de produits, de connaissances et d'exp\u00e9rience sur le march\u00e9 des smartshops. Ensemble, nous sommes en mesure de fournir le meilleur service possible dans toute l'Europe.<\/p>\n<p>Smartific est l'un des leaders du march\u00e9 n\u00e9erlandais et est sp\u00e9cialis\u00e9 dans tous les types de produits. Il s'attache \u00e9galement \u00e0 fournir des informations claires sur tous les produits. Leurs articles d'information immersifs sont tr\u00e8s complets et impressionnants. Avant d'utiliser les produits smartshop, nous vous recommandons vivement de vous documenter sur le sujet. La banque de connaissances Smartific est l'outil id\u00e9al pour ce faire.<\/p>\n<p>Nos connaissances partag\u00e9es sont tr\u00e8s utiles dans nos smartshops d'Amsterdam. Lorsqu'ils vous donnent des conseils, nos \u00e9quipiers tr\u00e8s exp\u00e9riment\u00e9s peuvent utiliser encore plus d'informations qu'ils n'en poss\u00e9daient d\u00e9j\u00e0. Et gr\u00e2ce \u00e0 notre alliance, nous sommes \u00e9galement en mesure de vous aider par le biais d'un service de chat en direct. Vous avez des questions pendant la journ\u00e9e ? Nous nous ferons un plaisir d'y r\u00e9pondre \u00e0 la vol\u00e9e !<\/p>\n<p>Vous \u00eates curieux de conna\u00eetre Smartific ? Jetez un coup d'\u0153il \u00e0 leur site web n\u00e9erlandais : <span style=\"text-decoration: underline;\"><a href=\"https:\/\/www.smartific.nl\/\" target=\"_blank\" rel=\"noopener\">https:\/\/www.smartific.nl\/<\/a><\/span> ou pour le reste de l'Europe : <span style=\"text-decoration: underline;\"><a href=\"https:\/\/www.smartific.com\" target=\"_blank\" rel=\"noopener\">https:\/\/www.smartific.com<\/a>\/<\/span>. Sans oublier l'incroyable Headshop : <span style=\"text-decoration: underline;\"><a href=\"https:\/\/www.headshop.nl\/\" target=\"_blank\" rel=\"noopener\">https:\/\/www.headshop.nl\/<\/a><\/span><\/p>\n<h2 data-animated=\"true\" data-animate=\"fadeInLeft\">Tatanka x MagicTruffels.shop X Paddo.shop<\/h2>\n<p>Nos magasins Tatanka sont remplis d'excellents produits smartshop. Les plus populaires de ces produits sont probablement les truffes magiques et les kits de culture de champignons. Nous avons mis en place une collaboration avec les experts en truffes magiques en ligne de MagicTruffels.shop. Ils sont enti\u00e8rement sp\u00e9cialis\u00e9s dans les produits contenant de la psilocybine. Ensemble, nous utilisons nos connaissances et les r\u00e9sultats de nos recherches pour vous offrir, en tant que client, la meilleure exp\u00e9rience possible. Jetez un coup d'\u0153il \u00e0 leur site web : <span style=\"text-decoration: underline;\"><a href=\"https:\/\/www.magictruffels.shop\/\" target=\"_blank\" rel=\"noopener\">https:\/\/www.magictruffels.shop\/<\/a><\/span>.\u00a0<\/p>\n<p>Ils disposent \u00e9galement d'un excellent site Internet consacr\u00e9 aux kits de culture de champignons magiques. Vous pouvez trouver leur boutique sp\u00e9ciale champignons ici : <a href=\"https:\/\/www.paddo.shop\/\" target=\"_blank\" rel=\"noopener\">https:\/\/www.paddo.shop\/<\/a><\/p>\n<h2 data-pm-slice=\"1 1 &#091;&#093;\">Tatanka x McSmart<\/h2>\n<p>Nous, les membres de Tatanka, sommes pr\u00eats \u00e0 collaborer avec les autres membres de l'Union europ\u00e9enne. <a href=\"https:\/\/www.mcsmart.com\/\" target=\"_blank\" rel=\"noopener\">McSmart<\/a>, le plus grand r\u00e9seau de magasins \u00e0 succursales multiples. Gr\u00e2ce \u00e0 ce partenariat, nos clients peuvent b\u00e9n\u00e9ficier d'une gamme de produits de qualit\u00e9 sup\u00e9rieure. Parmi les articles de qualit\u00e9 sup\u00e9rieure propos\u00e9s par McSmart, on trouve notamment les Magic Truffels, les Growkits et les compl\u00e9ments alimentaires. Ces produits sont reconnus pour leur fiabilit\u00e9 et leur efficacit\u00e9, ce qui les rend tr\u00e8s appr\u00e9ci\u00e9s par nos clients. Chez Tatanka, nous nous effor\u00e7ons de proposer toujours les meilleurs produits et, avec McSmart comme partenaire, nous avons la garantie d'une qualit\u00e9 irr\u00e9prochable que nos clients appr\u00e9cient et respectent.<\/p>\n\n\t\t<\/div>\n\t\t\t\t\t<\/div>\n\n\t\n\n\t<div id=\"col-1462938703\" class=\"col medium-4 small-12 large-4 small-col-first\"  >\n\t\t\t\t<div class=\"col-inner\"  >\n\t\t\t\n\t\t\t\n\n\t<div class=\"img has-hover x md-x lg-x y md-y lg-y\" id=\"image_1892756463\">\n\t\t\t\t\t\t\t\t<div class=\"img-inner dark\" >\n\t\t\t<img loading=\"lazy\" decoding=\"async\" width=\"512\" height=\"512\" src=\"https:\/\/www.tatanka.nl\/wp-content\/uploads\/2018\/05\/Tatanka-Logo-512x512.jpg\" class=\"attachment-original size-original\" alt=\"- Tatanka.nl\" srcset=\"https:\/\/www.tatanka.nl\/wp-content\/uploads\/2018\/05\/Tatanka-Logo-512x512.jpg 512w, https:\/\/www.tatanka.nl\/wp-content\/uploads\/2018\/05\/Tatanka-Logo-512x512-420x420.jpg 420w, https:\/\/www.tatanka.nl\/wp-content\/uploads\/2018\/05\/Tatanka-Logo-512x512-100x100.jpg 100w, https:\/\/www.tatanka.nl\/wp-content\/uploads\/2018\/05\/Tatanka-Logo-512x512-64x64.jpg 64w, https:\/\/www.tatanka.nl\/wp-content\/uploads\/2018\/05\/Tatanka-Logo-512x512-380x380.jpg 380w\" sizes=\"auto, (max-width: 512px) 100vw, 512px\" title=\"- Tatanka.nl\">\t\t\t\t\t\t\n\t\t\t\t\t<\/div>\n\t\t\t\t\t\t\t\t\n<style>\n#image_1892756463 {\n  width: 100%;\n}\n<\/style>\n\t<\/div>\n\t\n\n\t<div id=\"gap-148832183\" class=\"gap-element clearfix\" style=\"display:block; height:auto;\">\n\t\t\n<style>\n#gap-148832183 {\n  padding-top: 10px;\n}\n<\/style>\n\t<\/div>\n\t\n\n\n\t\t<\/div>\n\t\t\t\t\t<\/div>\n\n\t\n\n<\/div>","protected":false},"excerpt":{"rendered":"","protected":false},"author":1427,"featured_media":0,"parent":0,"menu_order":0,"comment_status":"closed","ping_status":"closed","template":"page-blank.php","meta":{"footnotes":""},"class_list":["post-32294","page","type-page","status-publish","hentry"],"_links":{"self":[{"href":"https:\/\/www.tatanka.nl\/fr\/wp-json\/wp\/v2\/pages\/32294","targetHints":{"allow":["GET"]}}],"collection":[{"href":"https:\/\/www.tatanka.nl\/fr\/wp-json\/wp\/v2\/pages"}],"about":[{"href":"https:\/\/www.tatanka.nl\/fr\/wp-json\/wp\/v2\/types\/page"}],"author":[{"embeddable":true,"href":"https:\/\/www.tatanka.nl\/fr\/wp-json\/wp\/v2\/users\/1427"}],"replies":[{"embeddable":true,"href":"https:\/\/www.tatanka.nl\/fr\/wp-json\/wp\/v2\/comments?post=32294"}],"version-history":[{"count":0,"href":"https:\/\/www.tatanka.nl\/fr\/wp-json\/wp\/v2\/pages\/32294\/revisions"}],"wp:attachment":[{"href":"https:\/\/www.tatanka.nl\/fr\/wp-json\/wp\/v2\/media?parent=32294"}],"curies":[{"name":"wp","href":"https:\/\/api.w.org\/{rel}","templated":true}]}}