{"id":105264,"date":"2023-06-20T09:22:11","date_gmt":"2023-06-20T07:22:11","guid":{"rendered":"https:\/\/www.tatanka.nl\/?post_type=product&#038;p=105264"},"modified":"2025-09-23T12:48:31","modified_gmt":"2025-09-23T11:48:31","slug":"trippy-x","status":"publish","type":"product","link":"https:\/\/www.tatanka.nl\/fr\/trippy-x\/","title":{"rendered":"Trippy X"},"content":{"rendered":"<h2 data-start=\"0\" data-end=\"22\">Qu'est-ce que Trippy X ?<\/h2>\n<p data-start=\"24\" data-end=\"955\">Trippy X est une pilule festive puissante et unique con\u00e7ue pour emmener les utilisateurs dans un voyage kal\u00e9idoscopique sans pr\u00e9c\u00e9dent. Formul\u00e9 avec des ingr\u00e9dients naturels soigneusement s\u00e9lectionn\u00e9s, il am\u00e9liore la perception et stimule l'imagination, cr\u00e9ant une exp\u00e9rience inoubliable. Que vous cherchiez \u00e0 rehausser l'atmosph\u00e8re d'une f\u00eate ou \u00e0 vous lancer dans un voyage personnel de d\u00e9couverte de soi, Trippy X encourage la cr\u00e9ativit\u00e9, l'exploration et les nouvelles perspectives. Ce suppl\u00e9ment favorise la transformation visuelle et sensorielle, permettant aux utilisateurs de se connecter \u00e0 leur environnement d'une mani\u00e8re plus profonde. En modifiant votre perception et en am\u00e9liorant la fa\u00e7on dont vous percevez le monde, Trippy X ouvre les portes \u00e0 de nouvelles possibilit\u00e9s et \u00e0 des aventures passionnantes. Son m\u00e9lange soigneusement \u00e9labor\u00e9 d'ingr\u00e9dients naturels offre une exp\u00e9rience hypnotique, vous immergeant dans des sensations vives et des visuels captivants - parfait pour ceux qui recherchent une exp\u00e9rience intense et transformatrice.<\/p>\n<h2 data-start=\"957\" data-end=\"985\">L'histoire de Trippy X<\/h2>\n<p data-start=\"987\" data-end=\"1911\">Trippy X s'inspire de si\u00e8cles de gu\u00e9rison traditionnelle \u00e0 base de plantes, en incorporant des ingr\u00e9dients reconnus pour leurs propri\u00e9t\u00e9s d'expansion de l'esprit. L'utilisation de substances naturelles pour am\u00e9liorer les facult\u00e9s cognitives et perceptives remonte aux civilisations anciennes, o\u00f9 les cultures du monde entier ont exploit\u00e9 le pouvoir des plantes pour induire des \u00e9tats de conscience modifi\u00e9s. Ces pratiques anciennes ont jet\u00e9 les bases des explorations modernes de la perception sensorielle. Trippy X est une \u00e9volution contemporaine de ces traditions, fusionnant la sagesse ancestrale des plantes avec les derni\u00e8res recherches en mati\u00e8re de suppl\u00e9ments naturels. Son m\u00e9lange soigneusement con\u00e7u maximise l'exp\u00e9rience d'expansion de l'esprit, en aidant les utilisateurs \u00e0 exploiter leur cr\u00e9ativit\u00e9, leurs \u00e9motions et leur conscience sensorielle. En encapsulant ces ingr\u00e9dients puissants dans une forme facile \u00e0 utiliser, Trippy X offre un moyen s\u00fbr et pratique de s'embarquer dans un voyage personnel d'exploration de soi et de perception accrue.<\/p>\n<h2 data-start=\"1913\" data-end=\"1937\">Comment utiliser Trippy X<\/h2>\n<p data-start=\"1939\" data-end=\"2469\">Pour ressentir pleinement les effets de Trippy X, prendre une g\u00e9lule 30 \u00e0 45 minutes avant l'effet d\u00e9sir\u00e9. Pour une absorption optimale, consommer la g\u00e9lule avec de l'eau ou du jus de fruit. Le dosage recommand\u00e9 est d'une g\u00e9lule par jour, et il est d\u00e9conseill\u00e9 de d\u00e9passer cette limite. Trippy X est con\u00e7u pour offrir une exp\u00e9rience immersive et transformatrice, ce qui rend le timing essentiel pour atteindre les effets complets. Comme la formule agit progressivement, prendre la g\u00e9lule au bon moment vous permet d'entrer facilement dans le voyage et d'en profiter pleinement.<\/p>\n<p data-start=\"2471\" data-end=\"2827\">Il est important d'utiliser Trippy X avec attention et respect. Qu'il s'agisse d'un \u00e9v\u00e9nement social ou d'une exploration personnelle, la mise en place d'un environnement appropri\u00e9 am\u00e9liore l'exp\u00e9rience. Assurez-vous d'\u00eatre dans un espace s\u00fbr et confortable o\u00f9 vous pourrez profiter pleinement du voyage. Pr\u00e9parez-vous \u00e0 ouvrir votre esprit, \u00e0 faire appel \u00e0 votre cr\u00e9ativit\u00e9 et \u00e0 explorer de nouvelles dimensions de perception.<\/p>\n<h2 data-start=\"2829\" data-end=\"2857\">Ingr\u00e9dients de Trippy X<\/h2>\n<p data-start=\"2859\" data-end=\"3022\">Les g\u00e9lules Trippy X contiennent un m\u00e9lange soigneusement s\u00e9lectionn\u00e9 d'ingr\u00e9dients connus pour leurs propri\u00e9t\u00e9s d'expansion de l'esprit et de stimulation sensorielle. Les principaux ingr\u00e9dients sont les suivants<\/p>\n<ul data-start=\"3024\" data-end=\"3663\">\n<li data-start=\"3024\" data-end=\"3230\"><strong data-start=\"3026\" data-end=\"3062\">Baby Hawaiian Woodrose (175 mg) :<\/strong> Utilis\u00e9e dans la m\u00e9decine traditionnelle depuis des si\u00e8cles, cette plante puissante induit des visions vivantes et stimule la cr\u00e9ativit\u00e9, transportant les utilisateurs dans des \u00e9tats de conscience alt\u00e9r\u00e9s.<\/li>\n<li data-start=\"3231\" data-end=\"3479\"><strong data-start=\"3233\" data-end=\"3264\">Passiflore 10% (250 mg) :<\/strong> Appr\u00e9ci\u00e9e pour ses effets calmants, la passiflore aide \u00e0 soulager l'anxi\u00e9t\u00e9 et assure une exp\u00e9rience \u00e9quilibr\u00e9e entre la relaxation et la stimulation. Elle permet aux utilisateurs d'entamer leur voyage avec un sentiment de concentration et de tranquillit\u00e9.<\/li>\n<li data-start=\"3480\" data-end=\"3663\"><strong data-start=\"3482\" data-end=\"3499\">Zinc (10 mg) :<\/strong> Favorise la fonction cognitive globale et le bien-\u00eatre, en aidant le corps \u00e0 traiter les effets des autres ingr\u00e9dients pour une exp\u00e9rience plus douce et plus immersive.<\/li>\n<\/ul>\n<p data-start=\"3665\" data-end=\"3911\" data-is-last-node=\"\">Ensemble, ces ingr\u00e9dients cr\u00e9ent une formule puissante qui guide les utilisateurs dans une aventure kal\u00e9idoscopique riche en sensations. Avec Trippy X, vous pouvez ouvrir de nouvelles perspectives, d\u00e9velopper votre imagination et explorer des domaines plus profonds de cr\u00e9ativit\u00e9 et de d\u00e9couverte de soi.<\/p>\n<p><strong style=\"font-size: 14.4px;\">Avertissement :<\/strong><\/p>\n<p>Ne pas utiliser un compl\u00e9ment alimentaire comme substitut d'un r\u00e9gime alimentaire vari\u00e9. Tenir hors de port\u00e9e des enfants. L'utilisation n'est autoris\u00e9e qu'aux personnes \u00e2g\u00e9es de plus de 18 ans. Ne pas utiliser en combinaison avec des m\u00e9dicaments ou d'autres stimulants, en cas d'hypertension ou d'hypotension, de probl\u00e8mes cardiaques, de troubles de la thyro\u00efde, de maladies r\u00e9nales, de d\u00e9pression, de nervosit\u00e9, de troubles physiques et\/ou mentaux et d'utilisation d'inhibiteurs de la monoamine oxydase (MAO). Soyez prudent en cas de consommation excessive d'alcool. En cas de doute, consultez votre m\u00e9decin.<\/p>","protected":false},"excerpt":{"rendered":"<p>Faites l'exp\u00e9rience d'un voyage envo\u00fbtant et inoubliable avec Trippy X, notre pilule festive captivante qui garantit de vous transporter dans de nouveaux royaumes d'\u00e9merveillement kal\u00e9idoscopique. Infus\u00e9es avec un m\u00e9lange in\u00e9gal\u00e9 d'\u00e9l\u00e9ments naturels, nos capsules kal\u00e9idoscopiques promettent un voyage \u00e0 couper le souffle qui vous invite \u00e0 plonger dans l'ab\u00eeme palpitant de votre imagination. Embrassez la puissance de Trippy X et pr\u00e9parez-vous \u00e0 \u00eatre impressionn\u00e9 par une exp\u00e9rience in\u00e9gal\u00e9e et hypnotique comme jamais auparavant.<\/p>","protected":false},"featured_media":115901,"template":"","meta":[],"product_brand":[],"product_cat":[535,525,476,532],"product_tag":[],"class_list":{"0":"post-105264","1":"product","2":"type-product","3":"status-publish","4":"has-post-thumbnail","6":"product_cat-dnx","7":"product_cat-party-pills","8":"product_cat-smartshop","9":"product_cat-trippy-pills","10":"product_shipping_class-not-allowed-group-3","12":"first","13":"instock","14":"taxable","15":"shipping-taxable","16":"purchasable","17":"product-type-variable","18":"has-default-attributes"},"_links":{"self":[{"href":"https:\/\/www.tatanka.nl\/fr\/wp-json\/wp\/v2\/product\/105264","targetHints":{"allow":["GET"]}}],"collection":[{"href":"https:\/\/www.tatanka.nl\/fr\/wp-json\/wp\/v2\/product"}],"about":[{"href":"https:\/\/www.tatanka.nl\/fr\/wp-json\/wp\/v2\/types\/product"}],"wp:featuredmedia":[{"embeddable":true,"href":"https:\/\/www.tatanka.nl\/fr\/wp-json\/wp\/v2\/media\/115901"}],"wp:attachment":[{"href":"https:\/\/www.tatanka.nl\/fr\/wp-json\/wp\/v2\/media?parent=105264"}],"wp:term":[{"taxonomy":"product_brand","embeddable":true,"href":"https:\/\/www.tatanka.nl\/fr\/wp-json\/wp\/v2\/product_brand?post=105264"},{"taxonomy":"product_cat","embeddable":true,"href":"https:\/\/www.tatanka.nl\/fr\/wp-json\/wp\/v2\/product_cat?post=105264"},{"taxonomy":"product_tag","embeddable":true,"href":"https:\/\/www.tatanka.nl\/fr\/wp-json\/wp\/v2\/product_tag?post=105264"}],"curies":[{"name":"wp","href":"https:\/\/api.w.org\/{rel}","templated":true}]}}