{"id":109527,"date":"2023-07-03T11:24:56","date_gmt":"2023-07-03T09:24:56","guid":{"rendered":"https:\/\/www.tatanka.nl\/?post_type=product&#038;p=109527"},"modified":"2025-05-20T07:57:40","modified_gmt":"2025-05-20T06:57:40","slug":"marshmallow","status":"publish","type":"product","link":"https:\/\/www.tatanka.nl\/fr\/marshmallow\/","title":{"rendered":"Marshmallow"},"content":{"rendered":"<h2>Qu'est-ce que le Marshmallow ?<\/h2>\n<p>Le Marshmallow, \u00e9galement connu sous le nom de Echte Heemst, est une plante m\u00e9dicinale appr\u00e9ci\u00e9e depuis le Moyen \u00c2ge. Son nom botanique, <em>Althaea Officinalis<\/em>d\u00e9rive du mot grec <em>Altha\u00eda<\/em>Ce nom signifie \"celle qui gu\u00e9rit\", ce qui souligne son importance historique dans la phytoth\u00e9rapie.<\/p>\n<p>Cultiv\u00e9e traditionnellement dans les monast\u00e8res et les jardins d'herbes, la guimauve est reconnue pour ses feuilles douces et velout\u00e9es et ses fleurs d\u00e9licates. Les racines et les feuilles de la plante sont particuli\u00e8rement appr\u00e9ci\u00e9es pour leur richesse en mucilage, qui a un effet apaisant naturel. Aujourd'hui, la guimauve reste un \u00e9l\u00e9ment essentiel de la tradition des plantes m\u00e9dicinales, largement utilis\u00e9e pour favoriser le bien-\u00eatre.<\/p>\n<h2>Historique de Marshmallow<\/h2>\n<p>Le Marshmallow est utilis\u00e9 depuis des milliers d'ann\u00e9es, des documents faisant remonter ses applications \u00e0 l'\u00c9gypte, \u00e0 la Gr\u00e8ce et \u00e0 la Rome antiques. Les gu\u00e9risseurs \u00e9gyptiens \u00e9laboraient des pr\u00e9parations apaisantes \u00e0 partir de sa racine, tandis que les herboristes grecs et romains l'incorporaient \u00e0 des rem\u00e8des contre diverses affections.<\/p>\n<p>Au Moyen \u00c2ge, la guimauve est devenue un \u00e9l\u00e9ment cl\u00e9 de la phytoth\u00e9rapie europ\u00e9enne. Les moines et les gu\u00e9risseurs la cultivaient dans leurs jardins, reconnaissant ses propri\u00e9t\u00e9s r\u00e9confortantes. Au fil du temps, son utilisation s'est r\u00e9pandue \u00e0 travers les cultures et ses bienfaits th\u00e9rapeutiques ont \u00e9t\u00e9 reconnus.<\/p>\n<p>Il est int\u00e9ressant de noter que le bonbon moderne \u00e0 la guimauve a \u00e9t\u00e9 inspir\u00e9 par cette plante. \u00c0 l'origine, la racine de la plante contribuait \u00e0 la texture douce et moelleuse de la confiserie. Toutefois, les guimauves commerciales contemporaines ne contiennent plus d'herbe.<\/p>\n<h2>Comment utiliser Marshmallow<\/h2>\n<p>Marshmallow est une plante polyvalente aux applications vari\u00e9es. L'une des m\u00e9thodes les plus populaires est la pr\u00e9paration d'un th\u00e9 : il suffit de faire infuser 1 gramme de guimauve dans de l'eau chaude pendant quelques minutes pour obtenir une infusion douce et apaisante.<\/p>\n<p>Outre le th\u00e9, la guimauve peut \u00eatre m\u00e9lang\u00e9e \u00e0 d'autres plantes ou utilis\u00e9e dans des teintures et des infusions pour renforcer ses effets calmants. Qu'elle soit consomm\u00e9e seule ou associ\u00e9e \u00e0 des plantes compl\u00e9mentaires, la guimauve constitue une exp\u00e9rience agr\u00e9able et r\u00e9confortante.<\/p>\n<p>Pour des r\u00e9sultats optimaux, respectez la dose journali\u00e8re recommand\u00e9e de 1 gramme. Consultez toujours un professionnel de la sant\u00e9 avant d'introduire de nouveaux compl\u00e9ments alimentaires \u00e0 base de plantes, en particulier si vous avez des probl\u00e8mes de sant\u00e9 pr\u00e9existants.<\/p>\n<h2>Ingr\u00e9dients de Marshmallow<\/h2>\n<p>Indian Elements Marshmallow contient 100% pur <em>Althaea Officinalis<\/em> (Echte Heemst), sans additifs, ingr\u00e9dients artificiels ou conservateurs. Ce produit \u00e0 base de plantes constitue un choix tout \u00e0 fait naturel pour ceux qui recherchent le bien-\u00eatre par les plantes.<\/p>\n<p>Le principal composant de la guimauve est son mucilage, une substance g\u00e9latineuse que l'on trouve dans ses racines et ses feuilles. Ce compos\u00e9 forme une barri\u00e8re apaisante, ce qui fait de la guimauve un compl\u00e9ment pr\u00e9cieux aux pratiques traditionnelles de phytoth\u00e9rapie. Indian Elements garantit une qualit\u00e9 sup\u00e9rieure en proposant la guimauve sous sa forme la plus pure.<\/p>\n<p><strong>Avertissement<\/strong><\/p>\n<ul>\n<li>Ce produit est destin\u00e9 aux adultes \u00e2g\u00e9s de 18 ans et plus. Tenir hors de port\u00e9e des enfants.<\/li>\n<li>Ne pas utiliser r\u00e9guli\u00e8rement. \u00c9viter de conduire ou d'utiliser des machines pendant l'utilisation de la guimauve.<\/li>\n<li>Les personnes souffrant de troubles r\u00e9naux ou cardiaques, d'hypertension ou d'hypotension, de diab\u00e8te ou prenant des m\u00e9dicaments ou d'autres substances doivent s'abstenir d'utiliser ce produit.<\/li>\n<li>Marshmallow est un compl\u00e9ment alimentaire, pas un m\u00e9dicament, et doit \u00eatre utilis\u00e9 en cons\u00e9quence.<\/li>\n<li>Ne pas acheter ou consommer si le sceau est bris\u00e9.<\/li>\n<\/ul>","protected":false},"excerpt":{"rendered":"<p><span data-sheets-value=\"{&quot;1&quot;:2,&quot;2&quot;:&quot;Marshmallow, also known as Althaea Officinalis, has been revered as a medicinal herb since medieval times. With its numerous beneficial properties, it has remained an essential ingredient in traditional herbal medicine. Indian Elements Marshmallow brings you the purest form of this remarkable herb, ensuring you can experience its therapeutic benefits. Our product offers versatile usage, including the option to create soothing herbal teas.\\n\\nThe botanical name for Marshmallow, Althaea Officinalis, is derived from the Greek word \\&quot;Altha\u00eda,\\&quot; meaning \\&quot;she who heals.\\&quot; This meaningful name reflects the powerful healing properties associated with this herb. Our medieval ancestors were enthusiastic about Marshmallow and utilized it for various purposes. It was commonly found in medieval herb and monastery gardens, showcasing its significance.\\n\\nWhile the word \\&quot;marshmallow\\&quot; may initially bring to mind the popular confectionery treat, the connection between the herb and the sweet treat is not a coincidence. The root of the Marshmallow plant was a key ingredient in the creation of the soft candy, although nowadays it is rarely used in its recipe.\\n\\nIndian Elements Marshmallow ensures that you receive the highest quality product sourced from the finest botanicals. We prioritize rigorous quality control measures to maintain the purity and potency of our Marshmallow herb.\\n\\nIncorporate Marshmallow into your wellness routine and experience its remarkable healing benefits. Create a comforting cup of Marshmallow tea or explore other potential uses. Rediscover the ancient remedy that has stood the test of time. Order your supply of Indian Elements Marshmallow today and embrace the natural healing power of this extraordinary herb. Elevate your well-being with Marshmallow by Indian Elements.&quot;}\" data-sheets-userformat=\"{&quot;2&quot;:15235,&quot;3&quot;:{&quot;1&quot;:0},&quot;4&quot;:{&quot;1&quot;:2,&quot;2&quot;:65535},&quot;10&quot;:2,&quot;11&quot;:3,&quot;12&quot;:0,&quot;14&quot;:{&quot;1&quot;:2,&quot;2&quot;:0},&quot;15&quot;:&quot;Calibri, sans-serif&quot;,&quot;16&quot;:12}\">Le Marshmallow, \u00e9galement connu sous le nom d'Althaea Officinalis, est v\u00e9n\u00e9r\u00e9 comme plante m\u00e9dicinale depuis l'\u00e9poque m\u00e9di\u00e9vale. Gr\u00e2ce \u00e0 ses nombreuses propri\u00e9t\u00e9s b\u00e9n\u00e9fiques, elle est rest\u00e9e un ingr\u00e9dient essentiel de la phytoth\u00e9rapie traditionnelle. Indian Elements Marshmallow vous offre la forme la plus pure de cette plante remarquable, ce qui vous permet de profiter de ses bienfaits th\u00e9rapeutiques. Notre produit offre de multiples possibilit\u00e9s d'utilisation, y compris celle de cr\u00e9er des tisanes apaisantes.<\/span><\/p>","protected":false},"featured_media":125932,"template":"","meta":[],"product_brand":[],"product_cat":[597,297,477,511,476],"product_tag":[],"class_list":{"0":"post-109527","1":"product","2":"type-product","3":"status-publish","4":"has-post-thumbnail","6":"product_cat-indian-elements","7":"product_cat-all-products","8":"product_cat-herbs","9":"product_cat-relax-herbs","10":"product_cat-smartshop","12":"first","13":"instock","14":"taxable","15":"shipping-taxable","16":"purchasable","17":"product-type-variable","18":"has-default-attributes"},"_links":{"self":[{"href":"https:\/\/www.tatanka.nl\/fr\/wp-json\/wp\/v2\/product\/109527","targetHints":{"allow":["GET"]}}],"collection":[{"href":"https:\/\/www.tatanka.nl\/fr\/wp-json\/wp\/v2\/product"}],"about":[{"href":"https:\/\/www.tatanka.nl\/fr\/wp-json\/wp\/v2\/types\/product"}],"wp:featuredmedia":[{"embeddable":true,"href":"https:\/\/www.tatanka.nl\/fr\/wp-json\/wp\/v2\/media\/125932"}],"wp:attachment":[{"href":"https:\/\/www.tatanka.nl\/fr\/wp-json\/wp\/v2\/media?parent=109527"}],"wp:term":[{"taxonomy":"product_brand","embeddable":true,"href":"https:\/\/www.tatanka.nl\/fr\/wp-json\/wp\/v2\/product_brand?post=109527"},{"taxonomy":"product_cat","embeddable":true,"href":"https:\/\/www.tatanka.nl\/fr\/wp-json\/wp\/v2\/product_cat?post=109527"},{"taxonomy":"product_tag","embeddable":true,"href":"https:\/\/www.tatanka.nl\/fr\/wp-json\/wp\/v2\/product_tag?post=109527"}],"curies":[{"name":"wp","href":"https:\/\/api.w.org\/{rel}","templated":true}]}}