{"id":109538,"date":"2023-07-03T11:41:03","date_gmt":"2023-07-03T09:41:03","guid":{"rendered":"https:\/\/www.tatanka.nl\/?post_type=product&#038;p=109538"},"modified":"2025-11-18T15:37:46","modified_gmt":"2025-11-18T14:37:46","slug":"kratom-leaves","status":"publish","type":"product","link":"https:\/\/www.tatanka.nl\/fr\/kratom-leaves\/","title":{"rendered":"Kratom feuilles"},"content":{"rendered":"<h2 data-pm-slice=\"1 1 []\">Que sont les feuilles Kratom ?<\/h2>\n<p>Kratom Leaves est d\u00e9riv\u00e9 de la plante Mitragyna Speciosa, un arbre tropical originaire d'Asie du Sud-Est. Connu pour ses effets doubles, le Kratom peut procurer une stimulation ou une relaxation selon le dosage. Le principal compos\u00e9 actif, la mitragynine, est responsable de ces effets. Traditionnellement utilis\u00e9 par les agriculteurs locaux pour supporter les longues heures de travail, le Kratom a gagn\u00e9 en popularit\u00e9 dans le monde occidental pour ses propri\u00e9t\u00e9s uniques. Indian Elements Kratom Les feuilles proviennent de la vari\u00e9t\u00e9 Green Maeng Da, connue pour sa puissance et son efficacit\u00e9. Les feuilles \u00e0 nervures vertes de cette vari\u00e9t\u00e9 sont particuli\u00e8rement appr\u00e9ci\u00e9es pour leurs effets \u00e9quilibr\u00e9s, ce qui en fait l'une des pr\u00e9f\u00e9r\u00e9es des utilisateurs de Kratom dans le monde entier.<\/p>\n<div><\/div>\n<h2>Historique des feuilles Kratom<\/h2>\n<p>Le Kratom est utilis\u00e9 depuis des si\u00e8cles en Asie du Sud-Est, en particulier dans des pays comme le Thailand, l'Indon\u00e9sie et la Malaisie. Historiquement, il \u00e9tait consomm\u00e9 par les fermiers et les ouvriers qui m\u00e2chaient les feuilles pour combattre la fatigue et am\u00e9liorer la productivit\u00e9. La premi\u00e8re documentation occidentale sur l'utilisation du Kratom remonte au XIXe si\u00e8cle, lorsque le botaniste n\u00e9erlandais Pieter W. Korthals en a d\u00e9crit les effets. Au fil des ans, le Kratom a \u00e9t\u00e9 utilis\u00e9 dans diverses pratiques culturelles et m\u00e9dicinales. Aujourd'hui, il est largement disponible sous forme de poudre ou de feuilles s\u00e9ch\u00e9es et continue d'\u00eatre un compl\u00e9ment naturel populaire en raison de la diversit\u00e9 de ses effets. La capacit\u00e9 d'adaptation des feuilles de Kratom en a fait un aliment de base dans de nombreuses traditions \u00e0 base de plantes, offrant \u00e0 la fois des propri\u00e9t\u00e9s revigorantes et apaisantes.<\/p>\n<div><\/div>\n<h2>Comment utiliser les feuilles Kratom<\/h2>\n<p>Les feuilles de Kratom peuvent \u00eatre consomm\u00e9es de multiples fa\u00e7ons, l'une des m\u00e9thodes les plus populaires \u00e9tant de les infuser sous forme de th\u00e9. Pour pr\u00e9parer le th\u00e9 Kratom, il suffit d'infuser un gramme de feuilles dans de l'eau chaude pendant environ 10 \u00e0 15 minutes avant de filtrer et de boire. Certains utilisateurs pr\u00e9f\u00e8rent m\u00e9langer la poudre \u00e0 des smoothies ou \u00e0 des jus de fruits pour masquer le go\u00fbt amer. Le dosage joue un r\u00f4le crucial dans les effets ressentis : les doses faibles (environ 1 gramme) ont tendance \u00e0 \u00eatre \u00e9nergisantes, tandis que les doses plus \u00e9lev\u00e9es peuvent produire des sensations calmantes et relaxantes. Il est essentiel de commencer par une dose faible et de l'ajuster progressivement en fonction de la tol\u00e9rance individuelle. Le Kratom ne doit pas \u00eatre utilis\u00e9 quotidiennement afin d'\u00e9viter toute d\u00e9pendance. Pour de meilleurs r\u00e9sultats, consommez Kratom Leaves de mani\u00e8re responsable et avec mod\u00e9ration.<\/p>\n<div><\/div>\n<h2>Ingr\u00e9dients des feuilles Kratom<\/h2>\n<p>Indian Elements Kratom Les feuilles contiennent un seul ingr\u00e9dient : Mitragyna Speciosa (Kratom). Cela garantit que vous recevez un produit pur et naturel sans aucun additif ou agent de remplissage. Le principal compos\u00e9 actif du Kratom, la mitragynine, interagit avec les r\u00e9cepteurs du cerveau, influen\u00e7ant les niveaux d'\u00e9nergie et la relaxation. Contrairement \u00e0 certaines alternatives \u00e0 base de plantes, le Kratom ne contient ni nicotine ni caf\u00e9ine, ce qui en fait une plante unique aux effets distincts. La vari\u00e9t\u00e9 Green Maeng Da est particuli\u00e8rement appr\u00e9ci\u00e9e pour ses propri\u00e9t\u00e9s \u00e9quilibr\u00e9es, ce qui en fait un choix privil\u00e9gi\u00e9 pour ceux qui recherchent \u00e0 la fois la stimulation et la relaxation. En conservant une formulation pure, Indian Elements garantit un produit de haute qualit\u00e9 qui reste fid\u00e8le \u00e0 ses racines traditionnelles.<\/p>\n<div><\/div>\n<p><strong>Avertissement :<\/strong><\/p>\n<ul data-spread=\"false\">\n<li>R\u00e9serv\u00e9 aux adultes (18+). Tenir hors de port\u00e9e des enfants.<\/li>\n<li>Ne pas utiliser Kratom Leaves r\u00e9guli\u00e8rement. \u00c9viter de conduire ou d'utiliser des machines lourdes sous son influence.<\/li>\n<li>Ne pas combiner avec des inhibiteurs de la MAO, des m\u00e9dicaments, de l'alcool ou des drogues.<\/li>\n<li>D\u00e9conseill\u00e9 aux personnes souffrant de probl\u00e8mes cardiaques ou r\u00e9naux, d'hypertension ou d'hypotension, ou de diab\u00e8te.<\/li>\n<li>Ce produit est un compl\u00e9ment alimentaire et non un m\u00e9dicament. A utiliser de mani\u00e8re responsable.<\/li>\n<li>Ne pas utiliser si le sceau est bris\u00e9.<\/li>\n<\/ul>\n<div><\/div>\n<p>&nbsp;<\/p>","protected":false},"excerpt":{"rendered":"<p data-pm-slice=\"1 1 []\">D\u00e9couvrez les propri\u00e9t\u00e9s uniques des feuilles Indian Elements Kratom, issues de la vari\u00e9t\u00e9 Green Maeng Da de la plante Mitragyna Speciosa. Ce produit naturel offre des effets \u00e0 la fois stimulants et calmants, selon le dosage. Id\u00e9al pour ceux qui recherchent un regain d'\u00e9nergie ou un moment de d\u00e9tente.<\/p>","protected":false},"featured_media":125929,"template":"","meta":[],"product_brand":[],"product_cat":[597,297,477,509,290,476],"product_tag":[],"class_list":{"0":"post-109538","1":"product","2":"type-product","3":"status-publish","4":"has-post-thumbnail","6":"product_cat-indian-elements","7":"product_cat-all-products","8":"product_cat-herbs","9":"product_cat-kratom","10":"product_cat-psychedelic-herbs","11":"product_cat-smartshop","12":"product_shipping_class-creditcard-off","14":"first","15":"instock","16":"taxable","17":"shipping-taxable","18":"purchasable","19":"product-type-variable","20":"has-default-attributes"},"_links":{"self":[{"href":"https:\/\/www.tatanka.nl\/fr\/wp-json\/wp\/v2\/product\/109538","targetHints":{"allow":["GET"]}}],"collection":[{"href":"https:\/\/www.tatanka.nl\/fr\/wp-json\/wp\/v2\/product"}],"about":[{"href":"https:\/\/www.tatanka.nl\/fr\/wp-json\/wp\/v2\/types\/product"}],"wp:featuredmedia":[{"embeddable":true,"href":"https:\/\/www.tatanka.nl\/fr\/wp-json\/wp\/v2\/media\/125929"}],"wp:attachment":[{"href":"https:\/\/www.tatanka.nl\/fr\/wp-json\/wp\/v2\/media?parent=109538"}],"wp:term":[{"taxonomy":"product_brand","embeddable":true,"href":"https:\/\/www.tatanka.nl\/fr\/wp-json\/wp\/v2\/product_brand?post=109538"},{"taxonomy":"product_cat","embeddable":true,"href":"https:\/\/www.tatanka.nl\/fr\/wp-json\/wp\/v2\/product_cat?post=109538"},{"taxonomy":"product_tag","embeddable":true,"href":"https:\/\/www.tatanka.nl\/fr\/wp-json\/wp\/v2\/product_tag?post=109538"}],"curies":[{"name":"wp","href":"https:\/\/api.w.org\/{rel}","templated":true}]}}