{"id":11778,"date":"2018-02-19T17:09:57","date_gmt":"2018-02-19T17:09:57","guid":{"rendered":"http:\/\/www.tatanka.nl\/?post_type=product&#038;p=11778"},"modified":"2025-07-29T11:03:35","modified_gmt":"2025-07-29T10:03:35","slug":"on-balance-ls-100-scale","status":"publish","type":"product","link":"https:\/\/www.tatanka.nl\/fr\/on-balance-ls-100-scale\/","title":{"rendered":"On Balance, Balance LS-100"},"content":{"rendered":"<h2 dir=\"ltr\" data-pm-slice=\"1 1 []\">Qu'est-ce que le On Balance LS-100 ?<\/h2>\n<p dir=\"ltr\">La On Balance LS-100 est une balance num\u00e9rique l\u00e9g\u00e8re, de poche, con\u00e7ue pour la pr\u00e9cision et la commodit\u00e9. Sa finition noire \u00e9l\u00e9gante et son design compact de 97x58x18 mm la rendent facile \u00e0 transporter, tandis que la plate-forme de pesage de 59x52 mm assure la polyvalence pour les petits articles. La balance est dot\u00e9e d'un \u00e9cran LCD r\u00e9tro\u00e9clair\u00e9 bleu pour une lecture claire quelle que soit la lumi\u00e8re, associ\u00e9 \u00e0 des boutons de fonction intuitifs pour un fonctionnement sans faille. Avec ses six modes de pesage (grammes, onces, pennyweight, onces troy, carats et grains), elle r\u00e9pond \u00e0 des besoins vari\u00e9s, de la fabrication de bijoux \u00e0 la pr\u00e9paration culinaire. La On Balance LS-100 est \u00e9quip\u00e9e d'un couvercle amovible qui sert de plateau de pes\u00e9e, ce qui la rend plus pratique et la prot\u00e8ge. Aliment\u00e9e par deux piles AAA, elle est pr\u00eate \u00e0 l'emploi. Sa pr\u00e9cision de 0,01 gramme et sa capacit\u00e9 de 100 grammes en font un outil de choix pour les utilisateurs qui ont besoin de mesures exactes dans un emballage portable. Que ce soit \u00e0 la maison ou en d\u00e9placement, le On Balance LS-100 allie style, durabilit\u00e9 et fonctionnalit\u00e9, ce qui en fait un choix de premier ordre pour les t\u00e2ches de pesage de pr\u00e9cision.<\/p>\n<h2 dir=\"ltr\">Historique du On Balance LS-100<\/h2>\n<p dir=\"ltr\">On Balance est une marque de confiance dans le domaine des balances de pr\u00e9cision depuis le d\u00e9but des ann\u00e9es 2000, et se concentre sur des conceptions compactes et conviviales pour un usage quotidien. La balance On Balance LS-100 a \u00e9t\u00e9 d\u00e9velopp\u00e9e pour r\u00e9pondre \u00e0 la demande de balances portables de haute pr\u00e9cision convenant \u00e0 la fois aux applications personnelles et professionnelles. Sa cr\u00e9ation est n\u00e9e de la n\u00e9cessit\u00e9 de disposer d'un appareil l\u00e9ger sans compromis sur la pr\u00e9cision, offrant une pr\u00e9cision de 0,01 gramme dans une capacit\u00e9 de 100 grammes. Le couvercle amovible de la balance, qui sert \u00e9galement de plateau de pes\u00e9e, est une r\u00e9ponse innovante aux commentaires des utilisateurs qui r\u00e9clamaient des accessoires multifonctionnels. Au fil des ann\u00e9es, On Balance a affin\u00e9 le design de la LS-100, en incorporant un \u00e9cran LCD r\u00e9tro\u00e9clair\u00e9 bleu pour am\u00e9liorer la visibilit\u00e9 et la facilit\u00e9 d'utilisation. Les six modes de pesage ont \u00e9t\u00e9 ajout\u00e9s pour r\u00e9pondre aux besoins de diverses industries, de la bijouterie aux mesures de plantes. La taille compacte de 97x58x18 mm refl\u00e8te l'engagement du On Balance en faveur de la portabilit\u00e9 sans sacrifier la durabilit\u00e9. Construit avec l'aide d'amateurs et de professionnels \u00e0 petite \u00e9chelle, le On Balance LS-100 est devenu un choix populaire pour sa fiabilit\u00e9 et son esth\u00e9tique \u00e9l\u00e9gante. Aujourd'hui, il t\u00e9moigne de l'engagement de la marque \u00e0 associer une technologie de pointe \u00e0 une conception pratique et ax\u00e9e sur l'utilisateur pour des solutions de pesage pr\u00e9cises.<\/p>\n<h2 dir=\"ltr\">Comment utiliser le On Balance LS-100<\/h2>\n<p dir=\"ltr\">L'utilisation du On Balance LS-100 est simple et efficace, ce qui en fait un outil id\u00e9al pour les d\u00e9butants et les utilisateurs exp\u00e9riment\u00e9s. Placez la balance sur une surface plane et stable pour garantir des mesures pr\u00e9cises. Ins\u00e9rez les deux piles AAA fournies, puis appuyez sur le bouton d'alimentation pour activer l'\u00e9cran LCD r\u00e9tro\u00e9clair\u00e9 bleu. S\u00e9lectionnez le mode de pesage souhait\u00e9 - grammes, onces, pennyweight, onces troy, carats ou grains - \u00e0 l'aide des boutons de fonction intuitifs. Placez votre article directement sur la plate-forme de 59 x 52 mm ou utilisez le couvercle amovible comme plateau de pes\u00e9e pour les mat\u00e9riaux plus petits ou en vrac. La fonction de tare vous permet de remettre la balance \u00e0 z\u00e9ro apr\u00e8s avoir plac\u00e9 un r\u00e9cipient, garantissant ainsi que seul le poids de l'article est mesur\u00e9. Avec une pr\u00e9cision de 0,01 gramme, la balance On Balance LS-100 est parfaite pour les t\u00e2ches pr\u00e9cises telles que la mesure d'\u00e9pices, de pierres pr\u00e9cieuses ou de suppl\u00e9ments. Apr\u00e8s utilisation, nettoyez le plateau avec un chiffon doux et rangez la balance avec son couvercle de protection pour la maintenir en bon \u00e9tat. Sa taille compacte la rend facile \u00e0 transporter dans une poche ou un sac, garantissant une performance fiable partout o\u00f9 vous en avez besoin. \u00c9vitez toujours de d\u00e9passer la capacit\u00e9 de 100 grammes pour pr\u00e9server la pr\u00e9cision et la long\u00e9vit\u00e9 de la balance.<\/p>\n<h2 dir=\"ltr\">En savoir plus sur le On Balance LS-100<\/h2>\n<p dir=\"ltr\">Le On Balance LS-100 est fabriqu\u00e9 \u00e0 partir de mat\u00e9riaux de haute qualit\u00e9 con\u00e7us pour la durabilit\u00e9 et la pr\u00e9cision. Sa plate-forme de pes\u00e9e de 59 x 52 mm est fabriqu\u00e9e en acier inoxydable robuste, r\u00e9sistant \u00e0 l'usure et \u00e0 la corrosion, ce qui garantit des performances constantes. Le corps noir \u00e9l\u00e9gant de la balance est fabriqu\u00e9 en plastique l\u00e9ger et durable, ce qui la rend \u00e0 la fois portable et robuste. L'\u00e9cran LCD r\u00e9tro\u00e9clair\u00e9 en bleu utilise des mat\u00e9riaux \u00e0 haute clart\u00e9 pour une excellente visibilit\u00e9, m\u00eame dans des conditions de faible luminosit\u00e9. Les touches de fonction intuitives sont con\u00e7ues pour une utilisation r\u00e9active et conviviale, permettant de basculer en toute transparence entre les six modes de pesage. Le couvercle amovible, qui sert \u00e9galement de plateau de pes\u00e9e, est fabriqu\u00e9 en plastique solide et l\u00e9ger, ce qui ajoute \u00e0 la polyvalence et \u00e0 la protection de l'appareil. Aliment\u00e9 par deux piles AAA, le On Balance LS-100 est \u00e9quip\u00e9 d'un circuit interne con\u00e7u avec pr\u00e9cision pour fournir des mesures exactes \u00e0 0,01 gramme pr\u00e8s. Le cadre compact de 97x58x18 mm a \u00e9t\u00e9 soigneusement con\u00e7u pour \u00e9quilibrer la portabilit\u00e9 et la fonctionnalit\u00e9, ce qui le rend id\u00e9al pour une utilisation en d\u00e9placement. Chaque composant, de la plate-forme en acier inoxydable aux composants \u00e9lectroniques fiables, a \u00e9t\u00e9 s\u00e9lectionn\u00e9 pour garantir des performances durables et une grande facilit\u00e9 d'utilisation. Cette combinaison de mat\u00e9riaux fait de la On Balance LS-100 un outil fiable et \u00e9l\u00e9gant pour les utilisateurs qui recherchent la pr\u00e9cision dans une balance compacte et portable.<\/p>\n<p dir=\"ltr\"><strong>Avertissement<\/strong><br \/>\nPlacez toujours le On Balance LS-100 sur une surface stable et plane pour garantir la pr\u00e9cision des mesures. Ne d\u00e9passez pas la capacit\u00e9 de poids de 100 grammes, car cela pourrait endommager les composants internes de la balance. Gardez l'appareil \u00e0 l'abri de l'eau ou d'une humidit\u00e9 excessive afin d'\u00e9viter la corrosion ou les dysfonctionnements \u00e9lectroniques. N'utilisez que le couvercle amovible ou les plateaux compatibles pour \u00e9viter de rayer la plate-forme. Remplacez rapidement les piles lorsqu'elles sont faibles afin de maintenir des performances optimales.<\/p>","protected":false},"excerpt":{"rendered":"<p dir=\"ltr\" data-pm-slice=\"1 1 []\">La On Balance LS-100 est une balance num\u00e9rique compacte et de haute pr\u00e9cision, parfaite pour ceux qui ont besoin de mesures pr\u00e9cises en d\u00e9placement. Dot\u00e9e d'un \u00e9cran LCD r\u00e9tro\u00e9clair\u00e9 bleu, de six modes de pes\u00e9e et d'un couvercle de protection qui sert \u00e9galement de plateau de pes\u00e9e, cette balance noire \u00e9l\u00e9gante offre une pr\u00e9cision de 0,01 gramme jusqu'\u00e0 100 grammes. Id\u00e9ale pour les amateurs et les professionnels, elle est \u00e0 la fois fiable et portable.<\/p>","protected":false},"featured_media":13415,"template":"","meta":[],"product_brand":[],"product_cat":[497,297,488],"product_tag":[],"class_list":{"0":"post-11778","1":"product","2":"type-product","3":"status-publish","4":"has-post-thumbnail","6":"product_cat-scales","7":"product_cat-all-products","8":"product_cat-headshop","9":"product_shipping_class-creditcard-on","11":"first","12":"instock","13":"taxable","14":"shipping-taxable","15":"purchasable","16":"product-type-variable","17":"has-default-attributes"},"_links":{"self":[{"href":"https:\/\/www.tatanka.nl\/fr\/wp-json\/wp\/v2\/product\/11778","targetHints":{"allow":["GET"]}}],"collection":[{"href":"https:\/\/www.tatanka.nl\/fr\/wp-json\/wp\/v2\/product"}],"about":[{"href":"https:\/\/www.tatanka.nl\/fr\/wp-json\/wp\/v2\/types\/product"}],"wp:featuredmedia":[{"embeddable":true,"href":"https:\/\/www.tatanka.nl\/fr\/wp-json\/wp\/v2\/media\/13415"}],"wp:attachment":[{"href":"https:\/\/www.tatanka.nl\/fr\/wp-json\/wp\/v2\/media?parent=11778"}],"wp:term":[{"taxonomy":"product_brand","embeddable":true,"href":"https:\/\/www.tatanka.nl\/fr\/wp-json\/wp\/v2\/product_brand?post=11778"},{"taxonomy":"product_cat","embeddable":true,"href":"https:\/\/www.tatanka.nl\/fr\/wp-json\/wp\/v2\/product_cat?post=11778"},{"taxonomy":"product_tag","embeddable":true,"href":"https:\/\/www.tatanka.nl\/fr\/wp-json\/wp\/v2\/product_tag?post=11778"}],"curies":[{"name":"wp","href":"https:\/\/api.w.org\/{rel}","templated":true}]}}