{"id":11788,"date":"2018-02-19T18:40:49","date_gmt":"2018-02-19T18:40:49","guid":{"rendered":"http:\/\/www.tatanka.nl\/?post_type=product&#038;p=11788"},"modified":"2025-07-29T10:55:39","modified_gmt":"2025-07-29T09:55:39","slug":"on-balance-envy-scale","status":"publish","type":"product","link":"https:\/\/www.tatanka.nl\/fr\/on-balance-envy-scale\/","title":{"rendered":"On Balance, Balance Envy"},"content":{"rendered":"<h2 dir=\"ltr\" data-pm-slice=\"1 1 []\">Qu'est-ce que le On Balance Envy NV-500 ?<\/h2>\n<p dir=\"ltr\">La On Balance Envy NV-500 est une balance num\u00e9rique haut de gamme con\u00e7ue pour la pr\u00e9cision et la facilit\u00e9. Son design gris et argent\u00e9 \u00e9l\u00e9gant, associ\u00e9 \u00e0 une plateforme robuste en acier inoxydable, la rend id\u00e9ale pour une vari\u00e9t\u00e9 de t\u00e2ches, des mesures culinaires aux projets de bricolage. La balance est dot\u00e9e d'un \u00e9cran LCD r\u00e9tro\u00e9clair\u00e9 vert pour une lecture claire dans toutes les conditions d'\u00e9clairage. \u00c9quip\u00e9e de quatre boutons de fonction intuitifs, elle permet de passer facilement d'une unit\u00e9 \u00e0 l'autre (grammes, onces, pennyweight et onces troy). Le On Balance Envy NV-500 comprend \u00e9galement deux plateaux de pes\u00e9e spacieux qui se transforment en housses de protection, garantissant ainsi durabilit\u00e9 et portabilit\u00e9. Mesurant seulement 125x105x18 mm, cet appareil compact s'int\u00e8gre facilement dans n'importe quel espace de travail ou sac de voyage. Aliment\u00e9 par deux piles AAA, il est pr\u00eat \u00e0 l'emploi d\u00e8s sa sortie de l'emballage. Avec une pr\u00e9cision de 0,01 gramme et une capacit\u00e9 de 500 grammes, le On Balance Envy NV-500 fournit des r\u00e9sultats fiables pour des mesures pr\u00e9cises. Que vous soyez un particulier ou un professionnel, cette balance allie fonctionnalit\u00e9 et esth\u00e9tique moderne, ce qui en fait un compl\u00e9ment polyvalent \u00e0 votre trousse \u00e0 outils.<\/p>\n<h2 dir=\"ltr\">Historique du On Balance Envy NV-500<\/h2>\n<p dir=\"ltr\">La balance On Balance Envy NV-500 est le fruit de l'engagement de On Balance \u00e0 cr\u00e9er des solutions de pesage conviviales et de haute qualit\u00e9. On Balance, un nom de confiance dans le domaine des balances de pr\u00e9cision, a commenc\u00e9 \u00e0 d\u00e9velopper des balances num\u00e9riques compactes au d\u00e9but des ann\u00e9es 2000 pour r\u00e9pondre \u00e0 la demande croissante d'outils de mesure pr\u00e9cis et portables. L'Envy NV-500 s'est impos\u00e9e comme un mod\u00e8le phare, alliant technologie de pointe et design pratique. Son d\u00e9veloppement s'est attach\u00e9 \u00e0 r\u00e9pondre aux besoins de divers utilisateurs, des amateurs aux petits professionnels, qui recherchaient \u00e0 la fois la pr\u00e9cision et la portabilit\u00e9. L'inclusion d'une plate-forme en acier inoxydable et de plateaux de pes\u00e9e \u00e0 double usage refl\u00e8te des ann\u00e9es d'innovation pour rendre les balances durables et multifonctionnelles. Au fil du temps, la On Balance Envy NV-500 a \u00e9volu\u00e9 pour int\u00e9grer un \u00e9cran LCD r\u00e9tro\u00e9clair\u00e9 vert, am\u00e9liorant ainsi la visibilit\u00e9 et l'exp\u00e9rience de l'utilisateur. L'accent mis par la marque sur la pr\u00e9cision, jusqu'\u00e0 0,01 gramme, d\u00e9coule des commentaires des utilisateurs qui avaient besoin de mesures fiables pour des t\u00e2ches complexes. Aujourd'hui, le On Balance Envy NV-500 t\u00e9moigne de l'h\u00e9ritage de la marque, qui associe un design \u00e9l\u00e9gant \u00e0 des fonctionnalit\u00e9s avanc\u00e9es, pour r\u00e9pondre aux besoins d'un public international \u00e0 la recherche de solutions de pesage fiables et \u00e9l\u00e9gantes.<\/p>\n<h2 dir=\"ltr\">Comment utiliser le On Balance Envy NV-500<\/h2>\n<p dir=\"ltr\">L'utilisation du On Balance Envy NV-500 est simple et efficace, gr\u00e2ce \u00e0 sa conception conviviale. Commencez par placer le p\u00e8se-personne sur une surface plane et stable pour garantir la pr\u00e9cision des mesures. Ins\u00e9rez les deux piles AAA fournies et appuyez sur le bouton d'alimentation pour activer l'\u00e9cran LCD r\u00e9tro\u00e9clair\u00e9 vert. S\u00e9lectionnez l'unit\u00e9 de mesure de votre choix - grammes, onces, pennyweight ou troy ounces - \u00e0 l'aide des quatre boutons de fonction. Pour peser un objet, placez-le directement sur la plate-forme en acier inoxydable ou utilisez l'un des plateaux de pes\u00e9e inclus pour les mat\u00e9riaux plus petits ou en vrac. Pour des mesures pr\u00e9cises, utilisez la fonction de tare pour remettre la balance \u00e0 z\u00e9ro apr\u00e8s y avoir plac\u00e9 un r\u00e9cipient, afin que seul le poids de l'article soit enregistr\u00e9. La pr\u00e9cision de 0,01 gramme de la On Balance Envy NV-500 la rend id\u00e9ale pour les t\u00e2ches n\u00e9cessitant une grande pr\u00e9cision, telles que la mesure d'\u00e9pices, de bijoux ou de suppl\u00e9ments. Apr\u00e8s utilisation, nettoyez le plateau avec un chiffon doux et rangez la balance avec ses plateaux de protection pour pr\u00e9server son \u00e9tat. Compacte et l\u00e9g\u00e8re, la balance est parfaite pour une utilisation \u00e0 domicile ou en d\u00e9placement, et offre des performances constantes pour tous vos besoins de pesage.<\/p>\n<h2 dir=\"ltr\">En savoir plus sur le On Balance Envy NV-500<\/h2>\n<p dir=\"ltr\">Bien que la balance On Balance Envy NV-500 ne soit pas un produit consommable, ses \"ingr\u00e9dients\" r\u00e9sident dans ses mat\u00e9riaux de haute qualit\u00e9 et ses \u00e9l\u00e9ments de conception bien pens\u00e9s. La balance est \u00e9quip\u00e9e d'une plate-forme de pes\u00e9e en acier inoxydable durable, r\u00e9sistante \u00e0 la corrosion et \u00e0 l'usure, garantissant des performances durables. Son bo\u00eetier \u00e9l\u00e9gant gris et argent est fabriqu\u00e9 en plastique robuste et l\u00e9ger, ce qui permet d'\u00e9quilibrer la portabilit\u00e9 et la durabilit\u00e9. L'\u00e9cran LCD r\u00e9tro\u00e9clair\u00e9 vert vif est fabriqu\u00e9 \u00e0 partir de mat\u00e9riaux \u00e0 haute luminosit\u00e9, offrant une excellente visibilit\u00e9 dans diverses conditions d'\u00e9clairage. L'appareil comprend quatre touches de fonction r\u00e9actives, con\u00e7ues pour une utilisation intuitive et un changement d'unit\u00e9 en toute transparence. Deux grands plateaux de pes\u00e9e, \u00e9galement fabriqu\u00e9s en plastique durable, servent \u00e0 la fois d'outils de mesure et de couvercles de protection, am\u00e9liorant ainsi la polyvalence de la balance. La On Balance Envy NV-500 est aliment\u00e9e par deux piles AAA, incluses pour une utilisation imm\u00e9diate, et son circuit interne est con\u00e7u pour la pr\u00e9cision, fournissant des mesures exactes \u00e0 0,01 gramme pr\u00e8s. Chaque composant, du cadre compact de 125x105x18mm \u00e0 l'\u00e9lectronique robuste, a \u00e9t\u00e9 soigneusement s\u00e9lectionn\u00e9 pour garantir la fiabilit\u00e9 et la facilit\u00e9 d'utilisation. Cette combinaison de mat\u00e9riaux fait de la balance un choix fiable pour les utilisateurs qui recherchent \u00e0 la fois la fonctionnalit\u00e9 et une esth\u00e9tique moderne et professionnelle dans leurs outils de pesage.<\/p>\n<p dir=\"ltr\"><strong>Avertissement<\/strong><br \/>\nPlacez toujours le On Balance Envy NV-500 sur une surface plane et stable afin d'\u00e9viter des lectures impr\u00e9cises. Ne d\u00e9passez pas la capacit\u00e9 de poids de 500 grammes, car cela pourrait endommager les composants internes du p\u00e8se-personne. Gardez l'appareil \u00e0 l'abri de l'eau ou d'une humidit\u00e9 excessive afin d'\u00e9viter la corrosion de la plate-forme en acier inoxydable ou un dysfonctionnement des composants \u00e9lectroniques. Utilisez uniquement les plateaux de pes\u00e9e fournis ou des r\u00e9cipients compatibles pour \u00e9viter de rayer le plateau. Remplacez rapidement les piles lorsqu'elles sont faibles afin de maintenir des performances constantes.<\/p>","protected":false},"excerpt":{"rendered":"<p dir=\"ltr\" data-pm-slice=\"1 1 []\">Le On Balance Envy NV-500 est une balance num\u00e9rique \u00e9l\u00e9gante et de haute pr\u00e9cision con\u00e7ue pour une utilisation quotidienne. Avec sa plate-forme en acier inoxydable, son \u00e9cran LCD r\u00e9tro\u00e9clair\u00e9 vert et ses deux plateaux de pes\u00e9e polyvalents, cette balance compacte offre pr\u00e9cision et style. Parfaite pour mesurer jusqu'\u00e0 500 grammes avec une pr\u00e9cision de 0,01 gramme, c'est un outil indispensable pour les passionn\u00e9s comme pour les professionnels.<\/p>","protected":false},"featured_media":13416,"template":"","meta":[],"product_brand":[],"product_cat":[497,297,488],"product_tag":[],"class_list":{"0":"post-11788","1":"product","2":"type-product","3":"status-publish","4":"has-post-thumbnail","6":"product_cat-scales","7":"product_cat-all-products","8":"product_cat-headshop","9":"product_shipping_class-creditcard-on","11":"first","12":"instock","13":"taxable","14":"shipping-taxable","15":"purchasable","16":"product-type-variable","17":"has-default-attributes"},"_links":{"self":[{"href":"https:\/\/www.tatanka.nl\/fr\/wp-json\/wp\/v2\/product\/11788","targetHints":{"allow":["GET"]}}],"collection":[{"href":"https:\/\/www.tatanka.nl\/fr\/wp-json\/wp\/v2\/product"}],"about":[{"href":"https:\/\/www.tatanka.nl\/fr\/wp-json\/wp\/v2\/types\/product"}],"wp:featuredmedia":[{"embeddable":true,"href":"https:\/\/www.tatanka.nl\/fr\/wp-json\/wp\/v2\/media\/13416"}],"wp:attachment":[{"href":"https:\/\/www.tatanka.nl\/fr\/wp-json\/wp\/v2\/media?parent=11788"}],"wp:term":[{"taxonomy":"product_brand","embeddable":true,"href":"https:\/\/www.tatanka.nl\/fr\/wp-json\/wp\/v2\/product_brand?post=11788"},{"taxonomy":"product_cat","embeddable":true,"href":"https:\/\/www.tatanka.nl\/fr\/wp-json\/wp\/v2\/product_cat?post=11788"},{"taxonomy":"product_tag","embeddable":true,"href":"https:\/\/www.tatanka.nl\/fr\/wp-json\/wp\/v2\/product_tag?post=11788"}],"curies":[{"name":"wp","href":"https:\/\/api.w.org\/{rel}","templated":true}]}}