{"id":11797,"date":"2018-02-19T19:17:20","date_gmt":"2018-02-19T19:17:20","guid":{"rendered":"http:\/\/www.tatanka.nl\/?post_type=product&#038;p=11797"},"modified":"2025-07-29T11:05:43","modified_gmt":"2025-07-29T10:05:43","slug":"on-balance-square-ss-100-scale","status":"publish","type":"product","link":"https:\/\/www.tatanka.nl\/fr\/on-balance-square-ss-100-scale\/","title":{"rendered":"On Balance, \u00e9chelle SS-100"},"content":{"rendered":"<h2 dir=\"ltr\" data-pm-slice=\"1 1 []\">Qu'est-ce que la balance On Balance SS-100 ?<\/h2>\n<p dir=\"ltr\">La balance On Balance SS-100 est une balance num\u00e9rique \u00e9l\u00e9gante et de haute pr\u00e9cision, con\u00e7ue pour ressembler \u00e0 un CD et s'int\u00e9grer parfaitement dans tout environnement moderne. Avec une capacit\u00e9 maximale de 100 grammes et une pr\u00e9cision de 0,01 gramme, elle garantit des mesures pr\u00e9cises pour divers articles. La balance On Balance SS-100 est dot\u00e9e d'un grand plateau rond en acier inoxydable (100 x 100 mm) et d'une conception conviviale avec quatre boutons de fonction et un \u00e9cran LCD r\u00e9tro\u00e9clair\u00e9. Elle offre quatre modes de pesage (grammes, onces, pennyweight, onces troy) et est aliment\u00e9e par deux piles AAA pour plus de commodit\u00e9. Sa forme carr\u00e9e, semblable \u00e0 celle d'un CD (142x125x12 mm), et son couvercle rabattable la rendent portable et discr\u00e8te. Dot\u00e9e d'une fonction de tare, la balance On Balance SS-100 est id\u00e9ale pour les utilisateurs qui recherchent un m\u00e9lange de fonctionnalit\u00e9 et d'esth\u00e9tique. Parfaite pour la maison ou les voyages, cette balance offre des performances fiables dans un design compact et \u00e9l\u00e9gant, ce qui en fait un choix de premier ordre pour ceux qui ont besoin de mesures pr\u00e9cises avec une touche d'\u00e9l\u00e9gance moderne, assurant la polyvalence pour une vari\u00e9t\u00e9 de besoins de pesage.<\/p>\n<h2 dir=\"ltr\">Historique de la balance On Balance SS-100<\/h2>\n<p dir=\"ltr\">La balance On Balance SS-100 a \u00e9t\u00e9 lanc\u00e9e au milieu des ann\u00e9es 2010, en r\u00e9ponse \u00e0 la demande croissante de solutions de pesage compactes, pr\u00e9cises et visuellement attrayantes. La marque On Balance, connue pour sa technologie de pesage innovante, a con\u00e7u cette balance pour combiner fonctionnalit\u00e9 et esth\u00e9tique unique de type CD, afin de s\u00e9duire les utilisateurs soucieux de leur style. La balance On Balance SS-100 a \u00e9t\u00e9 con\u00e7ue avec une plate-forme en acier inoxydable et des capteurs de haute pr\u00e9cision pour offrir une pr\u00e9cision de 0,01 gramme, destin\u00e9e aux amateurs et aux professionnels. Son d\u00e9veloppement s'est concentr\u00e9 sur la portabilit\u00e9 et les fonctions avanc\u00e9es telles que l'\u00e9cran LCD r\u00e9tro\u00e9clair\u00e9 et la fonction de tare. Au fil du temps, la conception a \u00e9t\u00e9 affin\u00e9e pour am\u00e9liorer la durabilit\u00e9 et la facilit\u00e9 d'utilisation, en incorporant quatre modes de pesage et un fonctionnement sur batterie pour une plus grande polyvalence. La popularit\u00e9 de la balance s'est accrue au fur et \u00e0 mesure que les consommateurs recherchaient des outils discrets et de haute qualit\u00e9 qui s'int\u00e8grent parfaitement dans les int\u00e9rieurs modernes. Aujourd'hui, la balance On Balance SS-100 reste tr\u00e8s appr\u00e9ci\u00e9e, alliant une ing\u00e9nierie de pr\u00e9cision \u00e0 un design moderne et \u00e9l\u00e9gant. Son histoire refl\u00e8te un engagement en faveur de la qualit\u00e9 et de l'innovation, offrant aux utilisateurs un outil fiable et esth\u00e9tique pour des mesures pr\u00e9cises dans diverses applications, de l'usage personnel \u00e0 l'usage professionnel, dans un emballage compact et \u00e9l\u00e9gant.<\/p>\n<h2 dir=\"ltr\">Comment utiliser la balance On Balance SS-100<\/h2>\n<p dir=\"ltr\">L'utilisation de la balance On Balance SS-100 est simple et garantit des mesures pr\u00e9cises pour une grande vari\u00e9t\u00e9 d'articles. Placez la balance sur une surface plane et stable et ouvrez le couvercle rabattable pour r\u00e9v\u00e9ler la plate-forme en acier inoxydable de 100 x 100 mm. Allumez la balance On Balance SS-100 \u00e0 l'aide des deux piles AAA fournies. S\u00e9lectionnez l'un des quatre modes de pesage (grammes, onces, pennyweight ou onces troy) \u00e0 l'aide des quatre boutons de fonction. Placez votre objet sur le plateau et l'\u00e9cran LCD r\u00e9tro\u00e9clair\u00e9 affichera le poids avec une pr\u00e9cision de 0,01 gramme. La fonction de tare permet de soustraire le poids des r\u00e9cipients pour obtenir des mesures pr\u00e9cises. Apr\u00e8s utilisation, fermez le couvercle pour prot\u00e9ger le plateau et \u00e9teignez la balance pour pr\u00e9server la dur\u00e9e de vie des piles. Conservez la balance On Balance SS-100 dans un endroit sec pour la maintenir en bon \u00e9tat. Pour de meilleurs r\u00e9sultats, \u00e9vitez de d\u00e9passer la capacit\u00e9 de 100 grammes afin de garantir la pr\u00e9cision. Sa conception compacte, semblable \u00e0 celle d'un CD, en fait un outil id\u00e9al pour la maison ou les voyages. La balance On Balance SS-100 offre un moyen convivial et fiable de peser des objets avec pr\u00e9cision, combinant fonctionnalit\u00e9 et aspect \u00e9l\u00e9gant et discret pour une utilisation polyvalente.<\/p>\n<h2 dir=\"ltr\">En savoir plus sur la balance On Balance SS-100<\/h2>\n<p dir=\"ltr\">La balance On Balance SS-100 est fabriqu\u00e9e avec des mat\u00e9riaux de haute qualit\u00e9 pour garantir des performances pr\u00e9cises et durables. Le corps de la balance est en plastique robuste et l\u00e9ger, con\u00e7u pour imiter un CD, ce qui lui conf\u00e8re une apparence \u00e9l\u00e9gante et discr\u00e8te. La plate-forme de pes\u00e9e, qui mesure 100 x 100 mm, est fabriqu\u00e9e en acier inoxydable, offrant une surface r\u00e9sistante \u00e0 la corrosion pour des mesures pr\u00e9cises. Le couvercle rabattable, \u00e9galement en plastique durable, prot\u00e8ge la plate-forme lorsqu'elle n'est pas utilis\u00e9e. L'\u00e9cran LCD r\u00e9tro\u00e9clair\u00e9, compos\u00e9 de verre et de composants \u00e9lectroniques, assure une bonne visibilit\u00e9 dans diverses conditions d'\u00e9clairage. La balance On Balance SS-100 est aliment\u00e9e par deux piles AAA, log\u00e9es dans un compartiment s\u00e9curis\u00e9, qui prennent en charge des fonctions telles que la fonction de tare et quatre modes de pesage (grammes, onces, pennyweight, onces troy). Les composants \u00e9lectroniques internes, y compris les capteurs de haute pr\u00e9cision, permettent d'obtenir des mesures exactes jusqu'\u00e0 100 grammes avec une pr\u00e9cision de 0,01 gramme. Aucun produit chimique nocif n'est utilis\u00e9, ce qui garantit une manipulation s\u00fbre. La balance On Balance SS-100 associe ces mat\u00e9riaux \u00e0 une ing\u00e9nierie de pr\u00e9cision, ce qui en fait un outil fiable et \u00e9l\u00e9gant, un choix de confiance pour ceux qui recherchent une solution de pesage durable et pr\u00e9cise dans un design compact et esth\u00e9tique.<\/p>","protected":false},"excerpt":{"rendered":"<p dir=\"ltr\" data-pm-slice=\"1 1 []\">La balance On Balance SS-100 est une balance num\u00e9rique \u00e9l\u00e9gante en forme de CD avec une plate-forme en acier inoxydable, offrant une capacit\u00e9 de 100 g et une pr\u00e9cision de 0,01 g. Elle est \u00e9quip\u00e9e d'un \u00e9cran LCD r\u00e9tro\u00e9clair\u00e9, d'une fonction de tare et de quatre modes de pes\u00e9e. Dot\u00e9e d'un \u00e9cran LCD r\u00e9tro\u00e9clair\u00e9, d'une fonction de tare et de quatre modes de pes\u00e9e, elle est aliment\u00e9e par deux piles AAA pour des mesures pr\u00e9cises.<\/p>","protected":false},"featured_media":13419,"template":"","meta":[],"product_brand":[],"product_cat":[497,297,488],"product_tag":[],"class_list":{"0":"post-11797","1":"product","2":"type-product","3":"status-publish","4":"has-post-thumbnail","6":"product_cat-scales","7":"product_cat-all-products","8":"product_cat-headshop","9":"product_shipping_class-creditcard-on","11":"first","12":"instock","13":"taxable","14":"shipping-taxable","15":"purchasable","16":"product-type-variable","17":"has-default-attributes"},"_links":{"self":[{"href":"https:\/\/www.tatanka.nl\/fr\/wp-json\/wp\/v2\/product\/11797","targetHints":{"allow":["GET"]}}],"collection":[{"href":"https:\/\/www.tatanka.nl\/fr\/wp-json\/wp\/v2\/product"}],"about":[{"href":"https:\/\/www.tatanka.nl\/fr\/wp-json\/wp\/v2\/types\/product"}],"wp:featuredmedia":[{"embeddable":true,"href":"https:\/\/www.tatanka.nl\/fr\/wp-json\/wp\/v2\/media\/13419"}],"wp:attachment":[{"href":"https:\/\/www.tatanka.nl\/fr\/wp-json\/wp\/v2\/media?parent=11797"}],"wp:term":[{"taxonomy":"product_brand","embeddable":true,"href":"https:\/\/www.tatanka.nl\/fr\/wp-json\/wp\/v2\/product_brand?post=11797"},{"taxonomy":"product_cat","embeddable":true,"href":"https:\/\/www.tatanka.nl\/fr\/wp-json\/wp\/v2\/product_cat?post=11797"},{"taxonomy":"product_tag","embeddable":true,"href":"https:\/\/www.tatanka.nl\/fr\/wp-json\/wp\/v2\/product_tag?post=11797"}],"curies":[{"name":"wp","href":"https:\/\/api.w.org\/{rel}","templated":true}]}}