{"id":118541,"date":"2024-01-26T10:53:32","date_gmt":"2024-01-26T08:53:32","guid":{"rendered":"https:\/\/www.tatanka.nl\/?post_type=product&#038;p=118541"},"modified":"2025-11-04T11:58:47","modified_gmt":"2025-11-04T10:58:47","slug":"euphoric-tea-atlantis-15-grams","status":"publish","type":"product","link":"https:\/\/www.tatanka.nl\/fr\/euphoric-tea-atlantis-15-grams\/","title":{"rendered":"Euphoric Th\u00e9 : Atlantis 15 grammes"},"content":{"rendered":"<h2>Qu'est-ce que le th\u00e9 Atlantis Euphoric ?<\/h2>\n<p>Le th\u00e9 Atlantis Euphoric est un d\u00e9licieux m\u00e9lange de 15 grammes de truffes magiques Atlantis et d'une tisane personnalis\u00e9e, con\u00e7ue pour susciter la joie et la clart\u00e9 mentale. Ce th\u00e9 unique induit une douce euphorie, semblable \u00e0 un l\u00e9ger buzz joyeux, sans l'intensit\u00e9 d'un voyage psych\u00e9d\u00e9lique complet. Les truffes magiques, s\u00e9lectionn\u00e9es pour leur grande qualit\u00e9, am\u00e9liorent l'humeur, la concentration et la cr\u00e9ativit\u00e9, ce qui rend ce th\u00e9 parfait pour ceux qui recherchent une exp\u00e9rience \u00e0 la fois enjou\u00e9e et ancr\u00e9e dans la r\u00e9alit\u00e9. La tisane compl\u00e8te les truffes, amplifiant leurs effets joyeux tout en favorisant la relaxation et l'introspection. Id\u00e9ale en soci\u00e9t\u00e9 ou pour une r\u00e9flexion tranquille, la tisane Atlantis Euphoric favorise un \u00e9tat de bonheur qui enrichit la r\u00e9alit\u00e9 au lieu de la d\u00e9former. Facile \u00e0 pr\u00e9parer, il invite les utilisateurs \u00e0 savourer un voyage en pleine conscience dans un environnement confortable. Que vous soyez en train d'explorer des id\u00e9es cr\u00e9atives ou simplement \u00e0 la recherche d'une \u00e9vasion sereine, ce th\u00e9 offre un \u00e9quilibre harmonieux entre l'exaltation et la conscience. Consommez toujours de mani\u00e8re responsable, en commen\u00e7ant par une petite dose pour \u00e9valuer les effets, et assurez-vous d'un environnement calme pour une exp\u00e9rience optimale. Atlantis Euphoric Le th\u00e9 est votre porte d'entr\u00e9e vers une aventure joyeuse et \u00e9clairante.<\/p>\n<h2>Histoire du th\u00e9 Atlantis Euphoric<\/h2>\n<p>Le th\u00e9 Atlantis Euphoric trouve son origine dans l'utilisation ancienne de substances psychoactives pour l'enrichissement \u00e9motionnel et spirituel. Les truffes magiques, qui sont au c\u0153ur de ce m\u00e9lange, sont v\u00e9n\u00e9r\u00e9es dans toutes les cultures depuis des si\u00e8cles, souvent utilis\u00e9es dans des rituels pour \u00e9lever l'humeur et favoriser la connexion. La cr\u00e9ation moderne de ce th\u00e9 s'inspire de cet h\u00e9ritage, m\u00ealant traditions ancestrales et pratiques de bien-\u00eatre contemporaines. Les truffes magiques Atlantis, choisies pour leurs effets \u00e9quilibr\u00e9s et stimulants, ont \u00e9t\u00e9 associ\u00e9es \u00e0 une tisane personnalis\u00e9e inspir\u00e9e de l'herboristerie chamanique pour cr\u00e9er un produit unique. Cette fusion est n\u00e9e de l'int\u00e9r\u00eat croissant pour les psych\u00e9d\u00e9liques naturels, en particulier pour leur potentiel d'am\u00e9lioration de la cr\u00e9ativit\u00e9 et du bien-\u00eatre \u00e9motionnel. La formulation de la tisane refl\u00e8te un \u00e9quilibre minutieux, con\u00e7u pour apporter de la joie sans submerger les sens. Le th\u00e9 Atlantis Euphoric repr\u00e9sente une \u00e9volution moderne de ces pratiques, offrant une mani\u00e8re douce mais profonde d'explorer les paysages int\u00e9rieurs. Sa popularit\u00e9 met en \u00e9vidence un changement culturel vers une utilisation consciente et intentionnelle des psych\u00e9d\u00e9liques pour le d\u00e9veloppement personnel. En honorant la sagesse ancienne tout en embrassant l'innovation, ce th\u00e9 invite les utilisateurs \u00e0 faire l'exp\u00e9rience de la m\u00eame clart\u00e9 \u00e9difiante qui a inspir\u00e9 les chercheurs tout au long de l'histoire, le tout dans un cadre s\u00fbr et accessible.<\/p>\n<h2>Comment utiliser le th\u00e9 Atlantis Euphoric<\/h2>\n<p>La pr\u00e9paration du th\u00e9 Magic Truffle Euphoric est un processus simple qui am\u00e9liore l'exp\u00e9rience globale :<\/p>\n<p>1. Faites bouillir 1,5 litre d'eau dans une bouilloire ou une casserole. Une fois que l'eau commence \u00e0 bouillir, retirez-la du feu et laissez-la refroidir pendant quelques minutes jusqu'\u00e0 ce qu'elle atteigne environ 80 degr\u00e9s Celsius.<br \/>\n2. Placez le sachet de th\u00e9 Shamanita dans la th\u00e9i\u00e8re ou le pot.<br \/>\n3. Broyez ou hachez les Magic Truffles en petits morceaux, puis remplissez-en le sachet de th\u00e9 vide fourni et placez-le dans la th\u00e9i\u00e8re ou la marmite.<br \/>\n4. Versez d\u00e9licatement l'eau chaude sur les sachets de th\u00e9 dans la th\u00e9i\u00e8re ou le pot.<br \/>\n5. Laissez infuser le th\u00e9 Shamanita pendant environ 7 minutes. La dur\u00e9e exacte de l'infusion peut varier en fonction des pr\u00e9f\u00e9rences personnelles. Retirez ensuite le sachet de th\u00e9 Shamanita de la th\u00e9i\u00e8re ou du pot.<br \/>\n6. Laissez infuser le sachet de th\u00e9 contenant les Truffes magiques pendant 10 \u00e0 15 minutes.<br \/>\n7. Apr\u00e8s l'infusion, retirez le sachet de th\u00e9 contenant les truffes magiques. Vous pouvez choisir de manger les truffes pour un coup de pouce suppl\u00e9mentaire.<br \/>\n8. Servir le th\u00e9 Shamanita chaud dans des tasses ou des verres.<\/p>\n<h2>Ingr\u00e9dients du th\u00e9 Atlantis Euphoric<\/h2>\n<p>Le th\u00e9 Atlantis Euphoric est \u00e9labor\u00e9 \u00e0 partir de deux composants cl\u00e9s : 15 grammes de truffes magiques Atlantis et un m\u00e9lange de tisanes personnalis\u00e9. Les truffes magiques, r\u00e9put\u00e9es pour leurs propri\u00e9t\u00e9s stimulantes, sont cultiv\u00e9es avec soin pour garantir une qualit\u00e9 et une puissance constantes. Elles contiennent des compos\u00e9s naturels qui \u00e9l\u00e8vent l'humeur, am\u00e9liorent la concentration et stimulent la cr\u00e9ativit\u00e9, procurant une exp\u00e9rience douce et euphorique. La tisane, un m\u00e9lange exclusif de plantes soigneusement s\u00e9lectionn\u00e9es, renforce les effets des truffes tout en ajoutant une dimension apaisante et savoureuse au th\u00e9. Ce m\u00e9lange est con\u00e7u pour favoriser la relaxation et amplifier les propri\u00e9t\u00e9s joyeuses des truffes, cr\u00e9ant un \u00e9quilibre harmonieux qui favorise l'introspection et la clart\u00e9 \u00e9motionnelle. Aucun additif artificiel ou conservateur n'est utilis\u00e9, ce qui garantit un produit pur et naturel. La synergie entre les truffes et la tisane cr\u00e9e une exp\u00e9rience unique, faisant du th\u00e9 Atlantis Euphoric un produit id\u00e9al pour ceux qui recherchent un voyage l\u00e9ger et stimulant. Les ingr\u00e9dients sont s\u00e9lectionn\u00e9s avec soin afin de pr\u00e9server leur puissance et leur qualit\u00e9, offrant ainsi aux utilisateurs une exp\u00e9rience fiable et enrichissante. Conservez le produit dans un endroit frais et sec pour pr\u00e9server sa fra\u00eecheur et son efficacit\u00e9, afin que chaque tasse produise les effets b\u00e9n\u00e9fiques escompt\u00e9s.<\/p>\n<p><strong>Avertissement<\/strong><br \/>\nN'utiliser que si l'on est \u00e2g\u00e9 de plus de 18 ans et tenir hors de port\u00e9e des enfants. Consulter un m\u00e9decin avant d'utiliser le produit en cas de grossesse, d'allaitement ou de probl\u00e8mes de sant\u00e9. \u00c9vitez d'utiliser ce produit si vous souffrez de probl\u00e8mes r\u00e9naux ou cardiaques, d'hypertension ou d'hypotension, de diab\u00e8te ou si vous \u00eates sous l'influence de m\u00e9dicaments, d'alcool ou de drogues. Ce produit n'est pas un m\u00e9dicament. Ne l'achetez pas si le sceau est bris\u00e9.<\/p>","protected":false},"excerpt":{"rendered":"<p dir=\"auto\">Le th\u00e9 Atlantis Euphoric, infus\u00e9 avec 15 grammes de truffes magiques Atlantis, offre une exp\u00e9rience joyeuse et exaltante. Ce m\u00e9lange savamment \u00e9labor\u00e9 favorise l'euphorie, la clart\u00e9 mentale et l'inspiration cr\u00e9ative sans psych\u00e9d\u00e9liques intenses, ce qui est id\u00e9al pour ceux qui recherchent un voyage l\u00e9ger et b\u00e9at dans un cadre serein.<\/p>","protected":false},"featured_media":118781,"template":"","meta":[],"product_brand":[],"product_cat":[620,297,615,515,476],"product_tag":[662],"class_list":{"0":"post-118541","1":"product","2":"type-product","3":"status-publish","4":"has-post-thumbnail","6":"product_cat-shamanita","7":"product_cat-all-products","8":"product_cat-magic-truffle-tea","9":"product_cat-shroomshop","10":"product_cat-smartshop","11":"product_tag-shrdeal","12":"product_shipping_class-creditcard-off","14":"first","15":"instock","16":"taxable","17":"shipping-taxable","18":"purchasable","19":"product-type-variable","20":"has-default-attributes"},"_links":{"self":[{"href":"https:\/\/www.tatanka.nl\/fr\/wp-json\/wp\/v2\/product\/118541","targetHints":{"allow":["GET"]}}],"collection":[{"href":"https:\/\/www.tatanka.nl\/fr\/wp-json\/wp\/v2\/product"}],"about":[{"href":"https:\/\/www.tatanka.nl\/fr\/wp-json\/wp\/v2\/types\/product"}],"wp:featuredmedia":[{"embeddable":true,"href":"https:\/\/www.tatanka.nl\/fr\/wp-json\/wp\/v2\/media\/118781"}],"wp:attachment":[{"href":"https:\/\/www.tatanka.nl\/fr\/wp-json\/wp\/v2\/media?parent=118541"}],"wp:term":[{"taxonomy":"product_brand","embeddable":true,"href":"https:\/\/www.tatanka.nl\/fr\/wp-json\/wp\/v2\/product_brand?post=118541"},{"taxonomy":"product_cat","embeddable":true,"href":"https:\/\/www.tatanka.nl\/fr\/wp-json\/wp\/v2\/product_cat?post=118541"},{"taxonomy":"product_tag","embeddable":true,"href":"https:\/\/www.tatanka.nl\/fr\/wp-json\/wp\/v2\/product_tag?post=118541"}],"curies":[{"name":"wp","href":"https:\/\/api.w.org\/{rel}","templated":true}]}}