{"id":118547,"date":"2024-01-26T10:54:06","date_gmt":"2024-01-26T08:54:06","guid":{"rendered":"https:\/\/www.tatanka.nl\/?post_type=product&#038;p=118547"},"modified":"2026-01-20T00:48:29","modified_gmt":"2026-01-19T23:48:29","slug":"tripping-tea-dragons-dynamite-20-grams","status":"publish","type":"product","link":"https:\/\/www.tatanka.nl\/fr\/tripping-tea-dragons-dynamite-20-grams\/","title":{"rendered":"Tripping Th\u00e9 : Dragon\u2019s Dynamite 20 grammes"},"content":{"rendered":"<h2 dir=\"ltr\" data-pm-slice=\"1 1 []\">Qu'est-ce que le th\u00e9 Dragon\u2019s Dynamite Tripping ?<\/h2>\n<p dir=\"ltr\">Dragon\u2019s Dynamite Tripping Tea est un puissant m\u00e9lange psych\u00e9d\u00e9lique associant 20 grammes de truffes magiques \u00e0 Shamanita Tea, une infusion de plantes sp\u00e9cialement con\u00e7ue \u00e0 cet effet. Con\u00e7u pour ceux qui cherchent \u00e0 plonger profond\u00e9ment dans leur conscience, ce th\u00e9 procure de vives hallucinations, des perceptions sensorielles et temporelles alt\u00e9r\u00e9es et des exp\u00e9riences \u00e9motionnelles intenses. Les truffes magiques, connues pour leurs effets robustes, agissent en synergie avec la tisane pour amplifier le voyage, en favorisant la cr\u00e9ativit\u00e9, l'introspection et le d\u00e9veloppement spirituel. Id\u00e9ale pour les utilisateurs exp\u00e9riment\u00e9s, elle offre une exp\u00e9rience transformatrice lorsqu'elle est consomm\u00e9e dans un environnement calme et confortable, en pr\u00e9sence d'un guide sobre. Le th\u00e9 est facile \u00e0 pr\u00e9parer, permettant aux utilisateurs d'infuser les truffes et les herbes pour un effet \u00e9quilibr\u00e9 et immersif. Ce produit n'est pas seulement une boisson, mais une passerelle vers l'exploration des domaines les plus profonds de l'esprit, encourageant une compr\u00e9hension profonde et l'expression artistique. Sa formule soigneusement \u00e9labor\u00e9e assure un \u00e9quilibre harmonieux entre l'intensit\u00e9 et la pleine conscience, ce qui en fait une offre unique pour ceux qui sont pr\u00eats \u00e0 s'embarquer dans une aventure mystique. Respectez toujours les consignes de dosage pour garantir une exp\u00e9rience s\u00fbre et \u00e9clairante.<\/p>\n<h2 dir=\"ltr\">Histoire du th\u00e9 Dragon\u2019s Dynamite Tripping<\/h2>\n<p dir=\"ltr\">Les origines du th\u00e9 Dragon\u2019s Dynamite Tripping remontent \u00e0 d'anciennes traditions d'utilisation de substances psychoactives \u00e0 des fins de d\u00e9veloppement spirituel et personnel. Les truffes magiques, le composant principal, sont utilis\u00e9es depuis des si\u00e8cles dans diverses cultures pour leurs propri\u00e9t\u00e9s modificatrices de l'esprit, souvent dans le cadre de rituels visant \u00e0 se connecter avec le divin ou \u00e0 explorer le soi. La formulation moderne de ce th\u00e9 est n\u00e9e de la r\u00e9surgence de l'int\u00e9r\u00eat pour les psych\u00e9d\u00e9liques \u00e0 des fins th\u00e9rapeutiques et cr\u00e9atives. En m\u00e9langeant ces truffes avec le th\u00e9 Shamanita, un m\u00e9lange d'herbes inspir\u00e9 par les pratiques chamaniques, ce produit associe la sagesse ancienne \u00e0 l'innovation contemporaine. Les truffes sont cultiv\u00e9es pour maximiser leur puissance, tandis que le th\u00e9 renforce leurs effets, cr\u00e9ant une exp\u00e9rience plus douce et plus r\u00e9fl\u00e9chie. Cette fusion refl\u00e8te l'appr\u00e9ciation croissante des psych\u00e9d\u00e9liques naturels dans les communaut\u00e9s artistiques et de bien-\u00eatre. Le th\u00e9 Dragon\u2019s Dynamite Tripping est un pont entre le pass\u00e9 et le pr\u00e9sent, offrant aux utilisateurs la possibilit\u00e9 de puiser dans le m\u00eame pouvoir de transformation que celui qui a guid\u00e9 les chamans et les chercheurs depuis des g\u00e9n\u00e9rations. Sa popularit\u00e9 croissante t\u00e9moigne d'une \u00e9volution culturelle vers l'utilisation des psych\u00e9d\u00e9liques pour la pleine conscience et la d\u00e9couverte de soi, en mettant toujours l'accent sur une utilisation s\u00fbre et intentionnelle.<\/p>\n<h2 dir=\"ltr\">Comment utiliser le th\u00e9 Dragon\u2019s Dynamite Tripping<\/h2>\n<p>La pr\u00e9paration du th\u00e9 Magic Truffle Tripping est un processus simple qui am\u00e9liore l'exp\u00e9rience globale :<\/p>\n<p>1. Faites bouillir 1,5 litre d'eau dans une bouilloire ou une casserole. Une fois que l'eau commence \u00e0 bouillir, retirez-la du feu et laissez-la refroidir pendant quelques minutes jusqu'\u00e0 ce qu'elle atteigne environ 80 degr\u00e9s Celsius.<br \/>\n2. Placez le sachet de th\u00e9 Shamanita dans la th\u00e9i\u00e8re ou le pot.<br \/>\n3. Broyez ou hachez les Magic Truffles en petits morceaux, puis remplissez-en le sachet de th\u00e9 vide fourni et placez-le dans la th\u00e9i\u00e8re ou la marmite.<br \/>\n4. Versez d\u00e9licatement l'eau chaude sur les sachets de th\u00e9 dans la th\u00e9i\u00e8re ou le pot.<br \/>\n5. Laissez infuser le th\u00e9 Shamanita pendant environ 7 minutes. La dur\u00e9e exacte de l'infusion peut varier en fonction des pr\u00e9f\u00e9rences personnelles. Retirez ensuite le sachet de th\u00e9 Shamanita de la th\u00e9i\u00e8re ou du pot.<br \/>\n6. Laissez infuser le sachet de th\u00e9 contenant les Truffes magiques pendant 10 \u00e0 15 minutes.<br \/>\n7. Apr\u00e8s l'infusion, retirez le sachet de th\u00e9 contenant les truffes magiques. Vous pouvez choisir de manger les truffes pour un coup de pouce suppl\u00e9mentaire.<br \/>\n8. Servir le th\u00e9 Shamanita chaud dans des tasses ou des verres.<\/p>\n<h2 dir=\"ltr\">Ingr\u00e9dients du th\u00e9 Dragon\u2019s Dynamite Tripping<\/h2>\n<p dir=\"ltr\">Le th\u00e9 Dragon\u2019s Dynamite Tripping est \u00e9labor\u00e9 \u00e0 partir de deux composants principaux : 20 grammes de truffes magiques et le th\u00e9 Shamanita. Les truffes magiques, connues pour leurs puissants compos\u00e9s psychoactifs, sont cultiv\u00e9es avec soin afin de garantir une force et une qualit\u00e9 constantes, et d'offrir des hallucinations vives et des perspectives \u00e9motionnelles profondes. Ces truffes contiennent des compos\u00e9s naturels qui interagissent avec le cerveau pour modifier la perception, l'humeur et la conscience, ce qui les rend id\u00e9ales pour les utilisateurs exp\u00e9riment\u00e9s. Le th\u00e9 Shamanita, un m\u00e9lange de plantes brevet\u00e9, compl\u00e8te les truffes en renfor\u00e7ant leurs effets et en favorisant un voyage plus doux et plus introspectif. Ce th\u00e9 contient des herbes soigneusement s\u00e9lectionn\u00e9es qui s'harmonisent avec les truffes, favorisant une exp\u00e9rience \u00e9quilibr\u00e9e qui encourage la cr\u00e9ativit\u00e9 et la connexion spirituelle. La combinaison de ces ingr\u00e9dients cr\u00e9e un effet synergique, amplifiant le voyage psych\u00e9d\u00e9lique tout en l'ancrant dans un cadre de pleine conscience. Aucun additif artificiel ou conservateur n'est inclus, ce qui garantit une exp\u00e9rience naturelle et authentique. La formulation pr\u00e9cise de ce th\u00e9 est con\u00e7ue pour aider les utilisateurs \u00e0 explorer leurs paysages int\u00e9rieurs, ce qui en fait une offre unique pour ceux qui recherchent une transformation profonde. Conservez toujours le produit dans un endroit frais et sec afin de pr\u00e9server son efficacit\u00e9.<\/p>\n<p dir=\"ltr\"><strong>Avertissement<\/strong><br \/>\nN'utiliser que si l'on est \u00e2g\u00e9 de plus de 18 ans et tenir hors de port\u00e9e des enfants. Consulter un m\u00e9decin avant d'utiliser le produit en cas de grossesse, d'allaitement ou de probl\u00e8mes de sant\u00e9. \u00c9vitez d'utiliser ce produit si vous souffrez de probl\u00e8mes r\u00e9naux ou cardiaques, d'hypertension ou d'hypotension, de diab\u00e8te ou si vous \u00eates sous l'influence de m\u00e9dicaments, d'alcool ou de drogues. Ce produit n'est pas un m\u00e9dicament. Ne l'achetez pas si le sceau est bris\u00e9.<\/p>","protected":false},"excerpt":{"rendered":"<p dir=\"auto\">Le th\u00e9 Dragon\u2019s Dynamite Tripping est un puissant m\u00e9lange de 20 grammes de truffes magiques et de th\u00e9 Shamanita, con\u00e7u pour les utilisateurs exp\u00e9riment\u00e9s \u00e0 la recherche d'hallucinations vives et d'une profonde d\u00e9couverte de soi. Ce th\u00e9 unique offre un voyage psych\u00e9d\u00e9lique immersif, renfor\u00e7ant la cr\u00e9ativit\u00e9, la profondeur \u00e9motionnelle et l'exploration spirituelle dans un cadre s\u00fbr et confortable avec un guide sobre.<\/p>","protected":false},"featured_media":118802,"template":"","meta":[],"product_brand":[],"product_cat":[620,297,615,515,476],"product_tag":[662],"class_list":{"0":"post-118547","1":"product","2":"type-product","3":"status-publish","4":"has-post-thumbnail","6":"product_cat-shamanita","7":"product_cat-all-products","8":"product_cat-magic-truffle-tea","9":"product_cat-shroomshop","10":"product_cat-smartshop","11":"product_tag-shrdeal","12":"product_shipping_class-creditcard-off","14":"first","15":"instock","16":"taxable","17":"shipping-taxable","18":"purchasable","19":"product-type-variable","20":"has-default-attributes"},"_links":{"self":[{"href":"https:\/\/www.tatanka.nl\/fr\/wp-json\/wp\/v2\/product\/118547","targetHints":{"allow":["GET"]}}],"collection":[{"href":"https:\/\/www.tatanka.nl\/fr\/wp-json\/wp\/v2\/product"}],"about":[{"href":"https:\/\/www.tatanka.nl\/fr\/wp-json\/wp\/v2\/types\/product"}],"wp:featuredmedia":[{"embeddable":true,"href":"https:\/\/www.tatanka.nl\/fr\/wp-json\/wp\/v2\/media\/118802"}],"wp:attachment":[{"href":"https:\/\/www.tatanka.nl\/fr\/wp-json\/wp\/v2\/media?parent=118547"}],"wp:term":[{"taxonomy":"product_brand","embeddable":true,"href":"https:\/\/www.tatanka.nl\/fr\/wp-json\/wp\/v2\/product_brand?post=118547"},{"taxonomy":"product_cat","embeddable":true,"href":"https:\/\/www.tatanka.nl\/fr\/wp-json\/wp\/v2\/product_cat?post=118547"},{"taxonomy":"product_tag","embeddable":true,"href":"https:\/\/www.tatanka.nl\/fr\/wp-json\/wp\/v2\/product_tag?post=118547"}],"curies":[{"name":"wp","href":"https:\/\/api.w.org\/{rel}","templated":true}]}}