{"id":118553,"date":"2024-01-26T10:55:20","date_gmt":"2024-01-26T08:55:20","guid":{"rendered":"https:\/\/www.tatanka.nl\/?post_type=product&#038;p=118553"},"modified":"2025-11-04T11:58:46","modified_gmt":"2025-11-04T10:58:46","slug":"hero-trip-tea-high-hawaiians-25-grams","status":"publish","type":"product","link":"https:\/\/www.tatanka.nl\/fr\/hero-trip-tea-high-hawaiians-25-grams\/","title":{"rendered":"Hero Trip Th\u00e9 : High Hawaiians 25 grammes"},"content":{"rendered":"<h2 dir=\"ltr\" data-pm-slice=\"1 1 []\">Qu'est-ce que le th\u00e9 High Hawaiians Hero Trip ?<\/h2>\n<p dir=\"ltr\">High Hawaiians Hero Trip Tea est un puissant m\u00e9lange psych\u00e9d\u00e9lique con\u00e7u pour les aventuriers chevronn\u00e9s \u00e0 la recherche d'une exp\u00e9rience intense et transformatrice. Chaque portion contient 25 grammes de truffes magiques High Hawaiians, connues pour provoquer de vives hallucinations, de profondes prises de conscience et une connexion profonde avec l'int\u00e9rieur de soi. Associ\u00e9 au th\u00e9 Shamanita, un m\u00e9lange d'herbes soigneusement s\u00e9lectionn\u00e9, ce th\u00e9 renforce les effets des truffes, cr\u00e9ant un environnement id\u00e9al pour l'introspection, la cr\u00e9ativit\u00e9 et la m\u00e9ditation. La synergie entre les truffes et la tisane \u00e9l\u00e8ve le voyage, guidant les utilisateurs \u00e0 travers des paysages complexes de la conscience. Ce produit n'est pas seulement une boisson, mais une passerelle vers l'illumination spirituelle et \u00e9motionnelle. La pr\u00e9paration et la prudence sont essentielles, car le dosage puissant est r\u00e9serv\u00e9 \u00e0 ceux qui ont une exp\u00e9rience pr\u00e9alable de l'exploration psych\u00e9d\u00e9lique. Le th\u00e9 offre une occasion unique d'explorer les profondeurs de l'esprit tout en favorisant l'harmonie entre le corps et l'esprit. Pour une exp\u00e9rience s\u00fbre et enrichissante, les utilisateurs doivent respecter les consignes de dosage et s'assurer d'un environnement confortable avec un guide sobre. Le th\u00e9 High Hawaiians Hero Trip vous invite \u00e0 lib\u00e9rer votre potentiel int\u00e9rieur et \u00e0 partir \u00e0 la d\u00e9couverte de vous-m\u00eame.<\/p>\n<h2 dir=\"ltr\">Histoire du th\u00e9 High Hawaiians Hero Trip<\/h2>\n<p dir=\"ltr\">Les origines du th\u00e9 High Hawaiians Hero Trip remontent \u00e0 d'anciennes pratiques d'utilisation de substances psychoactives \u00e0 des fins de d\u00e9veloppement spirituel et personnel. Les truffes magiques, un composant cl\u00e9, sont utilis\u00e9es depuis des si\u00e8cles dans diverses cultures pour leurs propri\u00e9t\u00e9s psychotropes. Les chamans et les gu\u00e9risseurs indig\u00e8nes incorporaient souvent ces substances dans leurs rituels afin de se connecter au divin, d'acqu\u00e9rir des connaissances et de renforcer les liens communautaires. La souche High Hawaiians, connue pour sa puissance, est issue de techniques de culture modernes visant \u00e0 renforcer les effets psych\u00e9d\u00e9liques. Associ\u00e9 au th\u00e9 Shamanita, un m\u00e9lange inspir\u00e9 de l'herboristerie traditionnelle, ce produit repr\u00e9sente la fusion de la sagesse ancienne et de l'innovation contemporaine. Le d\u00e9veloppement du th\u00e9 refl\u00e8te l'int\u00e9r\u00eat croissant pour les psych\u00e9d\u00e9liques \u00e0 des fins th\u00e9rapeutiques et cr\u00e9atives. En exploitant le pouvoir des truffes magiques High Hawaiians, ce th\u00e9 offre une vision moderne de pratiques ancestrales, permettant aux utilisateurs d'explorer la conscience de mani\u00e8re contr\u00f4l\u00e9e et intentionnelle. Sa popularit\u00e9 croissante correspond \u00e0 un regain d'int\u00e9r\u00eat scientifique pour les psych\u00e9d\u00e9liques, qui sont \u00e9tudi\u00e9s pour leur potentiel \u00e0 r\u00e9soudre les probl\u00e8mes de sant\u00e9 mentale et \u00e0 favoriser l'\u00e9panouissement personnel. Le th\u00e9 High Hawaiians Hero Trip est un pont entre la tradition et la modernit\u00e9, invitant les utilisateurs \u00e0 prendre part \u00e0 un voyage intemporel de r\u00e9alisation de soi.<\/p>\n<h2 dir=\"ltr\">Comment utiliser le th\u00e9 High Hawaiians Hero Trip<\/h2>\n<p>La pr\u00e9paration du th\u00e9 Magic Truffle Hero Trip est un processus simple qui am\u00e9liore l'exp\u00e9rience globale :<\/p>\n<p>1. Faites bouillir 1,5 litre d'eau dans une bouilloire ou une casserole. Une fois que l'eau commence \u00e0 bouillir, retirez-la du feu et laissez-la refroidir pendant quelques minutes jusqu'\u00e0 ce qu'elle atteigne environ 80 degr\u00e9s Celsius.<br \/>\n2. Placez le sachet de th\u00e9 Shamanita dans la th\u00e9i\u00e8re ou le pot.<br \/>\n3. Broyez ou hachez les Magic Truffles en petits morceaux, puis remplissez-en le sachet de th\u00e9 vide fourni et placez-le dans la th\u00e9i\u00e8re ou la marmite.<br \/>\n4. Versez d\u00e9licatement l'eau chaude sur les sachets de th\u00e9 dans la th\u00e9i\u00e8re ou le pot.<br \/>\n5. Laissez infuser le th\u00e9 Shamanita pendant environ 7 minutes. La dur\u00e9e exacte de l'infusion peut varier en fonction des pr\u00e9f\u00e9rences personnelles. Retirez ensuite le sachet de th\u00e9 Shamanita de la th\u00e9i\u00e8re ou du pot.<br \/>\n6. Laissez infuser le sachet de th\u00e9 contenant les Truffes magiques pendant 10 \u00e0 15 minutes.<br \/>\n7. Apr\u00e8s l'infusion, retirez le sachet de th\u00e9 contenant les truffes magiques. Vous pouvez choisir de manger les truffes pour un coup de pouce suppl\u00e9mentaire.<br \/>\n8. Servir le th\u00e9 Shamanita chaud dans des tasses ou des verres.<\/p>\n<h2 dir=\"ltr\">Ingr\u00e9dients du th\u00e9 High Hawaiians Hero Trip<\/h2>\n<p dir=\"ltr\">Le th\u00e9 High Hawaiians Hero Trip est fabriqu\u00e9 \u00e0 partir de deux composants principaux : 25 grammes de truffes magiques High Hawaiians et du th\u00e9 Shamanita. Les truffes, une puissante souche de scl\u00e9rotes contenant de la psilocybine, sont responsables des effets psych\u00e9d\u00e9liques du th\u00e9, provoquant de vives hallucinations et de profondes prises de conscience. Ces truffes sont soigneusement s\u00e9lectionn\u00e9es pour leur teneur \u00e9lev\u00e9e en psilocybine, ce qui les rend id\u00e9ales pour les utilisateurs exp\u00e9riment\u00e9s \u00e0 la recherche d'une exp\u00e9rience profonde et transformatrice. Le th\u00e9 Shamanita, un m\u00e9lange d'herbes brevet\u00e9, compl\u00e8te les truffes en renfor\u00e7ant leurs effets et en favorisant un voyage \u00e9quilibr\u00e9 et introspectif. Les plantes contenues dans le th\u00e9 Shamanita sont choisies pour leurs propri\u00e9t\u00e9s apaisantes et ancr\u00e9es dans le sol, afin d'assurer une exp\u00e9rience harmonieuse. La combinaison de ces ingr\u00e9dients cr\u00e9e une boisson puissante mais \u00e9quilibr\u00e9e qui favorise l'exploration \u00e9motionnelle et spirituelle. Aucun additif ou conservateur artificiel n'est utilis\u00e9, ce qui permet de pr\u00e9server la puissance naturelle des truffes et la puret\u00e9 de la tisane. Cette approche minimaliste garantit que les utilisateurs re\u00e7oivent tous les avantages des composants actifs, favorisant une connexion profonde avec soi-m\u00eame et l'univers. La s\u00e9lection minutieuse des ingr\u00e9dients fait de cette tisane un outil unique pour ceux qui recherchent l'illumination et le d\u00e9veloppement personnel.<\/p>\n<p dir=\"ltr\"><strong>Avertissement<\/strong><br \/>\nA utiliser \u00e0 partir de 18 ans. Tenir hors de port\u00e9e des enfants. Consulter un m\u00e9decin avant toute utilisation en cas de grossesse, d'allaitement ou de probl\u00e8mes de sant\u00e9. Les personnes souffrant de probl\u00e8mes r\u00e9naux ou cardiaques, d'hypertension ou d'hypotension, de diab\u00e8te ou sous l'influence de m\u00e9dicaments, d'alcool ou de drogues doivent \u00e9viter d'utiliser ce produit. Ce produit n'est pas un m\u00e9dicament. Ne l'achetez pas si le sceau est bris\u00e9.<\/p>","protected":false},"excerpt":{"rendered":"<p dir=\"auto\">Embarquez pour un voyage transformateur avec le th\u00e9 High Hawaiians Hero Trip, un m\u00e9lange puissant de 25 grammes de truffes magiques High Hawaiians et de th\u00e9 Shamanita. Con\u00e7u pour les utilisateurs exp\u00e9riment\u00e9s, ce th\u00e9 d\u00e9bloque de vives hallucinations, de profondes intuitions et une illumination spirituelle, favorisant une connexion profonde avec votre moi int\u00e9rieur.<\/p>","protected":false},"featured_media":118787,"template":"","meta":[],"product_brand":[],"product_cat":[620,297,615,515,476],"product_tag":[662],"class_list":{"0":"post-118553","1":"product","2":"type-product","3":"status-publish","4":"has-post-thumbnail","6":"product_cat-shamanita","7":"product_cat-all-products","8":"product_cat-magic-truffle-tea","9":"product_cat-shroomshop","10":"product_cat-smartshop","11":"product_tag-shrdeal","12":"product_shipping_class-creditcard-off","14":"first","15":"instock","16":"taxable","17":"shipping-taxable","18":"purchasable","19":"product-type-variable","20":"has-default-attributes"},"_links":{"self":[{"href":"https:\/\/www.tatanka.nl\/fr\/wp-json\/wp\/v2\/product\/118553","targetHints":{"allow":["GET"]}}],"collection":[{"href":"https:\/\/www.tatanka.nl\/fr\/wp-json\/wp\/v2\/product"}],"about":[{"href":"https:\/\/www.tatanka.nl\/fr\/wp-json\/wp\/v2\/types\/product"}],"wp:featuredmedia":[{"embeddable":true,"href":"https:\/\/www.tatanka.nl\/fr\/wp-json\/wp\/v2\/media\/118787"}],"wp:attachment":[{"href":"https:\/\/www.tatanka.nl\/fr\/wp-json\/wp\/v2\/media?parent=118553"}],"wp:term":[{"taxonomy":"product_brand","embeddable":true,"href":"https:\/\/www.tatanka.nl\/fr\/wp-json\/wp\/v2\/product_brand?post=118553"},{"taxonomy":"product_cat","embeddable":true,"href":"https:\/\/www.tatanka.nl\/fr\/wp-json\/wp\/v2\/product_cat?post=118553"},{"taxonomy":"product_tag","embeddable":true,"href":"https:\/\/www.tatanka.nl\/fr\/wp-json\/wp\/v2\/product_tag?post=118553"}],"curies":[{"name":"wp","href":"https:\/\/api.w.org\/{rel}","templated":true}]}}