{"id":119445,"date":"2023-10-11T11:19:25","date_gmt":"2023-10-11T10:19:25","guid":{"rendered":"https:\/\/www.tatanka.nl\/?post_type=product&#038;p=119445"},"modified":"2025-06-04T15:41:20","modified_gmt":"2025-06-04T14:41:20","slug":"groove-x","status":"publish","type":"product","link":"https:\/\/www.tatanka.nl\/fr\/groove-x\/","title":{"rendered":"Groove X"},"content":{"rendered":"<h2 data-pm-slice=\"1 1 []\">Que sont les capsules Groove X ?<\/h2>\n<p>Les capsules Groove X sont des capsules con\u00e7ues par des experts qui am\u00e9liorent votre exp\u00e9rience de la f\u00eate en stimulant l'humeur, l'\u00e9nergie et l'engagement social. Ces g\u00e9lules contiennent un puissant m\u00e9lange d'ingr\u00e9dients naturels qui agissent ensemble pour cr\u00e9er un effet excitant et stimulant. Id\u00e9ales pour ceux qui aiment danser, socialiser ou rester actifs pendant les f\u00eates, les capsules Groove X vous aident \u00e0 rester en mouvement et \u00e0 groover toute la nuit. Que vous soyez sur la piste de danse ou que vous vous m\u00ealiez \u00e0 vos amis, ces capsules sont la cl\u00e9 d'une soir\u00e9e inoubliable. La formule agit rapidement, \u00e9nergisant \u00e0 la fois le corps et l'esprit, ce qui permet de se mettre facilement dans le bain et de profiter du rythme de la f\u00eate.<\/p>\n<h2>Historique des capsules Groove X<\/h2>\n<p>Les capsules Groove X ont \u00e9t\u00e9 d\u00e9velopp\u00e9es pour cr\u00e9er le suppl\u00e9ment ultime pour les f\u00eates. Le produit est n\u00e9 d'un besoin croissant d'un suppl\u00e9ment capable d'am\u00e9liorer l'atmosph\u00e8re de la f\u00eate et de rassembler les gens. Les fondateurs de Groove X ont cherch\u00e9 \u00e0 combiner les meilleurs ingr\u00e9dients naturels connus pour leurs effets stimulants, \u00e9nergisants et sociaux. Au fil du temps, Groove X est devenu le choix de pr\u00e9dilection de ceux qui cherchent \u00e0 am\u00e9liorer leur exp\u00e9rience de la danse et de la f\u00eate. La formule a \u00e9volu\u00e9 pour inclure une puissante combinaison d'ingr\u00e9dients comme le Black Maca, l'extrait de Kanna, la caf\u00e9ine et le zinc, offrant un effet \u00e9quilibr\u00e9 et agr\u00e9able pour toute c\u00e9l\u00e9bration. Aujourd'hui, les capsules Groove X continuent d'\u00eatre le premier choix pour ceux qui veulent lib\u00e9rer le danseur qui sommeille en eux et faire durer la f\u00eate jusqu'au bout de la nuit.<\/p>\n<h2>Comment utiliser les capsules Groove X<\/h2>\n<p>Pour maximiser les effets de Groove X Caps, prenez une g\u00e9lule 30 \u00e0 45 minutes avant d'en ressentir les bienfaits. Pour une absorption optimale, avalez la g\u00e9lule avec de l'eau ou du jus de fruit. La dose journali\u00e8re recommand\u00e9e est de deux g\u00e9lules, et vous ne devez pas d\u00e9passer cette limite dans les 24 heures. Il est pr\u00e9f\u00e9rable de prendre Groove X Caps uniquement lorsque vous \u00eates pr\u00eat \u00e0 vous engager dans une activit\u00e9 sociale ou physique, telle que la danse ou la f\u00eate. En programmant correctement votre dosage, vous pouvez profiter des effets stimulants au moment o\u00f9 vous en avez le plus besoin. Utilisez toujours Groove X Caps de mani\u00e8re responsable et suivez les instructions fournies pour une utilisation s\u00fbre et optimale.<\/p>\n<h2>Ingr\u00e9dients de Groove X Caps<\/h2>\n<p>Groove X Caps contient un m\u00e9lange puissant d'ingr\u00e9dients naturels con\u00e7us pour am\u00e9liorer votre exp\u00e9rience de la f\u00eate. Chaque g\u00e9lule v\u00e9g\u00e9tarienne contient<\/p>\n<ul data-spread=\"false\">\n<li><strong>Black Maca (400 mg) :<\/strong> Un extrait de racine bien connu et reconnu pour ses propri\u00e9t\u00e9s \u00e9nergisantes.<\/li>\n<li><strong>Extrait Kanna (200 mg) :<\/strong> Favorise l'am\u00e9lioration de l'humeur et le bien-\u00eatre mental.<\/li>\n<li><strong>Caf\u00e9ine (75 mg) :<\/strong> Fournit un regain d'\u00e9nergie rapide et durable.<\/li>\n<li><strong>Zinc (10 mg) :<\/strong> Aide \u00e0 maintenir l'\u00e9quilibre de l'organisme et favorise un m\u00e9tabolisme sain.<\/li>\n<\/ul>\n<p>Ces ingr\u00e9dients agissent en synergie pour am\u00e9liorer l'humeur, apporter de la clart\u00e9 mentale et stimuler l'\u00e9nergie, ce qui vous permet de rester vif et sociable tout au long de la nuit. Les ingr\u00e9dients soigneusement s\u00e9lectionn\u00e9s garantissent une exp\u00e9rience \u00e9quilibr\u00e9e et naturelle, sans les sensations fortes ou les coups de pompe g\u00e9n\u00e9ralement associ\u00e9s aux stimulants \u00e9nerg\u00e9tiques synth\u00e9tiques.<\/p>\n<p><strong>Avertissement :<\/strong><br \/>\nNe pas utiliser un compl\u00e9ment alimentaire comme substitut d'un r\u00e9gime alimentaire vari\u00e9. Tenir hors de port\u00e9e des enfants. L'utilisation n'est autoris\u00e9e qu'aux personnes \u00e2g\u00e9es de plus de 18 ans. Ne pas utiliser en combinaison avec des m\u00e9dicaments ou d'autres stimulants, en cas d'hypertension ou d'hypotension, de probl\u00e8mes cardiaques, de troubles de la thyro\u00efde, de maladies r\u00e9nales, de d\u00e9pression, de nervosit\u00e9, de troubles physiques et\/ou mentaux et d'utilisation d'inhibiteurs de la monoamine oxydase (MAO). Soyez prudent en cas de consommation excessive d'alcool. En cas de doute, consultez votre m\u00e9decin.<\/p>","protected":false},"excerpt":{"rendered":"<p>Voici les Groove X Funky Dance Caps : Votre ticket pour des nuits \u00e9lectrisantes et des rythmes imparables. Ces capsules remplies d'ingr\u00e9dients naturels stimulent votre humeur, dynamisent vos mouvements de danse et maintiennent le rythme tout au long de la nuit. Elles sont parfaites pour transformer chaque f\u00eate en un spectacle de danse inoubliable. Avec Groove X, pr\u00e9parez-vous \u00e0 briller sur la piste de danse et \u00e0 faire en sorte que chaque instant compte. Que le bon temps commence !<\/p>","protected":false},"featured_media":119447,"template":"","meta":[],"product_brand":[],"product_cat":[535,525,476,532],"product_tag":[],"class_list":{"0":"post-119445","1":"product","2":"type-product","3":"status-publish","4":"has-post-thumbnail","6":"product_cat-dnx","7":"product_cat-party-pills","8":"product_cat-smartshop","9":"product_cat-trippy-pills","10":"product_shipping_class-not-allowed-group-1","12":"first","13":"instock","14":"taxable","15":"shipping-taxable","16":"purchasable","17":"product-type-variable","18":"has-default-attributes"},"_links":{"self":[{"href":"https:\/\/www.tatanka.nl\/fr\/wp-json\/wp\/v2\/product\/119445","targetHints":{"allow":["GET"]}}],"collection":[{"href":"https:\/\/www.tatanka.nl\/fr\/wp-json\/wp\/v2\/product"}],"about":[{"href":"https:\/\/www.tatanka.nl\/fr\/wp-json\/wp\/v2\/types\/product"}],"wp:featuredmedia":[{"embeddable":true,"href":"https:\/\/www.tatanka.nl\/fr\/wp-json\/wp\/v2\/media\/119447"}],"wp:attachment":[{"href":"https:\/\/www.tatanka.nl\/fr\/wp-json\/wp\/v2\/media?parent=119445"}],"wp:term":[{"taxonomy":"product_brand","embeddable":true,"href":"https:\/\/www.tatanka.nl\/fr\/wp-json\/wp\/v2\/product_brand?post=119445"},{"taxonomy":"product_cat","embeddable":true,"href":"https:\/\/www.tatanka.nl\/fr\/wp-json\/wp\/v2\/product_cat?post=119445"},{"taxonomy":"product_tag","embeddable":true,"href":"https:\/\/www.tatanka.nl\/fr\/wp-json\/wp\/v2\/product_tag?post=119445"}],"curies":[{"name":"wp","href":"https:\/\/api.w.org\/{rel}","templated":true}]}}