{"id":126705,"date":"2024-12-06T09:10:31","date_gmt":"2024-12-06T08:10:31","guid":{"rendered":"https:\/\/www.tatanka.nl\/?post_type=product&#038;p=126705"},"modified":"2025-10-31T10:24:00","modified_gmt":"2025-10-31T09:24:00","slug":"microdose-synergy-capsules","status":"publish","type":"product","link":"https:\/\/www.tatanka.nl\/fr\/microdose-synergy-capsules\/","title":{"rendered":"G\u00e9lules Microdose Synergy"},"content":{"rendered":"<h2>Que sont les Microdose Synergy Capsules ?<\/h2>\n<p>Les g\u00e9lules Microdose Synergy sont des compl\u00e9ments innovants con\u00e7us pour maximiser les avantages du microdosage. Elles associent des ingr\u00e9dients puissants, notamment le champignon Lion\u2019s Mane, la niacine (vitamine B3), l'extrait de romarin et la vitamine C, cr\u00e9ant ainsi une synergie qui soutient les fonctions cognitives, l'\u00e9nergie et la clart\u00e9 mentale.<\/p>\n<p>Le Lion\u2019s Mane, connu sous le nom de \"nature's brain food\", favorise la production de facteurs de croissance nerveuse, essentiels \u00e0 la sant\u00e9 des cellules c\u00e9r\u00e9brales. La niacine am\u00e9liore le flux sanguin, assurant une absorption efficace des nutriments, tandis que la vitamine C et l'extrait de romarin apportent un soutien antioxydant et m\u00e9tabolique. Ces g\u00e9lules sont particuli\u00e8rement efficaces lorsqu'elles sont associ\u00e9es \u00e0 des routines de microdosage, vous aidant \u00e0 atteindre une concentration, une cr\u00e9ativit\u00e9 et un bien-\u00eatre optimaux.<\/p>\n<p>Chaque flacon contient 60 g\u00e9lules, ce qui constitue un moyen simple et pratique d'int\u00e9grer ces bienfaits dans votre vie quotidienne.<\/p>\n<h2>L'histoire des ingr\u00e9dients de Microdose Synergy<\/h2>\n<p>Les ingr\u00e9dients contenus dans les g\u00e9lules Microdose Synergy ont des racines profondes dans la m\u00e9decine traditionnelle et la science moderne. Les champignons Lion\u2019s Mane sont utilis\u00e9s depuis des si\u00e8cles dans les cultures d'Asie de l'Est pour favoriser la sant\u00e9 et la vitalit\u00e9 du cerveau. Des \u00e9tudes scientifiques sugg\u00e8rent qu'ils stimulent la production de facteurs de croissance des nerfs, essentiels \u00e0 la r\u00e9paration et \u00e0 l'entretien des neurones.<\/p>\n<p>La niacine, d\u00e9couverte au d\u00e9but du XXe si\u00e8cle, est un nutriment vital pour le m\u00e9tabolisme \u00e9nerg\u00e9tique et la sant\u00e9 de la peau. Traditionnellement tir\u00e9e d'aliments tels que les c\u00e9r\u00e9ales et les l\u00e9gumineuses, elle joue un r\u00f4le cl\u00e9 dans la synth\u00e8se des prot\u00e9ines et la r\u00e9paration cellulaire. Le romarin, une herbe originaire de la M\u00e9diterran\u00e9e, est r\u00e9put\u00e9 pour sa capacit\u00e9 \u00e0 am\u00e9liorer la m\u00e9moire et la circulation, tandis que les propri\u00e9t\u00e9s antioxydantes de la vitamine C sont reconnues dans le monde entier depuis des d\u00e9cennies.<\/p>\n<p>En combinant ces ingr\u00e9dients \u00e9prouv\u00e9s, les g\u00e9lules Microdose Synergy offrent une approche moderne de l'am\u00e9lioration de la sant\u00e9 cognitive et physique.<\/p>\n<h2>Comment utiliser Microdose Synergy Capsules<\/h2>\n<p>Pour profiter pleinement des bienfaits des g\u00e9lules Microdose Synergy, suivez une routine structur\u00e9e :<\/p>\n<p><strong>Jour 1-4 : Jours Microdosing<\/strong><\/p>\n<ul>\n<li>Prendre 0,5 \u00e0 1,5 gramme de truffes magiques fra\u00eeches le matin.<\/li>\n<li>Ajouter 1 \u00e0 2 g\u00e9lules Microdose Synergy pour amplifier les effets.<\/li>\n<\/ul>\n<p><strong>Jour 5-7 : Jours sans PT210T<\/strong><\/p>\n<ul>\n<li>Oubliez les truffes, mais prenez \u00e9ventuellement 1 \u00e0 2 g\u00e9lules le matin.<\/li>\n<\/ul>\n<p><strong>Cycle :<\/strong> R\u00e9p\u00e9tez cette routine pendant quatre semaines pour obtenir des r\u00e9sultats optimaux.<\/p>\n<p>Les capsules peuvent \u00eatre utilis\u00e9es avec ou sans microdosage. Le fait de les associer \u00e0 McMicrodose Truffles renforce toutefois leurs effets synergiques. Prenez toujours les g\u00e9lules le matin avec de l'eau pour soutenir l'\u00e9nergie et la concentration tout au long de la journ\u00e9e.<\/p>\n<h2>Ingr\u00e9dients de Microdose Synergy Capsules<\/h2>\n<p>Chaque g\u00e9lule de Microdose Synergy contient<\/p>\n<ul>\n<li><strong>300 mg d'extrait organique de Lion\u2019s Mane :<\/strong> Renforce les fonctions cognitives et la sant\u00e9 des neurones.<\/li>\n<li><strong>50 mg de niacine (vitamine B3) :<\/strong> Am\u00e9liore le m\u00e9tabolisme \u00e9nerg\u00e9tique et l'absorption des nutriments.<\/li>\n<li><strong>25 mg d'extrait de romarin :<\/strong> Favorise la circulation et la digestion.<\/li>\n<li><strong>25 mg d'acide ascorbique (vitamine C) :<\/strong> Prot\u00e8ge les cellules contre le stress oxydatif et soutient l'immunit\u00e9.<\/li>\n<\/ul>\n<p>Ces ingr\u00e9dients sont soigneusement s\u00e9lectionn\u00e9s pour agir ensemble, en favorisant la sant\u00e9 du cerveau, en am\u00e9liorant la concentration et en fournissant une protection antioxydante.<\/p>\n<p><strong>Avertissement<\/strong><br \/>\nLes g\u00e9lules Microdose Synergy sont des compl\u00e9ments alimentaires et ne doivent pas remplacer un r\u00e9gime alimentaire \u00e9quilibr\u00e9 ou un mode de vie sain. Ne pas d\u00e9passer la dose recommand\u00e9e. Tenir hors de port\u00e9e des enfants. Consulter un professionnel de la sant\u00e9 avant toute utilisation en cas de grossesse, d'allaitement ou de probl\u00e8mes de sant\u00e9. Des doses \u00e9lev\u00e9es de niacine peuvent provoquer des bouff\u00e9es de chaleur temporaires, une sensation inoffensive de chaleur ou de picotement.<\/p>","protected":false},"excerpt":{"rendered":"<p>Am\u00e9liorez votre exp\u00e9rience du microdosage avec les g\u00e9lules Microdose Synergy ! Ces compl\u00e9ments, qui contiennent du Lion\u2019s Mane, de la niacine, de l'extrait de romarin et de la vitamine C, soutiennent la sant\u00e9 c\u00e9r\u00e9brale, les niveaux d'\u00e9nergie et le bien-\u00eatre g\u00e9n\u00e9ral tout en amplifiant les effets du microdosage.<\/p>","protected":false},"featured_media":134861,"template":"","meta":[],"product_brand":[],"product_cat":[596,475,521,523,395,515,476],"product_tag":[662],"class_list":{"0":"post-126705","1":"product","2":"type-product","3":"status-publish","4":"has-post-thumbnail","6":"product_cat-mcmyco","7":"product_cat-healthshop","8":"product_cat-medicinal-mushrooms","9":"product_cat-medicinal-mushrooms-supplements","10":"product_cat-microdosing","11":"product_cat-shroomshop","12":"product_cat-smartshop","13":"product_tag-shrdeal","15":"first","16":"instock","17":"taxable","18":"shipping-taxable","19":"purchasable","20":"product-type-variable","21":"has-default-attributes"},"_links":{"self":[{"href":"https:\/\/www.tatanka.nl\/fr\/wp-json\/wp\/v2\/product\/126705","targetHints":{"allow":["GET"]}}],"collection":[{"href":"https:\/\/www.tatanka.nl\/fr\/wp-json\/wp\/v2\/product"}],"about":[{"href":"https:\/\/www.tatanka.nl\/fr\/wp-json\/wp\/v2\/types\/product"}],"wp:featuredmedia":[{"embeddable":true,"href":"https:\/\/www.tatanka.nl\/fr\/wp-json\/wp\/v2\/media\/134861"}],"wp:attachment":[{"href":"https:\/\/www.tatanka.nl\/fr\/wp-json\/wp\/v2\/media?parent=126705"}],"wp:term":[{"taxonomy":"product_brand","embeddable":true,"href":"https:\/\/www.tatanka.nl\/fr\/wp-json\/wp\/v2\/product_brand?post=126705"},{"taxonomy":"product_cat","embeddable":true,"href":"https:\/\/www.tatanka.nl\/fr\/wp-json\/wp\/v2\/product_cat?post=126705"},{"taxonomy":"product_tag","embeddable":true,"href":"https:\/\/www.tatanka.nl\/fr\/wp-json\/wp\/v2\/product_tag?post=126705"}],"curies":[{"name":"wp","href":"https:\/\/api.w.org\/{rel}","templated":true}]}}