{"id":126714,"date":"2024-12-06T09:38:48","date_gmt":"2024-12-06T08:38:48","guid":{"rendered":"https:\/\/www.tatanka.nl\/?post_type=product&#038;p=126714"},"modified":"2025-05-20T07:42:59","modified_gmt":"2025-05-20T06:42:59","slug":"cola-nut","status":"publish","type":"product","link":"https:\/\/www.tatanka.nl\/fr\/cola-nut\/","title":{"rendered":"Cola Nut"},"content":{"rendered":"<h2>Qu'est-ce que le Cola Nut ?<\/h2>\n<p>Cola Nut est un produit naturel d\u00e9riv\u00e9 des graines de la plante Cola Nitida, commun\u00e9ment appel\u00e9e Kolanoot. Cette plante tropicale, qui peut atteindre 20 m\u00e8tres de haut, est originaire de diverses for\u00eats tropicales humides d'Afrique. Les graines de cette plante contiennent de la caf\u00e9ine, un stimulant bien connu qui peut augmenter votre niveau d'\u00e9nergie et am\u00e9liorer votre clart\u00e9 mentale. Le Cola Nut est utilis\u00e9 depuis des si\u00e8cles dans la m\u00e9decine traditionnelle pour lutter contre la fatigue, am\u00e9liorer la concentration et m\u00eame favoriser l'euphorie dans certains cas.<\/p>\n<p>Les propri\u00e9t\u00e9s stimulantes du Cola Nut proviennent de la caf\u00e9ine naturelle, qui est la m\u00eame substance que celle que l'on trouve dans le caf\u00e9 et le th\u00e9. Cela fait du Cola Nut un excellent choix pour ceux qui cherchent une alternative aux boissons caf\u00e9in\u00e9es traditionnelles. Que vous ayez besoin d'un petit remontant pour la mi-journ\u00e9e ou que vous souhaitiez am\u00e9liorer vos performances \u00e0 l'entra\u00eenement, Cola Nut peut vous fournir un coup de fouet naturel et durable sans le coup de pompe qui suit souvent la consommation de caf\u00e9ine.<\/p>\n<p>Outre ses effets \u00e9nergisants, le Cola Nut aurait \u00e9galement des effets b\u00e9n\u00e9fiques sur la gestion du poids. Ses propri\u00e9t\u00e9s stimulantes peuvent contribuer \u00e0 am\u00e9liorer le m\u00e9tabolisme, \u00e0 supprimer l'app\u00e9tit et \u00e0 favoriser la digestion, ce qui pourrait faciliter le maintien d'un poids sain.<\/p>\n<h2>Historique de Cola Nut<\/h2>\n<p>Le Cola Nut a une histoire riche qui remonte \u00e0 des si\u00e8cles en Afrique, o\u00f9 il a \u00e9t\u00e9 utilis\u00e9 \u00e0 des fins m\u00e9dicinales et culturelles. La plante Cola Nitida est profond\u00e9ment ancr\u00e9e dans les traditions de nombreuses tribus africaines. Pendant des g\u00e9n\u00e9rations, les graines du Cola Nut ont \u00e9t\u00e9 m\u00e2ch\u00e9es pour augmenter l'\u00e9nergie et r\u00e9duire la fatigue pendant les longs voyages ou les activit\u00e9s fatigantes. Dans certaines cultures africaines, les Cola Nut \u00e9taient \u00e9galement utilis\u00e9es comme offrandes ou cadeaux pour honorer les invit\u00e9s et signifier le respect.<\/p>\n<p>L'association de la plante avec l'\u00e9nergie et la vitalit\u00e9 en a fait une ressource pr\u00e9cieuse pour ces communaut\u00e9s. Il n'a pas fallu longtemps pour que le Cola Nut trouve sa place sur le march\u00e9 mondial, notamment sous la forme d'un ingr\u00e9dient cl\u00e9 de la c\u00e9l\u00e8bre boisson gazeuse Coca-Cola. \u00c0 l'origine, le Cola Nut \u00e9tait utilis\u00e9 comme source principale de caf\u00e9ine dans la formule, d'o\u00f9 le nom de la boisson. Au fil du temps, la caf\u00e9ine synth\u00e9tique a remplac\u00e9 le Cola Nut, mais l'h\u00e9ritage de la plante en tant que stimulant naturel reste intact.<\/p>\n<p>Aujourd'hui, le Cola Nut continue d'\u00eatre c\u00e9l\u00e9br\u00e9 pour ses propri\u00e9t\u00e9s stimulantes et revigorantes. Il a trouv\u00e9 sa place dans les produits de sant\u00e9 et de bien-\u00eatre modernes, offrant une alternative enti\u00e8rement naturelle aux stimulants \u00e9nerg\u00e9tiques synth\u00e9tiques.<\/p>\n<h2>Comment utiliser Cola Nut<\/h2>\n<p>Pour tirer le meilleur parti du Cola Nut, il est recommand\u00e9 de le consommer avec mod\u00e9ration. Le dosage sugg\u00e9r\u00e9 est de 1 gramme par jour, qui peut \u00eatre pris dans le cadre de votre routine quotidienne. Vous pouvez ajouter le Cola Nut \u00e0 des smoothies, des milk-shakes ou d'autres boissons, ou simplement le prendre en tant que suppl\u00e9ment.<\/p>\n<p>Comme le Cola Nut contient de la caf\u00e9ine, il est important de faire attention \u00e0 sa consommation globale de caf\u00e9ine afin d'\u00e9viter toute surstimulation. Pour les personnes sensibles \u00e0 la caf\u00e9ine, il est conseill\u00e9 de commencer par une dose plus faible afin d'\u00e9valuer la tol\u00e9rance. Cola Nut peut \u00e9galement \u00eatre utilis\u00e9 avant les s\u00e9ances d'entra\u00eenement pour am\u00e9liorer l'endurance et la concentration, vous fournissant l'\u00e9nergie n\u00e9cessaire pour pousser \u00e0 travers des s\u00e9ances d'exercice intenses.<\/p>\n<p>Cola Nut est un produit polyvalent qui peut \u00eatre int\u00e9gr\u00e9 dans divers r\u00e9gimes de sant\u00e9, que vous recherchiez un regain d'\u00e9nergie naturel, une clart\u00e9 mentale ou m\u00eame une aide \u00e0 la perte de poids. Avec ses ingr\u00e9dients naturels et v\u00e9g\u00e9taliens, Cola Nut est un excellent compl\u00e9ment \u00e0 toute routine de bien-\u00eatre.<\/p>\n<h2>Ingr\u00e9dients de Cola Nut<\/h2>\n<p>Cola Nut contient un seul ingr\u00e9dient puissant : Cola Nitida. Cet ingr\u00e9dient est d\u00e9riv\u00e9 des graines de la plante Cola Nitida, originaire des for\u00eats tropicales d'Afrique. Les graines de cette plante sont naturellement riches en caf\u00e9ine, le compos\u00e9 actif cl\u00e9 qui conf\u00e8re au Cola Nut ses effets stimulants.<\/p>\n<p>La caf\u00e9ine stimule le syst\u00e8me nerveux central, ce qui peut accro\u00eetre la vigilance, am\u00e9liorer la concentration et r\u00e9duire la fatigue. Outre la caf\u00e9ine, le Cola Nut peut \u00e9galement contenir d'autres compos\u00e9s \u00e0 l'\u00e9tat de traces qui contribuent \u00e0 ses propri\u00e9t\u00e9s \u00e9nergisantes. La source naturelle de caf\u00e9ine contenue dans le Cola Nut en fait une option pr\u00e9f\u00e9rable pour ceux qui cherchent \u00e0 \u00e9viter les stimulants synth\u00e9tiques que l'on trouve dans certaines boissons et certains suppl\u00e9ments \u00e9nerg\u00e9tiques.<\/p>\n<p>Cola Nut de Indian Elements est 100% naturel et v\u00e9g\u00e9talien, ce qui garantit qu'il est exempt de tout additif ou conservateur artificiel. Il s'agit donc d'une excellente option pour les personnes qui privil\u00e9gient les ingr\u00e9dients propres et durables dans leurs produits de bien-\u00eatre.<\/p>\n<p><strong>Avertissement<\/strong><br \/>\nCola Nut est destin\u00e9 \u00e0 \u00eatre utilis\u00e9 par des adultes de plus de 18 ans. Il doit \u00eatre tenu hors de port\u00e9e des enfants. Ce produit ne doit pas \u00eatre utilis\u00e9 en association avec des inhibiteurs de la MAO. Il est d\u00e9conseill\u00e9 aux personnes souffrant de probl\u00e8mes r\u00e9naux ou cardiaques, d'hypertension ou d'hypotension, de diab\u00e8te ou sous l'influence de m\u00e9dicaments, de drogues ou d'alcool. Consultez toujours un professionnel de la sant\u00e9 avant d'utiliser le Cola Nut si vous avez des probl\u00e8mes de sant\u00e9. Il s'agit d'un compl\u00e9ment alimentaire qui doit \u00eatre utilis\u00e9 dans le cadre d'un r\u00e9gime alimentaire \u00e9quilibr\u00e9. Ne pas acheter si le sceau est bris\u00e9.<\/p>","protected":false},"excerpt":{"rendered":"<p>Indian Elements Cola Nut est un stimulant \u00e9nerg\u00e9tique naturel d\u00e9riv\u00e9 des graines de la plante Cola Nitida. Ce puissant ingr\u00e9dient fournit une dose de caf\u00e9ine qui am\u00e9liore la concentration, r\u00e9duit la fatigue et favorise m\u00eame la perte de poids. Connu pour ses effets stimulants, le Cola Nut peut vous donner ce coup de pouce suppl\u00e9mentaire lorsque vous en avez le plus besoin, tout en \u00e9tant 100% naturel et v\u00e9g\u00e9talien.<\/p>","protected":false},"featured_media":126717,"template":"","meta":[],"product_brand":[],"product_cat":[597,297,477,476],"product_tag":[],"class_list":{"0":"post-126714","1":"product","2":"type-product","3":"status-publish","4":"has-post-thumbnail","6":"product_cat-indian-elements","7":"product_cat-all-products","8":"product_cat-herbs","9":"product_cat-smartshop","11":"first","12":"instock","13":"taxable","14":"shipping-taxable","15":"purchasable","16":"product-type-variable","17":"has-default-attributes"},"_links":{"self":[{"href":"https:\/\/www.tatanka.nl\/fr\/wp-json\/wp\/v2\/product\/126714","targetHints":{"allow":["GET"]}}],"collection":[{"href":"https:\/\/www.tatanka.nl\/fr\/wp-json\/wp\/v2\/product"}],"about":[{"href":"https:\/\/www.tatanka.nl\/fr\/wp-json\/wp\/v2\/types\/product"}],"wp:featuredmedia":[{"embeddable":true,"href":"https:\/\/www.tatanka.nl\/fr\/wp-json\/wp\/v2\/media\/126717"}],"wp:attachment":[{"href":"https:\/\/www.tatanka.nl\/fr\/wp-json\/wp\/v2\/media?parent=126714"}],"wp:term":[{"taxonomy":"product_brand","embeddable":true,"href":"https:\/\/www.tatanka.nl\/fr\/wp-json\/wp\/v2\/product_brand?post=126714"},{"taxonomy":"product_cat","embeddable":true,"href":"https:\/\/www.tatanka.nl\/fr\/wp-json\/wp\/v2\/product_cat?post=126714"},{"taxonomy":"product_tag","embeddable":true,"href":"https:\/\/www.tatanka.nl\/fr\/wp-json\/wp\/v2\/product_tag?post=126714"}],"curies":[{"name":"wp","href":"https:\/\/api.w.org\/{rel}","templated":true}]}}