{"id":126719,"date":"2024-12-06T09:49:15","date_gmt":"2024-12-06T08:49:15","guid":{"rendered":"https:\/\/www.tatanka.nl\/?post_type=product&#038;p=126719"},"modified":"2025-03-05T16:25:36","modified_gmt":"2025-03-05T15:25:36","slug":"cola-nut-capsules-2","status":"publish","type":"product","link":"https:\/\/www.tatanka.nl\/fr\/cola-nut-capsules-2\/","title":{"rendered":"Cola Nut capsules"},"content":{"rendered":"<h2>Qu'est-ce que Cola Nut Capsules ?<\/h2>\n<p>Les capsules Cola Nut sont un compl\u00e9ment naturel fabriqu\u00e9 \u00e0 partir des graines de la plante Cola Nitida, \u00e9galement connue sous le nom de Kolanoot. Cette plante est apparent\u00e9e au cacao et peut atteindre jusqu'\u00e0 20 m\u00e8tres de haut dans les for\u00eats tropicales d'Afrique. Les graines de la plante Cola Nitida sont riches en caf\u00e9ine, qui fournit les effets \u00e9nergisants que l'on trouve dans les capsules Cola Nut. Semblable \u00e0 la caf\u00e9ine contenue dans le caf\u00e9, ce stimulant naturel peut aider \u00e0 combattre la fatigue et \u00e0 stimuler la vivacit\u00e9 d'esprit.<\/p>\n<p>Les g\u00e9lules sont con\u00e7ues pour vous donner un dosage pratique et contr\u00f4l\u00e9 de Cola Nut. Chaque g\u00e9lule contient une quantit\u00e9 importante de compos\u00e9s actifs de Cola Nitida, vous offrant un regain d'\u00e9nergie propre et naturel sans avoir recours \u00e0 des boissons \u00e9nergisantes sucr\u00e9es. Les effets du Cola Nut comprennent une meilleure concentration, une endurance accrue et une r\u00e9duction de la sensation de fatigue. Que vous ayez besoin d'un coup de pouce mental ou d'un soutien pour rester alerte pendant vos activit\u00e9s quotidiennes, les g\u00e9lules de Cola Nut peuvent \u00eatre un compl\u00e9ment utile \u00e0 votre routine de bien-\u00eatre.<\/p>\n<h2>Historique de Cola Nut<\/h2>\n<p>L'histoire du Cola Nut remonte \u00e0 des si\u00e8cles en Afrique, o\u00f9 il a \u00e9t\u00e9 un \u00e9l\u00e9ment essentiel de la culture et des pratiques m\u00e9dicinales. Les graines de la plante Cola Nitida \u00e9taient traditionnellement m\u00e2ch\u00e9es par les tribus africaines pour augmenter les niveaux d'\u00e9nergie pendant les longs voyages ou les t\u00e2ches ardues. Elles \u00e9taient appr\u00e9ci\u00e9es pour leur capacit\u00e9 \u00e0 am\u00e9liorer l'endurance et la concentration, ce qui en fait une ressource naturelle indispensable dans ces communaut\u00e9s.<\/p>\n<p>La popularit\u00e9 mondiale du Cola Nut a grimp\u00e9 en fl\u00e8che lorsqu'il est devenu la principale source de caf\u00e9ine dans la boisson embl\u00e9matique Coca-Cola. Pendant de nombreuses ann\u00e9es, le Cola Nut a \u00e9t\u00e9 utilis\u00e9 dans la formule originale, contribuant aux propri\u00e9t\u00e9s \u00e9nergisantes de la boisson. Bien que la caf\u00e9ine synth\u00e9tique ait fini par remplacer le Cola Nut dans la plupart des boissons gazeuses modernes, l'h\u00e9ritage de ce stimulant naturel perdure, et il reste aujourd'hui un ingr\u00e9dient cl\u00e9 dans divers produits de sant\u00e9.<\/p>\n<p>Les propri\u00e9t\u00e9s \u00e9nergisantes du Cola Nut en ont fait un ingr\u00e9dient populaire dans les compl\u00e9ments alimentaires \u00e0 base de plantes dans le monde entier. Sa capacit\u00e9 \u00e0 stimuler et \u00e0 am\u00e9liorer la concentration en fait un produit de choix pour ceux qui recherchent des alternatives naturelles aux produits \u00e9nerg\u00e9tiques synth\u00e9tiques.<\/p>\n<h2>Comment utiliser Cola Nut Capsules<\/h2>\n<p>Pour tirer le meilleur parti des g\u00e9lules Cola Nut, prendre deux g\u00e9lules avec un verre d'eau une fois par jour. Il est recommand\u00e9 de consommer les g\u00e9lules Cola Nut le matin ou en d\u00e9but d'apr\u00e8s-midi pour \u00e9viter de perturber votre sommeil en raison de sa teneur en caf\u00e9ine. Ce dosage simple permet de profiter des effets \u00e9nergisants sans surconsommer de caf\u00e9ine.<\/p>\n<p>Si vous ne connaissez pas le Cola Nut ou si vous \u00eates sensible \u00e0 la caf\u00e9ine, commencez par une dose plus faible et \u00e9valuez la r\u00e9action de votre corps. Comme pour tout suppl\u00e9ment, la constance est essentielle. Pour des r\u00e9sultats optimaux, int\u00e9grez les g\u00e9lules de Cola Nut dans votre routine quotidienne pour une meilleure concentration et une \u00e9nergie soutenue tout au long de la journ\u00e9e.<\/p>\n<p>En plus de stimuler l'\u00e9nergie, les g\u00e9lules Cola Nut peuvent aider \u00e0 soutenir les efforts de perte de poids. La caf\u00e9ine qu'elles contiennent peut contribuer \u00e0 am\u00e9liorer le m\u00e9tabolisme et \u00e0 supprimer l'app\u00e9tit, ce qui facilite la poursuite des objectifs de gestion du poids. Veillez \u00e0 compl\u00e9ter les g\u00e9lules par un r\u00e9gime alimentaire \u00e9quilibr\u00e9 et une activit\u00e9 physique r\u00e9guli\u00e8re pour obtenir les meilleurs r\u00e9sultats.<\/p>\n<h2>Ingr\u00e9dients de Cola Nut Capsules<\/h2>\n<p>Chaque capsule de Cola Nut contient un seul ingr\u00e9dient puissant : Cola Nitida. Cet ingr\u00e9dient provient des graines de la plante Cola Nitida, originaire d'Afrique tropicale. Les graines sont naturellement riches en caf\u00e9ine, qui est le principal compos\u00e9 actif responsable des effets \u00e9nergisants de Cola Nut.<\/p>\n<p>La caf\u00e9ine agit en stimulant le syst\u00e8me nerveux central, en am\u00e9liorant la clart\u00e9 mentale et en stimulant la vigilance. En outre, le Cola Nut peut contenir d'autres compos\u00e9s b\u00e9n\u00e9fiques qui contribuent \u00e0 ses propri\u00e9t\u00e9s d'augmentation de l'\u00e9nergie et de soutien du m\u00e9tabolisme. Cela fait du Cola Nut une alternative id\u00e9ale aux stimulants synth\u00e9tiques que l'on trouve dans de nombreuses boissons \u00e9nergisantes.<\/p>\n<p>Les g\u00e9lules Indian Elements Cola Nut sont 100% naturelles, respectueuses de l'environnement et exemptes d'additifs ou de conservateurs artificiels. Cela garantit que vous obtenez un produit pur et de haute qualit\u00e9 qui s'inscrit dans le cadre d'un mode de vie propre et sain.<\/p>\n<p><strong>Avertissement<\/strong><br \/>\nLes g\u00e9lules de Cola Nut sont destin\u00e9es aux adultes de plus de 18 ans. Tenir hors de port\u00e9e des enfants. Le Cola Nut ne doit pas \u00eatre utilis\u00e9 en association avec des inhibiteurs de la MAO. Les personnes souffrant de probl\u00e8mes r\u00e9naux ou cardiaques, d'hypertension ou d'hypotension, de diab\u00e8te ou sous l'influence de m\u00e9dicaments, de drogues ou d'alcool doivent \u00e9viter d'utiliser le Cola Nut. Consultez toujours un professionnel de la sant\u00e9 avant de commencer \u00e0 prendre un nouveau suppl\u00e9ment. Ce produit est un compl\u00e9ment alimentaire et doit \u00eatre utilis\u00e9 dans le cadre d'un r\u00e9gime alimentaire \u00e9quilibr\u00e9. Ne pas acheter si le sceau est bris\u00e9.<\/p>","protected":false},"excerpt":{"rendered":"<p>Indian Elements Cola Nut Capsules fournissent un regain d'\u00e9nergie naturel gr\u00e2ce \u00e0 la caf\u00e9ine contenue dans la plante Cola Nitida. Ce compl\u00e9ment aide \u00e0 am\u00e9liorer la concentration, \u00e0 lutter contre la fatigue et peut m\u00eame favoriser la perte de poids. Gr\u00e2ce \u00e0 ses propri\u00e9t\u00e9s \u00e9nergisantes, Cola Nut offre un moyen naturel et v\u00e9g\u00e9talien d'am\u00e9liorer vos performances quotidiennes.<\/p>","protected":false},"featured_media":126722,"template":"","meta":[],"product_brand":[],"product_cat":[597,297,477,476],"product_tag":[],"class_list":{"0":"post-126719","1":"product","2":"type-product","3":"status-publish","4":"has-post-thumbnail","6":"product_cat-indian-elements","7":"product_cat-all-products","8":"product_cat-herbs","9":"product_cat-smartshop","11":"first","12":"instock","13":"taxable","14":"shipping-taxable","15":"purchasable","16":"product-type-variable","17":"has-default-attributes"},"_links":{"self":[{"href":"https:\/\/www.tatanka.nl\/fr\/wp-json\/wp\/v2\/product\/126719","targetHints":{"allow":["GET"]}}],"collection":[{"href":"https:\/\/www.tatanka.nl\/fr\/wp-json\/wp\/v2\/product"}],"about":[{"href":"https:\/\/www.tatanka.nl\/fr\/wp-json\/wp\/v2\/types\/product"}],"wp:featuredmedia":[{"embeddable":true,"href":"https:\/\/www.tatanka.nl\/fr\/wp-json\/wp\/v2\/media\/126722"}],"wp:attachment":[{"href":"https:\/\/www.tatanka.nl\/fr\/wp-json\/wp\/v2\/media?parent=126719"}],"wp:term":[{"taxonomy":"product_brand","embeddable":true,"href":"https:\/\/www.tatanka.nl\/fr\/wp-json\/wp\/v2\/product_brand?post=126719"},{"taxonomy":"product_cat","embeddable":true,"href":"https:\/\/www.tatanka.nl\/fr\/wp-json\/wp\/v2\/product_cat?post=126719"},{"taxonomy":"product_tag","embeddable":true,"href":"https:\/\/www.tatanka.nl\/fr\/wp-json\/wp\/v2\/product_tag?post=126719"}],"curies":[{"name":"wp","href":"https:\/\/api.w.org\/{rel}","templated":true}]}}