{"id":126724,"date":"2024-12-06T09:55:37","date_gmt":"2024-12-06T08:55:37","guid":{"rendered":"https:\/\/www.tatanka.nl\/?post_type=product&#038;p=126724"},"modified":"2025-03-05T16:25:18","modified_gmt":"2025-03-05T15:25:18","slug":"guarana-capsules","status":"publish","type":"product","link":"https:\/\/www.tatanka.nl\/fr\/guarana-capsules\/","title":{"rendered":"G\u00e9lules de guarana"},"content":{"rendered":"<h2>Qu'est-ce que le Guarana Capsules ?<\/h2>\n<p>Le Guarana Capsules de Indian Elements est un compl\u00e9ment \u00e9nerg\u00e9tique naturel d\u00e9riv\u00e9 des graines de la plante Paullinia Cupana. Originaire de la for\u00eat amazonienne, cette plante est utilis\u00e9e depuis des si\u00e8cles par les tribus indig\u00e8nes pour ses propri\u00e9t\u00e9s stimulantes. Les graines de guarana contiennent une forte concentration de caf\u00e9ine - jusqu'\u00e0 4 \u00e0 6 fois plus que le caf\u00e9 - ce qui en fait un stimulant \u00e9nerg\u00e9tique efficace et durable.<\/p>\n<p>Contrairement au caf\u00e9, o\u00f9 la caf\u00e9ine est absorb\u00e9e rapidement, la caf\u00e9ine du guarana est lib\u00e9r\u00e9e progressivement dans la circulation sanguine. Cela permet d'obtenir des niveaux d'\u00e9nergie soutenus et de r\u00e9duire le risque de baisse d'\u00e9nergie qui suit souvent la consommation de caf\u00e9. Les g\u00e9lules sont un moyen pratique d'exploiter la puissance du guarana et peuvent soutenir les performances mentales et physiques. Que vous souhaitiez rester alerte pendant de longues heures de travail ou que vous ayez besoin d'un suppl\u00e9ment d'\u00e9nergie pendant une activit\u00e9 physique, Indian Elements Guarana Capsules vous offre une solution naturelle et \u00e9quilibr\u00e9e.<\/p>\n<h2>Histoire du guarana<\/h2>\n<p>Le guarana a une histoire riche enracin\u00e9e dans la culture des tribus indig\u00e8nes de la for\u00eat amazonienne. Depuis des si\u00e8cles, ces communaut\u00e9s utilisent les graines de la plante Paullinia Cupana \u00e0 des fins m\u00e9dicinales et c\u00e9r\u00e9monielles. Le guarana est consid\u00e9r\u00e9 comme si important par certaines tribus qu'il rev\u00eat une signification symbolique et culturelle dans leur vie quotidienne. Il \u00e9tait traditionnellement utilis\u00e9 comme stimulant pour aider \u00e0 la chasse ou \u00e0 la guerre, contribuant \u00e0 am\u00e9liorer la concentration, l'\u00e9nergie et l'endurance.<\/p>\n<p>Les propri\u00e9t\u00e9s \u00e9nergisantes du guarana en ont fait une ressource pr\u00e9cieuse pour ces tribus, qui s'en servaient pour maintenir leur niveau d'\u00e9nergie lors de t\u00e2ches physiquement exigeantes. Au fil du temps, le guarana est devenu plus largement reconnu en dehors de sa r\u00e9gion d'origine et a fini par s'imposer sur le march\u00e9 mondial. Aujourd'hui, c'est un ingr\u00e9dient populaire dans les boissons \u00e9nergisantes, les suppl\u00e9ments et les produits de perte de poids, gr\u00e2ce \u00e0 sa capacit\u00e9 \u00e0 fournir un regain d'\u00e9nergie naturel et durable.<\/p>\n<h2>Comment utiliser Guarana Capsules<\/h2>\n<p>Pour profiter des bienfaits du Guarana, prenez une g\u00e9lule avec un verre d'eau au quotidien. Il est recommand\u00e9 de consommer la g\u00e9lule le matin ou en d\u00e9but d'apr\u00e8s-midi afin d'\u00e9viter toute interf\u00e9rence potentielle avec le sommeil, en raison de la teneur en caf\u00e9ine. La lib\u00e9ration progressive de la caf\u00e9ine de la plante de guarana signifie que ses effets \u00e9nergisants dureront plus longtemps, sans la chute rapide qui accompagne souvent le caf\u00e9 ou les boissons \u00e9nergisantes.<\/p>\n<p>Si vous \u00eates sensible \u00e0 la caf\u00e9ine ou si vous n'avez jamais essay\u00e9 le guarana auparavant, il est conseill\u00e9 de commencer par une dose plus faible et d'observer comment votre corps r\u00e9agit. Le guarana est connu pour am\u00e9liorer la clart\u00e9 mentale, la concentration et les performances physiques, ce qui en fait un excellent choix pour les athl\u00e8tes, les \u00e9tudiants ou toute personne ayant besoin d'un coup de pouce pendant de longues journ\u00e9es de travail.<\/p>\n<p>En plus d'augmenter l'\u00e9nergie, le guarana peut \u00e9galement contribuer \u00e0 la gestion du poids, car il a de l\u00e9g\u00e8res propri\u00e9t\u00e9s coupe-faim et contient des antioxydants sains. Il s'agit donc d'un compl\u00e9ment populaire parmi ceux qui cherchent \u00e0 soutenir leur r\u00e9gime alimentaire et leurs objectifs de remise en forme.<\/p>\n<h2>Ingr\u00e9dients de Guarana Capsules<\/h2>\n<p>L'ingr\u00e9dient principal de Indian Elements Guarana Capsules est Paullinia Cupana, le nom scientifique de la plante guarana. Les graines de cette plante sont remplies de caf\u00e9ine, qui est le principal compos\u00e9 actif responsable de ses effets \u00e9nergisants. Le guarana contient 4 \u00e0 6 fois plus de caf\u00e9ine que le caf\u00e9, ce qui en fait l'une des sources naturelles les plus puissantes de ce stimulant.<\/p>\n<p>Outre la caf\u00e9ine, les graines de guarana contiennent \u00e9galement des antioxydants b\u00e9n\u00e9fiques qui contribuent aux bienfaits globaux du suppl\u00e9ment pour la sant\u00e9. Ces antioxydants peuvent aider \u00e0 combattre le stress oxydatif et \u00e0 favoriser le bien-\u00eatre g\u00e9n\u00e9ral. La composition naturelle du guarana fournit un regain d'\u00e9nergie \u00e9quilibr\u00e9 et durable, sans les pics et les effondrements qui accompagnent souvent les stimulants synth\u00e9tiques.<\/p>\n<p>Indian Elements Guarana Capsules sont 100% naturels, v\u00e9g\u00e9taliens et exempts de tout additif artificiel. Vous avez ainsi l'assurance d'obtenir un produit pur et de haute qualit\u00e9 qui contribue \u00e0 un mode de vie sain.<\/p>\n<p><strong>Avertissement<\/strong><br \/>\nLes g\u00e9lules de guarana sont destin\u00e9es aux adultes de plus de 18 ans. Tenir hors de port\u00e9e des enfants. L'utilisation du guarana est d\u00e9conseill\u00e9e aux personnes souffrant de probl\u00e8mes cardiaques. Consultez toujours un professionnel de la sant\u00e9 avant de commencer \u00e0 prendre un nouveau suppl\u00e9ment, en particulier si vous avez des probl\u00e8mes de sant\u00e9 sous-jacents. Il s'agit d'un compl\u00e9ment alimentaire qui doit \u00eatre utilis\u00e9 dans le cadre d'un r\u00e9gime alimentaire \u00e9quilibr\u00e9. Ne pas acheter si le sceau est bris\u00e9.<\/p>","protected":false},"excerpt":{"rendered":"<p>Indian Elements Guarana Capsules fournissent un regain d'\u00e9nergie naturel, gr\u00e2ce \u00e0 la teneur \u00e9lev\u00e9e en caf\u00e9ine de la plante Paullinia Cupana. Id\u00e9ales pour ceux qui recherchent un regain d'\u00e9nergie, de concentration et de motivation, ces g\u00e9lules sont appr\u00e9ci\u00e9es des athl\u00e8tes, des \u00e9tudiants et de tous ceux qui ont besoin d'un coup de pouce mental ou physique.<\/p>","protected":false},"featured_media":126727,"template":"","meta":[],"product_brand":[],"product_cat":[597,297,477,476],"product_tag":[],"class_list":{"0":"post-126724","1":"product","2":"type-product","3":"status-publish","4":"has-post-thumbnail","6":"product_cat-indian-elements","7":"product_cat-all-products","8":"product_cat-herbs","9":"product_cat-smartshop","11":"first","12":"instock","13":"taxable","14":"shipping-taxable","15":"purchasable","16":"product-type-variable","17":"has-default-attributes"},"_links":{"self":[{"href":"https:\/\/www.tatanka.nl\/fr\/wp-json\/wp\/v2\/product\/126724","targetHints":{"allow":["GET"]}}],"collection":[{"href":"https:\/\/www.tatanka.nl\/fr\/wp-json\/wp\/v2\/product"}],"about":[{"href":"https:\/\/www.tatanka.nl\/fr\/wp-json\/wp\/v2\/types\/product"}],"wp:featuredmedia":[{"embeddable":true,"href":"https:\/\/www.tatanka.nl\/fr\/wp-json\/wp\/v2\/media\/126727"}],"wp:attachment":[{"href":"https:\/\/www.tatanka.nl\/fr\/wp-json\/wp\/v2\/media?parent=126724"}],"wp:term":[{"taxonomy":"product_brand","embeddable":true,"href":"https:\/\/www.tatanka.nl\/fr\/wp-json\/wp\/v2\/product_brand?post=126724"},{"taxonomy":"product_cat","embeddable":true,"href":"https:\/\/www.tatanka.nl\/fr\/wp-json\/wp\/v2\/product_cat?post=126724"},{"taxonomy":"product_tag","embeddable":true,"href":"https:\/\/www.tatanka.nl\/fr\/wp-json\/wp\/v2\/product_tag?post=126724"}],"curies":[{"name":"wp","href":"https:\/\/api.w.org\/{rel}","templated":true}]}}