{"id":126729,"date":"2024-12-06T10:00:16","date_gmt":"2024-12-06T09:00:16","guid":{"rendered":"https:\/\/www.tatanka.nl\/?post_type=product&#038;p=126729"},"modified":"2025-01-29T14:02:50","modified_gmt":"2025-01-29T13:02:50","slug":"guarana","status":"publish","type":"product","link":"https:\/\/www.tatanka.nl\/fr\/guarana\/","title":{"rendered":"Guarana"},"content":{"rendered":"<h2>Qu'est-ce que le guarana ?<\/h2>\n<p>Le guarana (Paullinia Cupana) est une plante grimpante tropicale originaire de la r\u00e9gion amazonienne, en particulier du Br\u00e9sil. Ses petites baies brun-rouge et ses graines sont utilis\u00e9es par les tribus indig\u00e8nes depuis des si\u00e8cles, non seulement comme source de nourriture, mais aussi pour leurs propri\u00e9t\u00e9s \u00e9nergisantes. Pour ces tribus, le guarana est un symbole culturel important, souvent consid\u00e9r\u00e9 comme essentiel \u00e0 leur mode de vie. Connu pour ses puissants effets stimulants, le guarana a \u00e9t\u00e9 historiquement utilis\u00e9 dans la chasse et la guerre pour sa capacit\u00e9 \u00e0 stimuler l'\u00e9nergie et la vigilance.<\/p>\n<p>La caract\u00e9ristique la plus notable du guarana est sa teneur \u00e9lev\u00e9e en caf\u00e9ine, qui est 4 \u00e0 6 fois sup\u00e9rieure \u00e0 celle du caf\u00e9. Contrairement au caf\u00e9, qui fournit une dose rapide de caf\u00e9ine, le guarana la lib\u00e8re progressivement, ce qui se traduit par un niveau d'\u00e9nergie plus soutenu, sans chute rapide. Le guarana est donc un compl\u00e9ment naturel id\u00e9al pour ceux qui recherchent un regain d'\u00e9nergie r\u00e9gulier et \u00e0 long terme. Les effets du guarana sont particuli\u00e8rement b\u00e9n\u00e9fiques lorsqu'il est utilis\u00e9 r\u00e9guli\u00e8rement, car il soutient la vitalit\u00e9 g\u00e9n\u00e9rale et am\u00e9liore les performances mentales et physiques.<\/p>\n<hr \/>\n<h2>Histoire du guarana<\/h2>\n<p>Le guarana est profond\u00e9ment enracin\u00e9 dans l'histoire de l'Amazonie, o\u00f9 les tribus indig\u00e8nes utilisent cette plante depuis des si\u00e8cles. Elles l'utilisent pour ses propri\u00e9t\u00e9s stimulantes, particuli\u00e8rement utiles lors des exp\u00e9ditions de chasse ou pour se pr\u00e9parer au combat. Les baies de la plante, qui contiennent des niveaux \u00e9lev\u00e9s de caf\u00e9ine, sont souvent r\u00e9duites en poudre ou m\u00e9lang\u00e9es \u00e0 de l'eau pour cr\u00e9er des boissons \u00e9nergisantes.<\/p>\n<p>Pour de nombreuses tribus, le guarana rev\u00eat une importance culturelle et fait partie int\u00e9grante de leur survie et de leurs traditions. Au fil du temps, la connaissance de ses bienfaits s'est r\u00e9pandue et le guarana a fini par gagner en popularit\u00e9 au-del\u00e0 de l'Amazonie. Aujourd'hui, le guarana est largement utilis\u00e9 dans les boissons \u00e9nergisantes, les compl\u00e9ments alimentaires et les produits de perte de poids en raison de sa capacit\u00e9 naturelle \u00e0 am\u00e9liorer l'\u00e9nergie et la concentration. Le guarana Indian Elements fait entrer cette tradition s\u00e9culaire dans le monde moderne, en offrant un stimulant \u00e9nerg\u00e9tique naturel et efficace.<\/p>\n<hr \/>\n<h2>Comment utiliser le guarana<\/h2>\n<p>La dose recommand\u00e9e de Indian Elements Guarana est de 1 gramme par jour, ce qui en fait un moyen facile et pratique d'incorporer cette plante \u00e9nergisante dans votre routine quotidienne. Il suffit de m\u00e9langer la poudre \u00e0 une boisson, un smoothie ou un shake. Gr\u00e2ce \u00e0 la lib\u00e9ration progressive de la caf\u00e9ine, les effets du guarana se maintiennent tout au long de la journ\u00e9e, offrant une augmentation r\u00e9guli\u00e8re de l'\u00e9nergie, de la concentration et de la clart\u00e9 mentale.<\/p>\n<p>Bien que le guarana puisse \u00eatre consomm\u00e9 \u00e0 tout moment, il est pr\u00e9f\u00e9rable de l'utiliser le matin ou en d\u00e9but d'apr\u00e8s-midi pour \u00e9viter de perturber les horaires de sommeil. Il peut \u00eatre particuli\u00e8rement utile pour ceux qui ont besoin d'un regain d'\u00e9nergie pendant de longues s\u00e9ances de travail ou d'\u00e9tude, car il aide \u00e0 maintenir la concentration et la productivit\u00e9. Pour les athl\u00e8tes, le guarana peut contribuer \u00e0 de meilleures performances en am\u00e9liorant l'endurance physique et en r\u00e9duisant la fatigue lors d'activit\u00e9s physiques intenses.<\/p>\n<hr \/>\n<h2>Ingr\u00e9dients du Guarana<\/h2>\n<p>Le seul ingr\u00e9dient de Indian Elements Guarana est la graine de la plante Paullinia Cupana. Cette graine est moulue en une fine poudre qui conserve tous les bienfaits naturels de la plante. Le guarana est connu pour sa forte concentration en caf\u00e9ine, ainsi que pour d'autres compos\u00e9s b\u00e9n\u00e9fiques tels que les antioxydants, qui favorisent la sant\u00e9 et le bien-\u00eatre en g\u00e9n\u00e9ral.<\/p>\n<p>En outre, le guarana a de l\u00e9g\u00e8res propri\u00e9t\u00e9s coupe-faim, ce qui en fait un choix populaire pour ceux qui cherchent \u00e0 contr\u00f4ler leur poids. Ses antioxydants aident \u00e0 lutter contre le stress oxydatif dans l'organisme, contribuant ainsi \u00e0 la vitalit\u00e9 g\u00e9n\u00e9rale. La caf\u00e9ine contenue dans le guarana, combin\u00e9e \u00e0 ses autres compos\u00e9s naturels, en fait un puissant suppl\u00e9ment enti\u00e8rement naturel pour stimuler l'\u00e9nergie, la concentration et l'endurance.<\/p>\n<hr \/>\n<p><strong>Avertissement :<\/strong><br \/>\nN'utiliser que si vous avez plus de 18 ans. Tenir hors de port\u00e9e des enfants. Le guarana est d\u00e9conseill\u00e9 aux personnes souffrant de troubles cardiaques. Ce produit est un compl\u00e9ment alimentaire et doit \u00eatre utilis\u00e9 comme tel. Ne pas acheter si le sceau est bris\u00e9.<\/p>","protected":false},"excerpt":{"rendered":"<p>Le Guarana de Indian Elements est un stimulant \u00e9nerg\u00e9tique naturel, parfait pour ceux qui ont besoin d'un coup de pouce suppl\u00e9mentaire pendant la journ\u00e9e. Gr\u00e2ce \u00e0 sa teneur \u00e9lev\u00e9e en caf\u00e9ine, cette plante puissante contribue \u00e0 am\u00e9liorer les performances physiques et mentales, ce qui la rend populaire aupr\u00e8s des athl\u00e8tes, des \u00e9tudiants et des travailleurs de nuit. Avec un dosage quotidien recommand\u00e9 de seulement 1 gramme, elle offre une \u00e9nergie durable, une meilleure concentration et une motivation accrue.<\/p>","protected":false},"featured_media":126732,"template":"","meta":[],"product_brand":[],"product_cat":[597,297,477,476],"product_tag":[],"class_list":{"0":"post-126729","1":"product","2":"type-product","3":"status-publish","4":"has-post-thumbnail","6":"product_cat-indian-elements","7":"product_cat-all-products","8":"product_cat-herbs","9":"product_cat-smartshop","11":"first","12":"instock","13":"taxable","14":"shipping-taxable","15":"purchasable","16":"product-type-variable","17":"has-default-attributes"},"_links":{"self":[{"href":"https:\/\/www.tatanka.nl\/fr\/wp-json\/wp\/v2\/product\/126729","targetHints":{"allow":["GET"]}}],"collection":[{"href":"https:\/\/www.tatanka.nl\/fr\/wp-json\/wp\/v2\/product"}],"about":[{"href":"https:\/\/www.tatanka.nl\/fr\/wp-json\/wp\/v2\/types\/product"}],"wp:featuredmedia":[{"embeddable":true,"href":"https:\/\/www.tatanka.nl\/fr\/wp-json\/wp\/v2\/media\/126732"}],"wp:attachment":[{"href":"https:\/\/www.tatanka.nl\/fr\/wp-json\/wp\/v2\/media?parent=126729"}],"wp:term":[{"taxonomy":"product_brand","embeddable":true,"href":"https:\/\/www.tatanka.nl\/fr\/wp-json\/wp\/v2\/product_brand?post=126729"},{"taxonomy":"product_cat","embeddable":true,"href":"https:\/\/www.tatanka.nl\/fr\/wp-json\/wp\/v2\/product_cat?post=126729"},{"taxonomy":"product_tag","embeddable":true,"href":"https:\/\/www.tatanka.nl\/fr\/wp-json\/wp\/v2\/product_tag?post=126729"}],"curies":[{"name":"wp","href":"https:\/\/api.w.org\/{rel}","templated":true}]}}