{"id":126743,"date":"2024-12-06T11:16:36","date_gmt":"2024-12-06T10:16:36","guid":{"rendered":"https:\/\/www.tatanka.nl\/?post_type=product&#038;p=126743"},"modified":"2025-03-05T16:24:02","modified_gmt":"2025-03-05T15:24:02","slug":"creatine","status":"publish","type":"product","link":"https:\/\/www.tatanka.nl\/fr\/creatine\/","title":{"rendered":"Cr\u00e9atine"},"content":{"rendered":"<h2>Qu'est-ce que la cr\u00e9atine monohydrate Capsules ?<\/h2>\n<p>Fit4Seasons Creatine Monohydrate Capsules offre un moyen pratique d'incorporer la cr\u00e9atine dans votre programme de remise en forme. La cr\u00e9atine est un compos\u00e9 naturel pr\u00e9sent dans les cellules musculaires, qui joue un r\u00f4le essentiel dans la production d'\u00e9nergie pendant les courtes p\u00e9riodes d'exercice de haute intensit\u00e9. Chaque g\u00e9lule contient 750 mg de cr\u00e9atine monohydrate, la forme de cr\u00e9atine la plus \u00e9tudi\u00e9e et la plus utilis\u00e9e.<\/p>\n<p>La cr\u00e9atine est populaire parmi les athl\u00e8tes et les amateurs de fitness car elle peut am\u00e9liorer les performances physiques, en particulier dans les activit\u00e9s explosives telles que l'halt\u00e9rophilie, le sprint et l'entra\u00eenement par intervalles de haute intensit\u00e9 (HIIT). En se suppl\u00e9mentant en cr\u00e9atine, les athl\u00e8tes peuvent constater une am\u00e9lioration de la force, de la puissance et de l'endurance lors d'entra\u00eenements intenses et de courte dur\u00e9e. Ces g\u00e9lules v\u00e9g\u00e9taliennes constituent un moyen facile et efficace d'ajouter de la cr\u00e9atine \u00e0 votre routine quotidienne sans avoir recours \u00e0 des poudres ou \u00e0 des shakes.<\/p>\n<p>Fit4Seasons Creatine Monohydrate Capsules sont con\u00e7us pour soutenir vos objectifs d'entra\u00eenement et vous aider \u00e0 atteindre vos meilleures performances. Ils conviennent aux athl\u00e8tes de tous niveaux qui recherchent un moyen naturel et efficace d'am\u00e9liorer leurs performances physiques.<\/p>\n<hr \/>\n<h2>Histoire de la cr\u00e9atine<\/h2>\n<p>La cr\u00e9atine est utilis\u00e9e depuis des d\u00e9cennies comme suppl\u00e9ment pour soutenir les performances athl\u00e9tiques. D\u00e9couverte au d\u00e9but du XIXe si\u00e8cle par le chimiste fran\u00e7ais Michel Eug\u00e8ne Chevreul, la cr\u00e9atine a \u00e9t\u00e9 identifi\u00e9e comme une substance naturellement pr\u00e9sente dans les tissus musculaires. Ce n'est toutefois que dans les ann\u00e9es 1990 que la cr\u00e9atine a \u00e9t\u00e9 largement reconnue pour ses avantages en termes d'am\u00e9lioration des performances, en particulier dans le domaine du sport et de la remise en forme.<\/p>\n<p>Au d\u00e9but, la suppl\u00e9mentation en cr\u00e9atine \u00e9tait principalement disponible sous forme de poudre, mais au fil du temps, des m\u00e9thodes d'administration plus pratiques, comme les g\u00e9lules, ont \u00e9t\u00e9 mises au point pour faciliter la suppl\u00e9mentation des athl\u00e8tes. Des \u00e9tudes ont montr\u00e9 que la cr\u00e9atine monohydrate peut augmenter la masse musculaire, la force et la performance, en particulier lors d'un entra\u00eenement de haute intensit\u00e9. En cons\u00e9quence, la cr\u00e9atine est devenue l'un des suppl\u00e9ments les plus \u00e9tudi\u00e9s et les plus populaires au monde, utilis\u00e9 \u00e0 la fois par les athl\u00e8tes professionnels et les pratiquants occasionnels de la gymnastique.<\/p>\n<p>Aujourd'hui, la cr\u00e9atine est couramment incluse dans les produits de nutrition sportive en raison de ses avantages bien document\u00e9s pour les exercices explosifs de courte dur\u00e9e et de sa capacit\u00e9 \u00e0 aider les athl\u00e8tes \u00e0 r\u00e9cup\u00e9rer plus efficacement entre les s\u00e9ries ou les s\u00e9ances d'entra\u00eenement.<\/p>\n<hr \/>\n<h2>Comment utiliser la cr\u00e9atine monohydrate Capsules<\/h2>\n<p>Fit4Seasons Creatine Monohydrate Capsules sont simples \u00e0 utiliser. La posologie recommand\u00e9e est de 1 g\u00e9lule, \u00e0 prendre deux fois par jour, de pr\u00e9f\u00e9rence apr\u00e8s les repas avec un verre d'eau. Cela garantit une absorption optimale de la cr\u00e9atine et minimise le risque d'inconfort digestif.<\/p>\n<p>Pour obtenir les meilleurs r\u00e9sultats, il est essentiel de rester coh\u00e9rent avec votre consommation de cr\u00e9atine. De nombreux athl\u00e8tes choisissent de prendre les g\u00e9lules \u00e0 des moments pr\u00e9cis de la journ\u00e9e, par exemple apr\u00e8s l'entra\u00eenement ou au cours d'un repas pour faciliter l'absorption. Si certaines personnes ressentent imm\u00e9diatement les effets b\u00e9n\u00e9fiques de la cr\u00e9atine, d'autres peuvent mettre plusieurs jours ou semaines avant de constater des changements notables dans leurs performances.<\/p>\n<p>Il est \u00e9galement important de maintenir une bonne hydratation lors de la prise de suppl\u00e9ments de cr\u00e9atine, car celle-ci peut augmenter la r\u00e9tention d'eau dans les muscles. Comme toujours, consultez un professionnel de la sant\u00e9 avant de commencer \u00e0 prendre un nouveau suppl\u00e9ment, en particulier si vous \u00eates enceinte, si vous allaitez ou si vous avez des probl\u00e8mes de sant\u00e9.<\/p>\n<hr \/>\n<h2>Ingr\u00e9dients de Creatine Monohydrate Capsules<\/h2>\n<p>Chaque g\u00e9lule de cr\u00e9atine monohydrate Fit4Seasons contient 750 mg de cr\u00e9atine monohydrate pure, la forme de cr\u00e9atine la plus \u00e9tudi\u00e9e et la plus efficace. La cr\u00e9atine est un compos\u00e9 naturellement pr\u00e9sent dans l'organisme, principalement dans les cellules musculaires, et joue un r\u00f4le cl\u00e9 dans la production d'\u00e9nergie pendant les courtes p\u00e9riodes d'activit\u00e9 physique intense.<\/p>\n<p>Lorsqu'elle est prise sous forme de suppl\u00e9ment, la cr\u00e9atine aide \u00e0 reconstituer les r\u00e9serves d'ATP (ad\u00e9nosine triphosphate) de l'organisme, la monnaie d'\u00e9change de l'\u00e9nergie des cellules. Cela permet d'augmenter la force, la puissance et l'endurance lors d'exercices de haute intensit\u00e9 comme l'halt\u00e9rophilie, le sprint et d'autres mouvements explosifs.<\/p>\n<p>Les g\u00e9lules sont 100% v\u00e9g\u00e9taliennes, ce qui les rend adapt\u00e9es \u00e0 un r\u00e9gime \u00e0 base de plantes. Elles sont exemptes d'additifs artificiels, de conservateurs et de gluten, offrant ainsi un moyen propre et naturel de soutenir vos objectifs de remise en forme. Avec Fit4Seasons Creatine Monohydrate Capsules, vous pouvez alimenter votre corps avec une source pure et puissante de cr\u00e9atine pour am\u00e9liorer vos performances athl\u00e9tiques et votre r\u00e9cup\u00e9ration.<\/p>\n<hr \/>\n<p><strong>Avertissements<\/strong><\/p>\n<ul>\n<li>Tenir hors de port\u00e9e des enfants.<\/li>\n<li>Consultez votre m\u00e9decin avant d'utiliser ce produit si vous \u00eates enceinte, si vous allaitez ou si vous avez des probl\u00e8mes de sant\u00e9.<\/li>\n<li>Conserver dans un endroit frais et sec, \u00e0 l'abri de la lumi\u00e8re directe du soleil et \u00e0 temp\u00e9rature ambiante.<\/li>\n<li>Ce produit ne remplace pas un r\u00e9gime alimentaire \u00e9quilibr\u00e9 et doit \u00eatre utilis\u00e9 dans le cadre d'un mode de vie sain.<\/li>\n<\/ul>","protected":false},"excerpt":{"rendered":"<p>Fit4Seasons Creatine Monohydrate Capsules sont con\u00e7ues pour aider les athl\u00e8tes \u00e0 am\u00e9liorer leurs performances lors d'entra\u00eenements courts et intenses. Chaque g\u00e9lule v\u00e9g\u00e9talienne contient 750 mg de cr\u00e9atine monohydrate pure, connue pour stimuler l'\u00e9nergie et la force lors d'activit\u00e9s telles que l'halt\u00e9rophilie.<\/p>","protected":false},"featured_media":126746,"template":"","meta":[],"product_brand":[],"product_cat":[598,297,475,482],"product_tag":[],"class_list":{"0":"post-126743","1":"product","2":"type-product","3":"status-publish","4":"has-post-thumbnail","6":"product_cat-fit4seasons","7":"product_cat-all-products","8":"product_cat-healthshop","9":"product_cat-vitamins","11":"first","12":"instock","13":"taxable","14":"shipping-taxable","15":"purchasable","16":"product-type-variable","17":"has-default-attributes"},"_links":{"self":[{"href":"https:\/\/www.tatanka.nl\/fr\/wp-json\/wp\/v2\/product\/126743","targetHints":{"allow":["GET"]}}],"collection":[{"href":"https:\/\/www.tatanka.nl\/fr\/wp-json\/wp\/v2\/product"}],"about":[{"href":"https:\/\/www.tatanka.nl\/fr\/wp-json\/wp\/v2\/types\/product"}],"wp:featuredmedia":[{"embeddable":true,"href":"https:\/\/www.tatanka.nl\/fr\/wp-json\/wp\/v2\/media\/126746"}],"wp:attachment":[{"href":"https:\/\/www.tatanka.nl\/fr\/wp-json\/wp\/v2\/media?parent=126743"}],"wp:term":[{"taxonomy":"product_brand","embeddable":true,"href":"https:\/\/www.tatanka.nl\/fr\/wp-json\/wp\/v2\/product_brand?post=126743"},{"taxonomy":"product_cat","embeddable":true,"href":"https:\/\/www.tatanka.nl\/fr\/wp-json\/wp\/v2\/product_cat?post=126743"},{"taxonomy":"product_tag","embeddable":true,"href":"https:\/\/www.tatanka.nl\/fr\/wp-json\/wp\/v2\/product_tag?post=126743"}],"curies":[{"name":"wp","href":"https:\/\/api.w.org\/{rel}","templated":true}]}}