{"id":126754,"date":"2024-12-06T11:41:44","date_gmt":"2024-12-06T10:41:44","guid":{"rendered":"https:\/\/www.tatanka.nl\/?post_type=product&#038;p=126754"},"modified":"2025-07-11T12:48:38","modified_gmt":"2025-07-11T11:48:38","slug":"pine-pollen","status":"publish","type":"product","link":"https:\/\/www.tatanka.nl\/fr\/pine-pollen\/","title":{"rendered":"Pollen de pin"},"content":{"rendered":"<h2>Que sont les comprim\u00e9s de pollen de pin ?<\/h2>\n<p>Les comprim\u00e9s de pollen de pin sont un compl\u00e9ment alimentaire naturel compos\u00e9 de 90% de poudre de pollen de pin biologique, associ\u00e9e \u00e0 10% de poudre de maltodextrine. Ces comprim\u00e9s sont une riche source de phyto-androg\u00e8nes bio-identiques comme la DHEA, l'androst\u00e9rone et la testost\u00e9rone, qui sont essentiels pour maintenir des niveaux d'hormones sains chez les hommes. Connu pour sa couleur jaune subtile et son go\u00fbt sucr\u00e9, le pollen de pin est utilis\u00e9 depuis des si\u00e8cles pour ses divers bienfaits pour la sant\u00e9. Pris r\u00e9guli\u00e8rement, les comprim\u00e9s de pollen de pin peuvent fournir des nutriments essentiels pour soutenir la fertilit\u00e9 masculine, stimuler la libido et am\u00e9liorer la vitalit\u00e9 physique et mentale en g\u00e9n\u00e9ral.<\/p>\n<p>La composition unique du pollen de pin en fait l'un des compl\u00e9ments naturels les plus puissants pour soutenir la sant\u00e9 masculine, car il permet d'augmenter les niveaux d'\u00e9nergie, d'am\u00e9liorer la fonction immunitaire et m\u00eame de soulager les sympt\u00f4mes des douleurs articulaires telles que l'arthrite. Les compos\u00e9s naturels pr\u00e9sents dans le pollen de pin en font un compl\u00e9ment polyvalent adapt\u00e9 \u00e0 tous ceux qui cherchent \u00e0 am\u00e9liorer leur sant\u00e9 de mani\u00e8re naturelle.<\/p>\n<h2>Histoire des comprim\u00e9s de pollen de pin<\/h2>\n<p>Le pollen de pin est utilis\u00e9 dans la m\u00e9decine traditionnelle depuis des si\u00e8cles, en particulier dans les cultures asiatiques, pour ses propri\u00e9t\u00e9s b\u00e9n\u00e9fiques pour la sant\u00e9. Le concept d'utilisation du pollen de pin en tant que suppl\u00e9ment est bas\u00e9 sur sa forte concentration en testost\u00e9rone naturelle et autres nutriments essentiels qui favorisent la sant\u00e9 masculine. Aujourd'hui, les comprim\u00e9s de pollen de pin ont gagn\u00e9 en popularit\u00e9 en tant que rem\u00e8de naturel pour les hommes qui cherchent \u00e0 am\u00e9liorer leur vitalit\u00e9 et \u00e0 soutenir leurs niveaux d'hormones.<\/p>\n<p>Historiquement, le pollen de pin \u00e9tait appr\u00e9ci\u00e9 pour sa capacit\u00e9 \u00e0 renforcer l'organisme, \u00e0 am\u00e9liorer l'endurance physique et \u00e0 favoriser l'\u00e9nergie de la jeunesse. Il est \u00e9galement reconnu pour ses propri\u00e9t\u00e9s antioxydantes, qui aident \u00e0 combattre les effets du vieillissement et \u00e0 am\u00e9liorer le bien-\u00eatre g\u00e9n\u00e9ral. La formulation des comprim\u00e9s de pollen de pin a \u00e9volu\u00e9 pour offrir un moyen pratique et efficace d'exploiter la puissance du pollen de pin sous une forme hautement biodisponible, ce qui permet de profiter plus facilement que jamais de ses bienfaits pour la sant\u00e9.<\/p>\n<h2>Comment utiliser les comprim\u00e9s de pollen de pin<\/h2>\n<p>Pour obtenir les meilleurs r\u00e9sultats, il est recommand\u00e9 de prendre 1 \u00e0 2 comprim\u00e9s de pollen de pin trois fois par jour, de pr\u00e9f\u00e9rence avec les repas et un verre d'eau. Ce dosage permet \u00e0 l'organisme d'absorber efficacement les nutriments contenus dans les comprim\u00e9s tout au long de la journ\u00e9e, ce qui favorise l'\u00e9quilibre hormonal, la fertilit\u00e9 et les niveaux d'\u00e9nergie. Le compl\u00e9ment peut \u00eatre utilis\u00e9 en continu dans le cadre d'une routine quotidienne de bien-\u00eatre.<\/p>\n<p>Les comprim\u00e9s de pollen de pin sont particuli\u00e8rement b\u00e9n\u00e9fiques pour les hommes pr\u00e9sentant des sympt\u00f4mes li\u00e9s \u00e0 un d\u00e9s\u00e9quilibre hormonal, un manque d'\u00e9nergie ou une baisse de la libido. En prenant ces comprim\u00e9s r\u00e9guli\u00e8rement, vous pouvez contribuer \u00e0 soutenir vos niveaux de testost\u00e9rone, \u00e0 am\u00e9liorer votre endurance physique et \u00e0 renforcer votre concentration mentale. Respectez toujours la posologie recommand\u00e9e et consultez votre m\u00e9decin avant toute utilisation, en particulier si vous avez des probl\u00e8mes de sant\u00e9, si vous \u00eates enceinte ou si vous allaitez.<\/p>\n<h2>Ingr\u00e9dients des comprim\u00e9s de pollen de pin<\/h2>\n<p>Chaque comprim\u00e9 de pollen de pin est fabriqu\u00e9 \u00e0 partir de la poudre de pollen de pin biologique 90%, qui contient un large \u00e9ventail de nutriments biodisponibles. Il s'agit notamment de vitamines, de min\u00e9raux, d'antioxydants et de phyto-androg\u00e8nes tels que la DHEA, l'androst\u00e9rone et la testost\u00e9rone. Ces compos\u00e9s sont naturellement identiques aux hormones humaines, ce qui fait du pollen de pin un compl\u00e9ment tr\u00e8s efficace pour soutenir la sant\u00e9 masculine. La poudre de maltodextrine 10% sert de liant pour aider \u00e0 cr\u00e9er la forme de comprim\u00e9.<\/p>\n<p>Le pollen de pin est connu pour sa capacit\u00e9 \u00e0 favoriser des niveaux de testost\u00e9rone sains, \u00e0 augmenter la fertilit\u00e9 et \u00e0 am\u00e9liorer la libido masculine. Il contient \u00e9galement des vitamines et des min\u00e9raux essentiels \u00e0 la sant\u00e9 g\u00e9n\u00e9rale, notamment de la vitamine A, des vitamines B et des acides amin\u00e9s essentiels. En outre, les antioxydants pr\u00e9sents dans le pollen de pin contribuent \u00e0 r\u00e9duire l'inflammation, \u00e0 soutenir la fonction immunitaire et \u00e0 prot\u00e9ger contre le stress oxydatif, ce qui en fait un excellent compl\u00e9ment \u00e0 un mode de vie soucieux de la sant\u00e9.<\/p>\n<p><strong>Avertissement :<\/strong> Tenir hors de port\u00e9e des enfants. Consultez votre m\u00e9decin avant d'utiliser ce produit si vous \u00eates enceinte, si vous allaitez ou si vous avez des probl\u00e8mes de sant\u00e9. Conserver \u00e0 temp\u00e9rature ambiante et \u00e0 l'abri de la lumi\u00e8re.<\/p>","protected":false},"excerpt":{"rendered":"<p>Les comprim\u00e9s de pollen de pin sont un puissant compl\u00e9ment naturel contenant plus de 200 nutriments biodisponibles, notamment des vitamines, des min\u00e9raux, des antioxydants et des phyto-androg\u00e8nes. Connu pour sa capacit\u00e9 \u00e0 soutenir la sant\u00e9 masculine, le pollen de pin est une excellente source de testost\u00e9rone et peut contribuer \u00e0 am\u00e9liorer la fertilit\u00e9, la libido et m\u00eame la sant\u00e9 des articulations. Ce compl\u00e9ment est id\u00e9al pour les hommes qui cherchent \u00e0 am\u00e9liorer leur bien-\u00eatre physique et mental de mani\u00e8re naturelle.<\/p>","protected":false},"featured_media":126756,"template":"","meta":[],"product_brand":[],"product_cat":[598,297,475,482],"product_tag":[],"class_list":{"0":"post-126754","1":"product","2":"type-product","3":"status-publish","4":"has-post-thumbnail","6":"product_cat-fit4seasons","7":"product_cat-all-products","8":"product_cat-healthshop","9":"product_cat-vitamins","11":"first","12":"instock","13":"taxable","14":"shipping-taxable","15":"purchasable","16":"product-type-variable","17":"has-default-attributes"},"_links":{"self":[{"href":"https:\/\/www.tatanka.nl\/fr\/wp-json\/wp\/v2\/product\/126754","targetHints":{"allow":["GET"]}}],"collection":[{"href":"https:\/\/www.tatanka.nl\/fr\/wp-json\/wp\/v2\/product"}],"about":[{"href":"https:\/\/www.tatanka.nl\/fr\/wp-json\/wp\/v2\/types\/product"}],"wp:featuredmedia":[{"embeddable":true,"href":"https:\/\/www.tatanka.nl\/fr\/wp-json\/wp\/v2\/media\/126756"}],"wp:attachment":[{"href":"https:\/\/www.tatanka.nl\/fr\/wp-json\/wp\/v2\/media?parent=126754"}],"wp:term":[{"taxonomy":"product_brand","embeddable":true,"href":"https:\/\/www.tatanka.nl\/fr\/wp-json\/wp\/v2\/product_brand?post=126754"},{"taxonomy":"product_cat","embeddable":true,"href":"https:\/\/www.tatanka.nl\/fr\/wp-json\/wp\/v2\/product_cat?post=126754"},{"taxonomy":"product_tag","embeddable":true,"href":"https:\/\/www.tatanka.nl\/fr\/wp-json\/wp\/v2\/product_tag?post=126754"}],"curies":[{"name":"wp","href":"https:\/\/api.w.org\/{rel}","templated":true}]}}