{"id":126757,"date":"2024-12-06T11:48:41","date_gmt":"2024-12-06T10:48:41","guid":{"rendered":"https:\/\/www.tatanka.nl\/?post_type=product&#038;p=126757"},"modified":"2025-06-27T12:48:44","modified_gmt":"2025-06-27T11:48:44","slug":"spirulina","status":"publish","type":"product","link":"https:\/\/www.tatanka.nl\/fr\/spirulina\/","title":{"rendered":"Spiruline"},"content":{"rendered":"<h2>Qu'est-ce qu'un comprim\u00e9 de spiruline ?<\/h2>\n<p>Les comprim\u00e9s de spiruline sont un compl\u00e9ment alimentaire d\u00e9riv\u00e9 de la spiruline biologique, une algue bleu-vert hautement nutritive. La spiruline est consid\u00e9r\u00e9e comme l'un des aliments les plus riches en nutriments qui soient, car elle fournit un nombre impressionnant de vitamines, de min\u00e9raux et d'acides amin\u00e9s essentiels. Chaque comprim\u00e9 contient de la poudre de spiruline, riche en prot\u00e9ines (70% de son contenu), en acides gras om\u00e9ga-3 et en antioxydants. La spiruline est connue pour favoriser le bien-\u00eatre g\u00e9n\u00e9ral en augmentant l'\u00e9nergie, en am\u00e9liorant l'endurance et en renfor\u00e7ant le syst\u00e8me immunitaire.<\/p>\n<p>Ces comprim\u00e9s sont particuli\u00e8rement appr\u00e9ci\u00e9s des sportifs, des v\u00e9g\u00e9tariens et des personnes ayant un mode de vie actif. La teneur \u00e9lev\u00e9e en acides amin\u00e9s essentiels de la spiruline, y compris les neuf acides amin\u00e9s essentiels de l'organisme, en fait une excellente source de prot\u00e9ines d'origine v\u00e9g\u00e9tale. En outre, son abondance en vitamines (telles que les vitamines B) et en min\u00e9raux (notamment le calcium, le fer et le magn\u00e9sium) contribue \u00e0 promouvoir une sant\u00e9 optimale. Les comprim\u00e9s de spiruline sont un moyen simple et pratique d'incorporer ce puissant superaliment dans votre routine quotidienne.<\/p>\n<h2>Histoire des comprim\u00e9s de spiruline<\/h2>\n<p>L'utilisation de la spiruline remonte aux civilisations anciennes, en particulier \u00e0 la culture azt\u00e8que, o\u00f9 elle \u00e9tait consomm\u00e9e comme source alimentaire nutritive. Cependant, l'int\u00e9r\u00eat moderne pour la spiruline en tant que compl\u00e9ment alimentaire a commenc\u00e9 au milieu du 20e si\u00e8cle, lorsqu'elle a \u00e9t\u00e9 d\u00e9couverte pour ses remarquables effets b\u00e9n\u00e9fiques sur la sant\u00e9. La spiruline a rapidement gagn\u00e9 en popularit\u00e9 dans la communaut\u00e9 de la sant\u00e9 et du bien-\u00eatre, en particulier parmi les athl\u00e8tes et les v\u00e9g\u00e9tariens, en raison de sa teneur \u00e9lev\u00e9e en prot\u00e9ines et de son profil nutritionnel complet.<\/p>\n<p>Le d\u00e9veloppement des comprim\u00e9s de spiruline a facilit\u00e9 la consommation de ce superaliment riche en nutriments et l'a rendu accessible \u00e0 un plus large public. Les chercheurs ont \u00e9tudi\u00e9 la spiruline de mani\u00e8re approfondie, confirmant ses bienfaits potentiels pour le soutien immunitaire, l'\u00e9nergie et l'endurance. La spiruline est d\u00e9sormais reconnue dans le monde entier comme l'un des super-aliments les plus \u00e9tudi\u00e9s, et son inclusion dans les comprim\u00e9s a fourni un moyen pratique de profiter de ses bienfaits sans avoir \u00e0 la pr\u00e9parer sous d'autres formes, telles que la poudre ou les smoothies.<\/p>\n<h2>Comment utiliser les comprim\u00e9s de spiruline<\/h2>\n<p>Pour tirer le meilleur parti des comprim\u00e9s de spiruline, il est recommand\u00e9 de prendre 1 \u00e0 2 comprim\u00e9s trois fois par jour avec de l'eau pendant les repas. Cela permet \u00e0 l'organisme de b\u00e9n\u00e9ficier d'un apport constant en nutriments contenus dans la spiruline tout au long de la journ\u00e9e. Pour les personnes qui recherchent des bienfaits plus importants pour la sant\u00e9, la spiruline peut \u00eatre associ\u00e9e \u00e0 d'autres super-aliments comme la chlorelle pour un effet renforc\u00e9.<\/p>\n<p>Les comprim\u00e9s de spiruline sont un excellent compl\u00e9ment \u00e0 une alimentation \u00e9quilibr\u00e9e et \u00e0 un mode de vie actif. Ils contribuent \u00e0 augmenter l'\u00e9nergie, \u00e0 soutenir le syst\u00e8me immunitaire et \u00e0 am\u00e9liorer l'endurance, ce qui en fait un compl\u00e9ment id\u00e9al pour les athl\u00e8tes ou toute personne cherchant \u00e0 am\u00e9liorer ses performances physiques et mentales. La spiruline peut \u00e9galement \u00eatre utilis\u00e9e comme suppl\u00e9ment de bien-\u00eatre quotidien, en apportant des nutriments essentiels et en soutenant la sant\u00e9 globale. N'oubliez pas de respecter la posologie recommand\u00e9e et de consulter un professionnel de la sant\u00e9 si vous \u00eates enceinte, si vous allaitez ou si vous avez des probl\u00e8mes de sant\u00e9.<\/p>\n<h2>Ingr\u00e9dients des comprim\u00e9s de spiruline<\/h2>\n<p>Chaque comprim\u00e9 de spiruline contient 100% de poudre de spiruline biologique, une source puissante de nutriments. La spiruline est riche en prot\u00e9ines et contient les neuf acides amin\u00e9s essentiels, ce qui en fait une excellente source de prot\u00e9ines d'origine v\u00e9g\u00e9tale pour les v\u00e9g\u00e9tariens et les v\u00e9g\u00e9taliens. Elle est \u00e9galement riche en vitamines B, en fibres, en antioxydants et en acides gras om\u00e9ga-3, qui contribuent \u00e0 promouvoir la sant\u00e9 cardiovasculaire, les fonctions c\u00e9r\u00e9brales et le bien-\u00eatre g\u00e9n\u00e9ral.<\/p>\n<p>En plus de ces nutriments, la spiruline est connue pour sa teneur \u00e9lev\u00e9e en calcium, trois fois sup\u00e9rieure \u00e0 celle du lait entier, ce qui en fait un excellent choix pour les personnes qui recherchent des sources de calcium d'origine v\u00e9g\u00e9tale. La spiruline contient \u00e9galement des min\u00e9raux importants comme le fer, le magn\u00e9sium et le potassium, qui soutiennent diverses fonctions de l'organisme. Sa teneur \u00e9lev\u00e9e en antioxydants aide \u00e0 prot\u00e9ger l'organisme du stress oxydatif, ce qui contribue \u00e0 am\u00e9liorer les fonctions immunitaires et la sant\u00e9 en g\u00e9n\u00e9ral.<\/p>\n<p><strong>Avertissement :<\/strong> Tenir hors de port\u00e9e des enfants. Consultez votre m\u00e9decin avant d'utiliser ce produit si vous \u00eates enceinte, si vous allaitez ou si vous avez des probl\u00e8mes de sant\u00e9. Conserver \u00e0 temp\u00e9rature ambiante et \u00e0 l'abri de la lumi\u00e8re.<\/p>\n<p>Les comprim\u00e9s de spiruline sont un moyen simple et efficace d'ajouter une source puissante de nutriments \u00e0 votre r\u00e9gime alimentaire, pour soutenir l'\u00e9nergie, l'endurance et la sant\u00e9 immunitaire. Gr\u00e2ce \u00e0 son profil nutritionnel impressionnant, ce compl\u00e9ment alimentaire peut vous aider \u00e0 maintenir un mode de vie sain et actif.<\/p>","protected":false},"excerpt":{"rendered":"<p>Les comprim\u00e9s de spiruline sont fabriqu\u00e9s \u00e0 partir de la poudre de spiruline biologique 100%, une algue vert-bleu qui pousse en eau douce. Gorg\u00e9e d'acides amin\u00e9s essentiels, de vitamines et de min\u00e9raux, la spiruline est un superaliment puissant qui soutient les niveaux d'\u00e9nergie, la fonction immunitaire et l'endurance. Id\u00e9ales pour les athl\u00e8tes et les personnes menant un mode de vie conscient, les tablettes de spiruline constituent une source naturelle de prot\u00e9ines, de fibres et d'antioxydants pour vous aider \u00e0 vous sentir au mieux de votre forme tous les jours.<\/p>","protected":false},"featured_media":126759,"template":"","meta":[],"product_brand":[],"product_cat":[598,297,475,482],"product_tag":[],"class_list":{"0":"post-126757","1":"product","2":"type-product","3":"status-publish","4":"has-post-thumbnail","6":"product_cat-fit4seasons","7":"product_cat-all-products","8":"product_cat-healthshop","9":"product_cat-vitamins","11":"first","12":"instock","13":"taxable","14":"shipping-taxable","15":"purchasable","16":"product-type-variable","17":"has-default-attributes"},"_links":{"self":[{"href":"https:\/\/www.tatanka.nl\/fr\/wp-json\/wp\/v2\/product\/126757","targetHints":{"allow":["GET"]}}],"collection":[{"href":"https:\/\/www.tatanka.nl\/fr\/wp-json\/wp\/v2\/product"}],"about":[{"href":"https:\/\/www.tatanka.nl\/fr\/wp-json\/wp\/v2\/types\/product"}],"wp:featuredmedia":[{"embeddable":true,"href":"https:\/\/www.tatanka.nl\/fr\/wp-json\/wp\/v2\/media\/126759"}],"wp:attachment":[{"href":"https:\/\/www.tatanka.nl\/fr\/wp-json\/wp\/v2\/media?parent=126757"}],"wp:term":[{"taxonomy":"product_brand","embeddable":true,"href":"https:\/\/www.tatanka.nl\/fr\/wp-json\/wp\/v2\/product_brand?post=126757"},{"taxonomy":"product_cat","embeddable":true,"href":"https:\/\/www.tatanka.nl\/fr\/wp-json\/wp\/v2\/product_cat?post=126757"},{"taxonomy":"product_tag","embeddable":true,"href":"https:\/\/www.tatanka.nl\/fr\/wp-json\/wp\/v2\/product_tag?post=126757"}],"curies":[{"name":"wp","href":"https:\/\/api.w.org\/{rel}","templated":true}]}}