{"id":126914,"date":"2024-12-13T09:56:39","date_gmt":"2024-12-13T08:56:39","guid":{"rendered":"https:\/\/www.tatanka.nl\/?post_type=product&#038;p=126914"},"modified":"2025-10-16T07:58:08","modified_gmt":"2025-10-16T06:58:08","slug":"cambodian-sporeprint","status":"publish","type":"product","link":"https:\/\/www.tatanka.nl\/fr\/cambodian-sporeprint\/","title":{"rendered":"Cambodian Sporeprint"},"content":{"rendered":"<h2>Qu'est-ce que le Cambodian Sporeprint ?<\/h2>\n<p>La Sporeprint Cambodian de McSmart est une sporeprint organique de haute qualit\u00e9 d'une souche sp\u00e9cifique de champignons magiques, soigneusement s\u00e9lectionn\u00e9e pour ceux qui ont de l'exp\u00e9rience dans les psych\u00e9d\u00e9liques. McSmart est connu pour offrir des collections de sporeprints de premi\u00e8re qualit\u00e9, fournissant aux cultivateurs de champignons et aux passionn\u00e9s les outils n\u00e9cessaires pour explorer le monde fascinant de la culture des champignons. Les sporeprints contiennent des millions de spores viables qui, dans les bonnes conditions, peuvent se d\u00e9velopper en un r\u00e9seau myc\u00e9lien prosp\u00e8re.<\/p>\n<p>Cette empreinte de spore provient de la souche Cambodian, connue pour sa puissance et sa croissance robuste. Elle est populaire parmi les utilisateurs r\u00e9cr\u00e9atifs et ceux qui s'int\u00e9ressent aux bienfaits th\u00e9rapeutiques des champignons psych\u00e9d\u00e9liques. La Sporeprint Cambodian permet non seulement d'explorer la croissance physique des champignons, mais aussi d'approfondir la compr\u00e9hension des mod\u00e8les cach\u00e9s de la nature. Ses d\u00e9tails complexes et le processus de culture peuvent offrir une exp\u00e9rience profonde, enrichissant \u00e0 la fois les connaissances du cultivateur et son lien avec le r\u00e8gne v\u00e9g\u00e9tal.<\/p>\n<h2>Historique de l'empreinte de la spore Cambodian<\/h2>\n<p>La souche Cambodian des champignons magiques a une histoire bien ancr\u00e9e en Asie du Sud-Est, o\u00f9 elle a \u00e9t\u00e9 d\u00e9couverte pour la premi\u00e8re fois dans les climats tropicaux du Cambodge. Pendant des si\u00e8cles, les peuples indig\u00e8nes de la r\u00e9gion ont utilis\u00e9 les champignons psych\u00e9d\u00e9liques dans le cadre de rituels spirituels, estimant qu'ils permettaient de mieux comprendre la nature de l'existence et du cosmos. Au fur et \u00e0 mesure que l'int\u00e9r\u00eat mondial pour les psych\u00e9d\u00e9liques grandissait, la souche Cambodian s'est fait conna\u00eetre pour ses effets distincts et puissants, ce qui a conduit \u00e0 sa grande popularit\u00e9 au sein de la communaut\u00e9 des cultivateurs.<\/p>\n<p>La Sporeprint Cambodian de McSmart fait entrer cette riche histoire dans l'\u00e8re moderne, offrant aux amateurs un moyen authentique et fiable de cultiver leurs propres champignons magiques \u00e0 la maison. L'attrait de la vari\u00e9t\u00e9 Cambodian r\u00e9side dans ses effets psych\u00e9d\u00e9liques \u00e9quilibr\u00e9s et puissants, ce qui en fait la pr\u00e9f\u00e9r\u00e9e de ceux qui recherchent \u00e0 la fois la clart\u00e9 mentale et une exp\u00e9rience introspective plus profonde. Au fil du temps, les m\u00e9thodes de culture se sont am\u00e9lior\u00e9es, mais les racines de cette vari\u00e9t\u00e9 restent profond\u00e9ment ancr\u00e9es dans la tradition, fournissant un lien durable avec sa signification culturelle et spirituelle.<\/p>\n<h2>Comment utiliser Cambodian Sporeprint<\/h2>\n<p><strong>\u00c9tape 1 : Pr\u00e9paration de la bo\u00eete de Petri<\/strong><br \/>\nCommencez par une bo\u00eete de Petri st\u00e9rile contenant une solution d'agar. Vous pouvez pr\u00e9parer la g\u00e9lose vous-m\u00eame ou l'acheter d\u00e9j\u00e0 pr\u00e9par\u00e9e. Il est important d'ouvrir la bo\u00eete dans un environnement st\u00e9rile pour \u00e9viter toute contamination.<\/p>\n<p><strong>\u00c9tape 2 : Ajout des spores<\/strong><br \/>\nUtilisez une seringue st\u00e9rile pour extraire le liquide de spores du flacon. Si vous travaillez avec une empreinte de spores, grattez d\u00e9licatement quelques spores de l'empreinte et laissez-les tomber sur la surface d'agar dans la bo\u00eete de P\u00e9tri.<\/p>\n<p><strong>\u00c9tape 3 : Incubation<\/strong><br \/>\nFermez la bo\u00eete de Petri et placez-la dans un environnement appropri\u00e9 et contr\u00f4l\u00e9 o\u00f9 les spores peuvent se d\u00e9velopper en myc\u00e9lium sans \u00eatre d\u00e9rang\u00e9es. La p\u00e9riode d'incubation peut aller de quelques jours \u00e0 plusieurs semaines, en fonction des conditions et du type de champignon.<\/p>\n<p><strong>\u00c9tape 4 : Purification du myc\u00e9lium<\/strong><br \/>\nLorsque le myc\u00e9lium s'est suffisamment d\u00e9velopp\u00e9 et couvre une grande partie de la bo\u00eete de Petri, il est temps de le purifier. S\u00e9lectionnez soigneusement un morceau de myc\u00e9lium sain et enti\u00e8rement d\u00e9velopp\u00e9 en vue d'une utilisation ult\u00e9rieure.<\/p>\n<p><strong>\u00c9tape 5 : Coupe du myc\u00e9lium<\/strong><br \/>\n\u00c0 l'aide d'un scalpel st\u00e9rile, coupez une petite section du myc\u00e9lium, d'environ 6 x 6 mm. Ce morceau servira de d\u00e9part pour une nouvelle culture propre.<\/p>\n<p><strong>\u00c9tape 6 : Inoculation du milieu de croissance<\/strong><br \/>\nTransf\u00e9rer le morceau de myc\u00e9lium coup\u00e9 dans un nouveau milieu de croissance, tel qu'une nouvelle bo\u00eete de P\u00e9tri avec de l'agar ou un autre milieu appropri\u00e9 pour la suite de la culture. Veillez \u00e0 manipuler le nouveau milieu dans des conditions st\u00e9riles afin de pr\u00e9server son int\u00e9grit\u00e9.<\/p>\n<h2>Ingr\u00e9dients de Cambodian Sporeprint<\/h2>\n<p>La Cambodian Sporeprint by McSmart est compos\u00e9e principalement de spores de la souche Cambodian de Psilocybe cubensis. Ces spores contiennent le mat\u00e9riel g\u00e9n\u00e9tique n\u00e9cessaire \u00e0 la culture de champignons magiques contenant les compos\u00e9s psychoactifs psilocybine et psilocine. Lorsqu'ils sont cultiv\u00e9s correctement, ces champignons produisent un puissant effet hallucinog\u00e8ne, qui est utilis\u00e9 depuis des si\u00e8cles dans les pratiques spirituelles et de d\u00e9veloppement personnel.<\/p>\n<p>La sporeprint elle-m\u00eame contient des millions de spores minuscules et viables, capables de se d\u00e9velopper en cultures de myc\u00e9lium saines. La puret\u00e9 de la Sporeprint McSmart Cambodian garantit que vous travaillez avec un produit de haute qualit\u00e9, ce qui vous donne les meilleures chances de r\u00e9ussite de la culture. Les spores sont soigneusement r\u00e9colt\u00e9es et conserv\u00e9es pour maintenir leur viabilit\u00e9, ce qui garantit qu'elles peuvent germer et se d\u00e9velopper lorsqu'elles sont plac\u00e9es dans les bonnes conditions. Cela fait du sporeprint un outil id\u00e9al pour les cultivateurs exp\u00e9riment\u00e9s \u00e0 la recherche d'une source fiable pour leur culture de champignons.<\/p>\n<p><strong>Avertissement<\/strong><br \/>\nLes champignons magiques contiennent naturellement de la psilocybine et de la psilocine, des compos\u00e9s hallucinog\u00e8nes qui peuvent alt\u00e9rer la conscience et induire des hallucinations. Il est important de manipuler ces champignons de mani\u00e8re responsable, en particulier lors de leur culture et de leur consommation. Gardez-les toujours hors de port\u00e9e des enfants et respectez les mesures de s\u00e9curit\u00e9 appropri\u00e9es lorsque vous les manipulez ou les utilisez. Veillez \u00e0 vous trouver dans un environnement s\u00fbr et contr\u00f4l\u00e9 si vous consommez des champignons magiques, et ne le faites qu'en comprenant et en respectant leurs effets.<\/p>","protected":false},"excerpt":{"rendered":"<p>Explorez le monde mystique de la Sporeprint Cambodian de McSmart, con\u00e7ue pour les amateurs de psych\u00e9d\u00e9lisme chevronn\u00e9s. Cette sporeprint offre une passerelle vers une exploration psych\u00e9d\u00e9lique plus profonde, vous permettant de d\u00e9couvrir les sch\u00e9mas g\u00e9n\u00e9tiques complexes des champignons magiques et d'acc\u00e9der \u00e0 de nouvelles dimensions de la conscience.<\/p>","protected":false},"featured_media":126917,"template":"","meta":[],"product_brand":[],"product_cat":[657,297,518,515,476],"product_tag":[662],"class_list":{"0":"post-126914","1":"product","2":"type-product","3":"status-publish","4":"has-post-thumbnail","6":"product_cat-magic-mushroom-spore-prints","7":"product_cat-all-products","8":"product_cat-mushrooms","9":"product_cat-shroomshop","10":"product_cat-smartshop","11":"product_tag-shrdeal","12":"product_shipping_class-creditcard-off","14":"first","15":"instock","16":"taxable","17":"shipping-taxable","18":"purchasable","19":"product-type-variable","20":"has-default-attributes"},"_links":{"self":[{"href":"https:\/\/www.tatanka.nl\/fr\/wp-json\/wp\/v2\/product\/126914","targetHints":{"allow":["GET"]}}],"collection":[{"href":"https:\/\/www.tatanka.nl\/fr\/wp-json\/wp\/v2\/product"}],"about":[{"href":"https:\/\/www.tatanka.nl\/fr\/wp-json\/wp\/v2\/types\/product"}],"wp:featuredmedia":[{"embeddable":true,"href":"https:\/\/www.tatanka.nl\/fr\/wp-json\/wp\/v2\/media\/126917"}],"wp:attachment":[{"href":"https:\/\/www.tatanka.nl\/fr\/wp-json\/wp\/v2\/media?parent=126914"}],"wp:term":[{"taxonomy":"product_brand","embeddable":true,"href":"https:\/\/www.tatanka.nl\/fr\/wp-json\/wp\/v2\/product_brand?post=126914"},{"taxonomy":"product_cat","embeddable":true,"href":"https:\/\/www.tatanka.nl\/fr\/wp-json\/wp\/v2\/product_cat?post=126914"},{"taxonomy":"product_tag","embeddable":true,"href":"https:\/\/www.tatanka.nl\/fr\/wp-json\/wp\/v2\/product_tag?post=126914"}],"curies":[{"name":"wp","href":"https:\/\/api.w.org\/{rel}","templated":true}]}}