{"id":126918,"date":"2024-12-13T10:09:47","date_gmt":"2024-12-13T09:09:47","guid":{"rendered":"https:\/\/www.tatanka.nl\/?post_type=product&#038;p=126918"},"modified":"2025-10-16T07:58:07","modified_gmt":"2025-10-16T06:58:07","slug":"thai-sporeprint","status":"publish","type":"product","link":"https:\/\/www.tatanka.nl\/fr\/thai-sporeprint\/","title":{"rendered":"Thai Sporeprint"},"content":{"rendered":"<h2>Qu'est-ce que le Thai Sporeprint ?<\/h2>\n<p>La Thai Sporeprint de McSmart est une sporeprint soigneusement \u00e9labor\u00e9e \u00e0 partir de la c\u00e9l\u00e8bre souche de champignons magiques Thai. Connue pour ses propri\u00e9t\u00e9s uniques et ses effets puissants, la Thai Sporeprint offre aux cultivateurs chevronn\u00e9s comme aux nouveaux explorateurs la possibilit\u00e9 de cultiver leurs propres champignons magiques. Les Sporeprints contiennent des millions de spores viables qui peuvent \u00eatre utilis\u00e9es pour cultiver le myc\u00e9lium, la premi\u00e8re \u00e9tape de la croissance de champignons sains.<\/p>\n<p>Le Thai Sporeprint offre un lien direct avec le monde naturel des psych\u00e9d\u00e9liques, vous permettant de mieux comprendre comment ces organismes fascinants poussent et se d\u00e9veloppent. Que vous soyez int\u00e9ress\u00e9 par l'exploration des psych\u00e9d\u00e9liques ou la culture des champignons, ce produit ouvre la porte \u00e0 des exp\u00e9riences \u00e0 la fois \u00e9ducatives et spirituelles. La souche Thai est connue pour sa puissance et sa capacit\u00e9 \u00e0 produire des rendements impressionnants lorsqu'elle est cultiv\u00e9e dans les bonnes conditions. La souche McSmart assure des empreintes de spores de la plus haute qualit\u00e9, garantissant un voyage de culture r\u00e9ussi pour tous les enthousiastes.<\/p>\n<h2>Historique de l'empreinte de la spore Thai<\/h2>\n<p>La souche de champignon magique Thai, \u00e9galement connue sous le nom de Psilocybe cubensis Thai, a une riche histoire enracin\u00e9e en Asie du Sud-Est. La souche a \u00e9t\u00e9 d\u00e9couverte pour la premi\u00e8re fois en Thailand, o\u00f9 elle est utilis\u00e9e depuis des si\u00e8cles dans le cadre de rituels spirituels et de pratiques de gu\u00e9rison traditionnelles. Les cultures indig\u00e8nes croyaient que les champignons permettaient de comprendre les myst\u00e8res de l'univers et de d\u00e9couvrir de nouvelles perceptions de la conscience et de l'existence.<\/p>\n<p>Au fur et \u00e0 mesure que l'int\u00e9r\u00eat pour les psych\u00e9d\u00e9liques grandissait dans le monde, la vari\u00e9t\u00e9 Thai est devenue un choix populaire parmi les explorateurs psych\u00e9d\u00e9liques pour ses effets puissants et ses connexions spirituelles. Cette vari\u00e9t\u00e9 est connue pour sa croissance rapide et ses puissantes propri\u00e9t\u00e9s hallucinog\u00e8nes, ce qui en fait la pr\u00e9f\u00e9r\u00e9e de ceux qui cherchent \u00e0 approfondir leurs exp\u00e9riences psych\u00e9d\u00e9liques. McSmart's Thai Sporeprint apporte cette vari\u00e9t\u00e9 historique \u00e0 la culture moderne, offrant un produit fiable et de haute qualit\u00e9 qui r\u00e9pond aux exigences des cultivateurs de champignons les plus exp\u00e9riment\u00e9s.<\/p>\n<h2>Comment utiliser Thai Sporeprint<\/h2>\n<p><strong>\u00c9tape 1 : Pr\u00e9paration de la bo\u00eete de Petri<\/strong><br \/>\nCommencez par une bo\u00eete de Petri st\u00e9rile contenant une solution d'agar. Vous pouvez pr\u00e9parer la g\u00e9lose vous-m\u00eame ou l'acheter d\u00e9j\u00e0 pr\u00e9par\u00e9e. Il est important d'ouvrir la bo\u00eete dans un environnement st\u00e9rile pour \u00e9viter toute contamination.<\/p>\n<p><strong>\u00c9tape 2 : Ajout des spores<\/strong><br \/>\nUtilisez une seringue st\u00e9rile pour extraire le liquide de spores du flacon. Si vous travaillez avec une empreinte de spores, grattez d\u00e9licatement quelques spores de l'empreinte et laissez-les tomber sur la surface d'agar dans la bo\u00eete de P\u00e9tri.<\/p>\n<p><strong>\u00c9tape 3 : Incubation<\/strong><br \/>\nFermez la bo\u00eete de Petri et placez-la dans un environnement appropri\u00e9 et contr\u00f4l\u00e9 o\u00f9 les spores peuvent se d\u00e9velopper en myc\u00e9lium sans \u00eatre d\u00e9rang\u00e9es. La p\u00e9riode d'incubation peut aller de quelques jours \u00e0 plusieurs semaines, en fonction des conditions et du type de champignon.<\/p>\n<p><strong>\u00c9tape 4 : Purification du myc\u00e9lium<\/strong><br \/>\nLorsque le myc\u00e9lium s'est suffisamment d\u00e9velopp\u00e9 et couvre une grande partie de la bo\u00eete de Petri, il est temps de le purifier. S\u00e9lectionnez soigneusement un morceau de myc\u00e9lium sain et enti\u00e8rement d\u00e9velopp\u00e9 en vue d'une utilisation ult\u00e9rieure.<\/p>\n<p><strong>\u00c9tape 5 : Coupe du myc\u00e9lium<\/strong><br \/>\n\u00c0 l'aide d'un scalpel st\u00e9rile, coupez une petite section du myc\u00e9lium, d'environ 6 x 6 mm. Ce morceau servira de d\u00e9part pour une nouvelle culture propre.<\/p>\n<p><strong>\u00c9tape 6 : Inoculation du milieu de croissance<\/strong><br \/>\nTransf\u00e9rer le morceau de myc\u00e9lium coup\u00e9 dans un nouveau milieu de croissance, tel qu'une nouvelle bo\u00eete de P\u00e9tri avec de l'agar ou un autre milieu appropri\u00e9 pour la suite de la culture. Veillez \u00e0 manipuler le nouveau milieu dans des conditions st\u00e9riles afin de pr\u00e9server son int\u00e9grit\u00e9.<\/p>\n<h2>Ingr\u00e9dients de Thai Sporeprint<\/h2>\n<p>L'empreinte Thai est constitu\u00e9e de millions de spores de la souche Thai du Psilocybe cubensis, un type de champignon psych\u00e9d\u00e9lique connu pour ses puissantes propri\u00e9t\u00e9s hallucinog\u00e8nes. Les spores contiennent le mat\u00e9riel g\u00e9n\u00e9tique n\u00e9cessaire \u00e0 la croissance du myc\u00e9lium qui se transformera en champignons adultes. Les champignons Psilocybe cubensis, y compris la souche Thai, contiennent naturellement de la psilocybine et de la psilocine, des compos\u00e9s hallucinog\u00e8nes qui modifient la conscience et produisent des effets psych\u00e9d\u00e9liques.<\/p>\n<p>La puret\u00e9 de la Sporeprint McSmart Thai garantit que chaque spore est viable et pr\u00eate \u00e0 \u00eatre cultiv\u00e9e, ce qui vous permet de cultiver des champignons avec des r\u00e9sultats constants et de haute qualit\u00e9. L'empreinte elle-m\u00eame est soigneusement conserv\u00e9e et stock\u00e9e afin de maintenir l'int\u00e9grit\u00e9 des spores et d'assurer la r\u00e9ussite du processus de culture. L'engagement de McSmart en mati\u00e8re de qualit\u00e9 fait de cette empreinte un excellent choix pour les cultivateurs de champignons, qu'ils soient nouveaux ou exp\u00e9riment\u00e9s.<\/p>\n<p><strong>Avertissement<\/strong><br \/>\nLes champignons magiques, y compris ceux cultiv\u00e9s \u00e0 partir de la Sporeprint Thai, contiennent naturellement de la psilocybine et de la psilocine, qui sont des substances hallucinog\u00e8nes. Ces compos\u00e9s peuvent alt\u00e9rer la conscience et provoquer des hallucinations. Il est important de manipuler ces champignons de mani\u00e8re responsable, en veillant \u00e0 ce qu'ils soient tenus hors de port\u00e9e des enfants et consomm\u00e9s dans un environnement s\u00fbr et contr\u00f4l\u00e9. Soyez toujours conscient des effets potentiels et consommez-les avec prudence.<\/p>","protected":false},"excerpt":{"rendered":"<p>Entrez dans le monde fascinant de McSmart's Thai Sporeprint, con\u00e7u pour les amateurs de psych\u00e9d\u00e9lisme exp\u00e9riment\u00e9s. Id\u00e9ale pour ceux qui connaissent d\u00e9j\u00e0 les merveilles des psych\u00e9d\u00e9liques, cette sporeprint offre la possibilit\u00e9 de d\u00e9couvrir les motifs cach\u00e9s de la nature et de cultiver ses propres champignons magiques. La collection exclusive de McSmart garantit une exp\u00e9rience de premier ordre, vous permettant de d\u00e9couvrir de nouvelles dimensions de la conscience et d'explorer les myst\u00e8res de cette vari\u00e9t\u00e9 de champignon unique.<\/p>","protected":false},"featured_media":126921,"template":"","meta":[],"product_brand":[],"product_cat":[657,297,518,515,476],"product_tag":[662],"class_list":{"0":"post-126918","1":"product","2":"type-product","3":"status-publish","4":"has-post-thumbnail","6":"product_cat-magic-mushroom-spore-prints","7":"product_cat-all-products","8":"product_cat-mushrooms","9":"product_cat-shroomshop","10":"product_cat-smartshop","11":"product_tag-shrdeal","12":"product_shipping_class-creditcard-off","14":"first","15":"instock","16":"taxable","17":"shipping-taxable","18":"purchasable","19":"product-type-variable","20":"has-default-attributes"},"_links":{"self":[{"href":"https:\/\/www.tatanka.nl\/fr\/wp-json\/wp\/v2\/product\/126918","targetHints":{"allow":["GET"]}}],"collection":[{"href":"https:\/\/www.tatanka.nl\/fr\/wp-json\/wp\/v2\/product"}],"about":[{"href":"https:\/\/www.tatanka.nl\/fr\/wp-json\/wp\/v2\/types\/product"}],"wp:featuredmedia":[{"embeddable":true,"href":"https:\/\/www.tatanka.nl\/fr\/wp-json\/wp\/v2\/media\/126921"}],"wp:attachment":[{"href":"https:\/\/www.tatanka.nl\/fr\/wp-json\/wp\/v2\/media?parent=126918"}],"wp:term":[{"taxonomy":"product_brand","embeddable":true,"href":"https:\/\/www.tatanka.nl\/fr\/wp-json\/wp\/v2\/product_brand?post=126918"},{"taxonomy":"product_cat","embeddable":true,"href":"https:\/\/www.tatanka.nl\/fr\/wp-json\/wp\/v2\/product_cat?post=126918"},{"taxonomy":"product_tag","embeddable":true,"href":"https:\/\/www.tatanka.nl\/fr\/wp-json\/wp\/v2\/product_tag?post=126918"}],"curies":[{"name":"wp","href":"https:\/\/api.w.org\/{rel}","templated":true}]}}