{"id":127347,"date":"2025-01-10T13:18:03","date_gmt":"2025-01-10T12:18:03","guid":{"rendered":"https:\/\/www.tatanka.nl\/?post_type=product&#038;p=127347"},"modified":"2025-05-16T14:47:56","modified_gmt":"2025-05-16T13:47:56","slug":"true-og-soma-sacred-seeds","status":"publish","type":"product","link":"https:\/\/www.tatanka.nl\/fr\/true-og-soma-sacred-seeds\/","title":{"rendered":"True OG - Soma Sacred Seeds"},"content":{"rendered":"<h2>Qu'est-ce que le True OG ?<\/h2>\n<p>La True OG est une vari\u00e9t\u00e9 distingu\u00e9e cr\u00e9\u00e9e \u00e0 partir de la populaire OG Kush, dont les racines se trouvent dans le sud de la Californie. Le nom \"OG\" se r\u00e9f\u00e9rait \u00e0 l'origine \u00e0 \"ocean grown\", indiquant les origines de la plante le long des r\u00e9gions c\u00f4ti\u00e8res de la Californie. La True OG, avec sa composition g\u00e9n\u00e9tique 80% Indica et 20% Sativa, est un hybride puissant connu pour ses effets relaxants et moelleux, combin\u00e9s \u00e0 un effet de t\u00eate plus concentr\u00e9. Cette vari\u00e9t\u00e9 offre un profil de saveur doux et terreux, id\u00e9al pour ceux qui recherchent une relaxation profonde sans s\u00e9dation lourde.<\/p>\n<p>L'une des principales caract\u00e9ristiques de la True OG est sa polyvalence en tant que vari\u00e9t\u00e9 facile \u00e0 cultiver. Qu'elle soit cultiv\u00e9e \u00e0 l'int\u00e9rieur ou \u00e0 l'ext\u00e9rieur, la True OG s'\u00e9panouit dans les bonnes conditions. Bien qu'elle soit plus adapt\u00e9e aux climats plus secs en raison de sa susceptibilit\u00e9 \u00e0 la pourriture des bourgeons en cas d'humidit\u00e9 \u00e9lev\u00e9e, elle peut \u00e9galement \u00eatre cultiv\u00e9e avec succ\u00e8s dans des environnements int\u00e9rieurs contr\u00f4l\u00e9s. Les bourgeons denses et charg\u00e9s de r\u00e9sine de cette vari\u00e9t\u00e9 sont tr\u00e8s recherch\u00e9s pour leur capacit\u00e9 \u00e0 produire du haschisch de haute qualit\u00e9, ce qui en fait la pr\u00e9f\u00e9r\u00e9e des utilisateurs r\u00e9cr\u00e9atifs et des amateurs de haschisch.<\/p>\n<h2>Histoire de True OG<\/h2>\n<p>La True OG tire ses origines du sud de la Californie, o\u00f9 le terme \"OG\" a \u00e9t\u00e9 invent\u00e9 pour la premi\u00e8re fois, signifiant \"cultiv\u00e9 dans l'oc\u00e9an\". Il d\u00e9signait les vari\u00e9t\u00e9s cultiv\u00e9es pr\u00e8s de la c\u00f4te, b\u00e9n\u00e9ficiant de l'air frais de l'oc\u00e9an et de conditions environnementales uniques. La vari\u00e9t\u00e9 m\u00e8re, l'OG Kush, est depuis longtemps l'une des vari\u00e9t\u00e9s de cannabis les plus embl\u00e9matiques et les plus influentes, apportant ses effets puissants et sa saveur unique \u00e0 la True OG. Au fil du temps, ce ph\u00e9notype sp\u00e9cifique d'OG Kush a \u00e9t\u00e9 s\u00e9lectionn\u00e9 pour son go\u00fbt exceptionnel, sa puissance et ses caract\u00e9ristiques de croissance.<\/p>\n<p>Depuis son introduction, la True OG a \u00e9t\u00e9 appr\u00e9ci\u00e9e par les utilisateurs occasionnels et exp\u00e9riment\u00e9s. La vari\u00e9t\u00e9 a rapidement gagn\u00e9 en popularit\u00e9 gr\u00e2ce \u00e0 sa remarquable capacit\u00e9 \u00e0 fournir une saveur douce et terreuse avec des effets relaxants et am\u00e9liorant l'humeur. Soma Sacred Seeds a obtenu le ph\u00e9notype de la True OG qu'elle cultive depuis 2008 et qui reste l'une de ses vari\u00e9t\u00e9s pr\u00e9f\u00e9r\u00e9es en raison de ses terp\u00e8nes sup\u00e9rieurs et de son potentiel de production de haschisch. Aujourd'hui, la True OG est reconnue pour sa capacit\u00e9 \u00e0 offrir un high \u00e9quilibr\u00e9 qui d\u00e9tend le corps et stimule l'esprit sans provoquer de s\u00e9dation excessive.<\/p>\n<h2>Comment utiliser le True OG<\/h2>\n<p>La True OG peut \u00eatre utilis\u00e9e de diff\u00e9rentes mani\u00e8res, en fonction de vos pr\u00e9f\u00e9rences. Lorsqu'elle est fum\u00e9e, cette vari\u00e9t\u00e9 offre une saveur douce et terreuse qui rehausse l'exp\u00e9rience globale. Ses effets doux et relaxants la rendent id\u00e9ale pour une utilisation en soir\u00e9e, offrant un excellent moyen de se d\u00e9tendre apr\u00e8s une longue journ\u00e9e sans se sentir trop s\u00e9dentaire. Les effets \u00e9quilibr\u00e9s de la vari\u00e9t\u00e9 en font \u00e9galement une bonne option pour les situations sociales, car elle procure un effet de t\u00eate calmant sans troubler la clart\u00e9 mentale.<\/p>\n<p>Pour ceux qui pr\u00e9f\u00e8rent les extraits, la True OG est \u00e9galement connue pour son excellent potentiel de production de haschisch. Les bourgeons denses sont riches en r\u00e9sine, ce qui les rend parfaits pour produire un hash savoureux et puissant. Qu'elle soit consomm\u00e9e sous forme de fleur ou sous sa forme concentr\u00e9e, la True OG offre une exp\u00e9rience agr\u00e9able et apaisante. Lors de la culture de cette vari\u00e9t\u00e9, les cultivateurs doivent s'efforcer de maintenir des conditions de temp\u00e9rature optimales entre 18 et 29\u00b0C et faire attention aux niveaux d'humidit\u00e9, car la True OG est plus sensible \u00e0 la pourriture des bourgeons dans des conditions humides.<\/p>\n<h2>Ingr\u00e9dients de True OG<\/h2>\n<p>Les effets et le profil de saveur de la True OG sont largement d\u00e9termin\u00e9s par sa combinaison de cannabino\u00efdes et de terp\u00e8nes. Le principal terp\u00e8ne de la vari\u00e9t\u00e9 est le myrc\u00e8ne, qui contribue \u00e0 son ar\u00f4me de terre et d'herbe et \u00e0 ses propri\u00e9t\u00e9s relaxantes. Le limon\u00e8ne, autre terp\u00e8ne cl\u00e9 de la True OG, ajoute une l\u00e9g\u00e8re note d'agrumes, rehaussant son go\u00fbt g\u00e9n\u00e9ral et ajoutant une composante stimulante \u00e0 l'\u00e9tat d'euphorie. Le pin\u00e8ne, \u00e9galement pr\u00e9sent dans la vari\u00e9t\u00e9, offre un parfum rafra\u00eechissant, semblable \u00e0 celui du pin, qui \u00e9quilibre les notes plus terreuses de la vari\u00e9t\u00e9.<\/p>\n<p>En plus de ses terp\u00e8nes, la True OG contient une forte concentration de THC, responsable de ses effets puissants. La composition g\u00e9n\u00e9tique 80% Indica et 20% Sativa garantit que la True OG procure une exp\u00e9rience relaxante et moelleuse avec un effet de t\u00eate clair et concentr\u00e9. Le profil terp\u00e9nique de la vari\u00e9t\u00e9, combin\u00e9 \u00e0 sa teneur en THC, fait de la True OG un excellent choix pour ceux qui recherchent une exp\u00e9rience savoureuse et d\u00e9stressante. Qu'elle soit utilis\u00e9e \u00e0 des fins r\u00e9cr\u00e9atives ou m\u00e9dicinales, la combinaison unique de cannabino\u00efdes et de terp\u00e8nes fait de la True OG l'une des pr\u00e9f\u00e9r\u00e9es de nombreux consommateurs de cannabis.<\/p>\n<p><strong>Avertissement :<\/strong><br \/>\nLa True OG est une vari\u00e9t\u00e9 puissante, dont les effets peuvent \u00eatre intenses pour certains utilisateurs. Les nouveaux venus ou ceux qui ont une tol\u00e9rance plus faible devraient commencer par une petite dose pour \u00e9viter la surconsommation. Il est \u00e9galement important de garder \u00e0 l'esprit que les bourgeons denses et la nature riche en r\u00e9sine de la True OG en font une plante id\u00e9ale pour la production de haschisch, et qu'il est donc essentiel de la manipuler correctement pendant la culture pour \u00e9viter toute contamination ou pourriture. Consommez toujours de mani\u00e8re responsable et en respectant les lois locales.<\/p>","protected":false},"excerpt":{"rendered":"<p>True OG est un puissant hybride \u00e0 dominance Indica qui offre des exp\u00e9riences terreuses et savoureuses. Avec les g\u00e9n\u00e9tiques 80% Indica et 20% Sativa, elle offre des effets durables et doux, ainsi qu?un effet de t\u00eate concentr\u00e9. Connue pour son excellent potentiel de production de haschisch, la True OG s?\u00e9panouit aussi bien en int\u00e9rieur qu?en ext\u00e9rieur, ce qui en fait une option polyvalente pour les cultivateurs. Ses bourgeons riches et denses et ses d\u00e9licieux terp\u00e8nes en font une favorite pour ceux qui appr\u00e9cient une fum\u00e9e douce et savoureuse et une relaxation de longue dur\u00e9e.<\/p>","protected":false},"featured_media":127352,"template":"","meta":[],"product_brand":[],"product_cat":[640,297,549,546],"product_tag":[],"class_list":{"0":"post-127347","1":"product","2":"type-product","3":"status-publish","4":"has-post-thumbnail","6":"product_cat-soma-sacred-seeds","7":"product_cat-all-products","8":"product_cat-feminized-seeds","9":"product_cat-seedshop","11":"first","12":"instock","13":"taxable","14":"shipping-taxable","15":"purchasable","16":"product-type-variable","17":"has-default-attributes"},"_links":{"self":[{"href":"https:\/\/www.tatanka.nl\/fr\/wp-json\/wp\/v2\/product\/127347","targetHints":{"allow":["GET"]}}],"collection":[{"href":"https:\/\/www.tatanka.nl\/fr\/wp-json\/wp\/v2\/product"}],"about":[{"href":"https:\/\/www.tatanka.nl\/fr\/wp-json\/wp\/v2\/types\/product"}],"wp:featuredmedia":[{"embeddable":true,"href":"https:\/\/www.tatanka.nl\/fr\/wp-json\/wp\/v2\/media\/127352"}],"wp:attachment":[{"href":"https:\/\/www.tatanka.nl\/fr\/wp-json\/wp\/v2\/media?parent=127347"}],"wp:term":[{"taxonomy":"product_brand","embeddable":true,"href":"https:\/\/www.tatanka.nl\/fr\/wp-json\/wp\/v2\/product_brand?post=127347"},{"taxonomy":"product_cat","embeddable":true,"href":"https:\/\/www.tatanka.nl\/fr\/wp-json\/wp\/v2\/product_cat?post=127347"},{"taxonomy":"product_tag","embeddable":true,"href":"https:\/\/www.tatanka.nl\/fr\/wp-json\/wp\/v2\/product_tag?post=127347"}],"curies":[{"name":"wp","href":"https:\/\/api.w.org\/{rel}","templated":true}]}}